
{"id":277,"date":"2022-12-06T15:55:21","date_gmt":"2022-12-06T14:55:21","guid":{"rendered":"https:\/\/residenzalefarfalle.ms.decms.eu\/?page_id=277"},"modified":"2023-01-09T17:50:25","modified_gmt":"2023-01-09T16:50:25","slug":"residence-le-farfalle","status":"publish","type":"page","link":"https:\/\/www.residenzalefarfalle.it\/fr\/","title":{"rendered":"R\u00e9sidence Le Farfalle"},"content":{"rendered":"<p>Comment imaginez-vous vos\u00a0<strong>vacances id\u00e9ales en Sardaigne<\/strong> ?<\/p>\n<p><strong>Appartements avec vue sur la mer <\/strong>immerg\u00e9s dans le vert, <strong>avec une attention au moindre d\u00e9tail <\/strong>et <strong>situ\u00e9s dans un bel endroit<\/strong>, entre mer et campagne. La r\u00e9sidence Le Farfalle est notre r\u00e9ponse \u00e0 cette question.<\/p>\n<p>Situ\u00e9e \u00e0 <strong>Tergu <\/strong>(\u00e0 quelques minutes de <strong>Castelsardo<\/strong>) dans un endroit calme, proche de toutes les commodit\u00e9s, la R\u00e9sidence Le Farfalle vous offre le meilleur des\u00a0<strong>vacances en Sardaigne<\/strong> :<\/p>\n<ul>\n<li>appartements avec <strong>piscine <\/strong>r\u00e9cemment construits (une vue qui vaut \u00e0 elle seule des vacances)<\/li>\n<li>d\u2019innombrables <strong>plages \u00e0 couper le souffle <\/strong>\u00e0 quelques km de l\u00e0, pour des vacances toujours vari\u00e9es<\/li>\n<li><strong>excursions<\/strong><strong> dans la nature<\/strong>, \u00e0 pied, \u00e0 v\u00e9lo ou \u00e0 cheval, \u00e0 la d\u00e9couverte de la fascinante<strong> tradition sarde<\/strong><\/li>\n<li>tous les <strong>services<\/strong> sont \u00e0 distance de marche du centre de Tergu et toutes les commodit\u00e9s \u2013 y compris <strong>le nouveau port de Castelsardo<\/strong> (point de d\u00e9part de merveilleuses excursions en mer), les restaurants typiques et les lieux de divertissement nocturne \u2013 sont \u00e0 moins de 10 minutes en voiture<\/li>\n<\/ul>\n<p>Que vos vacances id\u00e9ales soient faites de tranquillit\u00e9, de mer ou d\u2019excursion, nous avons con\u00e7u la R\u00e9sidence Le Farfalle pour nous assurer que vous n\u2019ayez plus \u00e0 faire de compromis.<\/p>\n","protected":false},"excerpt":{"rendered":"<p>Comment imaginez-vous vos\u00a0vacances id\u00e9ales en Sardaigne ? Appartements avec vue sur la mer immerg\u00e9s dans le vert, avec une attention au moindre d\u00e9tail et situ\u00e9s dans un bel endroit, entre mer et campagne. La r\u00e9sidence Le Farfalle est notre r\u00e9ponse \u00e0 cette question. Situ\u00e9e \u00e0 Tergu (\u00e0 quelques minutes de Castelsardo) dans un endroit calme, [&hellip;]<\/p>\n","protected":false},"author":13,"featured_media":0,"parent":0,"menu_order":10,"comment_status":"closed","ping_status":"closed","template":"","meta":{"footnotes":""},"class_list":["post-277","page","type-page","status-publish","hentry"],"yoast_head":"<!-- This site is optimized with the Yoast SEO plugin v26.9 - https:\/\/yoast.com\/product\/yoast-seo-wordpress\/ -->\n<title>R\u00e9sidence Le Farfalle &#8226; Residenza Le Farfalle &#8226;<\/title>\n<meta name=\"description\" content=\"Comment imaginez-vous vos\u00a0vacances id\u00e9ales en Sardaigne ?  Appartements avec vue sur la mer immerg\u00e9s dans le vert, avec une attention au moindre d\u00e9tail et situ\u00e9s dans un bel endroit, entre mer et campagne. La r\u00e9sidence Le Farfalle est notre r\u00e9ponse \u00e0 cette question.  Situ\u00e9e \u00e0 Tergu (\u00e0 quelques minutes de Castelsardo) dans un endroit calme, proche de toutes les commodit\u00e9s, la R\u00e9sidence Le Farfalle vous offre le meilleur des\u00a0vacances en Sardaigne :   appartements avec piscine r\u00e9cemment construits (une vue qui vaut \u00e0 elle seule des vacances)  d\u2019innombrables plages \u00e0 couper le souffle \u00e0 quelques km de l\u00e0, pour des vacances toujours vari\u00e9es  excursions dans la nature, \u00e0 pied, \u00e0 v\u00e9lo ou \u00e0 cheval, \u00e0 la d\u00e9couverte de la fascinante tradition sarde  tous les services sont \u00e0 distance de marche du centre de Tergu et toutes les commodit\u00e9s \u2013 y compris le nouveau port de Castelsardo (point de d\u00e9part de merveilleuses excursions en mer), les restaurants typiques et les lieux de divertissement nocturne \u2013 sont \u00e0 moins de 10 minutes en voiture  Que vos vacances id\u00e9ales soient faites de tranquillit\u00e9, de mer ou d\u2019excursion, nous avons con\u00e7u la R\u00e9sidence Le Farfalle pour nous assurer que vous n\u2019ayez plus \u00e0 faire de compromis.\" \/>\n<meta name=\"robots\" content=\"index, follow, max-snippet:-1, max-image-preview:large, max-video-preview:-1\" \/>\n<link rel=\"canonical\" href=\"https:\/\/www.residenzalefarfalle.it\/fr\/\" \/>\n<meta property=\"og:locale\" content=\"fr_FR\" \/>\n<meta property=\"og:type\" content=\"article\" \/>\n<meta property=\"og:title\" content=\"R\u00e9sidence Le Farfalle &#8226; Residenza Le Farfalle &#8226;\" \/>\n<meta property=\"og:description\" content=\"Comment imaginez-vous vos\u00a0vacances id\u00e9ales en Sardaigne ?  Appartements avec vue sur la mer immerg\u00e9s dans le vert, avec une attention au moindre d\u00e9tail et situ\u00e9s dans un bel endroit, entre mer et campagne. La r\u00e9sidence Le Farfalle est notre r\u00e9ponse \u00e0 cette question.  Situ\u00e9e \u00e0 Tergu (\u00e0 quelques minutes de Castelsardo) dans un endroit calme, proche de toutes les commodit\u00e9s, la R\u00e9sidence Le Farfalle vous offre le meilleur des\u00a0vacances en Sardaigne :   appartements avec piscine r\u00e9cemment construits (une vue qui vaut \u00e0 elle seule des vacances)  d\u2019innombrables plages \u00e0 couper le souffle \u00e0 quelques km de l\u00e0, pour des vacances toujours vari\u00e9es  excursions dans la nature, \u00e0 pied, \u00e0 v\u00e9lo ou \u00e0 cheval, \u00e0 la d\u00e9couverte de la fascinante tradition sarde  tous les services sont \u00e0 distance de marche du centre de Tergu et toutes les commodit\u00e9s \u2013 y compris le nouveau port de Castelsardo (point de d\u00e9part de merveilleuses excursions en mer), les restaurants typiques et les lieux de divertissement nocturne \u2013 sont \u00e0 moins de 10 minutes en voiture  Que vos vacances id\u00e9ales soient faites de tranquillit\u00e9, de mer ou d\u2019excursion, nous avons con\u00e7u la R\u00e9sidence Le Farfalle pour nous assurer que vous n\u2019ayez plus \u00e0 faire de compromis.\" \/>\n<meta property=\"og:url\" content=\"https:\/\/www.residenzalefarfalle.it\/fr\/\" \/>\n<meta property=\"og:site_name\" content=\"Residenza Le Farfalle\" \/>\n<meta property=\"article:modified_time\" content=\"2023-01-09T16:50:25+00:00\" \/>\n<meta name=\"twitter:card\" content=\"summary_large_image\" \/>\n<meta name=\"twitter:label1\" content=\"Dur\u00e9e de lecture estim\u00e9e\" \/>\n\t<meta name=\"twitter:data1\" content=\"2 minutes\" \/>\n<script type=\"application\/ld+json\" class=\"yoast-schema-graph\">{\"@context\":\"https:\/\/schema.org\",\"@graph\":[{\"@type\":\"WebPage\",\"@id\":\"https:\/\/www.residenzalefarfalle.it\/fr\/\",\"url\":\"https:\/\/www.residenzalefarfalle.it\/fr\/\",\"name\":\"R\u00e9sidence Le Farfalle &#8226; Residenza Le Farfalle &#8226;\",\"isPartOf\":{\"@id\":\"https:\/\/www.residenzalefarfalle.it\/fr\/#website\"},\"datePublished\":\"2022-12-06T14:55:21+00:00\",\"dateModified\":\"2023-01-09T16:50:25+00:00\",\"description\":\"Comment imaginez-vous vos\u00a0vacances id\u00e9ales en Sardaigne ? Appartements avec vue sur la mer immerg\u00e9s dans le vert, avec une attention au moindre d\u00e9tail et situ\u00e9s dans un bel endroit, entre mer et campagne. La r\u00e9sidence Le Farfalle est notre r\u00e9ponse \u00e0 cette question. Situ\u00e9e \u00e0 Tergu (\u00e0 quelques minutes de Castelsardo) dans un endroit calme, proche de toutes les commodit\u00e9s, la R\u00e9sidence Le Farfalle vous offre le meilleur des\u00a0vacances en Sardaigne : \u2022 appartements avec piscine r\u00e9cemment construits (une vue qui vaut \u00e0 elle seule des vacances) \u2022 d\u2019innombrables plages \u00e0 couper le souffle \u00e0 quelques km de l\u00e0, pour des vacances toujours vari\u00e9es \u2022 excursions dans la nature, \u00e0 pied, \u00e0 v\u00e9lo ou \u00e0 cheval, \u00e0 la d\u00e9couverte de la fascinante tradition sarde \u2022 tous les services sont \u00e0 distance de marche du centre de Tergu et toutes les commodit\u00e9s \u2013 y compris le nouveau port de Castelsardo (point de d\u00e9part de merveilleuses excursions en mer), les restaurants typiques et les lieux de divertissement nocturne \u2013 sont \u00e0 moins de 10 minutes en voiture Que vos vacances id\u00e9ales soient faites de tranquillit\u00e9, de mer ou d\u2019excursion, nous avons con\u00e7u la R\u00e9sidence Le Farfalle pour nous assurer que vous n\u2019ayez plus \u00e0 faire de compromis.\",\"breadcrumb\":{\"@id\":\"https:\/\/www.residenzalefarfalle.it\/fr\/#breadcrumb\"},\"inLanguage\":\"fr-FR\",\"potentialAction\":[{\"@type\":\"ReadAction\",\"target\":[\"https:\/\/www.residenzalefarfalle.it\/fr\/\"]}]},{\"@type\":\"BreadcrumbList\",\"@id\":\"https:\/\/www.residenzalefarfalle.it\/fr\/#breadcrumb\",\"itemListElement\":[{\"@type\":\"ListItem\",\"position\":1,\"name\":\"Home\",\"item\":\"https:\/\/www.residenzalefarfalle.it\/fr\/\"},{\"@type\":\"ListItem\",\"position\":2,\"name\":\"R\u00e9sidence Le Farfalle\"}]},{\"@type\":\"WebSite\",\"@id\":\"https:\/\/www.residenzalefarfalle.it\/fr\/#website\",\"url\":\"https:\/\/www.residenzalefarfalle.it\/fr\/\",\"name\":\"Residenza Le Farfalle\",\"description\":\"Ecco un altro sito ms.decms.eu\",\"potentialAction\":[{\"@type\":\"SearchAction\",\"target\":{\"@type\":\"EntryPoint\",\"urlTemplate\":\"https:\/\/www.residenzalefarfalle.it\/fr\/?s={search_term_string}\"},\"query-input\":{\"@type\":\"PropertyValueSpecification\",\"valueRequired\":true,\"valueName\":\"search_term_string\"}}],\"inLanguage\":\"fr-FR\"}]}<\/script>\n<!-- \/ Yoast SEO plugin. -->","yoast_head_json":{"title":"R\u00e9sidence Le Farfalle &#8226; Residenza Le Farfalle &#8226;","description":"Comment imaginez-vous vos\u00a0vacances id\u00e9ales en Sardaigne ?  Appartements avec vue sur la mer immerg\u00e9s dans le vert, avec une attention au moindre d\u00e9tail et situ\u00e9s dans un bel endroit, entre mer et campagne. La r\u00e9sidence Le Farfalle est notre r\u00e9ponse \u00e0 cette question.  Situ\u00e9e \u00e0 Tergu (\u00e0 quelques minutes de Castelsardo) dans un endroit calme, proche de toutes les commodit\u00e9s, la R\u00e9sidence Le Farfalle vous offre le meilleur des\u00a0vacances en Sardaigne :   appartements avec piscine r\u00e9cemment construits (une vue qui vaut \u00e0 elle seule des vacances)  d\u2019innombrables plages \u00e0 couper le souffle \u00e0 quelques km de l\u00e0, pour des vacances toujours vari\u00e9es  excursions dans la nature, \u00e0 pied, \u00e0 v\u00e9lo ou \u00e0 cheval, \u00e0 la d\u00e9couverte de la fascinante tradition sarde  tous les services sont \u00e0 distance de marche du centre de Tergu et toutes les commodit\u00e9s \u2013 y compris le nouveau port de Castelsardo (point de d\u00e9part de merveilleuses excursions en mer), les restaurants typiques et les lieux de divertissement nocturne \u2013 sont \u00e0 moins de 10 minutes en voiture  Que vos vacances id\u00e9ales soient faites de tranquillit\u00e9, de mer ou d\u2019excursion, nous avons con\u00e7u la R\u00e9sidence Le Farfalle pour nous assurer que vous n\u2019ayez plus \u00e0 faire de compromis.","robots":{"index":"index","follow":"follow","max-snippet":"max-snippet:-1","max-image-preview":"max-image-preview:large","max-video-preview":"max-video-preview:-1"},"canonical":"https:\/\/www.residenzalefarfalle.it\/fr\/","og_locale":"fr_FR","og_type":"article","og_title":"R\u00e9sidence Le Farfalle &#8226; Residenza Le Farfalle &#8226;","og_description":"Comment imaginez-vous vos\u00a0vacances id\u00e9ales en Sardaigne ?  Appartements avec vue sur la mer immerg\u00e9s dans le vert, avec une attention au moindre d\u00e9tail et situ\u00e9s dans un bel endroit, entre mer et campagne. La r\u00e9sidence Le Farfalle est notre r\u00e9ponse \u00e0 cette question.  Situ\u00e9e \u00e0 Tergu (\u00e0 quelques minutes de Castelsardo) dans un endroit calme, proche de toutes les commodit\u00e9s, la R\u00e9sidence Le Farfalle vous offre le meilleur des\u00a0vacances en Sardaigne :   appartements avec piscine r\u00e9cemment construits (une vue qui vaut \u00e0 elle seule des vacances)  d\u2019innombrables plages \u00e0 couper le souffle \u00e0 quelques km de l\u00e0, pour des vacances toujours vari\u00e9es  excursions dans la nature, \u00e0 pied, \u00e0 v\u00e9lo ou \u00e0 cheval, \u00e0 la d\u00e9couverte de la fascinante tradition sarde  tous les services sont \u00e0 distance de marche du centre de Tergu et toutes les commodit\u00e9s \u2013 y compris le nouveau port de Castelsardo (point de d\u00e9part de merveilleuses excursions en mer), les restaurants typiques et les lieux de divertissement nocturne \u2013 sont \u00e0 moins de 10 minutes en voiture  Que vos vacances id\u00e9ales soient faites de tranquillit\u00e9, de mer ou d\u2019excursion, nous avons con\u00e7u la R\u00e9sidence Le Farfalle pour nous assurer que vous n\u2019ayez plus \u00e0 faire de compromis.","og_url":"https:\/\/www.residenzalefarfalle.it\/fr\/","og_site_name":"Residenza Le Farfalle","article_modified_time":"2023-01-09T16:50:25+00:00","twitter_card":"summary_large_image","twitter_misc":{"Dur\u00e9e de lecture estim\u00e9e":"2 minutes"},"schema":{"@context":"https:\/\/schema.org","@graph":[{"@type":"WebPage","@id":"https:\/\/www.residenzalefarfalle.it\/fr\/","url":"https:\/\/www.residenzalefarfalle.it\/fr\/","name":"R\u00e9sidence Le Farfalle &#8226; Residenza Le Farfalle &#8226;","isPartOf":{"@id":"https:\/\/www.residenzalefarfalle.it\/fr\/#website"},"datePublished":"2022-12-06T14:55:21+00:00","dateModified":"2023-01-09T16:50:25+00:00","description":"Comment imaginez-vous vos\u00a0vacances id\u00e9ales en Sardaigne ? Appartements avec vue sur la mer immerg\u00e9s dans le vert, avec une attention au moindre d\u00e9tail et situ\u00e9s dans un bel endroit, entre mer et campagne. La r\u00e9sidence Le Farfalle est notre r\u00e9ponse \u00e0 cette question. Situ\u00e9e \u00e0 Tergu (\u00e0 quelques minutes de Castelsardo) dans un endroit calme, proche de toutes les commodit\u00e9s, la R\u00e9sidence Le Farfalle vous offre le meilleur des\u00a0vacances en Sardaigne : \u2022 appartements avec piscine r\u00e9cemment construits (une vue qui vaut \u00e0 elle seule des vacances) \u2022 d\u2019innombrables plages \u00e0 couper le souffle \u00e0 quelques km de l\u00e0, pour des vacances toujours vari\u00e9es \u2022 excursions dans la nature, \u00e0 pied, \u00e0 v\u00e9lo ou \u00e0 cheval, \u00e0 la d\u00e9couverte de la fascinante tradition sarde \u2022 tous les services sont \u00e0 distance de marche du centre de Tergu et toutes les commodit\u00e9s \u2013 y compris le nouveau port de Castelsardo (point de d\u00e9part de merveilleuses excursions en mer), les restaurants typiques et les lieux de divertissement nocturne \u2013 sont \u00e0 moins de 10 minutes en voiture Que vos vacances id\u00e9ales soient faites de tranquillit\u00e9, de mer ou d\u2019excursion, nous avons con\u00e7u la R\u00e9sidence Le Farfalle pour nous assurer que vous n\u2019ayez plus \u00e0 faire de compromis.","breadcrumb":{"@id":"https:\/\/www.residenzalefarfalle.it\/fr\/#breadcrumb"},"inLanguage":"fr-FR","potentialAction":[{"@type":"ReadAction","target":["https:\/\/www.residenzalefarfalle.it\/fr\/"]}]},{"@type":"BreadcrumbList","@id":"https:\/\/www.residenzalefarfalle.it\/fr\/#breadcrumb","itemListElement":[{"@type":"ListItem","position":1,"name":"Home","item":"https:\/\/www.residenzalefarfalle.it\/fr\/"},{"@type":"ListItem","position":2,"name":"R\u00e9sidence Le Farfalle"}]},{"@type":"WebSite","@id":"https:\/\/www.residenzalefarfalle.it\/fr\/#website","url":"https:\/\/www.residenzalefarfalle.it\/fr\/","name":"Residenza Le Farfalle","description":"Ecco un altro sito ms.decms.eu","potentialAction":[{"@type":"SearchAction","target":{"@type":"EntryPoint","urlTemplate":"https:\/\/www.residenzalefarfalle.it\/fr\/?s={search_term_string}"},"query-input":{"@type":"PropertyValueSpecification","valueRequired":true,"valueName":"search_term_string"}}],"inLanguage":"fr-FR"}]}},"acf":[],"_links":{"self":[{"href":"https:\/\/www.residenzalefarfalle.it\/fr\/wp-json\/wp\/v2\/pages\/277","targetHints":{"allow":["GET"]}}],"collection":[{"href":"https:\/\/www.residenzalefarfalle.it\/fr\/wp-json\/wp\/v2\/pages"}],"about":[{"href":"https:\/\/www.residenzalefarfalle.it\/fr\/wp-json\/wp\/v2\/types\/page"}],"author":[{"embeddable":true,"href":"https:\/\/www.residenzalefarfalle.it\/fr\/wp-json\/wp\/v2\/users\/13"}],"replies":[{"embeddable":true,"href":"https:\/\/www.residenzalefarfalle.it\/fr\/wp-json\/wp\/v2\/comments?post=277"}],"version-history":[{"count":0,"href":"https:\/\/www.residenzalefarfalle.it\/fr\/wp-json\/wp\/v2\/pages\/277\/revisions"}],"wp:attachment":[{"href":"https:\/\/www.residenzalefarfalle.it\/fr\/wp-json\/wp\/v2\/media?parent=277"}],"curies":[{"name":"wp","href":"https:\/\/api.w.org\/{rel}","templated":true}]}}