
{"id":1430,"date":"2023-01-31T15:39:26","date_gmt":"2023-01-31T14:39:26","guid":{"rendered":"https:\/\/residenzalefarfalle.ms.decms.eu\/?page_id=1430"},"modified":"2023-01-31T15:47:04","modified_gmt":"2023-01-31T14:47:04","slug":"informations","status":"publish","type":"page","link":"https:\/\/www.residenzalefarfalle.it\/fr\/informations\/","title":{"rendered":"Les vacances en toute s\u00e9curit\u00e9 chez nous"},"content":{"rendered":"<p><strong>Accueil et relation<\/strong><\/p>\n<p>Nous vous accueillerons dans le respect des r\u00e8gles de distanciation physique. Nous serons attentifs \u00e0 ce que vous ne remarquiez pas notre pr\u00e9sence.<\/p>\n<p>Nous mettrons tous les dispositifs n\u00e9cessaires pour garantir notre protection et la v\u00f4tre. Notre regard t\u00e9moignera du sourire habituel que nous r\u00e9servons \u00e0 nos visiteurs.<\/p>\n<p>Vous disposerez de produits pour vous nettoyer les mains \u00e0 l\u2019entr\u00e9e de la r\u00e9sidence. Nous n\u2019oublierons pas de vous rappeler de porter un masque et du mat\u00e9riel de protection personnel, et de le faire en toute d\u00e9licatesse, au cas o\u00f9 la tranquillit\u00e9 des vacances vous le fasse oublier.<\/p>\n<p>Pour limiter les attroupements, vous pouvez d\u00e8s le d\u00e9but remplir l\u2019enregistrement en ligne une fois votre r\u00e9servation faite. Lors de votre arriv\u00e9e, vous n\u2019aurez plus qu\u2019\u00e0 faire une v\u00e9rification d\u2019identit\u00e9 !<\/p>\n<p><strong>H\u00e9bergement<\/strong><\/p>\n<p>Nos chambres seront nettoy\u00e9es avec le soin habituel, qui nous a permis d\u2019\u00eatre connu au cours de ces cinq ann\u00e9es d\u2019existence. Cependant, nous avons adh\u00e9r\u00e9 \u00e0 de nouveaux protocoles pour pr\u00e9server au mieux la sant\u00e9 de ceux qui nous choisissent :<\/p>\n<ul>\n<li>\u00a0Les produits sont ceux certifi\u00e9s pour la d\u00e9sinfection des espaces \u2013 de gels hydroalcooliques, \u00e0 base de peroxyde d\u2019hydrog\u00e8ne et de chlore \u2013<\/li>\n<li>Les tissus et rideaux doivent \u00eatre micro-pulv\u00e9ris\u00e9s au peroxyde d\u2019hydrog\u00e8ne apr\u00e8s chaque visiteur, tout comme les surfaces. Le linge de lit et serviettes doivent \u00eatre remis dans des pochettes ferm\u00e9es. C\u2019est la raison pour laquelle vous \u00eates susceptible de trouver des dessus-de-lit et housses \u00e0 l\u2019air libre sur les stands des lieux d\u2019\u00e9quipement habituel. Il ne s\u2019agit de faire preuve de n\u00e9gligence mais de pr\u00e9cis\u00e9ment vous offrir des standards de qualit\u00e9 et s\u00e9curit\u00e9 optimales : cela nous co\u00fbterait moins cher que vous trouviez le dessus-de-lit bien rempli\u00e9 plut\u00f4t que d\u2019en vaporiser chaque cm avant votre arriv\u00e9e<\/li>\n<\/ul>\n<p><strong>\u00a0Piscine et solarium<\/strong><\/p>\n<p>L\u2019acc\u00e8s \u00e0 la piscine sera \u00e0 chaque fois autoris\u00e9 par petit groupe de famille. L\u2019eau du bassin est trait\u00e9e avec du chlore, les transats et les parasols sont d\u00e9sinfect\u00e9s apr\u00e8s chaque visiteur. Nous sommes convaincus de pouvoir compter sur votre coop\u00e9ration : on a tous droit au soleil et \u00e0 la baignade. Soyez patients si, parfois, on vous demande gentiment de laisser la place aux autres personnes qui attendent<\/p>\n<p><strong>Pour vous et vos proches<\/strong><\/p>\n<p>Nous mettons \u00e0 votre disposition une fiche de renseignements r\u00e9dig\u00e9e par la Federalberghi, en collaboration avec des experts internationaux. Nous vous prions de bien vouloir la lire attentivement et de respecter les r\u00e8gles de bonne conduite indiqu\u00e9es. Elles seront utiles pour vous, pour les membres de votre famille et pour toutes les personnes avec lesquelles vous \u00eates en relation.<\/p>\n<p>Federalberghi corona virus<\/p>\n<p>Federalberghi coronavirus informativa<\/p>\n<p>Federalberghi accoglienza sicura depliant<\/p>\n<p><strong>Notre promesse<\/strong><\/p>\n<p>Il s\u2019agira de distanciation physique et non sociale. Nous tenterons d\u2019\u00eatre au maximum \u00e0 vos c\u00f4t\u00e9s, aussi soigneusement et d\u00e9vou\u00e9 que possible.<\/p>\n<p>&nbsp;<\/p>\n<p>Iveta et toute l\u2019\u00e9quipe<\/p>\n<p>R\u00e9sidence Le Farfalle<\/p>\n","protected":false},"excerpt":{"rendered":"<p>Accueil et relation Nous vous accueillerons dans le respect des r\u00e8gles de distanciation physique. Nous serons attentifs \u00e0 ce que vous ne remarquiez pas notre pr\u00e9sence. Nous mettrons tous les dispositifs n\u00e9cessaires pour garantir notre protection et la v\u00f4tre. Notre regard t\u00e9moignera du sourire habituel que nous r\u00e9servons \u00e0 nos visiteurs. Vous disposerez de produits [&hellip;]<\/p>\n","protected":false},"author":13,"featured_media":0,"parent":0,"menu_order":210,"comment_status":"closed","ping_status":"closed","template":"","meta":{"footnotes":""},"class_list":["post-1430","page","type-page","status-publish","hentry"],"yoast_head":"<!-- This site is optimized with the Yoast SEO plugin v26.9 - https:\/\/yoast.com\/product\/yoast-seo-wordpress\/ -->\n<title>Les vacances en toute s\u00e9curit\u00e9 chez nous &#8226; Residenza Le Farfalle &#8226;<\/title>\n<meta name=\"description\" content=\"Accueil et relation  Nous vous accueillerons dans le respect des r\u00e8gles de distanciation physique. Nous serons attentifs \u00e0 ce que vous ne remarquiez pas notre pr\u00e9sence.  Nous mettrons tous les dispositifs n\u00e9cessaires pour garantir notre protection et la v\u00f4tre\" \/>\n<meta name=\"robots\" content=\"index, follow, max-snippet:-1, max-image-preview:large, max-video-preview:-1\" \/>\n<link rel=\"canonical\" href=\"https:\/\/www.residenzalefarfalle.it\/fr\/informations\/\" \/>\n<meta property=\"og:locale\" content=\"fr_FR\" \/>\n<meta property=\"og:type\" content=\"article\" \/>\n<meta property=\"og:title\" content=\"Les vacances en toute s\u00e9curit\u00e9 chez nous &#8226; Residenza Le Farfalle &#8226;\" \/>\n<meta property=\"og:description\" content=\"Accueil et relation  Nous vous accueillerons dans le respect des r\u00e8gles de distanciation physique. Nous serons attentifs \u00e0 ce que vous ne remarquiez pas notre pr\u00e9sence.  Nous mettrons tous les dispositifs n\u00e9cessaires pour garantir notre protection et la v\u00f4tre\" \/>\n<meta property=\"og:url\" content=\"https:\/\/www.residenzalefarfalle.it\/fr\/informations\/\" \/>\n<meta property=\"og:site_name\" content=\"Residenza Le Farfalle\" \/>\n<meta property=\"article:modified_time\" content=\"2023-01-31T14:47:04+00:00\" \/>\n<meta name=\"twitter:card\" content=\"summary_large_image\" \/>\n<meta name=\"twitter:label1\" content=\"Dur\u00e9e de lecture estim\u00e9e\" \/>\n\t<meta name=\"twitter:data1\" content=\"3 minutes\" \/>\n<script type=\"application\/ld+json\" class=\"yoast-schema-graph\">{\"@context\":\"https:\/\/schema.org\",\"@graph\":[{\"@type\":\"WebPage\",\"@id\":\"https:\/\/www.residenzalefarfalle.it\/fr\/informations\/\",\"url\":\"https:\/\/www.residenzalefarfalle.it\/fr\/informations\/\",\"name\":\"Les vacances en toute s\u00e9curit\u00e9 chez nous &#8226; Residenza Le Farfalle &#8226;\",\"isPartOf\":{\"@id\":\"https:\/\/www.residenzalefarfalle.it\/fr\/#website\"},\"datePublished\":\"2023-01-31T14:39:26+00:00\",\"dateModified\":\"2023-01-31T14:47:04+00:00\",\"description\":\"Accueil et relation Nous vous accueillerons dans le respect des r\u00e8gles de distanciation physique. Nous serons attentifs \u00e0 ce que vous ne remarquiez pas notre pr\u00e9sence. Nous mettrons tous les dispositifs n\u00e9cessaires pour garantir notre protection et la v\u00f4tre\",\"breadcrumb\":{\"@id\":\"https:\/\/www.residenzalefarfalle.it\/fr\/informations\/#breadcrumb\"},\"inLanguage\":\"fr-FR\",\"potentialAction\":[{\"@type\":\"ReadAction\",\"target\":[\"https:\/\/www.residenzalefarfalle.it\/fr\/informations\/\"]}]},{\"@type\":\"BreadcrumbList\",\"@id\":\"https:\/\/www.residenzalefarfalle.it\/fr\/informations\/#breadcrumb\",\"itemListElement\":[{\"@type\":\"ListItem\",\"position\":1,\"name\":\"Home\",\"item\":\"https:\/\/www.residenzalefarfalle.it\/fr\/\"},{\"@type\":\"ListItem\",\"position\":2,\"name\":\"Les vacances en toute s\u00e9curit\u00e9 chez nous\"}]},{\"@type\":\"WebSite\",\"@id\":\"https:\/\/www.residenzalefarfalle.it\/fr\/#website\",\"url\":\"https:\/\/www.residenzalefarfalle.it\/fr\/\",\"name\":\"Residenza Le Farfalle\",\"description\":\"Ecco un altro sito ms.decms.eu\",\"potentialAction\":[{\"@type\":\"SearchAction\",\"target\":{\"@type\":\"EntryPoint\",\"urlTemplate\":\"https:\/\/www.residenzalefarfalle.it\/fr\/?s={search_term_string}\"},\"query-input\":{\"@type\":\"PropertyValueSpecification\",\"valueRequired\":true,\"valueName\":\"search_term_string\"}}],\"inLanguage\":\"fr-FR\"}]}<\/script>\n<!-- \/ Yoast SEO plugin. -->","yoast_head_json":{"title":"Les vacances en toute s\u00e9curit\u00e9 chez nous &#8226; Residenza Le Farfalle &#8226;","description":"Accueil et relation  Nous vous accueillerons dans le respect des r\u00e8gles de distanciation physique. Nous serons attentifs \u00e0 ce que vous ne remarquiez pas notre pr\u00e9sence.  Nous mettrons tous les dispositifs n\u00e9cessaires pour garantir notre protection et la v\u00f4tre","robots":{"index":"index","follow":"follow","max-snippet":"max-snippet:-1","max-image-preview":"max-image-preview:large","max-video-preview":"max-video-preview:-1"},"canonical":"https:\/\/www.residenzalefarfalle.it\/fr\/informations\/","og_locale":"fr_FR","og_type":"article","og_title":"Les vacances en toute s\u00e9curit\u00e9 chez nous &#8226; Residenza Le Farfalle &#8226;","og_description":"Accueil et relation  Nous vous accueillerons dans le respect des r\u00e8gles de distanciation physique. Nous serons attentifs \u00e0 ce que vous ne remarquiez pas notre pr\u00e9sence.  Nous mettrons tous les dispositifs n\u00e9cessaires pour garantir notre protection et la v\u00f4tre","og_url":"https:\/\/www.residenzalefarfalle.it\/fr\/informations\/","og_site_name":"Residenza Le Farfalle","article_modified_time":"2023-01-31T14:47:04+00:00","twitter_card":"summary_large_image","twitter_misc":{"Dur\u00e9e de lecture estim\u00e9e":"3 minutes"},"schema":{"@context":"https:\/\/schema.org","@graph":[{"@type":"WebPage","@id":"https:\/\/www.residenzalefarfalle.it\/fr\/informations\/","url":"https:\/\/www.residenzalefarfalle.it\/fr\/informations\/","name":"Les vacances en toute s\u00e9curit\u00e9 chez nous &#8226; Residenza Le Farfalle &#8226;","isPartOf":{"@id":"https:\/\/www.residenzalefarfalle.it\/fr\/#website"},"datePublished":"2023-01-31T14:39:26+00:00","dateModified":"2023-01-31T14:47:04+00:00","description":"Accueil et relation Nous vous accueillerons dans le respect des r\u00e8gles de distanciation physique. Nous serons attentifs \u00e0 ce que vous ne remarquiez pas notre pr\u00e9sence. Nous mettrons tous les dispositifs n\u00e9cessaires pour garantir notre protection et la v\u00f4tre","breadcrumb":{"@id":"https:\/\/www.residenzalefarfalle.it\/fr\/informations\/#breadcrumb"},"inLanguage":"fr-FR","potentialAction":[{"@type":"ReadAction","target":["https:\/\/www.residenzalefarfalle.it\/fr\/informations\/"]}]},{"@type":"BreadcrumbList","@id":"https:\/\/www.residenzalefarfalle.it\/fr\/informations\/#breadcrumb","itemListElement":[{"@type":"ListItem","position":1,"name":"Home","item":"https:\/\/www.residenzalefarfalle.it\/fr\/"},{"@type":"ListItem","position":2,"name":"Les vacances en toute s\u00e9curit\u00e9 chez nous"}]},{"@type":"WebSite","@id":"https:\/\/www.residenzalefarfalle.it\/fr\/#website","url":"https:\/\/www.residenzalefarfalle.it\/fr\/","name":"Residenza Le Farfalle","description":"Ecco un altro sito ms.decms.eu","potentialAction":[{"@type":"SearchAction","target":{"@type":"EntryPoint","urlTemplate":"https:\/\/www.residenzalefarfalle.it\/fr\/?s={search_term_string}"},"query-input":{"@type":"PropertyValueSpecification","valueRequired":true,"valueName":"search_term_string"}}],"inLanguage":"fr-FR"}]}},"acf":[],"_links":{"self":[{"href":"https:\/\/www.residenzalefarfalle.it\/fr\/wp-json\/wp\/v2\/pages\/1430","targetHints":{"allow":["GET"]}}],"collection":[{"href":"https:\/\/www.residenzalefarfalle.it\/fr\/wp-json\/wp\/v2\/pages"}],"about":[{"href":"https:\/\/www.residenzalefarfalle.it\/fr\/wp-json\/wp\/v2\/types\/page"}],"author":[{"embeddable":true,"href":"https:\/\/www.residenzalefarfalle.it\/fr\/wp-json\/wp\/v2\/users\/13"}],"replies":[{"embeddable":true,"href":"https:\/\/www.residenzalefarfalle.it\/fr\/wp-json\/wp\/v2\/comments?post=1430"}],"version-history":[{"count":0,"href":"https:\/\/www.residenzalefarfalle.it\/fr\/wp-json\/wp\/v2\/pages\/1430\/revisions"}],"wp:attachment":[{"href":"https:\/\/www.residenzalefarfalle.it\/fr\/wp-json\/wp\/v2\/media?parent=1430"}],"curies":[{"name":"wp","href":"https:\/\/api.w.org\/{rel}","templated":true}]}}