
{"id":1237,"date":"2022-12-15T11:05:55","date_gmt":"2022-12-15T10:05:55","guid":{"rendered":"https:\/\/residenzalefarfalle.ms.decms.eu\/?page_id=1237"},"modified":"2022-12-15T11:05:55","modified_gmt":"2022-12-15T10:05:55","slug":"livre-dor","status":"publish","type":"page","link":"https:\/\/www.residenzalefarfalle.it\/fr\/livre-dor\/","title":{"rendered":"Livre d\u2019or"},"content":{"rendered":"<p>Nous soignons les moindres d\u00e9tails et prenons toujours note des suggestions d\u2019am\u00e9lioration faites par nos clients. Nous proc\u00e9dons \u00e0 l\u2019aide du syst\u00e8me de questionnaires en ligne <strong>Qualitando<\/strong>. Ainsi, nous sommes constamment inform\u00e9s des souhaits et des attentes de ceux qui nous choisissent.<\/p>\n<p><strong>Voici les commentaires des clients qui ont fait un s\u00e9jour aux Farfalle, associ\u00e9s \u00e0 des questionnaires en ligne.<\/strong><\/p>\n","protected":false},"excerpt":{"rendered":"<p>Nous soignons les moindres d\u00e9tails et prenons toujours note des suggestions d\u2019am\u00e9lioration faites par nos clients. Nous proc\u00e9dons \u00e0 l\u2019aide du syst\u00e8me de questionnaires en ligne Qualitando. Ainsi, nous sommes constamment inform\u00e9s des souhaits et des attentes de ceux qui nous choisissent. Voici les commentaires des clients qui ont fait un s\u00e9jour aux Farfalle, associ\u00e9s [&hellip;]<\/p>\n","protected":false},"author":13,"featured_media":0,"parent":0,"menu_order":150,"comment_status":"closed","ping_status":"closed","template":"template-qualitando_guestbook.php","meta":{"footnotes":""},"class_list":["post-1237","page","type-page","status-publish","hentry"],"yoast_head":"<!-- This site is optimized with the Yoast SEO plugin v26.9 - https:\/\/yoast.com\/product\/yoast-seo-wordpress\/ -->\n<title>Livre d\u2019or &#8226; Residenza Le Farfalle &#8226;<\/title>\n<meta name=\"description\" content=\"Nous soignons les moindres d\u00e9tails et prenons toujours note des suggestions d\u2019am\u00e9lioration faites par nos clients. Nous proc\u00e9dons \u00e0 l\u2019aide du syst\u00e8me de questionnaires en ligne Qualitando\" \/>\n<meta name=\"robots\" content=\"index, follow, max-snippet:-1, max-image-preview:large, max-video-preview:-1\" \/>\n<link rel=\"canonical\" href=\"https:\/\/www.residenzalefarfalle.it\/fr\/livre-dor\/\" \/>\n<meta property=\"og:locale\" content=\"fr_FR\" \/>\n<meta property=\"og:type\" content=\"article\" \/>\n<meta property=\"og:title\" content=\"Livre d\u2019or &#8226; Residenza Le Farfalle &#8226;\" \/>\n<meta property=\"og:description\" content=\"Nous soignons les moindres d\u00e9tails et prenons toujours note des suggestions d\u2019am\u00e9lioration faites par nos clients. Nous proc\u00e9dons \u00e0 l\u2019aide du syst\u00e8me de questionnaires en ligne Qualitando\" \/>\n<meta property=\"og:url\" content=\"https:\/\/www.residenzalefarfalle.it\/fr\/livre-dor\/\" \/>\n<meta property=\"og:site_name\" content=\"Residenza Le Farfalle\" \/>\n<meta name=\"twitter:card\" content=\"summary_large_image\" \/>\n<script type=\"application\/ld+json\" class=\"yoast-schema-graph\">{\"@context\":\"https:\/\/schema.org\",\"@graph\":[{\"@type\":\"WebPage\",\"@id\":\"https:\/\/www.residenzalefarfalle.it\/fr\/livre-dor\/\",\"url\":\"https:\/\/www.residenzalefarfalle.it\/fr\/livre-dor\/\",\"name\":\"Livre d\u2019or &#8226; Residenza Le Farfalle &#8226;\",\"isPartOf\":{\"@id\":\"https:\/\/www.residenzalefarfalle.it\/fr\/#website\"},\"datePublished\":\"2022-12-15T10:05:55+00:00\",\"description\":\"Nous soignons les moindres d\u00e9tails et prenons toujours note des suggestions d\u2019am\u00e9lioration faites par nos clients. Nous proc\u00e9dons \u00e0 l\u2019aide du syst\u00e8me de questionnaires en ligne Qualitando\",\"breadcrumb\":{\"@id\":\"https:\/\/www.residenzalefarfalle.it\/fr\/livre-dor\/#breadcrumb\"},\"inLanguage\":\"fr-FR\",\"potentialAction\":[{\"@type\":\"ReadAction\",\"target\":[\"https:\/\/www.residenzalefarfalle.it\/fr\/livre-dor\/\"]}]},{\"@type\":\"BreadcrumbList\",\"@id\":\"https:\/\/www.residenzalefarfalle.it\/fr\/livre-dor\/#breadcrumb\",\"itemListElement\":[{\"@type\":\"ListItem\",\"position\":1,\"name\":\"Home\",\"item\":\"https:\/\/www.residenzalefarfalle.it\/fr\/\"},{\"@type\":\"ListItem\",\"position\":2,\"name\":\"Livre d\u2019or\"}]},{\"@type\":\"WebSite\",\"@id\":\"https:\/\/www.residenzalefarfalle.it\/fr\/#website\",\"url\":\"https:\/\/www.residenzalefarfalle.it\/fr\/\",\"name\":\"Residenza Le Farfalle\",\"description\":\"Ecco un altro sito ms.decms.eu\",\"potentialAction\":[{\"@type\":\"SearchAction\",\"target\":{\"@type\":\"EntryPoint\",\"urlTemplate\":\"https:\/\/www.residenzalefarfalle.it\/fr\/?s={search_term_string}\"},\"query-input\":{\"@type\":\"PropertyValueSpecification\",\"valueRequired\":true,\"valueName\":\"search_term_string\"}}],\"inLanguage\":\"fr-FR\"}]}<\/script>\n<!-- \/ Yoast SEO plugin. -->","yoast_head_json":{"title":"Livre d\u2019or &#8226; Residenza Le Farfalle &#8226;","description":"Nous soignons les moindres d\u00e9tails et prenons toujours note des suggestions d\u2019am\u00e9lioration faites par nos clients. Nous proc\u00e9dons \u00e0 l\u2019aide du syst\u00e8me de questionnaires en ligne Qualitando","robots":{"index":"index","follow":"follow","max-snippet":"max-snippet:-1","max-image-preview":"max-image-preview:large","max-video-preview":"max-video-preview:-1"},"canonical":"https:\/\/www.residenzalefarfalle.it\/fr\/livre-dor\/","og_locale":"fr_FR","og_type":"article","og_title":"Livre d\u2019or &#8226; Residenza Le Farfalle &#8226;","og_description":"Nous soignons les moindres d\u00e9tails et prenons toujours note des suggestions d\u2019am\u00e9lioration faites par nos clients. Nous proc\u00e9dons \u00e0 l\u2019aide du syst\u00e8me de questionnaires en ligne Qualitando","og_url":"https:\/\/www.residenzalefarfalle.it\/fr\/livre-dor\/","og_site_name":"Residenza Le Farfalle","twitter_card":"summary_large_image","schema":{"@context":"https:\/\/schema.org","@graph":[{"@type":"WebPage","@id":"https:\/\/www.residenzalefarfalle.it\/fr\/livre-dor\/","url":"https:\/\/www.residenzalefarfalle.it\/fr\/livre-dor\/","name":"Livre d\u2019or &#8226; Residenza Le Farfalle &#8226;","isPartOf":{"@id":"https:\/\/www.residenzalefarfalle.it\/fr\/#website"},"datePublished":"2022-12-15T10:05:55+00:00","description":"Nous soignons les moindres d\u00e9tails et prenons toujours note des suggestions d\u2019am\u00e9lioration faites par nos clients. Nous proc\u00e9dons \u00e0 l\u2019aide du syst\u00e8me de questionnaires en ligne Qualitando","breadcrumb":{"@id":"https:\/\/www.residenzalefarfalle.it\/fr\/livre-dor\/#breadcrumb"},"inLanguage":"fr-FR","potentialAction":[{"@type":"ReadAction","target":["https:\/\/www.residenzalefarfalle.it\/fr\/livre-dor\/"]}]},{"@type":"BreadcrumbList","@id":"https:\/\/www.residenzalefarfalle.it\/fr\/livre-dor\/#breadcrumb","itemListElement":[{"@type":"ListItem","position":1,"name":"Home","item":"https:\/\/www.residenzalefarfalle.it\/fr\/"},{"@type":"ListItem","position":2,"name":"Livre d\u2019or"}]},{"@type":"WebSite","@id":"https:\/\/www.residenzalefarfalle.it\/fr\/#website","url":"https:\/\/www.residenzalefarfalle.it\/fr\/","name":"Residenza Le Farfalle","description":"Ecco un altro sito ms.decms.eu","potentialAction":[{"@type":"SearchAction","target":{"@type":"EntryPoint","urlTemplate":"https:\/\/www.residenzalefarfalle.it\/fr\/?s={search_term_string}"},"query-input":{"@type":"PropertyValueSpecification","valueRequired":true,"valueName":"search_term_string"}}],"inLanguage":"fr-FR"}]}},"acf":[],"_links":{"self":[{"href":"https:\/\/www.residenzalefarfalle.it\/fr\/wp-json\/wp\/v2\/pages\/1237","targetHints":{"allow":["GET"]}}],"collection":[{"href":"https:\/\/www.residenzalefarfalle.it\/fr\/wp-json\/wp\/v2\/pages"}],"about":[{"href":"https:\/\/www.residenzalefarfalle.it\/fr\/wp-json\/wp\/v2\/types\/page"}],"author":[{"embeddable":true,"href":"https:\/\/www.residenzalefarfalle.it\/fr\/wp-json\/wp\/v2\/users\/13"}],"replies":[{"embeddable":true,"href":"https:\/\/www.residenzalefarfalle.it\/fr\/wp-json\/wp\/v2\/comments?post=1237"}],"version-history":[{"count":0,"href":"https:\/\/www.residenzalefarfalle.it\/fr\/wp-json\/wp\/v2\/pages\/1237\/revisions"}],"wp:attachment":[{"href":"https:\/\/www.residenzalefarfalle.it\/fr\/wp-json\/wp\/v2\/media?parent=1237"}],"curies":[{"name":"wp","href":"https:\/\/api.w.org\/{rel}","templated":true}]}}