
{"id":1228,"date":"2022-12-15T10:53:25","date_gmt":"2022-12-15T09:53:25","guid":{"rendered":"https:\/\/residenzalefarfalle.ms.decms.eu\/?page_id=1228"},"modified":"2022-12-15T11:02:40","modified_gmt":"2022-12-15T10:02:40","slug":"comment-nous-rejoindre","status":"publish","type":"page","link":"https:\/\/www.residenzalefarfalle.it\/fr\/comment-nous-rejoindre\/","title":{"rendered":"Comment nous rejoindre?"},"content":{"rendered":"<div id=\"content\">\n<article id=\"post-388\" class=\"post-388 page type-page status-publish hentry\">\n<div class=\"entry-content\">\n<div id=\"content\">\n<article id=\"post-388\" class=\"post-388 page type-page status-publish hentry\">\n<div class=\"entry-content\">\n<p>La r\u00e9sidence Le Farfalle est situ\u00e9e dans le tron\u00e7on de <strong>c\u00f4te nord-ouest de la Sardaigne, <\/strong>c\u00e9l\u00e8bre pour son <strong>Golfe d\u2019Asinara <\/strong>et <strong>Castelsardo, <\/strong>particuli\u00e8rement dans la commune de <strong>Tergu.<\/strong><\/p>\n<p>L\u2019id\u00e9al est d\u2019arriver \u00e0 Tergu en voiture, la votre ou lou\u00e9e (dont le co\u00fbt d\u00e9passe rarement 200 euros par semaine, surtout si elle est r\u00e9serv\u00e9e bien \u00e0 l\u2019avance ou tout pr\u00e8s des vacances).<\/p>\n<p>Tergu est \u00e0 34 km du <strong>port de Portorres <\/strong>avec ses liaisons vers <strong>G\u00eanes <\/strong>et <strong>Civitavecchia, <\/strong>ainsi que pour certains ports europ\u00e9ens de grande importance comme <strong>Barcelone <\/strong>et <strong>Marseille.<\/strong><\/p>\n<p>Distante de 109 km d\u2019<strong>Olbia <\/strong>avec son <strong>port <\/strong>et son <strong>a\u00e9roport international <\/strong>et environ 65 km de l\u2019<strong>a\u00e9roport d\u2019Alghero, <\/strong>qui est \u00e9galement reli\u00e9 aux principales villes italiennes et europ\u00e9ennes.<\/p>\n<\/div>\n<\/article>\n<\/div>\n<\/div>\n<\/article>\n<\/div>\n","protected":false},"excerpt":{"rendered":"<p>La r\u00e9sidence Le Farfalle est situ\u00e9e dans le tron\u00e7on de c\u00f4te nord-ouest de la Sardaigne, c\u00e9l\u00e8bre pour son Golfe d\u2019Asinara et Castelsardo, particuli\u00e8rement dans la commune de Tergu. L\u2019id\u00e9al est d\u2019arriver \u00e0 Tergu en voiture, la votre ou lou\u00e9e (dont le co\u00fbt d\u00e9passe rarement 200 euros par semaine, surtout si elle est r\u00e9serv\u00e9e bien \u00e0 [&hellip;]<\/p>\n","protected":false},"author":13,"featured_media":0,"parent":0,"menu_order":140,"comment_status":"closed","ping_status":"closed","template":"template-location.php","meta":{"footnotes":""},"class_list":["post-1228","page","type-page","status-publish","hentry"],"yoast_head":"<!-- This site is optimized with the Yoast SEO plugin v26.9 - https:\/\/yoast.com\/product\/yoast-seo-wordpress\/ -->\n<title>Comment nous rejoindre? &#8226; Residenza Le Farfalle &#8226;<\/title>\n<meta name=\"description\" content=\"La r\u00e9sidence Le Farfalle est situ\u00e9e dans le tron\u00e7on de c\u00f4te nord-ouest de la Sardaigne, c\u00e9l\u00e8bre pour son Golfe d\u2019Asinara et Castelsardo, particuli\u00e8rement dans la commune de Tergu.  L\u2019id\u00e9al est d\u2019arriver \u00e0 Tergu en voiture, la votre ou lou\u00e9e (dont le co\u00fbt d\u00e9passe rarement 200 euros par semaine, surtout si elle est r\u00e9serv\u00e9e bien \u00e0 l\u2019avance ou tout pr\u00e8s des vacances).  Tergu est \u00e0 34 km du port de Portorres avec ses liaisons vers G\u00eanes et Civitavecchia, ainsi que pour certains ports europ\u00e9ens de grande importance comme Barcelone et Marseille.  Distante de 109 km d\u2019Olbia avec son port et son a\u00e9roport international et environ 65 km de l\u2019a\u00e9roport d\u2019Alghero, qui est \u00e9galement reli\u00e9 aux principales villes italiennes et europ\u00e9ennes.     .\" \/>\n<meta name=\"robots\" content=\"index, follow, max-snippet:-1, max-image-preview:large, max-video-preview:-1\" \/>\n<link rel=\"canonical\" href=\"https:\/\/www.residenzalefarfalle.it\/fr\/comment-nous-rejoindre\/\" \/>\n<meta property=\"og:locale\" content=\"fr_FR\" \/>\n<meta property=\"og:type\" content=\"article\" \/>\n<meta property=\"og:title\" content=\"Comment nous rejoindre? &#8226; Residenza Le Farfalle &#8226;\" \/>\n<meta property=\"og:description\" content=\"La r\u00e9sidence Le Farfalle est situ\u00e9e dans le tron\u00e7on de c\u00f4te nord-ouest de la Sardaigne, c\u00e9l\u00e8bre pour son Golfe d\u2019Asinara et Castelsardo, particuli\u00e8rement dans la commune de Tergu.  L\u2019id\u00e9al est d\u2019arriver \u00e0 Tergu en voiture, la votre ou lou\u00e9e (dont le co\u00fbt d\u00e9passe rarement 200 euros par semaine, surtout si elle est r\u00e9serv\u00e9e bien \u00e0 l\u2019avance ou tout pr\u00e8s des vacances).  Tergu est \u00e0 34 km du port de Portorres avec ses liaisons vers G\u00eanes et Civitavecchia, ainsi que pour certains ports europ\u00e9ens de grande importance comme Barcelone et Marseille.  Distante de 109 km d\u2019Olbia avec son port et son a\u00e9roport international et environ 65 km de l\u2019a\u00e9roport d\u2019Alghero, qui est \u00e9galement reli\u00e9 aux principales villes italiennes et europ\u00e9ennes.     .\" \/>\n<meta property=\"og:url\" content=\"https:\/\/www.residenzalefarfalle.it\/fr\/comment-nous-rejoindre\/\" \/>\n<meta property=\"og:site_name\" content=\"Residenza Le Farfalle\" \/>\n<meta property=\"article:modified_time\" content=\"2022-12-15T10:02:40+00:00\" \/>\n<meta name=\"twitter:card\" content=\"summary_large_image\" \/>\n<meta name=\"twitter:label1\" content=\"Dur\u00e9e de lecture estim\u00e9e\" \/>\n\t<meta name=\"twitter:data1\" content=\"1 minute\" \/>\n<script type=\"application\/ld+json\" class=\"yoast-schema-graph\">{\"@context\":\"https:\/\/schema.org\",\"@graph\":[{\"@type\":\"WebPage\",\"@id\":\"https:\/\/www.residenzalefarfalle.it\/fr\/comment-nous-rejoindre\/\",\"url\":\"https:\/\/www.residenzalefarfalle.it\/fr\/comment-nous-rejoindre\/\",\"name\":\"Comment nous rejoindre? &#8226; Residenza Le Farfalle &#8226;\",\"isPartOf\":{\"@id\":\"https:\/\/www.residenzalefarfalle.it\/fr\/#website\"},\"datePublished\":\"2022-12-15T09:53:25+00:00\",\"dateModified\":\"2022-12-15T10:02:40+00:00\",\"description\":\"La r\u00e9sidence Le Farfalle est situ\u00e9e dans le tron\u00e7on de c\u00f4te nord-ouest de la Sardaigne, c\u00e9l\u00e8bre pour son Golfe d\u2019Asinara et Castelsardo, particuli\u00e8rement dans la commune de Tergu. L\u2019id\u00e9al est d\u2019arriver \u00e0 Tergu en voiture, la votre ou lou\u00e9e (dont le co\u00fbt d\u00e9passe rarement 200 euros par semaine, surtout si elle est r\u00e9serv\u00e9e bien \u00e0 l\u2019avance ou tout pr\u00e8s des vacances). Tergu est \u00e0 34 km du port de Portorres avec ses liaisons vers G\u00eanes et Civitavecchia, ainsi que pour certains ports europ\u00e9ens de grande importance comme Barcelone et Marseille. Distante de 109 km d\u2019Olbia avec son port et son a\u00e9roport international et environ 65 km de l\u2019a\u00e9roport d\u2019Alghero, qui est \u00e9galement reli\u00e9 aux principales villes italiennes et europ\u00e9ennes. .\",\"breadcrumb\":{\"@id\":\"https:\/\/www.residenzalefarfalle.it\/fr\/comment-nous-rejoindre\/#breadcrumb\"},\"inLanguage\":\"fr-FR\",\"potentialAction\":[{\"@type\":\"ReadAction\",\"target\":[\"https:\/\/www.residenzalefarfalle.it\/fr\/comment-nous-rejoindre\/\"]}]},{\"@type\":\"BreadcrumbList\",\"@id\":\"https:\/\/www.residenzalefarfalle.it\/fr\/comment-nous-rejoindre\/#breadcrumb\",\"itemListElement\":[{\"@type\":\"ListItem\",\"position\":1,\"name\":\"Home\",\"item\":\"https:\/\/www.residenzalefarfalle.it\/fr\/\"},{\"@type\":\"ListItem\",\"position\":2,\"name\":\"Comment nous rejoindre?\"}]},{\"@type\":\"WebSite\",\"@id\":\"https:\/\/www.residenzalefarfalle.it\/fr\/#website\",\"url\":\"https:\/\/www.residenzalefarfalle.it\/fr\/\",\"name\":\"Residenza Le Farfalle\",\"description\":\"Ecco un altro sito ms.decms.eu\",\"potentialAction\":[{\"@type\":\"SearchAction\",\"target\":{\"@type\":\"EntryPoint\",\"urlTemplate\":\"https:\/\/www.residenzalefarfalle.it\/fr\/?s={search_term_string}\"},\"query-input\":{\"@type\":\"PropertyValueSpecification\",\"valueRequired\":true,\"valueName\":\"search_term_string\"}}],\"inLanguage\":\"fr-FR\"}]}<\/script>\n<!-- \/ Yoast SEO plugin. -->","yoast_head_json":{"title":"Comment nous rejoindre? &#8226; Residenza Le Farfalle &#8226;","description":"La r\u00e9sidence Le Farfalle est situ\u00e9e dans le tron\u00e7on de c\u00f4te nord-ouest de la Sardaigne, c\u00e9l\u00e8bre pour son Golfe d\u2019Asinara et Castelsardo, particuli\u00e8rement dans la commune de Tergu.  L\u2019id\u00e9al est d\u2019arriver \u00e0 Tergu en voiture, la votre ou lou\u00e9e (dont le co\u00fbt d\u00e9passe rarement 200 euros par semaine, surtout si elle est r\u00e9serv\u00e9e bien \u00e0 l\u2019avance ou tout pr\u00e8s des vacances).  Tergu est \u00e0 34 km du port de Portorres avec ses liaisons vers G\u00eanes et Civitavecchia, ainsi que pour certains ports europ\u00e9ens de grande importance comme Barcelone et Marseille.  Distante de 109 km d\u2019Olbia avec son port et son a\u00e9roport international et environ 65 km de l\u2019a\u00e9roport d\u2019Alghero, qui est \u00e9galement reli\u00e9 aux principales villes italiennes et europ\u00e9ennes.     .","robots":{"index":"index","follow":"follow","max-snippet":"max-snippet:-1","max-image-preview":"max-image-preview:large","max-video-preview":"max-video-preview:-1"},"canonical":"https:\/\/www.residenzalefarfalle.it\/fr\/comment-nous-rejoindre\/","og_locale":"fr_FR","og_type":"article","og_title":"Comment nous rejoindre? &#8226; Residenza Le Farfalle &#8226;","og_description":"La r\u00e9sidence Le Farfalle est situ\u00e9e dans le tron\u00e7on de c\u00f4te nord-ouest de la Sardaigne, c\u00e9l\u00e8bre pour son Golfe d\u2019Asinara et Castelsardo, particuli\u00e8rement dans la commune de Tergu.  L\u2019id\u00e9al est d\u2019arriver \u00e0 Tergu en voiture, la votre ou lou\u00e9e (dont le co\u00fbt d\u00e9passe rarement 200 euros par semaine, surtout si elle est r\u00e9serv\u00e9e bien \u00e0 l\u2019avance ou tout pr\u00e8s des vacances).  Tergu est \u00e0 34 km du port de Portorres avec ses liaisons vers G\u00eanes et Civitavecchia, ainsi que pour certains ports europ\u00e9ens de grande importance comme Barcelone et Marseille.  Distante de 109 km d\u2019Olbia avec son port et son a\u00e9roport international et environ 65 km de l\u2019a\u00e9roport d\u2019Alghero, qui est \u00e9galement reli\u00e9 aux principales villes italiennes et europ\u00e9ennes.     .","og_url":"https:\/\/www.residenzalefarfalle.it\/fr\/comment-nous-rejoindre\/","og_site_name":"Residenza Le Farfalle","article_modified_time":"2022-12-15T10:02:40+00:00","twitter_card":"summary_large_image","twitter_misc":{"Dur\u00e9e de lecture estim\u00e9e":"1 minute"},"schema":{"@context":"https:\/\/schema.org","@graph":[{"@type":"WebPage","@id":"https:\/\/www.residenzalefarfalle.it\/fr\/comment-nous-rejoindre\/","url":"https:\/\/www.residenzalefarfalle.it\/fr\/comment-nous-rejoindre\/","name":"Comment nous rejoindre? &#8226; Residenza Le Farfalle &#8226;","isPartOf":{"@id":"https:\/\/www.residenzalefarfalle.it\/fr\/#website"},"datePublished":"2022-12-15T09:53:25+00:00","dateModified":"2022-12-15T10:02:40+00:00","description":"La r\u00e9sidence Le Farfalle est situ\u00e9e dans le tron\u00e7on de c\u00f4te nord-ouest de la Sardaigne, c\u00e9l\u00e8bre pour son Golfe d\u2019Asinara et Castelsardo, particuli\u00e8rement dans la commune de Tergu. L\u2019id\u00e9al est d\u2019arriver \u00e0 Tergu en voiture, la votre ou lou\u00e9e (dont le co\u00fbt d\u00e9passe rarement 200 euros par semaine, surtout si elle est r\u00e9serv\u00e9e bien \u00e0 l\u2019avance ou tout pr\u00e8s des vacances). Tergu est \u00e0 34 km du port de Portorres avec ses liaisons vers G\u00eanes et Civitavecchia, ainsi que pour certains ports europ\u00e9ens de grande importance comme Barcelone et Marseille. Distante de 109 km d\u2019Olbia avec son port et son a\u00e9roport international et environ 65 km de l\u2019a\u00e9roport d\u2019Alghero, qui est \u00e9galement reli\u00e9 aux principales villes italiennes et europ\u00e9ennes. .","breadcrumb":{"@id":"https:\/\/www.residenzalefarfalle.it\/fr\/comment-nous-rejoindre\/#breadcrumb"},"inLanguage":"fr-FR","potentialAction":[{"@type":"ReadAction","target":["https:\/\/www.residenzalefarfalle.it\/fr\/comment-nous-rejoindre\/"]}]},{"@type":"BreadcrumbList","@id":"https:\/\/www.residenzalefarfalle.it\/fr\/comment-nous-rejoindre\/#breadcrumb","itemListElement":[{"@type":"ListItem","position":1,"name":"Home","item":"https:\/\/www.residenzalefarfalle.it\/fr\/"},{"@type":"ListItem","position":2,"name":"Comment nous rejoindre?"}]},{"@type":"WebSite","@id":"https:\/\/www.residenzalefarfalle.it\/fr\/#website","url":"https:\/\/www.residenzalefarfalle.it\/fr\/","name":"Residenza Le Farfalle","description":"Ecco un altro sito ms.decms.eu","potentialAction":[{"@type":"SearchAction","target":{"@type":"EntryPoint","urlTemplate":"https:\/\/www.residenzalefarfalle.it\/fr\/?s={search_term_string}"},"query-input":{"@type":"PropertyValueSpecification","valueRequired":true,"valueName":"search_term_string"}}],"inLanguage":"fr-FR"}]}},"acf":[],"_links":{"self":[{"href":"https:\/\/www.residenzalefarfalle.it\/fr\/wp-json\/wp\/v2\/pages\/1228","targetHints":{"allow":["GET"]}}],"collection":[{"href":"https:\/\/www.residenzalefarfalle.it\/fr\/wp-json\/wp\/v2\/pages"}],"about":[{"href":"https:\/\/www.residenzalefarfalle.it\/fr\/wp-json\/wp\/v2\/types\/page"}],"author":[{"embeddable":true,"href":"https:\/\/www.residenzalefarfalle.it\/fr\/wp-json\/wp\/v2\/users\/13"}],"replies":[{"embeddable":true,"href":"https:\/\/www.residenzalefarfalle.it\/fr\/wp-json\/wp\/v2\/comments?post=1228"}],"version-history":[{"count":0,"href":"https:\/\/www.residenzalefarfalle.it\/fr\/wp-json\/wp\/v2\/pages\/1228\/revisions"}],"wp:attachment":[{"href":"https:\/\/www.residenzalefarfalle.it\/fr\/wp-json\/wp\/v2\/media?parent=1228"}],"curies":[{"name":"wp","href":"https:\/\/api.w.org\/{rel}","templated":true}]}}