
{"id":1218,"date":"2022-12-15T10:35:54","date_gmt":"2022-12-15T09:35:54","guid":{"rendered":"https:\/\/residenzalefarfalle.ms.decms.eu\/?page_id=1218"},"modified":"2023-05-24T17:29:52","modified_gmt":"2023-05-24T15:29:52","slug":"termes-conditions","status":"publish","type":"page","link":"https:\/\/www.residenzalefarfalle.it\/fr\/termes-conditions\/","title":{"rendered":"Termes &amp; Conditions"},"content":{"rendered":"<p><strong>Nos tarifs incluent\u00a0:<\/strong><\/p>\n<ul>\n<li>Le s\u00e9jour en appartement avec utilisation de la cuisine totalement \u00e9quip\u00e9e (veuillez noter que la r\u00e9sidence n\u2019offre pas de service de restauration)<\/li>\n<li>Consommation d\u2019\u00e9lectricit\u00e9, eau et gaz<\/li>\n<li>Acc\u00e8s WIFI gratuit \u00a0(*)<\/li>\n<li>1 place de parking ext\u00e9rieure, pas surveill\u00e9 par appartement<\/li>\n<li>Kit de plage (1 parasol + 2 chaises pliables)<\/li>\n<li>Lave-linge, table et fer \u00e0 repasser disponibles dans l\u2019appartement<\/li>\n<li>Fourniture de linge de lit et de bain \u00e0 votre arriv\u00e9e (change pr\u00e9vu 1 fois par semaine)<\/li>\n<li>Nettoyage final<\/li>\n<li>Linge de lit et serviettes \u00e0 l\u2019arriv\u00e9e.<\/li>\n<li>L\u2019utilisation gratuite du jardin , solarium et piscine (pas chauff\u00e9 et ouverture de 8\/6-17\/9)<\/li>\n<li>Services et taxes<\/li>\n<\/ul>\n<p><strong>Les tarifs ne comprennent pas:<\/strong><\/p>\n<ul>\n<li>Climatisation: en option, \u00e0 r\u00e9gler sur place \u00e0 l\u2019arriv\u00e9e dans le temps: 10 \u20ac par nuit pour l\u2019appartement d\u2019une chambre, 15 \u20ac par nuit pour l\u2019appartement de deux chambres<\/li>\n<li>Frais de nettoyage pour les s\u00e9jours de moins de 7 nuits: suppl\u00e9ment obligatoire \u00e0 r\u00e9gler sur place \u00e0 l\u2019arriv\u00e9e, 40 \u20ac pour s\u00e9jour pour un appartement d\u2019une chambre, \u20ac 60 par s\u00e9jour pour l\u2019appartement de deux chambres<\/li>\n<li>D\u00e9p\u00f4t de 100 euros par appartement \u00e0 laisser \u00e0 la r\u00e9ception \u00e0 l\u2019arriv\u00e9e (remboursable au moment du d\u00e9part)<\/li>\n<\/ul>\n<p>(*) La connexion WiFi offert par la R\u00e9sidence comprennent: la navigation dans les sites ordinaires, l\u2019utilisation des syst\u00e8mes de messagerie \u00e9lectronique et\u00a0les social networks. Ne permet pas: t\u00e9l\u00e9charger des films, des vid\u00e9os, des jeux; films vue de streaming; synchronisation avec les syst\u00e8mes du nuage; lien vers les syst\u00e8mes de surveillance vid\u00e9o.<\/p>\n<p>&nbsp;<\/p>\n","protected":false},"excerpt":{"rendered":"<p>Nos tarifs incluent\u00a0: Le s\u00e9jour en appartement avec utilisation de la cuisine totalement \u00e9quip\u00e9e (veuillez noter que la r\u00e9sidence n\u2019offre pas de service de restauration) Consommation d\u2019\u00e9lectricit\u00e9, eau et gaz Acc\u00e8s WIFI gratuit \u00a0(*) 1 place de parking ext\u00e9rieure, pas surveill\u00e9 par appartement Kit de plage (1 parasol + 2 chaises pliables) Lave-linge, table et [&hellip;]<\/p>\n","protected":false},"author":13,"featured_media":0,"parent":0,"menu_order":120,"comment_status":"closed","ping_status":"closed","template":"template-default-4.php","meta":{"footnotes":""},"class_list":["post-1218","page","type-page","status-publish","hentry"],"yoast_head":"<!-- This site is optimized with the Yoast SEO plugin v26.9 - https:\/\/yoast.com\/product\/yoast-seo-wordpress\/ -->\n<title>Termes &amp; Conditions &#8226; Residenza Le Farfalle &#8226;<\/title>\n<meta name=\"description\" content=\"Nos tarifs incluent\u00a0:   Le s\u00e9jour en appartement avec utilisation de la cuisine totalement \u00e9quip\u00e9e (veuillez noter que la r\u00e9sidence n\u2019offre pas de service de restauration)  Consommation d\u2019\u00e9lectricit\u00e9, eau et gaz  Acc\u00e8s WIFI gratuit \u00a0(*)  1 place de parking ext\u00e9rieure, pas surveill\u00e9 par appartement  Kit de plage (1 parasol + 2 chaises pliables)  Lave-linge, table et fer \u00e0 repasser disponibles dans l\u2019appartement  Fourniture de linge de lit et de bain \u00e0 votre arriv\u00e9e (change pr\u00e9vu 1 fois par semaine)  Nettoyage final  Linge de lit et serviettes \u00e0 l\u2019arriv\u00e9e.  L\u2019utilisation gratuite du jardin , solarium et piscine (pas chauff\u00e9 et ouverture de 8\/6-17\/9)  Services et taxes  Les tarifs ne comprennent pas:   Climatisation: en option, \u00e0 r\u00e9gler sur place \u00e0 l\u2019arriv\u00e9e dans le temps: 10 \u20ac par nuit pour l\u2019appartement d\u2019une chambre, 15 \u20ac par nuit pour l\u2019appartement de deux chambres  Frais de nettoyage pour les s\u00e9jours de moins de 7 nuits: suppl\u00e9ment obligatoire \u00e0 r\u00e9gler sur place \u00e0 l\u2019arriv\u00e9e, 40 \u20ac pour s\u00e9jour pour un appartement d\u2019une chambre, \u20ac 60 par s\u00e9jour pour l\u2019appartement de deux chambres  D\u00e9p\u00f4t de 100 euros par appartement \u00e0 laisser \u00e0 la r\u00e9ception \u00e0 l\u2019arriv\u00e9e (remboursable au moment du d\u00e9part)  (*) La connexion WiFi offert par la R\u00e9sidence comprennent: la navigation dans les sites ordinaires, l\u2019utilisation des syst\u00e8mes de messagerie \u00e9lectronique et\u00a0les social networks. Ne permet pas: t\u00e9l\u00e9charger des films, des vid\u00e9os, des jeux; films vue de streaming; synchronisation avec les syst\u00e8mes du nuage; lien vers les syst\u00e8mes de surveillance vid\u00e9o.  &nbsp;\" \/>\n<meta name=\"robots\" content=\"index, follow, max-snippet:-1, max-image-preview:large, max-video-preview:-1\" \/>\n<link rel=\"canonical\" href=\"https:\/\/www.residenzalefarfalle.it\/fr\/termes-conditions\/\" \/>\n<meta property=\"og:locale\" content=\"fr_FR\" \/>\n<meta property=\"og:type\" content=\"article\" \/>\n<meta property=\"og:title\" content=\"Termes &amp; Conditions &#8226; Residenza Le Farfalle &#8226;\" \/>\n<meta property=\"og:description\" content=\"Nos tarifs incluent\u00a0:   Le s\u00e9jour en appartement avec utilisation de la cuisine totalement \u00e9quip\u00e9e (veuillez noter que la r\u00e9sidence n\u2019offre pas de service de restauration)  Consommation d\u2019\u00e9lectricit\u00e9, eau et gaz  Acc\u00e8s WIFI gratuit \u00a0(*)  1 place de parking ext\u00e9rieure, pas surveill\u00e9 par appartement  Kit de plage (1 parasol + 2 chaises pliables)  Lave-linge, table et fer \u00e0 repasser disponibles dans l\u2019appartement  Fourniture de linge de lit et de bain \u00e0 votre arriv\u00e9e (change pr\u00e9vu 1 fois par semaine)  Nettoyage final  Linge de lit et serviettes \u00e0 l\u2019arriv\u00e9e.  L\u2019utilisation gratuite du jardin , solarium et piscine (pas chauff\u00e9 et ouverture de 8\/6-17\/9)  Services et taxes  Les tarifs ne comprennent pas:   Climatisation: en option, \u00e0 r\u00e9gler sur place \u00e0 l\u2019arriv\u00e9e dans le temps: 10 \u20ac par nuit pour l\u2019appartement d\u2019une chambre, 15 \u20ac par nuit pour l\u2019appartement de deux chambres  Frais de nettoyage pour les s\u00e9jours de moins de 7 nuits: suppl\u00e9ment obligatoire \u00e0 r\u00e9gler sur place \u00e0 l\u2019arriv\u00e9e, 40 \u20ac pour s\u00e9jour pour un appartement d\u2019une chambre, \u20ac 60 par s\u00e9jour pour l\u2019appartement de deux chambres  D\u00e9p\u00f4t de 100 euros par appartement \u00e0 laisser \u00e0 la r\u00e9ception \u00e0 l\u2019arriv\u00e9e (remboursable au moment du d\u00e9part)  (*) La connexion WiFi offert par la R\u00e9sidence comprennent: la navigation dans les sites ordinaires, l\u2019utilisation des syst\u00e8mes de messagerie \u00e9lectronique et\u00a0les social networks. Ne permet pas: t\u00e9l\u00e9charger des films, des vid\u00e9os, des jeux; films vue de streaming; synchronisation avec les syst\u00e8mes du nuage; lien vers les syst\u00e8mes de surveillance vid\u00e9o.  &nbsp;\" \/>\n<meta property=\"og:url\" content=\"https:\/\/www.residenzalefarfalle.it\/fr\/termes-conditions\/\" \/>\n<meta property=\"og:site_name\" content=\"Residenza Le Farfalle\" \/>\n<meta property=\"article:modified_time\" content=\"2023-05-24T15:29:52+00:00\" \/>\n<meta name=\"twitter:card\" content=\"summary_large_image\" \/>\n<meta name=\"twitter:label1\" content=\"Dur\u00e9e de lecture estim\u00e9e\" \/>\n\t<meta name=\"twitter:data1\" content=\"2 minutes\" \/>\n<script type=\"application\/ld+json\" class=\"yoast-schema-graph\">{\"@context\":\"https:\/\/schema.org\",\"@graph\":[{\"@type\":\"WebPage\",\"@id\":\"https:\/\/www.residenzalefarfalle.it\/fr\/termes-conditions\/\",\"url\":\"https:\/\/www.residenzalefarfalle.it\/fr\/termes-conditions\/\",\"name\":\"Termes &amp; Conditions &#8226; Residenza Le Farfalle &#8226;\",\"isPartOf\":{\"@id\":\"https:\/\/www.residenzalefarfalle.it\/fr\/#website\"},\"datePublished\":\"2022-12-15T09:35:54+00:00\",\"dateModified\":\"2023-05-24T15:29:52+00:00\",\"description\":\"Nos tarifs incluent\u00a0: \u2022 Le s\u00e9jour en appartement avec utilisation de la cuisine totalement \u00e9quip\u00e9e (veuillez noter que la r\u00e9sidence n\u2019offre pas de service de restauration) \u2022 Consommation d\u2019\u00e9lectricit\u00e9, eau et gaz \u2022 Acc\u00e8s WIFI gratuit \u00a0(*) \u2022 1 place de parking ext\u00e9rieure, pas surveill\u00e9 par appartement \u2022 Kit de plage (1 parasol + 2 chaises pliables) \u2022 Lave-linge, table et fer \u00e0 repasser disponibles dans l\u2019appartement \u2022 Fourniture de linge de lit et de bain \u00e0 votre arriv\u00e9e (change pr\u00e9vu 1 fois par semaine) \u2022 Nettoyage final \u2022 Linge de lit et serviettes \u00e0 l\u2019arriv\u00e9e. \u2022 L\u2019utilisation gratuite du jardin , solarium et piscine (pas chauff\u00e9 et ouverture de 8\/6-17\/9) \u2022 Services et taxes Les tarifs ne comprennent pas: \u2022 Climatisation: en option, \u00e0 r\u00e9gler sur place \u00e0 l\u2019arriv\u00e9e dans le temps: 10 \u20ac par nuit pour l\u2019appartement d\u2019une chambre, 15 \u20ac par nuit pour l\u2019appartement de deux chambres \u2022 Frais de nettoyage pour les s\u00e9jours de moins de 7 nuits: suppl\u00e9ment obligatoire \u00e0 r\u00e9gler sur place \u00e0 l\u2019arriv\u00e9e, 40 \u20ac pour s\u00e9jour pour un appartement d\u2019une chambre, \u20ac 60 par s\u00e9jour pour l\u2019appartement de deux chambres \u2022 D\u00e9p\u00f4t de 100 euros par appartement \u00e0 laisser \u00e0 la r\u00e9ception \u00e0 l\u2019arriv\u00e9e (remboursable au moment du d\u00e9part) (*) La connexion WiFi offert par la R\u00e9sidence comprennent: la navigation dans les sites ordinaires, l\u2019utilisation des syst\u00e8mes de messagerie \u00e9lectronique et\u00a0les social networks. Ne permet pas: t\u00e9l\u00e9charger des films, des vid\u00e9os, des jeux; films vue de streaming; synchronisation avec les syst\u00e8mes du nuage; lien vers les syst\u00e8mes de surveillance vid\u00e9o. &nbsp;\",\"breadcrumb\":{\"@id\":\"https:\/\/www.residenzalefarfalle.it\/fr\/termes-conditions\/#breadcrumb\"},\"inLanguage\":\"fr-FR\",\"potentialAction\":[{\"@type\":\"ReadAction\",\"target\":[\"https:\/\/www.residenzalefarfalle.it\/fr\/termes-conditions\/\"]}]},{\"@type\":\"BreadcrumbList\",\"@id\":\"https:\/\/www.residenzalefarfalle.it\/fr\/termes-conditions\/#breadcrumb\",\"itemListElement\":[{\"@type\":\"ListItem\",\"position\":1,\"name\":\"Home\",\"item\":\"https:\/\/www.residenzalefarfalle.it\/fr\/\"},{\"@type\":\"ListItem\",\"position\":2,\"name\":\"Termes &amp; Conditions\"}]},{\"@type\":\"WebSite\",\"@id\":\"https:\/\/www.residenzalefarfalle.it\/fr\/#website\",\"url\":\"https:\/\/www.residenzalefarfalle.it\/fr\/\",\"name\":\"Residenza Le Farfalle\",\"description\":\"Ecco un altro sito ms.decms.eu\",\"potentialAction\":[{\"@type\":\"SearchAction\",\"target\":{\"@type\":\"EntryPoint\",\"urlTemplate\":\"https:\/\/www.residenzalefarfalle.it\/fr\/?s={search_term_string}\"},\"query-input\":{\"@type\":\"PropertyValueSpecification\",\"valueRequired\":true,\"valueName\":\"search_term_string\"}}],\"inLanguage\":\"fr-FR\"}]}<\/script>\n<!-- \/ Yoast SEO plugin. -->","yoast_head_json":{"title":"Termes &amp; Conditions &#8226; Residenza Le Farfalle &#8226;","description":"Nos tarifs incluent\u00a0:   Le s\u00e9jour en appartement avec utilisation de la cuisine totalement \u00e9quip\u00e9e (veuillez noter que la r\u00e9sidence n\u2019offre pas de service de restauration)  Consommation d\u2019\u00e9lectricit\u00e9, eau et gaz  Acc\u00e8s WIFI gratuit \u00a0(*)  1 place de parking ext\u00e9rieure, pas surveill\u00e9 par appartement  Kit de plage (1 parasol + 2 chaises pliables)  Lave-linge, table et fer \u00e0 repasser disponibles dans l\u2019appartement  Fourniture de linge de lit et de bain \u00e0 votre arriv\u00e9e (change pr\u00e9vu 1 fois par semaine)  Nettoyage final  Linge de lit et serviettes \u00e0 l\u2019arriv\u00e9e.  L\u2019utilisation gratuite du jardin , solarium et piscine (pas chauff\u00e9 et ouverture de 8\/6-17\/9)  Services et taxes  Les tarifs ne comprennent pas:   Climatisation: en option, \u00e0 r\u00e9gler sur place \u00e0 l\u2019arriv\u00e9e dans le temps: 10 \u20ac par nuit pour l\u2019appartement d\u2019une chambre, 15 \u20ac par nuit pour l\u2019appartement de deux chambres  Frais de nettoyage pour les s\u00e9jours de moins de 7 nuits: suppl\u00e9ment obligatoire \u00e0 r\u00e9gler sur place \u00e0 l\u2019arriv\u00e9e, 40 \u20ac pour s\u00e9jour pour un appartement d\u2019une chambre, \u20ac 60 par s\u00e9jour pour l\u2019appartement de deux chambres  D\u00e9p\u00f4t de 100 euros par appartement \u00e0 laisser \u00e0 la r\u00e9ception \u00e0 l\u2019arriv\u00e9e (remboursable au moment du d\u00e9part)  (*) La connexion WiFi offert par la R\u00e9sidence comprennent: la navigation dans les sites ordinaires, l\u2019utilisation des syst\u00e8mes de messagerie \u00e9lectronique et\u00a0les social networks. Ne permet pas: t\u00e9l\u00e9charger des films, des vid\u00e9os, des jeux; films vue de streaming; synchronisation avec les syst\u00e8mes du nuage; lien vers les syst\u00e8mes de surveillance vid\u00e9o.  &nbsp;","robots":{"index":"index","follow":"follow","max-snippet":"max-snippet:-1","max-image-preview":"max-image-preview:large","max-video-preview":"max-video-preview:-1"},"canonical":"https:\/\/www.residenzalefarfalle.it\/fr\/termes-conditions\/","og_locale":"fr_FR","og_type":"article","og_title":"Termes &amp; Conditions &#8226; Residenza Le Farfalle &#8226;","og_description":"Nos tarifs incluent\u00a0:   Le s\u00e9jour en appartement avec utilisation de la cuisine totalement \u00e9quip\u00e9e (veuillez noter que la r\u00e9sidence n\u2019offre pas de service de restauration)  Consommation d\u2019\u00e9lectricit\u00e9, eau et gaz  Acc\u00e8s WIFI gratuit \u00a0(*)  1 place de parking ext\u00e9rieure, pas surveill\u00e9 par appartement  Kit de plage (1 parasol + 2 chaises pliables)  Lave-linge, table et fer \u00e0 repasser disponibles dans l\u2019appartement  Fourniture de linge de lit et de bain \u00e0 votre arriv\u00e9e (change pr\u00e9vu 1 fois par semaine)  Nettoyage final  Linge de lit et serviettes \u00e0 l\u2019arriv\u00e9e.  L\u2019utilisation gratuite du jardin , solarium et piscine (pas chauff\u00e9 et ouverture de 8\/6-17\/9)  Services et taxes  Les tarifs ne comprennent pas:   Climatisation: en option, \u00e0 r\u00e9gler sur place \u00e0 l\u2019arriv\u00e9e dans le temps: 10 \u20ac par nuit pour l\u2019appartement d\u2019une chambre, 15 \u20ac par nuit pour l\u2019appartement de deux chambres  Frais de nettoyage pour les s\u00e9jours de moins de 7 nuits: suppl\u00e9ment obligatoire \u00e0 r\u00e9gler sur place \u00e0 l\u2019arriv\u00e9e, 40 \u20ac pour s\u00e9jour pour un appartement d\u2019une chambre, \u20ac 60 par s\u00e9jour pour l\u2019appartement de deux chambres  D\u00e9p\u00f4t de 100 euros par appartement \u00e0 laisser \u00e0 la r\u00e9ception \u00e0 l\u2019arriv\u00e9e (remboursable au moment du d\u00e9part)  (*) La connexion WiFi offert par la R\u00e9sidence comprennent: la navigation dans les sites ordinaires, l\u2019utilisation des syst\u00e8mes de messagerie \u00e9lectronique et\u00a0les social networks. Ne permet pas: t\u00e9l\u00e9charger des films, des vid\u00e9os, des jeux; films vue de streaming; synchronisation avec les syst\u00e8mes du nuage; lien vers les syst\u00e8mes de surveillance vid\u00e9o.  &nbsp;","og_url":"https:\/\/www.residenzalefarfalle.it\/fr\/termes-conditions\/","og_site_name":"Residenza Le Farfalle","article_modified_time":"2023-05-24T15:29:52+00:00","twitter_card":"summary_large_image","twitter_misc":{"Dur\u00e9e de lecture estim\u00e9e":"2 minutes"},"schema":{"@context":"https:\/\/schema.org","@graph":[{"@type":"WebPage","@id":"https:\/\/www.residenzalefarfalle.it\/fr\/termes-conditions\/","url":"https:\/\/www.residenzalefarfalle.it\/fr\/termes-conditions\/","name":"Termes &amp; Conditions &#8226; Residenza Le Farfalle &#8226;","isPartOf":{"@id":"https:\/\/www.residenzalefarfalle.it\/fr\/#website"},"datePublished":"2022-12-15T09:35:54+00:00","dateModified":"2023-05-24T15:29:52+00:00","description":"Nos tarifs incluent\u00a0: \u2022 Le s\u00e9jour en appartement avec utilisation de la cuisine totalement \u00e9quip\u00e9e (veuillez noter que la r\u00e9sidence n\u2019offre pas de service de restauration) \u2022 Consommation d\u2019\u00e9lectricit\u00e9, eau et gaz \u2022 Acc\u00e8s WIFI gratuit \u00a0(*) \u2022 1 place de parking ext\u00e9rieure, pas surveill\u00e9 par appartement \u2022 Kit de plage (1 parasol + 2 chaises pliables) \u2022 Lave-linge, table et fer \u00e0 repasser disponibles dans l\u2019appartement \u2022 Fourniture de linge de lit et de bain \u00e0 votre arriv\u00e9e (change pr\u00e9vu 1 fois par semaine) \u2022 Nettoyage final \u2022 Linge de lit et serviettes \u00e0 l\u2019arriv\u00e9e. \u2022 L\u2019utilisation gratuite du jardin , solarium et piscine (pas chauff\u00e9 et ouverture de 8\/6-17\/9) \u2022 Services et taxes Les tarifs ne comprennent pas: \u2022 Climatisation: en option, \u00e0 r\u00e9gler sur place \u00e0 l\u2019arriv\u00e9e dans le temps: 10 \u20ac par nuit pour l\u2019appartement d\u2019une chambre, 15 \u20ac par nuit pour l\u2019appartement de deux chambres \u2022 Frais de nettoyage pour les s\u00e9jours de moins de 7 nuits: suppl\u00e9ment obligatoire \u00e0 r\u00e9gler sur place \u00e0 l\u2019arriv\u00e9e, 40 \u20ac pour s\u00e9jour pour un appartement d\u2019une chambre, \u20ac 60 par s\u00e9jour pour l\u2019appartement de deux chambres \u2022 D\u00e9p\u00f4t de 100 euros par appartement \u00e0 laisser \u00e0 la r\u00e9ception \u00e0 l\u2019arriv\u00e9e (remboursable au moment du d\u00e9part) (*) La connexion WiFi offert par la R\u00e9sidence comprennent: la navigation dans les sites ordinaires, l\u2019utilisation des syst\u00e8mes de messagerie \u00e9lectronique et\u00a0les social networks. Ne permet pas: t\u00e9l\u00e9charger des films, des vid\u00e9os, des jeux; films vue de streaming; synchronisation avec les syst\u00e8mes du nuage; lien vers les syst\u00e8mes de surveillance vid\u00e9o. &nbsp;","breadcrumb":{"@id":"https:\/\/www.residenzalefarfalle.it\/fr\/termes-conditions\/#breadcrumb"},"inLanguage":"fr-FR","potentialAction":[{"@type":"ReadAction","target":["https:\/\/www.residenzalefarfalle.it\/fr\/termes-conditions\/"]}]},{"@type":"BreadcrumbList","@id":"https:\/\/www.residenzalefarfalle.it\/fr\/termes-conditions\/#breadcrumb","itemListElement":[{"@type":"ListItem","position":1,"name":"Home","item":"https:\/\/www.residenzalefarfalle.it\/fr\/"},{"@type":"ListItem","position":2,"name":"Termes &amp; Conditions"}]},{"@type":"WebSite","@id":"https:\/\/www.residenzalefarfalle.it\/fr\/#website","url":"https:\/\/www.residenzalefarfalle.it\/fr\/","name":"Residenza Le Farfalle","description":"Ecco un altro sito ms.decms.eu","potentialAction":[{"@type":"SearchAction","target":{"@type":"EntryPoint","urlTemplate":"https:\/\/www.residenzalefarfalle.it\/fr\/?s={search_term_string}"},"query-input":{"@type":"PropertyValueSpecification","valueRequired":true,"valueName":"search_term_string"}}],"inLanguage":"fr-FR"}]}},"acf":[],"_links":{"self":[{"href":"https:\/\/www.residenzalefarfalle.it\/fr\/wp-json\/wp\/v2\/pages\/1218","targetHints":{"allow":["GET"]}}],"collection":[{"href":"https:\/\/www.residenzalefarfalle.it\/fr\/wp-json\/wp\/v2\/pages"}],"about":[{"href":"https:\/\/www.residenzalefarfalle.it\/fr\/wp-json\/wp\/v2\/types\/page"}],"author":[{"embeddable":true,"href":"https:\/\/www.residenzalefarfalle.it\/fr\/wp-json\/wp\/v2\/users\/13"}],"replies":[{"embeddable":true,"href":"https:\/\/www.residenzalefarfalle.it\/fr\/wp-json\/wp\/v2\/comments?post=1218"}],"version-history":[{"count":0,"href":"https:\/\/www.residenzalefarfalle.it\/fr\/wp-json\/wp\/v2\/pages\/1218\/revisions"}],"wp:attachment":[{"href":"https:\/\/www.residenzalefarfalle.it\/fr\/wp-json\/wp\/v2\/media?parent=1218"}],"curies":[{"name":"wp","href":"https:\/\/api.w.org\/{rel}","templated":true}]}}