
{"id":1201,"date":"2022-12-15T10:27:14","date_gmt":"2022-12-15T09:27:14","guid":{"rendered":"https:\/\/residenzalefarfalle.ms.decms.eu\/?page_id=1201"},"modified":"2022-12-15T10:30:01","modified_gmt":"2022-12-15T09:30:01","slug":"tergu-et-castelsardo","status":"publish","type":"page","link":"https:\/\/www.residenzalefarfalle.it\/fr\/tergu-et-castelsardo\/","title":{"rendered":"Tergu et Castelsardo"},"content":{"rendered":"<p>Les <a title=\"Les Appartements\" href=\"https:\/\/www.residenzalefarfalle.it\/fr\/les-appartements\/\"><strong>appartements de vacances <\/strong><\/a>de la R\u00e9sidence Le Farfalle sont situ\u00e9s dans le village de Tergu, en Sardaigne, une ville calme et accueillante \u00e0 vocation agricole\/pastorale qui donne sur le golfe d\u2019Asinara qui est \u00e0 5, 5 km de Lubagnu et \u00e0 7 km de Castelsardo.<\/p>\n","protected":false},"excerpt":{"rendered":"<p>Les appartements de vacances de la R\u00e9sidence Le Farfalle sont situ\u00e9s dans le village de Tergu, en Sardaigne, une ville calme et accueillante \u00e0 vocation agricole\/pastorale qui donne sur le golfe d\u2019Asinara qui est \u00e0 5, 5 km de Lubagnu et \u00e0 7 km de Castelsardo.<\/p>\n","protected":false},"author":13,"featured_media":0,"parent":0,"menu_order":100,"comment_status":"closed","ping_status":"closed","template":"","meta":{"footnotes":""},"class_list":["post-1201","page","type-page","status-publish","hentry"],"yoast_head":"<!-- This site is optimized with the Yoast SEO plugin v26.9 - https:\/\/yoast.com\/product\/yoast-seo-wordpress\/ -->\n<title>Tergu et Castelsardo &#8226; Residenza Le Farfalle &#8226;<\/title>\n<meta name=\"description\" content=\"Les appartements de vacances de la R\u00e9sidence Le Farfalle sont situ\u00e9s dans le village de Tergu, en Sardaigne, une ville calme et accueillante \u00e0 vocation agricole\/pastorale qui donne sur le golfe d\u2019Asinara qui est \u00e0 5, 5 km de Lubagnu et \u00e0 7 km de Castelsardo..\" \/>\n<meta name=\"robots\" content=\"index, follow, max-snippet:-1, max-image-preview:large, max-video-preview:-1\" \/>\n<link rel=\"canonical\" href=\"https:\/\/www.residenzalefarfalle.it\/fr\/tergu-et-castelsardo\/\" \/>\n<meta property=\"og:locale\" content=\"fr_FR\" \/>\n<meta property=\"og:type\" content=\"article\" \/>\n<meta property=\"og:title\" content=\"Tergu et Castelsardo &#8226; Residenza Le Farfalle &#8226;\" \/>\n<meta property=\"og:description\" content=\"Les appartements de vacances de la R\u00e9sidence Le Farfalle sont situ\u00e9s dans le village de Tergu, en Sardaigne, une ville calme et accueillante \u00e0 vocation agricole\/pastorale qui donne sur le golfe d\u2019Asinara qui est \u00e0 5, 5 km de Lubagnu et \u00e0 7 km de Castelsardo..\" \/>\n<meta property=\"og:url\" content=\"https:\/\/www.residenzalefarfalle.it\/fr\/tergu-et-castelsardo\/\" \/>\n<meta property=\"og:site_name\" content=\"Residenza Le Farfalle\" \/>\n<meta property=\"article:modified_time\" content=\"2022-12-15T09:30:01+00:00\" \/>\n<meta name=\"twitter:card\" content=\"summary_large_image\" \/>\n<meta name=\"twitter:label1\" content=\"Dur\u00e9e de lecture estim\u00e9e\" \/>\n\t<meta name=\"twitter:data1\" content=\"1 minute\" \/>\n<script type=\"application\/ld+json\" class=\"yoast-schema-graph\">{\"@context\":\"https:\/\/schema.org\",\"@graph\":[{\"@type\":\"WebPage\",\"@id\":\"https:\/\/www.residenzalefarfalle.it\/fr\/tergu-et-castelsardo\/\",\"url\":\"https:\/\/www.residenzalefarfalle.it\/fr\/tergu-et-castelsardo\/\",\"name\":\"Tergu et Castelsardo &#8226; Residenza Le Farfalle &#8226;\",\"isPartOf\":{\"@id\":\"https:\/\/www.residenzalefarfalle.it\/fr\/#website\"},\"datePublished\":\"2022-12-15T09:27:14+00:00\",\"dateModified\":\"2022-12-15T09:30:01+00:00\",\"description\":\"Les appartements de vacances de la R\u00e9sidence Le Farfalle sont situ\u00e9s dans le village de Tergu, en Sardaigne, une ville calme et accueillante \u00e0 vocation agricole\/pastorale qui donne sur le golfe d\u2019Asinara qui est \u00e0 5, 5 km de Lubagnu et \u00e0 7 km de Castelsardo..\",\"breadcrumb\":{\"@id\":\"https:\/\/www.residenzalefarfalle.it\/fr\/tergu-et-castelsardo\/#breadcrumb\"},\"inLanguage\":\"fr-FR\",\"potentialAction\":[{\"@type\":\"ReadAction\",\"target\":[\"https:\/\/www.residenzalefarfalle.it\/fr\/tergu-et-castelsardo\/\"]}]},{\"@type\":\"BreadcrumbList\",\"@id\":\"https:\/\/www.residenzalefarfalle.it\/fr\/tergu-et-castelsardo\/#breadcrumb\",\"itemListElement\":[{\"@type\":\"ListItem\",\"position\":1,\"name\":\"Home\",\"item\":\"https:\/\/www.residenzalefarfalle.it\/fr\/\"},{\"@type\":\"ListItem\",\"position\":2,\"name\":\"Tergu et Castelsardo\"}]},{\"@type\":\"WebSite\",\"@id\":\"https:\/\/www.residenzalefarfalle.it\/fr\/#website\",\"url\":\"https:\/\/www.residenzalefarfalle.it\/fr\/\",\"name\":\"Residenza Le Farfalle\",\"description\":\"Ecco un altro sito ms.decms.eu\",\"potentialAction\":[{\"@type\":\"SearchAction\",\"target\":{\"@type\":\"EntryPoint\",\"urlTemplate\":\"https:\/\/www.residenzalefarfalle.it\/fr\/?s={search_term_string}\"},\"query-input\":{\"@type\":\"PropertyValueSpecification\",\"valueRequired\":true,\"valueName\":\"search_term_string\"}}],\"inLanguage\":\"fr-FR\"}]}<\/script>\n<!-- \/ Yoast SEO plugin. -->","yoast_head_json":{"title":"Tergu et Castelsardo &#8226; Residenza Le Farfalle &#8226;","description":"Les appartements de vacances de la R\u00e9sidence Le Farfalle sont situ\u00e9s dans le village de Tergu, en Sardaigne, une ville calme et accueillante \u00e0 vocation agricole\/pastorale qui donne sur le golfe d\u2019Asinara qui est \u00e0 5, 5 km de Lubagnu et \u00e0 7 km de Castelsardo..","robots":{"index":"index","follow":"follow","max-snippet":"max-snippet:-1","max-image-preview":"max-image-preview:large","max-video-preview":"max-video-preview:-1"},"canonical":"https:\/\/www.residenzalefarfalle.it\/fr\/tergu-et-castelsardo\/","og_locale":"fr_FR","og_type":"article","og_title":"Tergu et Castelsardo &#8226; Residenza Le Farfalle &#8226;","og_description":"Les appartements de vacances de la R\u00e9sidence Le Farfalle sont situ\u00e9s dans le village de Tergu, en Sardaigne, une ville calme et accueillante \u00e0 vocation agricole\/pastorale qui donne sur le golfe d\u2019Asinara qui est \u00e0 5, 5 km de Lubagnu et \u00e0 7 km de Castelsardo..","og_url":"https:\/\/www.residenzalefarfalle.it\/fr\/tergu-et-castelsardo\/","og_site_name":"Residenza Le Farfalle","article_modified_time":"2022-12-15T09:30:01+00:00","twitter_card":"summary_large_image","twitter_misc":{"Dur\u00e9e de lecture estim\u00e9e":"1 minute"},"schema":{"@context":"https:\/\/schema.org","@graph":[{"@type":"WebPage","@id":"https:\/\/www.residenzalefarfalle.it\/fr\/tergu-et-castelsardo\/","url":"https:\/\/www.residenzalefarfalle.it\/fr\/tergu-et-castelsardo\/","name":"Tergu et Castelsardo &#8226; Residenza Le Farfalle &#8226;","isPartOf":{"@id":"https:\/\/www.residenzalefarfalle.it\/fr\/#website"},"datePublished":"2022-12-15T09:27:14+00:00","dateModified":"2022-12-15T09:30:01+00:00","description":"Les appartements de vacances de la R\u00e9sidence Le Farfalle sont situ\u00e9s dans le village de Tergu, en Sardaigne, une ville calme et accueillante \u00e0 vocation agricole\/pastorale qui donne sur le golfe d\u2019Asinara qui est \u00e0 5, 5 km de Lubagnu et \u00e0 7 km de Castelsardo..","breadcrumb":{"@id":"https:\/\/www.residenzalefarfalle.it\/fr\/tergu-et-castelsardo\/#breadcrumb"},"inLanguage":"fr-FR","potentialAction":[{"@type":"ReadAction","target":["https:\/\/www.residenzalefarfalle.it\/fr\/tergu-et-castelsardo\/"]}]},{"@type":"BreadcrumbList","@id":"https:\/\/www.residenzalefarfalle.it\/fr\/tergu-et-castelsardo\/#breadcrumb","itemListElement":[{"@type":"ListItem","position":1,"name":"Home","item":"https:\/\/www.residenzalefarfalle.it\/fr\/"},{"@type":"ListItem","position":2,"name":"Tergu et Castelsardo"}]},{"@type":"WebSite","@id":"https:\/\/www.residenzalefarfalle.it\/fr\/#website","url":"https:\/\/www.residenzalefarfalle.it\/fr\/","name":"Residenza Le Farfalle","description":"Ecco un altro sito ms.decms.eu","potentialAction":[{"@type":"SearchAction","target":{"@type":"EntryPoint","urlTemplate":"https:\/\/www.residenzalefarfalle.it\/fr\/?s={search_term_string}"},"query-input":{"@type":"PropertyValueSpecification","valueRequired":true,"valueName":"search_term_string"}}],"inLanguage":"fr-FR"}]}},"acf":[],"_links":{"self":[{"href":"https:\/\/www.residenzalefarfalle.it\/fr\/wp-json\/wp\/v2\/pages\/1201","targetHints":{"allow":["GET"]}}],"collection":[{"href":"https:\/\/www.residenzalefarfalle.it\/fr\/wp-json\/wp\/v2\/pages"}],"about":[{"href":"https:\/\/www.residenzalefarfalle.it\/fr\/wp-json\/wp\/v2\/types\/page"}],"author":[{"embeddable":true,"href":"https:\/\/www.residenzalefarfalle.it\/fr\/wp-json\/wp\/v2\/users\/13"}],"replies":[{"embeddable":true,"href":"https:\/\/www.residenzalefarfalle.it\/fr\/wp-json\/wp\/v2\/comments?post=1201"}],"version-history":[{"count":0,"href":"https:\/\/www.residenzalefarfalle.it\/fr\/wp-json\/wp\/v2\/pages\/1201\/revisions"}],"wp:attachment":[{"href":"https:\/\/www.residenzalefarfalle.it\/fr\/wp-json\/wp\/v2\/media?parent=1201"}],"curies":[{"name":"wp","href":"https:\/\/api.w.org\/{rel}","templated":true}]}}