
{"id":1189,"date":"2022-12-15T10:01:32","date_gmt":"2022-12-15T09:01:32","guid":{"rendered":"https:\/\/residenzalefarfalle.ms.decms.eu\/?page_id=1189"},"modified":"2023-01-31T15:05:45","modified_gmt":"2023-01-31T14:05:45","slug":"excursions","status":"publish","type":"page","link":"https:\/\/www.residenzalefarfalle.it\/fr\/excursions\/","title":{"rendered":"Excursions"},"content":{"rendered":"<p><strong>Excursions \u00e0 pied, \u00e0 cheval, en v\u00e9lo en contact avec la nature <\/strong>ou en voiture, \u00e0 un moment des endroits les plus populaires du <strong>Nord de la Sardaigne<\/strong>, de <strong>Castelsardo \u00e0 Alghero, <\/strong>en passant pour visiter <strong>nuraghi <\/strong>et <strong>domus de Janas.<\/strong><\/p>\n<p>La R\u00e9sidence Le Farfalle situ\u00e9e au c\u0153ur d\u2019une clairi\u00e8re dans la campagne, entour\u00e9e d\u2019une v\u00e9g\u00e9tation m\u00e9diterran\u00e9enne dense. Il existe plusieurs possibilit\u00e9s de choix pour les promenades \u00e0 pied, \u00e0 cheval, en v\u00e9lo. Il faut y ajouter les sorties en mer pour faire de la plong\u00e9e et les d\u00e9couvertes du patrimoine historique et culturel pour une offre compl\u00e8te et toujours vari\u00e9e.<\/p>\n","protected":false},"excerpt":{"rendered":"<p>Excursions \u00e0 pied, \u00e0 cheval, en v\u00e9lo en contact avec la nature ou en voiture, \u00e0 un moment des endroits les plus populaires du Nord de la Sardaigne, de Castelsardo \u00e0 Alghero, en passant pour visiter nuraghi et domus de Janas. La R\u00e9sidence Le Farfalle situ\u00e9e au c\u0153ur d\u2019une clairi\u00e8re dans la campagne, entour\u00e9e d\u2019une [&hellip;]<\/p>\n","protected":false},"author":13,"featured_media":0,"parent":0,"menu_order":90,"comment_status":"closed","ping_status":"closed","template":"template-default-2.php","meta":{"footnotes":""},"class_list":["post-1189","page","type-page","status-publish","hentry"],"yoast_head":"<!-- This site is optimized with the Yoast SEO plugin v26.9 - https:\/\/yoast.com\/product\/yoast-seo-wordpress\/ -->\n<title>Excursions &#8226; Residenza Le Farfalle &#8226;<\/title>\n<meta name=\"description\" content=\"Excursions \u00e0 pied, \u00e0 cheval, en v\u00e9lo en contact avec la nature ou en voiture, \u00e0 un moment des endroits les plus populaires du Nord de la Sardaigne, de Castelsardo \u00e0 Alghero, en passant pour visiter nuraghi et domus de Janas.  La R\u00e9sidence Le Farfalle situ\u00e9e au c\u0153ur d\u2019une clairi\u00e8re dans la campagne, entour\u00e9e d\u2019une v\u00e9g\u00e9tation m\u00e9diterran\u00e9enne dense. Il existe plusieurs possibilit\u00e9s de choix pour les promenades \u00e0 pied, \u00e0 cheval, en v\u00e9lo\" \/>\n<meta name=\"robots\" content=\"index, follow, max-snippet:-1, max-image-preview:large, max-video-preview:-1\" \/>\n<link rel=\"canonical\" href=\"https:\/\/www.residenzalefarfalle.it\/fr\/excursions\/\" \/>\n<meta property=\"og:locale\" content=\"fr_FR\" \/>\n<meta property=\"og:type\" content=\"article\" \/>\n<meta property=\"og:title\" content=\"Excursions &#8226; Residenza Le Farfalle &#8226;\" \/>\n<meta property=\"og:description\" content=\"Excursions \u00e0 pied, \u00e0 cheval, en v\u00e9lo en contact avec la nature ou en voiture, \u00e0 un moment des endroits les plus populaires du Nord de la Sardaigne, de Castelsardo \u00e0 Alghero, en passant pour visiter nuraghi et domus de Janas.  La R\u00e9sidence Le Farfalle situ\u00e9e au c\u0153ur d\u2019une clairi\u00e8re dans la campagne, entour\u00e9e d\u2019une v\u00e9g\u00e9tation m\u00e9diterran\u00e9enne dense. Il existe plusieurs possibilit\u00e9s de choix pour les promenades \u00e0 pied, \u00e0 cheval, en v\u00e9lo\" \/>\n<meta property=\"og:url\" content=\"https:\/\/www.residenzalefarfalle.it\/fr\/excursions\/\" \/>\n<meta property=\"og:site_name\" content=\"Residenza Le Farfalle\" \/>\n<meta property=\"article:modified_time\" content=\"2023-01-31T14:05:45+00:00\" \/>\n<meta name=\"twitter:card\" content=\"summary_large_image\" \/>\n<meta name=\"twitter:label1\" content=\"Dur\u00e9e de lecture estim\u00e9e\" \/>\n\t<meta name=\"twitter:data1\" content=\"1 minute\" \/>\n<script type=\"application\/ld+json\" class=\"yoast-schema-graph\">{\"@context\":\"https:\/\/schema.org\",\"@graph\":[{\"@type\":\"WebPage\",\"@id\":\"https:\/\/www.residenzalefarfalle.it\/fr\/excursions\/\",\"url\":\"https:\/\/www.residenzalefarfalle.it\/fr\/excursions\/\",\"name\":\"Excursions &#8226; Residenza Le Farfalle &#8226;\",\"isPartOf\":{\"@id\":\"https:\/\/www.residenzalefarfalle.it\/fr\/#website\"},\"datePublished\":\"2022-12-15T09:01:32+00:00\",\"dateModified\":\"2023-01-31T14:05:45+00:00\",\"description\":\"Excursions \u00e0 pied, \u00e0 cheval, en v\u00e9lo en contact avec la nature ou en voiture, \u00e0 un moment des endroits les plus populaires du Nord de la Sardaigne, de Castelsardo \u00e0 Alghero, en passant pour visiter nuraghi et domus de Janas. La R\u00e9sidence Le Farfalle situ\u00e9e au c\u0153ur d\u2019une clairi\u00e8re dans la campagne, entour\u00e9e d\u2019une v\u00e9g\u00e9tation m\u00e9diterran\u00e9enne dense. Il existe plusieurs possibilit\u00e9s de choix pour les promenades \u00e0 pied, \u00e0 cheval, en v\u00e9lo\",\"breadcrumb\":{\"@id\":\"https:\/\/www.residenzalefarfalle.it\/fr\/excursions\/#breadcrumb\"},\"inLanguage\":\"fr-FR\",\"potentialAction\":[{\"@type\":\"ReadAction\",\"target\":[\"https:\/\/www.residenzalefarfalle.it\/fr\/excursions\/\"]}]},{\"@type\":\"BreadcrumbList\",\"@id\":\"https:\/\/www.residenzalefarfalle.it\/fr\/excursions\/#breadcrumb\",\"itemListElement\":[{\"@type\":\"ListItem\",\"position\":1,\"name\":\"Home\",\"item\":\"https:\/\/www.residenzalefarfalle.it\/fr\/\"},{\"@type\":\"ListItem\",\"position\":2,\"name\":\"Excursions\"}]},{\"@type\":\"WebSite\",\"@id\":\"https:\/\/www.residenzalefarfalle.it\/fr\/#website\",\"url\":\"https:\/\/www.residenzalefarfalle.it\/fr\/\",\"name\":\"Residenza Le Farfalle\",\"description\":\"Ecco un altro sito ms.decms.eu\",\"potentialAction\":[{\"@type\":\"SearchAction\",\"target\":{\"@type\":\"EntryPoint\",\"urlTemplate\":\"https:\/\/www.residenzalefarfalle.it\/fr\/?s={search_term_string}\"},\"query-input\":{\"@type\":\"PropertyValueSpecification\",\"valueRequired\":true,\"valueName\":\"search_term_string\"}}],\"inLanguage\":\"fr-FR\"}]}<\/script>\n<!-- \/ Yoast SEO plugin. -->","yoast_head_json":{"title":"Excursions &#8226; Residenza Le Farfalle &#8226;","description":"Excursions \u00e0 pied, \u00e0 cheval, en v\u00e9lo en contact avec la nature ou en voiture, \u00e0 un moment des endroits les plus populaires du Nord de la Sardaigne, de Castelsardo \u00e0 Alghero, en passant pour visiter nuraghi et domus de Janas.  La R\u00e9sidence Le Farfalle situ\u00e9e au c\u0153ur d\u2019une clairi\u00e8re dans la campagne, entour\u00e9e d\u2019une v\u00e9g\u00e9tation m\u00e9diterran\u00e9enne dense. Il existe plusieurs possibilit\u00e9s de choix pour les promenades \u00e0 pied, \u00e0 cheval, en v\u00e9lo","robots":{"index":"index","follow":"follow","max-snippet":"max-snippet:-1","max-image-preview":"max-image-preview:large","max-video-preview":"max-video-preview:-1"},"canonical":"https:\/\/www.residenzalefarfalle.it\/fr\/excursions\/","og_locale":"fr_FR","og_type":"article","og_title":"Excursions &#8226; Residenza Le Farfalle &#8226;","og_description":"Excursions \u00e0 pied, \u00e0 cheval, en v\u00e9lo en contact avec la nature ou en voiture, \u00e0 un moment des endroits les plus populaires du Nord de la Sardaigne, de Castelsardo \u00e0 Alghero, en passant pour visiter nuraghi et domus de Janas.  La R\u00e9sidence Le Farfalle situ\u00e9e au c\u0153ur d\u2019une clairi\u00e8re dans la campagne, entour\u00e9e d\u2019une v\u00e9g\u00e9tation m\u00e9diterran\u00e9enne dense. Il existe plusieurs possibilit\u00e9s de choix pour les promenades \u00e0 pied, \u00e0 cheval, en v\u00e9lo","og_url":"https:\/\/www.residenzalefarfalle.it\/fr\/excursions\/","og_site_name":"Residenza Le Farfalle","article_modified_time":"2023-01-31T14:05:45+00:00","twitter_card":"summary_large_image","twitter_misc":{"Dur\u00e9e de lecture estim\u00e9e":"1 minute"},"schema":{"@context":"https:\/\/schema.org","@graph":[{"@type":"WebPage","@id":"https:\/\/www.residenzalefarfalle.it\/fr\/excursions\/","url":"https:\/\/www.residenzalefarfalle.it\/fr\/excursions\/","name":"Excursions &#8226; Residenza Le Farfalle &#8226;","isPartOf":{"@id":"https:\/\/www.residenzalefarfalle.it\/fr\/#website"},"datePublished":"2022-12-15T09:01:32+00:00","dateModified":"2023-01-31T14:05:45+00:00","description":"Excursions \u00e0 pied, \u00e0 cheval, en v\u00e9lo en contact avec la nature ou en voiture, \u00e0 un moment des endroits les plus populaires du Nord de la Sardaigne, de Castelsardo \u00e0 Alghero, en passant pour visiter nuraghi et domus de Janas. La R\u00e9sidence Le Farfalle situ\u00e9e au c\u0153ur d\u2019une clairi\u00e8re dans la campagne, entour\u00e9e d\u2019une v\u00e9g\u00e9tation m\u00e9diterran\u00e9enne dense. Il existe plusieurs possibilit\u00e9s de choix pour les promenades \u00e0 pied, \u00e0 cheval, en v\u00e9lo","breadcrumb":{"@id":"https:\/\/www.residenzalefarfalle.it\/fr\/excursions\/#breadcrumb"},"inLanguage":"fr-FR","potentialAction":[{"@type":"ReadAction","target":["https:\/\/www.residenzalefarfalle.it\/fr\/excursions\/"]}]},{"@type":"BreadcrumbList","@id":"https:\/\/www.residenzalefarfalle.it\/fr\/excursions\/#breadcrumb","itemListElement":[{"@type":"ListItem","position":1,"name":"Home","item":"https:\/\/www.residenzalefarfalle.it\/fr\/"},{"@type":"ListItem","position":2,"name":"Excursions"}]},{"@type":"WebSite","@id":"https:\/\/www.residenzalefarfalle.it\/fr\/#website","url":"https:\/\/www.residenzalefarfalle.it\/fr\/","name":"Residenza Le Farfalle","description":"Ecco un altro sito ms.decms.eu","potentialAction":[{"@type":"SearchAction","target":{"@type":"EntryPoint","urlTemplate":"https:\/\/www.residenzalefarfalle.it\/fr\/?s={search_term_string}"},"query-input":{"@type":"PropertyValueSpecification","valueRequired":true,"valueName":"search_term_string"}}],"inLanguage":"fr-FR"}]}},"acf":[],"_links":{"self":[{"href":"https:\/\/www.residenzalefarfalle.it\/fr\/wp-json\/wp\/v2\/pages\/1189","targetHints":{"allow":["GET"]}}],"collection":[{"href":"https:\/\/www.residenzalefarfalle.it\/fr\/wp-json\/wp\/v2\/pages"}],"about":[{"href":"https:\/\/www.residenzalefarfalle.it\/fr\/wp-json\/wp\/v2\/types\/page"}],"author":[{"embeddable":true,"href":"https:\/\/www.residenzalefarfalle.it\/fr\/wp-json\/wp\/v2\/users\/13"}],"replies":[{"embeddable":true,"href":"https:\/\/www.residenzalefarfalle.it\/fr\/wp-json\/wp\/v2\/comments?post=1189"}],"version-history":[{"count":0,"href":"https:\/\/www.residenzalefarfalle.it\/fr\/wp-json\/wp\/v2\/pages\/1189\/revisions"}],"wp:attachment":[{"href":"https:\/\/www.residenzalefarfalle.it\/fr\/wp-json\/wp\/v2\/media?parent=1189"}],"curies":[{"name":"wp","href":"https:\/\/api.w.org\/{rel}","templated":true}]}}