
{"id":1154,"date":"2022-12-14T18:04:22","date_gmt":"2022-12-14T17:04:22","guid":{"rendered":"https:\/\/residenzalefarfalle.ms.decms.eu\/?page_id=1154"},"modified":"2022-12-14T18:05:18","modified_gmt":"2022-12-14T17:05:18","slug":"ou-manger","status":"publish","type":"page","link":"https:\/\/www.residenzalefarfalle.it\/fr\/ou-manger\/","title":{"rendered":"O\u00f9 Manger"},"content":{"rendered":"<p>Dans <strong>la commune de Tergu <\/strong>et dans les environs imm\u00e9diats, vous avez un large choix de restaurants et de trattoria : vous pouvez choisir entre une cuisine traditionnelle sarde de la terre \u2013 o\u00f9 les centres agrotouristiques sont rois \u2013 et une cuisine locale \u00e0 base de poisson et de crustac\u00e9s \u2013 Castelsardo est c\u00e9l\u00e8bre pour l\u2019authenticit\u00e9 et la fra\u00eecheur du poisson.<\/p>\n<p>Ci-dessous nous vous proposons une s\u00e9lection de restaurants o\u00f9, nous \u00e0 la r\u00e9sidence, nous avons toujours bien mang\u00e9. N\u2019oubliez pas de r\u00e9server \u00e0 notre nom : le traitement sera encore plus brillant.<\/p>\n","protected":false},"excerpt":{"rendered":"<p>Dans la commune de Tergu et dans les environs imm\u00e9diats, vous avez un large choix de restaurants et de trattoria : vous pouvez choisir entre une cuisine traditionnelle sarde de la terre \u2013 o\u00f9 les centres agrotouristiques sont rois \u2013 et une cuisine locale \u00e0 base de poisson et de crustac\u00e9s \u2013 Castelsardo est c\u00e9l\u00e8bre [&hellip;]<\/p>\n","protected":false},"author":13,"featured_media":0,"parent":0,"menu_order":60,"comment_status":"closed","ping_status":"closed","template":"","meta":{"footnotes":""},"class_list":["post-1154","page","type-page","status-publish","hentry"],"yoast_head":"<!-- This site is optimized with the Yoast SEO plugin v26.9 - https:\/\/yoast.com\/product\/yoast-seo-wordpress\/ -->\n<title>O\u00f9 Manger &#8226; Residenza Le Farfalle &#8226;<\/title>\n<meta name=\"description\" content=\"Dans la commune de Tergu et dans les environs imm\u00e9diats, vous avez un large choix de restaurants et de trattoria : vous pouvez choisir entre une cuisine traditionnelle sarde de la terre \u2013 o\u00f9 les centres agrotouristiques sont rois \u2013 et une cuisine locale \u00e0 base de poisson et de crustac\u00e9s \u2013 Castelsardo est c\u00e9l\u00e8bre pour l\u2019authenticit\u00e9 et la fra\u00eecheur du poisson.  Ci-dessous nous vous proposons une s\u00e9lection de restaurants o\u00f9, nous \u00e0 la r\u00e9sidence, nous avons toujours bien mang\u00e9. N\u2019oubliez pas de r\u00e9server \u00e0 notre nom : le traitement sera encore plus brillant.\" \/>\n<meta name=\"robots\" content=\"index, follow, max-snippet:-1, max-image-preview:large, max-video-preview:-1\" \/>\n<link rel=\"canonical\" href=\"https:\/\/www.residenzalefarfalle.it\/fr\/ou-manger\/\" \/>\n<meta property=\"og:locale\" content=\"fr_FR\" \/>\n<meta property=\"og:type\" content=\"article\" \/>\n<meta property=\"og:title\" content=\"O\u00f9 Manger &#8226; Residenza Le Farfalle &#8226;\" \/>\n<meta property=\"og:description\" content=\"Dans la commune de Tergu et dans les environs imm\u00e9diats, vous avez un large choix de restaurants et de trattoria : vous pouvez choisir entre une cuisine traditionnelle sarde de la terre \u2013 o\u00f9 les centres agrotouristiques sont rois \u2013 et une cuisine locale \u00e0 base de poisson et de crustac\u00e9s \u2013 Castelsardo est c\u00e9l\u00e8bre pour l\u2019authenticit\u00e9 et la fra\u00eecheur du poisson.  Ci-dessous nous vous proposons une s\u00e9lection de restaurants o\u00f9, nous \u00e0 la r\u00e9sidence, nous avons toujours bien mang\u00e9. N\u2019oubliez pas de r\u00e9server \u00e0 notre nom : le traitement sera encore plus brillant.\" \/>\n<meta property=\"og:url\" content=\"https:\/\/www.residenzalefarfalle.it\/fr\/ou-manger\/\" \/>\n<meta property=\"og:site_name\" content=\"Residenza Le Farfalle\" \/>\n<meta property=\"article:modified_time\" content=\"2022-12-14T17:05:18+00:00\" \/>\n<meta name=\"twitter:card\" content=\"summary_large_image\" \/>\n<meta name=\"twitter:label1\" content=\"Dur\u00e9e de lecture estim\u00e9e\" \/>\n\t<meta name=\"twitter:data1\" content=\"1 minute\" \/>\n<script type=\"application\/ld+json\" class=\"yoast-schema-graph\">{\"@context\":\"https:\/\/schema.org\",\"@graph\":[{\"@type\":\"WebPage\",\"@id\":\"https:\/\/www.residenzalefarfalle.it\/fr\/ou-manger\/\",\"url\":\"https:\/\/www.residenzalefarfalle.it\/fr\/ou-manger\/\",\"name\":\"O\u00f9 Manger &#8226; Residenza Le Farfalle &#8226;\",\"isPartOf\":{\"@id\":\"https:\/\/www.residenzalefarfalle.it\/fr\/#website\"},\"datePublished\":\"2022-12-14T17:04:22+00:00\",\"dateModified\":\"2022-12-14T17:05:18+00:00\",\"description\":\"Dans la commune de Tergu et dans les environs imm\u00e9diats, vous avez un large choix de restaurants et de trattoria : vous pouvez choisir entre une cuisine traditionnelle sarde de la terre \u2013 o\u00f9 les centres agrotouristiques sont rois \u2013 et une cuisine locale \u00e0 base de poisson et de crustac\u00e9s \u2013 Castelsardo est c\u00e9l\u00e8bre pour l\u2019authenticit\u00e9 et la fra\u00eecheur du poisson. Ci-dessous nous vous proposons une s\u00e9lection de restaurants o\u00f9, nous \u00e0 la r\u00e9sidence, nous avons toujours bien mang\u00e9. N\u2019oubliez pas de r\u00e9server \u00e0 notre nom : le traitement sera encore plus brillant.\",\"breadcrumb\":{\"@id\":\"https:\/\/www.residenzalefarfalle.it\/fr\/ou-manger\/#breadcrumb\"},\"inLanguage\":\"fr-FR\",\"potentialAction\":[{\"@type\":\"ReadAction\",\"target\":[\"https:\/\/www.residenzalefarfalle.it\/fr\/ou-manger\/\"]}]},{\"@type\":\"BreadcrumbList\",\"@id\":\"https:\/\/www.residenzalefarfalle.it\/fr\/ou-manger\/#breadcrumb\",\"itemListElement\":[{\"@type\":\"ListItem\",\"position\":1,\"name\":\"Home\",\"item\":\"https:\/\/www.residenzalefarfalle.it\/fr\/\"},{\"@type\":\"ListItem\",\"position\":2,\"name\":\"O\u00f9 Manger\"}]},{\"@type\":\"WebSite\",\"@id\":\"https:\/\/www.residenzalefarfalle.it\/fr\/#website\",\"url\":\"https:\/\/www.residenzalefarfalle.it\/fr\/\",\"name\":\"Residenza Le Farfalle\",\"description\":\"Ecco un altro sito ms.decms.eu\",\"potentialAction\":[{\"@type\":\"SearchAction\",\"target\":{\"@type\":\"EntryPoint\",\"urlTemplate\":\"https:\/\/www.residenzalefarfalle.it\/fr\/?s={search_term_string}\"},\"query-input\":{\"@type\":\"PropertyValueSpecification\",\"valueRequired\":true,\"valueName\":\"search_term_string\"}}],\"inLanguage\":\"fr-FR\"}]}<\/script>\n<!-- \/ Yoast SEO plugin. -->","yoast_head_json":{"title":"O\u00f9 Manger &#8226; Residenza Le Farfalle &#8226;","description":"Dans la commune de Tergu et dans les environs imm\u00e9diats, vous avez un large choix de restaurants et de trattoria : vous pouvez choisir entre une cuisine traditionnelle sarde de la terre \u2013 o\u00f9 les centres agrotouristiques sont rois \u2013 et une cuisine locale \u00e0 base de poisson et de crustac\u00e9s \u2013 Castelsardo est c\u00e9l\u00e8bre pour l\u2019authenticit\u00e9 et la fra\u00eecheur du poisson.  Ci-dessous nous vous proposons une s\u00e9lection de restaurants o\u00f9, nous \u00e0 la r\u00e9sidence, nous avons toujours bien mang\u00e9. N\u2019oubliez pas de r\u00e9server \u00e0 notre nom : le traitement sera encore plus brillant.","robots":{"index":"index","follow":"follow","max-snippet":"max-snippet:-1","max-image-preview":"max-image-preview:large","max-video-preview":"max-video-preview:-1"},"canonical":"https:\/\/www.residenzalefarfalle.it\/fr\/ou-manger\/","og_locale":"fr_FR","og_type":"article","og_title":"O\u00f9 Manger &#8226; Residenza Le Farfalle &#8226;","og_description":"Dans la commune de Tergu et dans les environs imm\u00e9diats, vous avez un large choix de restaurants et de trattoria : vous pouvez choisir entre une cuisine traditionnelle sarde de la terre \u2013 o\u00f9 les centres agrotouristiques sont rois \u2013 et une cuisine locale \u00e0 base de poisson et de crustac\u00e9s \u2013 Castelsardo est c\u00e9l\u00e8bre pour l\u2019authenticit\u00e9 et la fra\u00eecheur du poisson.  Ci-dessous nous vous proposons une s\u00e9lection de restaurants o\u00f9, nous \u00e0 la r\u00e9sidence, nous avons toujours bien mang\u00e9. N\u2019oubliez pas de r\u00e9server \u00e0 notre nom : le traitement sera encore plus brillant.","og_url":"https:\/\/www.residenzalefarfalle.it\/fr\/ou-manger\/","og_site_name":"Residenza Le Farfalle","article_modified_time":"2022-12-14T17:05:18+00:00","twitter_card":"summary_large_image","twitter_misc":{"Dur\u00e9e de lecture estim\u00e9e":"1 minute"},"schema":{"@context":"https:\/\/schema.org","@graph":[{"@type":"WebPage","@id":"https:\/\/www.residenzalefarfalle.it\/fr\/ou-manger\/","url":"https:\/\/www.residenzalefarfalle.it\/fr\/ou-manger\/","name":"O\u00f9 Manger &#8226; Residenza Le Farfalle &#8226;","isPartOf":{"@id":"https:\/\/www.residenzalefarfalle.it\/fr\/#website"},"datePublished":"2022-12-14T17:04:22+00:00","dateModified":"2022-12-14T17:05:18+00:00","description":"Dans la commune de Tergu et dans les environs imm\u00e9diats, vous avez un large choix de restaurants et de trattoria : vous pouvez choisir entre une cuisine traditionnelle sarde de la terre \u2013 o\u00f9 les centres agrotouristiques sont rois \u2013 et une cuisine locale \u00e0 base de poisson et de crustac\u00e9s \u2013 Castelsardo est c\u00e9l\u00e8bre pour l\u2019authenticit\u00e9 et la fra\u00eecheur du poisson. Ci-dessous nous vous proposons une s\u00e9lection de restaurants o\u00f9, nous \u00e0 la r\u00e9sidence, nous avons toujours bien mang\u00e9. N\u2019oubliez pas de r\u00e9server \u00e0 notre nom : le traitement sera encore plus brillant.","breadcrumb":{"@id":"https:\/\/www.residenzalefarfalle.it\/fr\/ou-manger\/#breadcrumb"},"inLanguage":"fr-FR","potentialAction":[{"@type":"ReadAction","target":["https:\/\/www.residenzalefarfalle.it\/fr\/ou-manger\/"]}]},{"@type":"BreadcrumbList","@id":"https:\/\/www.residenzalefarfalle.it\/fr\/ou-manger\/#breadcrumb","itemListElement":[{"@type":"ListItem","position":1,"name":"Home","item":"https:\/\/www.residenzalefarfalle.it\/fr\/"},{"@type":"ListItem","position":2,"name":"O\u00f9 Manger"}]},{"@type":"WebSite","@id":"https:\/\/www.residenzalefarfalle.it\/fr\/#website","url":"https:\/\/www.residenzalefarfalle.it\/fr\/","name":"Residenza Le Farfalle","description":"Ecco un altro sito ms.decms.eu","potentialAction":[{"@type":"SearchAction","target":{"@type":"EntryPoint","urlTemplate":"https:\/\/www.residenzalefarfalle.it\/fr\/?s={search_term_string}"},"query-input":{"@type":"PropertyValueSpecification","valueRequired":true,"valueName":"search_term_string"}}],"inLanguage":"fr-FR"}]}},"acf":[],"_links":{"self":[{"href":"https:\/\/www.residenzalefarfalle.it\/fr\/wp-json\/wp\/v2\/pages\/1154","targetHints":{"allow":["GET"]}}],"collection":[{"href":"https:\/\/www.residenzalefarfalle.it\/fr\/wp-json\/wp\/v2\/pages"}],"about":[{"href":"https:\/\/www.residenzalefarfalle.it\/fr\/wp-json\/wp\/v2\/types\/page"}],"author":[{"embeddable":true,"href":"https:\/\/www.residenzalefarfalle.it\/fr\/wp-json\/wp\/v2\/users\/13"}],"replies":[{"embeddable":true,"href":"https:\/\/www.residenzalefarfalle.it\/fr\/wp-json\/wp\/v2\/comments?post=1154"}],"version-history":[{"count":0,"href":"https:\/\/www.residenzalefarfalle.it\/fr\/wp-json\/wp\/v2\/pages\/1154\/revisions"}],"wp:attachment":[{"href":"https:\/\/www.residenzalefarfalle.it\/fr\/wp-json\/wp\/v2\/media?parent=1154"}],"curies":[{"name":"wp","href":"https:\/\/api.w.org\/{rel}","templated":true}]}}