
{"id":1148,"date":"2022-12-14T17:31:05","date_gmt":"2022-12-14T16:31:05","guid":{"rendered":"https:\/\/residenzalefarfalle.ms.decms.eu\/?page_id=1148"},"modified":"2022-12-14T17:36:50","modified_gmt":"2022-12-14T16:36:50","slug":"pour-les-enfants","status":"publish","type":"page","link":"https:\/\/www.residenzalefarfalle.it\/fr\/pour-les-enfants\/","title":{"rendered":"Pour les Enfants"},"content":{"rendered":"<p>La R\u00e9sidence a \u00e9t\u00e9 con\u00e7ue pour les besoins des familles et favorise les activit\u00e9s en contact avec la nature, \u00e0 vivre ensemble.<\/p>\n<p>En plus d\u2019une <strong>aire de jeux \u00e9quip\u00e9e pour les plus petits,<\/strong> \u00e0 150 m. de la r\u00e8sidence,\u00a0il y a l\u2019embarras du choix :<\/p>\n<ul>\n<li>randonn\u00e9e \u00e0 pied \u00e0 la recherche de myrtes, de fraises et de m\u00fbres et la d\u00e9couverte de moutons, agneaux et des animaux de cour<\/li>\n<li>promenades \u00e0 v\u00e9lo ou \u00e0 cheval<\/li>\n<li>ou quelques longueurs\u00a0rafra\u00eechissantes dans la piscine.<\/li>\n<\/ul>\n<p>En outre, \u00e0 moins d\u2019une demi-heure, il y a <strong>2 parcs \u00e0 th\u00e8me aquatiques <\/strong>particuli\u00e8rement appr\u00e9ci\u00e9s par les enfants : <strong>Water Paradise, <\/strong>\u00e0 20 km \u00e0 Marina di Sorso, et <strong>Aquafantasy, <\/strong>\u00e0 33 km <strong>\u00e0 Isola Rossa.<\/strong><\/p>\n","protected":false},"excerpt":{"rendered":"<p>La R\u00e9sidence a \u00e9t\u00e9 con\u00e7ue pour les besoins des familles et favorise les activit\u00e9s en contact avec la nature, \u00e0 vivre ensemble. En plus d\u2019une aire de jeux \u00e9quip\u00e9e pour les plus petits, \u00e0 150 m. de la r\u00e8sidence,\u00a0il y a l\u2019embarras du choix : randonn\u00e9e \u00e0 pied \u00e0 la recherche de myrtes, de fraises [&hellip;]<\/p>\n","protected":false},"author":13,"featured_media":0,"parent":0,"menu_order":50,"comment_status":"closed","ping_status":"closed","template":"","meta":{"footnotes":""},"class_list":["post-1148","page","type-page","status-publish","hentry"],"yoast_head":"<!-- This site is optimized with the Yoast SEO plugin v26.9 - https:\/\/yoast.com\/product\/yoast-seo-wordpress\/ -->\n<title>Pour les Enfants &#8226; Residenza Le Farfalle &#8226;<\/title>\n<meta name=\"description\" content=\"La R\u00e9sidence a \u00e9t\u00e9 con\u00e7ue pour les besoins des familles et favorise les activit\u00e9s en contact avec la nature, \u00e0 vivre ensemble.  En plus d\u2019une aire de jeux \u00e9quip\u00e9e pour les plus petits, \u00e0 150 m. de la r\u00e8sidence,\u00a0il y a l\u2019embarras du choix :   randonn\u00e9e \u00e0 pied \u00e0 la recherche de myrtes, de fraises et de m\u00fbres et la d\u00e9couverte de moutons, agneaux et des animaux de cour  promenades \u00e0 v\u00e9lo ou \u00e0 cheval  ou quelques longueurs\u00a0rafra\u00eechissantes dans la piscine.  En outre, \u00e0 moins d\u2019une demi-heure, il y a 2 parcs \u00e0 th\u00e8me aquatiques particuli\u00e8rement appr\u00e9ci\u00e9s par les enfants : Water Paradise, \u00e0 20 km \u00e0 Marina di Sorso, et Aquafantasy, \u00e0 33 km \u00e0 Isola Rossa.\" \/>\n<meta name=\"robots\" content=\"index, follow, max-snippet:-1, max-image-preview:large, max-video-preview:-1\" \/>\n<link rel=\"canonical\" href=\"https:\/\/www.residenzalefarfalle.it\/fr\/pour-les-enfants\/\" \/>\n<meta property=\"og:locale\" content=\"fr_FR\" \/>\n<meta property=\"og:type\" content=\"article\" \/>\n<meta property=\"og:title\" content=\"Pour les Enfants &#8226; Residenza Le Farfalle &#8226;\" \/>\n<meta property=\"og:description\" content=\"La R\u00e9sidence a \u00e9t\u00e9 con\u00e7ue pour les besoins des familles et favorise les activit\u00e9s en contact avec la nature, \u00e0 vivre ensemble.  En plus d\u2019une aire de jeux \u00e9quip\u00e9e pour les plus petits, \u00e0 150 m. de la r\u00e8sidence,\u00a0il y a l\u2019embarras du choix :   randonn\u00e9e \u00e0 pied \u00e0 la recherche de myrtes, de fraises et de m\u00fbres et la d\u00e9couverte de moutons, agneaux et des animaux de cour  promenades \u00e0 v\u00e9lo ou \u00e0 cheval  ou quelques longueurs\u00a0rafra\u00eechissantes dans la piscine.  En outre, \u00e0 moins d\u2019une demi-heure, il y a 2 parcs \u00e0 th\u00e8me aquatiques particuli\u00e8rement appr\u00e9ci\u00e9s par les enfants : Water Paradise, \u00e0 20 km \u00e0 Marina di Sorso, et Aquafantasy, \u00e0 33 km \u00e0 Isola Rossa.\" \/>\n<meta property=\"og:url\" content=\"https:\/\/www.residenzalefarfalle.it\/fr\/pour-les-enfants\/\" \/>\n<meta property=\"og:site_name\" content=\"Residenza Le Farfalle\" \/>\n<meta property=\"article:modified_time\" content=\"2022-12-14T16:36:50+00:00\" \/>\n<meta name=\"twitter:card\" content=\"summary_large_image\" \/>\n<meta name=\"twitter:label1\" content=\"Dur\u00e9e de lecture estim\u00e9e\" \/>\n\t<meta name=\"twitter:data1\" content=\"1 minute\" \/>\n<script type=\"application\/ld+json\" class=\"yoast-schema-graph\">{\"@context\":\"https:\/\/schema.org\",\"@graph\":[{\"@type\":\"WebPage\",\"@id\":\"https:\/\/www.residenzalefarfalle.it\/fr\/pour-les-enfants\/\",\"url\":\"https:\/\/www.residenzalefarfalle.it\/fr\/pour-les-enfants\/\",\"name\":\"Pour les Enfants &#8226; Residenza Le Farfalle &#8226;\",\"isPartOf\":{\"@id\":\"https:\/\/www.residenzalefarfalle.it\/fr\/#website\"},\"datePublished\":\"2022-12-14T16:31:05+00:00\",\"dateModified\":\"2022-12-14T16:36:50+00:00\",\"description\":\"La R\u00e9sidence a \u00e9t\u00e9 con\u00e7ue pour les besoins des familles et favorise les activit\u00e9s en contact avec la nature, \u00e0 vivre ensemble. En plus d\u2019une aire de jeux \u00e9quip\u00e9e pour les plus petits, \u00e0 150 m. de la r\u00e8sidence,\u00a0il y a l\u2019embarras du choix : \u2022 randonn\u00e9e \u00e0 pied \u00e0 la recherche de myrtes, de fraises et de m\u00fbres et la d\u00e9couverte de moutons, agneaux et des animaux de cour \u2022 promenades \u00e0 v\u00e9lo ou \u00e0 cheval \u2022 ou quelques longueurs\u00a0rafra\u00eechissantes dans la piscine. En outre, \u00e0 moins d\u2019une demi-heure, il y a 2 parcs \u00e0 th\u00e8me aquatiques particuli\u00e8rement appr\u00e9ci\u00e9s par les enfants : Water Paradise, \u00e0 20 km \u00e0 Marina di Sorso, et Aquafantasy, \u00e0 33 km \u00e0 Isola Rossa.\",\"breadcrumb\":{\"@id\":\"https:\/\/www.residenzalefarfalle.it\/fr\/pour-les-enfants\/#breadcrumb\"},\"inLanguage\":\"fr-FR\",\"potentialAction\":[{\"@type\":\"ReadAction\",\"target\":[\"https:\/\/www.residenzalefarfalle.it\/fr\/pour-les-enfants\/\"]}]},{\"@type\":\"BreadcrumbList\",\"@id\":\"https:\/\/www.residenzalefarfalle.it\/fr\/pour-les-enfants\/#breadcrumb\",\"itemListElement\":[{\"@type\":\"ListItem\",\"position\":1,\"name\":\"Home\",\"item\":\"https:\/\/www.residenzalefarfalle.it\/fr\/\"},{\"@type\":\"ListItem\",\"position\":2,\"name\":\"Pour les Enfants\"}]},{\"@type\":\"WebSite\",\"@id\":\"https:\/\/www.residenzalefarfalle.it\/fr\/#website\",\"url\":\"https:\/\/www.residenzalefarfalle.it\/fr\/\",\"name\":\"Residenza Le Farfalle\",\"description\":\"Ecco un altro sito ms.decms.eu\",\"potentialAction\":[{\"@type\":\"SearchAction\",\"target\":{\"@type\":\"EntryPoint\",\"urlTemplate\":\"https:\/\/www.residenzalefarfalle.it\/fr\/?s={search_term_string}\"},\"query-input\":{\"@type\":\"PropertyValueSpecification\",\"valueRequired\":true,\"valueName\":\"search_term_string\"}}],\"inLanguage\":\"fr-FR\"}]}<\/script>\n<!-- \/ Yoast SEO plugin. -->","yoast_head_json":{"title":"Pour les Enfants &#8226; Residenza Le Farfalle &#8226;","description":"La R\u00e9sidence a \u00e9t\u00e9 con\u00e7ue pour les besoins des familles et favorise les activit\u00e9s en contact avec la nature, \u00e0 vivre ensemble.  En plus d\u2019une aire de jeux \u00e9quip\u00e9e pour les plus petits, \u00e0 150 m. de la r\u00e8sidence,\u00a0il y a l\u2019embarras du choix :   randonn\u00e9e \u00e0 pied \u00e0 la recherche de myrtes, de fraises et de m\u00fbres et la d\u00e9couverte de moutons, agneaux et des animaux de cour  promenades \u00e0 v\u00e9lo ou \u00e0 cheval  ou quelques longueurs\u00a0rafra\u00eechissantes dans la piscine.  En outre, \u00e0 moins d\u2019une demi-heure, il y a 2 parcs \u00e0 th\u00e8me aquatiques particuli\u00e8rement appr\u00e9ci\u00e9s par les enfants : Water Paradise, \u00e0 20 km \u00e0 Marina di Sorso, et Aquafantasy, \u00e0 33 km \u00e0 Isola Rossa.","robots":{"index":"index","follow":"follow","max-snippet":"max-snippet:-1","max-image-preview":"max-image-preview:large","max-video-preview":"max-video-preview:-1"},"canonical":"https:\/\/www.residenzalefarfalle.it\/fr\/pour-les-enfants\/","og_locale":"fr_FR","og_type":"article","og_title":"Pour les Enfants &#8226; Residenza Le Farfalle &#8226;","og_description":"La R\u00e9sidence a \u00e9t\u00e9 con\u00e7ue pour les besoins des familles et favorise les activit\u00e9s en contact avec la nature, \u00e0 vivre ensemble.  En plus d\u2019une aire de jeux \u00e9quip\u00e9e pour les plus petits, \u00e0 150 m. de la r\u00e8sidence,\u00a0il y a l\u2019embarras du choix :   randonn\u00e9e \u00e0 pied \u00e0 la recherche de myrtes, de fraises et de m\u00fbres et la d\u00e9couverte de moutons, agneaux et des animaux de cour  promenades \u00e0 v\u00e9lo ou \u00e0 cheval  ou quelques longueurs\u00a0rafra\u00eechissantes dans la piscine.  En outre, \u00e0 moins d\u2019une demi-heure, il y a 2 parcs \u00e0 th\u00e8me aquatiques particuli\u00e8rement appr\u00e9ci\u00e9s par les enfants : Water Paradise, \u00e0 20 km \u00e0 Marina di Sorso, et Aquafantasy, \u00e0 33 km \u00e0 Isola Rossa.","og_url":"https:\/\/www.residenzalefarfalle.it\/fr\/pour-les-enfants\/","og_site_name":"Residenza Le Farfalle","article_modified_time":"2022-12-14T16:36:50+00:00","twitter_card":"summary_large_image","twitter_misc":{"Dur\u00e9e de lecture estim\u00e9e":"1 minute"},"schema":{"@context":"https:\/\/schema.org","@graph":[{"@type":"WebPage","@id":"https:\/\/www.residenzalefarfalle.it\/fr\/pour-les-enfants\/","url":"https:\/\/www.residenzalefarfalle.it\/fr\/pour-les-enfants\/","name":"Pour les Enfants &#8226; Residenza Le Farfalle &#8226;","isPartOf":{"@id":"https:\/\/www.residenzalefarfalle.it\/fr\/#website"},"datePublished":"2022-12-14T16:31:05+00:00","dateModified":"2022-12-14T16:36:50+00:00","description":"La R\u00e9sidence a \u00e9t\u00e9 con\u00e7ue pour les besoins des familles et favorise les activit\u00e9s en contact avec la nature, \u00e0 vivre ensemble. En plus d\u2019une aire de jeux \u00e9quip\u00e9e pour les plus petits, \u00e0 150 m. de la r\u00e8sidence,\u00a0il y a l\u2019embarras du choix : \u2022 randonn\u00e9e \u00e0 pied \u00e0 la recherche de myrtes, de fraises et de m\u00fbres et la d\u00e9couverte de moutons, agneaux et des animaux de cour \u2022 promenades \u00e0 v\u00e9lo ou \u00e0 cheval \u2022 ou quelques longueurs\u00a0rafra\u00eechissantes dans la piscine. En outre, \u00e0 moins d\u2019une demi-heure, il y a 2 parcs \u00e0 th\u00e8me aquatiques particuli\u00e8rement appr\u00e9ci\u00e9s par les enfants : Water Paradise, \u00e0 20 km \u00e0 Marina di Sorso, et Aquafantasy, \u00e0 33 km \u00e0 Isola Rossa.","breadcrumb":{"@id":"https:\/\/www.residenzalefarfalle.it\/fr\/pour-les-enfants\/#breadcrumb"},"inLanguage":"fr-FR","potentialAction":[{"@type":"ReadAction","target":["https:\/\/www.residenzalefarfalle.it\/fr\/pour-les-enfants\/"]}]},{"@type":"BreadcrumbList","@id":"https:\/\/www.residenzalefarfalle.it\/fr\/pour-les-enfants\/#breadcrumb","itemListElement":[{"@type":"ListItem","position":1,"name":"Home","item":"https:\/\/www.residenzalefarfalle.it\/fr\/"},{"@type":"ListItem","position":2,"name":"Pour les Enfants"}]},{"@type":"WebSite","@id":"https:\/\/www.residenzalefarfalle.it\/fr\/#website","url":"https:\/\/www.residenzalefarfalle.it\/fr\/","name":"Residenza Le Farfalle","description":"Ecco un altro sito ms.decms.eu","potentialAction":[{"@type":"SearchAction","target":{"@type":"EntryPoint","urlTemplate":"https:\/\/www.residenzalefarfalle.it\/fr\/?s={search_term_string}"},"query-input":{"@type":"PropertyValueSpecification","valueRequired":true,"valueName":"search_term_string"}}],"inLanguage":"fr-FR"}]}},"acf":[],"_links":{"self":[{"href":"https:\/\/www.residenzalefarfalle.it\/fr\/wp-json\/wp\/v2\/pages\/1148","targetHints":{"allow":["GET"]}}],"collection":[{"href":"https:\/\/www.residenzalefarfalle.it\/fr\/wp-json\/wp\/v2\/pages"}],"about":[{"href":"https:\/\/www.residenzalefarfalle.it\/fr\/wp-json\/wp\/v2\/types\/page"}],"author":[{"embeddable":true,"href":"https:\/\/www.residenzalefarfalle.it\/fr\/wp-json\/wp\/v2\/users\/13"}],"replies":[{"embeddable":true,"href":"https:\/\/www.residenzalefarfalle.it\/fr\/wp-json\/wp\/v2\/comments?post=1148"}],"version-history":[{"count":0,"href":"https:\/\/www.residenzalefarfalle.it\/fr\/wp-json\/wp\/v2\/pages\/1148\/revisions"}],"wp:attachment":[{"href":"https:\/\/www.residenzalefarfalle.it\/fr\/wp-json\/wp\/v2\/media?parent=1148"}],"curies":[{"name":"wp","href":"https:\/\/api.w.org\/{rel}","templated":true}]}}