
{"id":1140,"date":"2022-12-14T17:23:07","date_gmt":"2022-12-14T16:23:07","guid":{"rendered":"https:\/\/residenzalefarfalle.ms.decms.eu\/?page_id=1140"},"modified":"2022-12-14T17:28:13","modified_gmt":"2022-12-14T16:28:13","slug":"dans-les-environs","status":"publish","type":"page","link":"https:\/\/www.residenzalefarfalle.it\/fr\/dans-les-environs\/","title":{"rendered":"Dans les environs"},"content":{"rendered":"<p>Depuis les appartements de la R\u00e9sidence, vous trouverez \u00e0 distance de marche tous les services et commerces dans le centre de Tergu :<\/p>\n<ul>\n<li>bar, sup\u00e9rette, marchand de l\u00e9gumes, boucher et boulanger ;<\/li>\n<li>pharmacie et poste ;<\/li>\n<li>syndicat d\u2019initiatives pour les informations touristiques.<\/li>\n<\/ul>\n<p>A respectivement 650 m et 5 km, il y a deux fermes agrotouristiques, <strong>Sa Tanca Noa <\/strong>et <strong>Monte Entosu <\/strong>o\u00f9 vous pourrez d\u00e9guster la cuisine typique locale, r\u00e9server des visites, et acheter des produits locaux.<\/p>\n<p>A environ 20 km, pr\u00e8s de Serralonga, vous trouverez le man\u00e8ge et <strong>le centre \u00e9questre Il Ginepro, <\/strong>o\u00f9 vous pourrez r\u00e9server des le\u00e7ons particuli\u00e8res ou en groupe et faire des sorties \u00e0 cheval, dans la campagne ou le long de la plage.<\/p>\n","protected":false},"excerpt":{"rendered":"<p>Depuis les appartements de la R\u00e9sidence, vous trouverez \u00e0 distance de marche tous les services et commerces dans le centre de Tergu : bar, sup\u00e9rette, marchand de l\u00e9gumes, boucher et boulanger ; pharmacie et poste ; syndicat d\u2019initiatives pour les informations touristiques. A respectivement 650 m et 5 km, il y a deux fermes agrotouristiques, [&hellip;]<\/p>\n","protected":false},"author":13,"featured_media":0,"parent":0,"menu_order":40,"comment_status":"closed","ping_status":"closed","template":"","meta":{"footnotes":""},"class_list":["post-1140","page","type-page","status-publish","hentry"],"yoast_head":"<!-- This site is optimized with the Yoast SEO plugin v26.9 - https:\/\/yoast.com\/product\/yoast-seo-wordpress\/ -->\n<title>Dans les environs &#8226; Residenza Le Farfalle &#8226;<\/title>\n<meta name=\"description\" content=\"Depuis les appartements de la R\u00e9sidence, vous trouverez \u00e0 distance de marche tous les services et commerces dans le centre de Tergu :   bar, sup\u00e9rette, marchand de l\u00e9gumes, boucher et boulanger ;  pharmacie et poste ;  syndicat d\u2019initiatives pour les informations touristiques.  A respectivement 650 m et 5 km, il y a deux fermes agrotouristiques, Sa Tanca Noa et Monte Entosu o\u00f9 vous pourrez d\u00e9guster la cuisine typique locale, r\u00e9server des visites, et acheter des produits locaux.  A environ 20 km, pr\u00e8s de Serralonga, vous trouverez le man\u00e8ge et le centre \u00e9questre Il Ginepro, o\u00f9 vous pourrez r\u00e9server des le\u00e7ons particuli\u00e8res ou en groupe et faire des sorties \u00e0 cheval, dans la campagne ou le long de la plage..\" \/>\n<meta name=\"robots\" content=\"index, follow, max-snippet:-1, max-image-preview:large, max-video-preview:-1\" \/>\n<link rel=\"canonical\" href=\"https:\/\/www.residenzalefarfalle.it\/fr\/dans-les-environs\/\" \/>\n<meta property=\"og:locale\" content=\"fr_FR\" \/>\n<meta property=\"og:type\" content=\"article\" \/>\n<meta property=\"og:title\" content=\"Dans les environs &#8226; Residenza Le Farfalle &#8226;\" \/>\n<meta property=\"og:description\" content=\"Depuis les appartements de la R\u00e9sidence, vous trouverez \u00e0 distance de marche tous les services et commerces dans le centre de Tergu :   bar, sup\u00e9rette, marchand de l\u00e9gumes, boucher et boulanger ;  pharmacie et poste ;  syndicat d\u2019initiatives pour les informations touristiques.  A respectivement 650 m et 5 km, il y a deux fermes agrotouristiques, Sa Tanca Noa et Monte Entosu o\u00f9 vous pourrez d\u00e9guster la cuisine typique locale, r\u00e9server des visites, et acheter des produits locaux.  A environ 20 km, pr\u00e8s de Serralonga, vous trouverez le man\u00e8ge et le centre \u00e9questre Il Ginepro, o\u00f9 vous pourrez r\u00e9server des le\u00e7ons particuli\u00e8res ou en groupe et faire des sorties \u00e0 cheval, dans la campagne ou le long de la plage..\" \/>\n<meta property=\"og:url\" content=\"https:\/\/www.residenzalefarfalle.it\/fr\/dans-les-environs\/\" \/>\n<meta property=\"og:site_name\" content=\"Residenza Le Farfalle\" \/>\n<meta property=\"article:modified_time\" content=\"2022-12-14T16:28:13+00:00\" \/>\n<meta name=\"twitter:card\" content=\"summary_large_image\" \/>\n<meta name=\"twitter:label1\" content=\"Dur\u00e9e de lecture estim\u00e9e\" \/>\n\t<meta name=\"twitter:data1\" content=\"1 minute\" \/>\n<script type=\"application\/ld+json\" class=\"yoast-schema-graph\">{\"@context\":\"https:\/\/schema.org\",\"@graph\":[{\"@type\":\"WebPage\",\"@id\":\"https:\/\/www.residenzalefarfalle.it\/fr\/dans-les-environs\/\",\"url\":\"https:\/\/www.residenzalefarfalle.it\/fr\/dans-les-environs\/\",\"name\":\"Dans les environs &#8226; Residenza Le Farfalle &#8226;\",\"isPartOf\":{\"@id\":\"https:\/\/www.residenzalefarfalle.it\/fr\/#website\"},\"datePublished\":\"2022-12-14T16:23:07+00:00\",\"dateModified\":\"2022-12-14T16:28:13+00:00\",\"description\":\"Depuis les appartements de la R\u00e9sidence, vous trouverez \u00e0 distance de marche tous les services et commerces dans le centre de Tergu : \u2022 bar, sup\u00e9rette, marchand de l\u00e9gumes, boucher et boulanger ; \u2022 pharmacie et poste ; \u2022 syndicat d\u2019initiatives pour les informations touristiques. A respectivement 650 m et 5 km, il y a deux fermes agrotouristiques, Sa Tanca Noa et Monte Entosu o\u00f9 vous pourrez d\u00e9guster la cuisine typique locale, r\u00e9server des visites, et acheter des produits locaux. A environ 20 km, pr\u00e8s de Serralonga, vous trouverez le man\u00e8ge et le centre \u00e9questre Il Ginepro, o\u00f9 vous pourrez r\u00e9server des le\u00e7ons particuli\u00e8res ou en groupe et faire des sorties \u00e0 cheval, dans la campagne ou le long de la plage..\",\"breadcrumb\":{\"@id\":\"https:\/\/www.residenzalefarfalle.it\/fr\/dans-les-environs\/#breadcrumb\"},\"inLanguage\":\"fr-FR\",\"potentialAction\":[{\"@type\":\"ReadAction\",\"target\":[\"https:\/\/www.residenzalefarfalle.it\/fr\/dans-les-environs\/\"]}]},{\"@type\":\"BreadcrumbList\",\"@id\":\"https:\/\/www.residenzalefarfalle.it\/fr\/dans-les-environs\/#breadcrumb\",\"itemListElement\":[{\"@type\":\"ListItem\",\"position\":1,\"name\":\"Home\",\"item\":\"https:\/\/www.residenzalefarfalle.it\/fr\/\"},{\"@type\":\"ListItem\",\"position\":2,\"name\":\"Dans les environs\"}]},{\"@type\":\"WebSite\",\"@id\":\"https:\/\/www.residenzalefarfalle.it\/fr\/#website\",\"url\":\"https:\/\/www.residenzalefarfalle.it\/fr\/\",\"name\":\"Residenza Le Farfalle\",\"description\":\"Ecco un altro sito ms.decms.eu\",\"potentialAction\":[{\"@type\":\"SearchAction\",\"target\":{\"@type\":\"EntryPoint\",\"urlTemplate\":\"https:\/\/www.residenzalefarfalle.it\/fr\/?s={search_term_string}\"},\"query-input\":{\"@type\":\"PropertyValueSpecification\",\"valueRequired\":true,\"valueName\":\"search_term_string\"}}],\"inLanguage\":\"fr-FR\"}]}<\/script>\n<!-- \/ Yoast SEO plugin. -->","yoast_head_json":{"title":"Dans les environs &#8226; Residenza Le Farfalle &#8226;","description":"Depuis les appartements de la R\u00e9sidence, vous trouverez \u00e0 distance de marche tous les services et commerces dans le centre de Tergu :   bar, sup\u00e9rette, marchand de l\u00e9gumes, boucher et boulanger ;  pharmacie et poste ;  syndicat d\u2019initiatives pour les informations touristiques.  A respectivement 650 m et 5 km, il y a deux fermes agrotouristiques, Sa Tanca Noa et Monte Entosu o\u00f9 vous pourrez d\u00e9guster la cuisine typique locale, r\u00e9server des visites, et acheter des produits locaux.  A environ 20 km, pr\u00e8s de Serralonga, vous trouverez le man\u00e8ge et le centre \u00e9questre Il Ginepro, o\u00f9 vous pourrez r\u00e9server des le\u00e7ons particuli\u00e8res ou en groupe et faire des sorties \u00e0 cheval, dans la campagne ou le long de la plage..","robots":{"index":"index","follow":"follow","max-snippet":"max-snippet:-1","max-image-preview":"max-image-preview:large","max-video-preview":"max-video-preview:-1"},"canonical":"https:\/\/www.residenzalefarfalle.it\/fr\/dans-les-environs\/","og_locale":"fr_FR","og_type":"article","og_title":"Dans les environs &#8226; Residenza Le Farfalle &#8226;","og_description":"Depuis les appartements de la R\u00e9sidence, vous trouverez \u00e0 distance de marche tous les services et commerces dans le centre de Tergu :   bar, sup\u00e9rette, marchand de l\u00e9gumes, boucher et boulanger ;  pharmacie et poste ;  syndicat d\u2019initiatives pour les informations touristiques.  A respectivement 650 m et 5 km, il y a deux fermes agrotouristiques, Sa Tanca Noa et Monte Entosu o\u00f9 vous pourrez d\u00e9guster la cuisine typique locale, r\u00e9server des visites, et acheter des produits locaux.  A environ 20 km, pr\u00e8s de Serralonga, vous trouverez le man\u00e8ge et le centre \u00e9questre Il Ginepro, o\u00f9 vous pourrez r\u00e9server des le\u00e7ons particuli\u00e8res ou en groupe et faire des sorties \u00e0 cheval, dans la campagne ou le long de la plage..","og_url":"https:\/\/www.residenzalefarfalle.it\/fr\/dans-les-environs\/","og_site_name":"Residenza Le Farfalle","article_modified_time":"2022-12-14T16:28:13+00:00","twitter_card":"summary_large_image","twitter_misc":{"Dur\u00e9e de lecture estim\u00e9e":"1 minute"},"schema":{"@context":"https:\/\/schema.org","@graph":[{"@type":"WebPage","@id":"https:\/\/www.residenzalefarfalle.it\/fr\/dans-les-environs\/","url":"https:\/\/www.residenzalefarfalle.it\/fr\/dans-les-environs\/","name":"Dans les environs &#8226; Residenza Le Farfalle &#8226;","isPartOf":{"@id":"https:\/\/www.residenzalefarfalle.it\/fr\/#website"},"datePublished":"2022-12-14T16:23:07+00:00","dateModified":"2022-12-14T16:28:13+00:00","description":"Depuis les appartements de la R\u00e9sidence, vous trouverez \u00e0 distance de marche tous les services et commerces dans le centre de Tergu : \u2022 bar, sup\u00e9rette, marchand de l\u00e9gumes, boucher et boulanger ; \u2022 pharmacie et poste ; \u2022 syndicat d\u2019initiatives pour les informations touristiques. A respectivement 650 m et 5 km, il y a deux fermes agrotouristiques, Sa Tanca Noa et Monte Entosu o\u00f9 vous pourrez d\u00e9guster la cuisine typique locale, r\u00e9server des visites, et acheter des produits locaux. A environ 20 km, pr\u00e8s de Serralonga, vous trouverez le man\u00e8ge et le centre \u00e9questre Il Ginepro, o\u00f9 vous pourrez r\u00e9server des le\u00e7ons particuli\u00e8res ou en groupe et faire des sorties \u00e0 cheval, dans la campagne ou le long de la plage..","breadcrumb":{"@id":"https:\/\/www.residenzalefarfalle.it\/fr\/dans-les-environs\/#breadcrumb"},"inLanguage":"fr-FR","potentialAction":[{"@type":"ReadAction","target":["https:\/\/www.residenzalefarfalle.it\/fr\/dans-les-environs\/"]}]},{"@type":"BreadcrumbList","@id":"https:\/\/www.residenzalefarfalle.it\/fr\/dans-les-environs\/#breadcrumb","itemListElement":[{"@type":"ListItem","position":1,"name":"Home","item":"https:\/\/www.residenzalefarfalle.it\/fr\/"},{"@type":"ListItem","position":2,"name":"Dans les environs"}]},{"@type":"WebSite","@id":"https:\/\/www.residenzalefarfalle.it\/fr\/#website","url":"https:\/\/www.residenzalefarfalle.it\/fr\/","name":"Residenza Le Farfalle","description":"Ecco un altro sito ms.decms.eu","potentialAction":[{"@type":"SearchAction","target":{"@type":"EntryPoint","urlTemplate":"https:\/\/www.residenzalefarfalle.it\/fr\/?s={search_term_string}"},"query-input":{"@type":"PropertyValueSpecification","valueRequired":true,"valueName":"search_term_string"}}],"inLanguage":"fr-FR"}]}},"acf":[],"_links":{"self":[{"href":"https:\/\/www.residenzalefarfalle.it\/fr\/wp-json\/wp\/v2\/pages\/1140","targetHints":{"allow":["GET"]}}],"collection":[{"href":"https:\/\/www.residenzalefarfalle.it\/fr\/wp-json\/wp\/v2\/pages"}],"about":[{"href":"https:\/\/www.residenzalefarfalle.it\/fr\/wp-json\/wp\/v2\/types\/page"}],"author":[{"embeddable":true,"href":"https:\/\/www.residenzalefarfalle.it\/fr\/wp-json\/wp\/v2\/users\/13"}],"replies":[{"embeddable":true,"href":"https:\/\/www.residenzalefarfalle.it\/fr\/wp-json\/wp\/v2\/comments?post=1140"}],"version-history":[{"count":0,"href":"https:\/\/www.residenzalefarfalle.it\/fr\/wp-json\/wp\/v2\/pages\/1140\/revisions"}],"wp:attachment":[{"href":"https:\/\/www.residenzalefarfalle.it\/fr\/wp-json\/wp\/v2\/media?parent=1140"}],"curies":[{"name":"wp","href":"https:\/\/api.w.org\/{rel}","templated":true}]}}