
{"id":1132,"date":"2022-12-14T17:20:19","date_gmt":"2022-12-14T16:20:19","guid":{"rendered":"https:\/\/residenzalefarfalle.ms.decms.eu\/?page_id=1132"},"modified":"2022-12-14T17:20:19","modified_gmt":"2022-12-14T16:20:19","slug":"de-la-residence","status":"publish","type":"page","link":"https:\/\/www.residenzalefarfalle.it\/fr\/de-la-residence\/","title":{"rendered":"De la R\u00e9sidence"},"content":{"rendered":"<p>La r\u00e9sidence a \u00e9t\u00e9 con\u00e7ue pour des <strong>vacances en toute libert\u00e9, <\/strong>libre de contraintes et d\u2019horaires. Au sein de la r\u00e9sidence, la r\u00e9ception, en plus des formalit\u00e9s d\u2019accueil et de d\u00e9part et les demandes pour la maintenance, est <strong>\u00e0 votre disposition <\/strong>pour vous fournir <strong>des conseils <\/strong>sur la meilleure fa\u00e7on d\u2019organiser vos voyages et trouver des id\u00e9es pour votre temps libre.<\/p>\n<p>Parmi les services les plus int\u00e9ressants pour les clients de la R\u00e9sidence, signalons :<\/p>\n<ul>\n<li><strong>\u00a0piscine panoramique<\/strong> (pas chauff\u00e9e), avec vue panoramique sur le golfe d\u2019Asinara, \u00e9quip\u00e9e de <strong>chaises longues et parasols. <\/strong>Elle est ouverte du 7.06 au 13.09.<\/li>\n<li><strong>WI-FI gratuit<\/strong><\/li>\n<li><strong>location de v\u00e9los <\/strong>pour des promenades dans la nature<\/li>\n<li><strong>parking garanti<\/strong><\/li>\n<li><strong>kit de plage <\/strong>avec 1 parasol et 2 chaises longues (1 kit pour chaque appartement de vacances)<\/li>\n<\/ul>\n<p>*La connexion WiFi offert par la R\u00e9sidence comprennent: la navigation dans les sites ordinaires, l\u2019utilisation des syst\u00e8mes de messagerie \u00e9lectronique et\u00a0les social networks. Ne permet pas: t\u00e9l\u00e9charger des films, des vid\u00e9os, des jeux; films vue de streaming; synchronisation avec les syst\u00e8mes du nuage; lien vers les syst\u00e8mes de surveillance vid\u00e9o.<\/p>\n","protected":false},"excerpt":{"rendered":"<p>La r\u00e9sidence a \u00e9t\u00e9 con\u00e7ue pour des vacances en toute libert\u00e9, libre de contraintes et d\u2019horaires. Au sein de la r\u00e9sidence, la r\u00e9ception, en plus des formalit\u00e9s d\u2019accueil et de d\u00e9part et les demandes pour la maintenance, est \u00e0 votre disposition pour vous fournir des conseils sur la meilleure fa\u00e7on d\u2019organiser vos voyages et trouver [&hellip;]<\/p>\n","protected":false},"author":13,"featured_media":0,"parent":0,"menu_order":30,"comment_status":"closed","ping_status":"closed","template":"","meta":{"footnotes":""},"class_list":["post-1132","page","type-page","status-publish","hentry"],"yoast_head":"<!-- This site is optimized with the Yoast SEO plugin v26.9 - https:\/\/yoast.com\/product\/yoast-seo-wordpress\/ -->\n<title>De la R\u00e9sidence &#8226; Residenza Le Farfalle &#8226;<\/title>\n<meta name=\"description\" content=\"La r\u00e9sidence a \u00e9t\u00e9 con\u00e7ue pour des vacances en toute libert\u00e9, libre de contraintes et d\u2019horaires. Au sein de la r\u00e9sidence, la r\u00e9ception, en plus des formalit\u00e9s d\u2019accueil et de d\u00e9part et les demandes pour la maintenance, est \u00e0 votre disposition pour vous fournir des conseils sur la meilleure fa\u00e7on d\u2019organiser vos voyages et trouver des id\u00e9es pour votre temps libre.  Parmi les services les plus int\u00e9ressants pour les clients de la R\u00e9sidence, signalons :   \u00a0piscine panoramique (pas chauff\u00e9e), avec vue panoramique sur le golfe d\u2019Asinara, \u00e9quip\u00e9e de chaises longues et parasols\" \/>\n<meta name=\"robots\" content=\"index, follow, max-snippet:-1, max-image-preview:large, max-video-preview:-1\" \/>\n<link rel=\"canonical\" href=\"https:\/\/www.residenzalefarfalle.it\/fr\/de-la-residence\/\" \/>\n<meta property=\"og:locale\" content=\"fr_FR\" \/>\n<meta property=\"og:type\" content=\"article\" \/>\n<meta property=\"og:title\" content=\"De la R\u00e9sidence &#8226; Residenza Le Farfalle &#8226;\" \/>\n<meta property=\"og:description\" content=\"La r\u00e9sidence a \u00e9t\u00e9 con\u00e7ue pour des vacances en toute libert\u00e9, libre de contraintes et d\u2019horaires. Au sein de la r\u00e9sidence, la r\u00e9ception, en plus des formalit\u00e9s d\u2019accueil et de d\u00e9part et les demandes pour la maintenance, est \u00e0 votre disposition pour vous fournir des conseils sur la meilleure fa\u00e7on d\u2019organiser vos voyages et trouver des id\u00e9es pour votre temps libre.  Parmi les services les plus int\u00e9ressants pour les clients de la R\u00e9sidence, signalons :   \u00a0piscine panoramique (pas chauff\u00e9e), avec vue panoramique sur le golfe d\u2019Asinara, \u00e9quip\u00e9e de chaises longues et parasols\" \/>\n<meta property=\"og:url\" content=\"https:\/\/www.residenzalefarfalle.it\/fr\/de-la-residence\/\" \/>\n<meta property=\"og:site_name\" content=\"Residenza Le Farfalle\" \/>\n<meta name=\"twitter:card\" content=\"summary_large_image\" \/>\n<script type=\"application\/ld+json\" class=\"yoast-schema-graph\">{\"@context\":\"https:\/\/schema.org\",\"@graph\":[{\"@type\":\"WebPage\",\"@id\":\"https:\/\/www.residenzalefarfalle.it\/fr\/de-la-residence\/\",\"url\":\"https:\/\/www.residenzalefarfalle.it\/fr\/de-la-residence\/\",\"name\":\"De la R\u00e9sidence &#8226; Residenza Le Farfalle &#8226;\",\"isPartOf\":{\"@id\":\"https:\/\/www.residenzalefarfalle.it\/fr\/#website\"},\"datePublished\":\"2022-12-14T16:20:19+00:00\",\"description\":\"La r\u00e9sidence a \u00e9t\u00e9 con\u00e7ue pour des vacances en toute libert\u00e9, libre de contraintes et d\u2019horaires. Au sein de la r\u00e9sidence, la r\u00e9ception, en plus des formalit\u00e9s d\u2019accueil et de d\u00e9part et les demandes pour la maintenance, est \u00e0 votre disposition pour vous fournir des conseils sur la meilleure fa\u00e7on d\u2019organiser vos voyages et trouver des id\u00e9es pour votre temps libre. Parmi les services les plus int\u00e9ressants pour les clients de la R\u00e9sidence, signalons : \u2022 \u00a0piscine panoramique (pas chauff\u00e9e), avec vue panoramique sur le golfe d\u2019Asinara, \u00e9quip\u00e9e de chaises longues et parasols\",\"breadcrumb\":{\"@id\":\"https:\/\/www.residenzalefarfalle.it\/fr\/de-la-residence\/#breadcrumb\"},\"inLanguage\":\"fr-FR\",\"potentialAction\":[{\"@type\":\"ReadAction\",\"target\":[\"https:\/\/www.residenzalefarfalle.it\/fr\/de-la-residence\/\"]}]},{\"@type\":\"BreadcrumbList\",\"@id\":\"https:\/\/www.residenzalefarfalle.it\/fr\/de-la-residence\/#breadcrumb\",\"itemListElement\":[{\"@type\":\"ListItem\",\"position\":1,\"name\":\"Home\",\"item\":\"https:\/\/www.residenzalefarfalle.it\/fr\/\"},{\"@type\":\"ListItem\",\"position\":2,\"name\":\"De la R\u00e9sidence\"}]},{\"@type\":\"WebSite\",\"@id\":\"https:\/\/www.residenzalefarfalle.it\/fr\/#website\",\"url\":\"https:\/\/www.residenzalefarfalle.it\/fr\/\",\"name\":\"Residenza Le Farfalle\",\"description\":\"Ecco un altro sito ms.decms.eu\",\"potentialAction\":[{\"@type\":\"SearchAction\",\"target\":{\"@type\":\"EntryPoint\",\"urlTemplate\":\"https:\/\/www.residenzalefarfalle.it\/fr\/?s={search_term_string}\"},\"query-input\":{\"@type\":\"PropertyValueSpecification\",\"valueRequired\":true,\"valueName\":\"search_term_string\"}}],\"inLanguage\":\"fr-FR\"}]}<\/script>\n<!-- \/ Yoast SEO plugin. -->","yoast_head_json":{"title":"De la R\u00e9sidence &#8226; Residenza Le Farfalle &#8226;","description":"La r\u00e9sidence a \u00e9t\u00e9 con\u00e7ue pour des vacances en toute libert\u00e9, libre de contraintes et d\u2019horaires. Au sein de la r\u00e9sidence, la r\u00e9ception, en plus des formalit\u00e9s d\u2019accueil et de d\u00e9part et les demandes pour la maintenance, est \u00e0 votre disposition pour vous fournir des conseils sur la meilleure fa\u00e7on d\u2019organiser vos voyages et trouver des id\u00e9es pour votre temps libre.  Parmi les services les plus int\u00e9ressants pour les clients de la R\u00e9sidence, signalons :   \u00a0piscine panoramique (pas chauff\u00e9e), avec vue panoramique sur le golfe d\u2019Asinara, \u00e9quip\u00e9e de chaises longues et parasols","robots":{"index":"index","follow":"follow","max-snippet":"max-snippet:-1","max-image-preview":"max-image-preview:large","max-video-preview":"max-video-preview:-1"},"canonical":"https:\/\/www.residenzalefarfalle.it\/fr\/de-la-residence\/","og_locale":"fr_FR","og_type":"article","og_title":"De la R\u00e9sidence &#8226; Residenza Le Farfalle &#8226;","og_description":"La r\u00e9sidence a \u00e9t\u00e9 con\u00e7ue pour des vacances en toute libert\u00e9, libre de contraintes et d\u2019horaires. Au sein de la r\u00e9sidence, la r\u00e9ception, en plus des formalit\u00e9s d\u2019accueil et de d\u00e9part et les demandes pour la maintenance, est \u00e0 votre disposition pour vous fournir des conseils sur la meilleure fa\u00e7on d\u2019organiser vos voyages et trouver des id\u00e9es pour votre temps libre.  Parmi les services les plus int\u00e9ressants pour les clients de la R\u00e9sidence, signalons :   \u00a0piscine panoramique (pas chauff\u00e9e), avec vue panoramique sur le golfe d\u2019Asinara, \u00e9quip\u00e9e de chaises longues et parasols","og_url":"https:\/\/www.residenzalefarfalle.it\/fr\/de-la-residence\/","og_site_name":"Residenza Le Farfalle","twitter_card":"summary_large_image","schema":{"@context":"https:\/\/schema.org","@graph":[{"@type":"WebPage","@id":"https:\/\/www.residenzalefarfalle.it\/fr\/de-la-residence\/","url":"https:\/\/www.residenzalefarfalle.it\/fr\/de-la-residence\/","name":"De la R\u00e9sidence &#8226; Residenza Le Farfalle &#8226;","isPartOf":{"@id":"https:\/\/www.residenzalefarfalle.it\/fr\/#website"},"datePublished":"2022-12-14T16:20:19+00:00","description":"La r\u00e9sidence a \u00e9t\u00e9 con\u00e7ue pour des vacances en toute libert\u00e9, libre de contraintes et d\u2019horaires. Au sein de la r\u00e9sidence, la r\u00e9ception, en plus des formalit\u00e9s d\u2019accueil et de d\u00e9part et les demandes pour la maintenance, est \u00e0 votre disposition pour vous fournir des conseils sur la meilleure fa\u00e7on d\u2019organiser vos voyages et trouver des id\u00e9es pour votre temps libre. Parmi les services les plus int\u00e9ressants pour les clients de la R\u00e9sidence, signalons : \u2022 \u00a0piscine panoramique (pas chauff\u00e9e), avec vue panoramique sur le golfe d\u2019Asinara, \u00e9quip\u00e9e de chaises longues et parasols","breadcrumb":{"@id":"https:\/\/www.residenzalefarfalle.it\/fr\/de-la-residence\/#breadcrumb"},"inLanguage":"fr-FR","potentialAction":[{"@type":"ReadAction","target":["https:\/\/www.residenzalefarfalle.it\/fr\/de-la-residence\/"]}]},{"@type":"BreadcrumbList","@id":"https:\/\/www.residenzalefarfalle.it\/fr\/de-la-residence\/#breadcrumb","itemListElement":[{"@type":"ListItem","position":1,"name":"Home","item":"https:\/\/www.residenzalefarfalle.it\/fr\/"},{"@type":"ListItem","position":2,"name":"De la R\u00e9sidence"}]},{"@type":"WebSite","@id":"https:\/\/www.residenzalefarfalle.it\/fr\/#website","url":"https:\/\/www.residenzalefarfalle.it\/fr\/","name":"Residenza Le Farfalle","description":"Ecco un altro sito ms.decms.eu","potentialAction":[{"@type":"SearchAction","target":{"@type":"EntryPoint","urlTemplate":"https:\/\/www.residenzalefarfalle.it\/fr\/?s={search_term_string}"},"query-input":{"@type":"PropertyValueSpecification","valueRequired":true,"valueName":"search_term_string"}}],"inLanguage":"fr-FR"}]}},"acf":[],"_links":{"self":[{"href":"https:\/\/www.residenzalefarfalle.it\/fr\/wp-json\/wp\/v2\/pages\/1132","targetHints":{"allow":["GET"]}}],"collection":[{"href":"https:\/\/www.residenzalefarfalle.it\/fr\/wp-json\/wp\/v2\/pages"}],"about":[{"href":"https:\/\/www.residenzalefarfalle.it\/fr\/wp-json\/wp\/v2\/types\/page"}],"author":[{"embeddable":true,"href":"https:\/\/www.residenzalefarfalle.it\/fr\/wp-json\/wp\/v2\/users\/13"}],"replies":[{"embeddable":true,"href":"https:\/\/www.residenzalefarfalle.it\/fr\/wp-json\/wp\/v2\/comments?post=1132"}],"version-history":[{"count":0,"href":"https:\/\/www.residenzalefarfalle.it\/fr\/wp-json\/wp\/v2\/pages\/1132\/revisions"}],"wp:attachment":[{"href":"https:\/\/www.residenzalefarfalle.it\/fr\/wp-json\/wp\/v2\/media?parent=1132"}],"curies":[{"name":"wp","href":"https:\/\/api.w.org\/{rel}","templated":true}]}}