
{"id":1124,"date":"2022-12-14T17:14:02","date_gmt":"2022-12-14T16:14:02","guid":{"rendered":"https:\/\/residenzalefarfalle.ms.decms.eu\/?page_id=1124"},"modified":"2022-12-14T17:16:46","modified_gmt":"2022-12-14T16:16:46","slug":"les-appartements","status":"publish","type":"page","link":"https:\/\/www.residenzalefarfalle.it\/fr\/les-appartements\/","title":{"rendered":"Les Appartements"},"content":{"rendered":"<p>Les <strong>appartements <\/strong>de la R\u00e9sidence<b> <\/b>entourent la grande <strong>piscine panoramique<\/strong> et peuvent \u00eatre des <strong>appartements avec vue sur la mer <\/strong>dont la majorit\u00e9 est situ\u00e9e au premier \u00e9tage ou <strong>des appartements avec vue sur la piscine <\/strong>et la campagne situ\u00e9s au rez-de-chauss\u00e9e.<\/p>\n<p>Malgr\u00e9 l\u2019environnement de calme et de d\u00e9tente, tout a \u00e9t\u00e9 con\u00e7u pour vous offrir un s\u00e9jour dans de vraies maisons, d\u00e9cor\u00e9es et \u00e9quip\u00e9es avec toutes les commodit\u00e9s ; tous les appartements, en fait, disposent de :<\/p>\n<ul>\n<li>coin cuisine \u00e9quip\u00e9e, donnant sur le salon\/s\u00e9jour ;<\/li>\n<li>salon avec canap\u00e9-lit double et salle \u00e0 manger ;<\/li>\n<li>v\u00e9randa couverte et \u00e9quip\u00e9e pour profiter de repas en plein air (du printemps \u00e0 l\u2019automne) ;<\/li>\n<li><strong>connexion WIFI gratuite*<\/strong>;<\/li>\n<li><strong>TV couleur, machine \u00e0 laver et\u00a0s\u00e8che-cheveux<\/strong> ;<\/li>\n<li>climatisation (en option, \u00e0 payer sur place)<\/li>\n<li>salle de bains avec douche ;<\/li>\n<li>espace de stationnement ext\u00e9rieur.<\/li>\n<\/ul>\n","protected":false},"excerpt":{"rendered":"<p>Les appartements de la R\u00e9sidence entourent la grande piscine panoramique et peuvent \u00eatre des appartements avec vue sur la mer dont la majorit\u00e9 est situ\u00e9e au premier \u00e9tage ou des appartements avec vue sur la piscine et la campagne situ\u00e9s au rez-de-chauss\u00e9e. Malgr\u00e9 l\u2019environnement de calme et de d\u00e9tente, tout a \u00e9t\u00e9 con\u00e7u pour vous [&hellip;]<\/p>\n","protected":false},"author":13,"featured_media":0,"parent":0,"menu_order":20,"comment_status":"closed","ping_status":"closed","template":"template-default-3.php","meta":{"footnotes":""},"class_list":["post-1124","page","type-page","status-publish","hentry"],"yoast_head":"<!-- This site is optimized with the Yoast SEO plugin v26.9 - https:\/\/yoast.com\/product\/yoast-seo-wordpress\/ -->\n<title>Les Appartements &#8226; Residenza Le Farfalle &#8226;<\/title>\n<meta name=\"description\" content=\"Les appartements de la R\u00e9sidence entourent la grande piscine panoramique et peuvent \u00eatre des appartements avec vue sur la mer dont la majorit\u00e9 est situ\u00e9e au premier \u00e9tage ou des appartements avec vue sur la piscine et la campagne situ\u00e9s au rez-de-chauss\u00e9e.  Malgr\u00e9 l\u2019environnement de calme et de d\u00e9tente, tout a \u00e9t\u00e9 con\u00e7u pour vous offrir un s\u00e9jour dans de vraies maisons, d\u00e9cor\u00e9es et \u00e9quip\u00e9es avec toutes les commodit\u00e9s ; tous les appartements, en fait, disposent de :   coin cuisine \u00e9quip\u00e9e, donnant sur le salon\/s\u00e9jour ;  salon avec canap\u00e9-lit double et salle \u00e0 manger ;  v\u00e9randa couverte et \u00e9quip\u00e9e pour profiter de repas en plein air (du printemps \u00e0 l\u2019automne) ;  connexion WIFI gratuite*;  TV couleur, machine \u00e0 laver et\u00a0s\u00e8che-cheveux ;  climatisation (en option, \u00e0 payer sur place)  salle de bains avec douche ;  espace de stationnement ext\u00e9rieur. .\" \/>\n<meta name=\"robots\" content=\"index, follow, max-snippet:-1, max-image-preview:large, max-video-preview:-1\" \/>\n<link rel=\"canonical\" href=\"https:\/\/www.residenzalefarfalle.it\/fr\/les-appartements\/\" \/>\n<meta property=\"og:locale\" content=\"fr_FR\" \/>\n<meta property=\"og:type\" content=\"article\" \/>\n<meta property=\"og:title\" content=\"Les Appartements &#8226; Residenza Le Farfalle &#8226;\" \/>\n<meta property=\"og:description\" content=\"Les appartements de la R\u00e9sidence entourent la grande piscine panoramique et peuvent \u00eatre des appartements avec vue sur la mer dont la majorit\u00e9 est situ\u00e9e au premier \u00e9tage ou des appartements avec vue sur la piscine et la campagne situ\u00e9s au rez-de-chauss\u00e9e.  Malgr\u00e9 l\u2019environnement de calme et de d\u00e9tente, tout a \u00e9t\u00e9 con\u00e7u pour vous offrir un s\u00e9jour dans de vraies maisons, d\u00e9cor\u00e9es et \u00e9quip\u00e9es avec toutes les commodit\u00e9s ; tous les appartements, en fait, disposent de :   coin cuisine \u00e9quip\u00e9e, donnant sur le salon\/s\u00e9jour ;  salon avec canap\u00e9-lit double et salle \u00e0 manger ;  v\u00e9randa couverte et \u00e9quip\u00e9e pour profiter de repas en plein air (du printemps \u00e0 l\u2019automne) ;  connexion WIFI gratuite*;  TV couleur, machine \u00e0 laver et\u00a0s\u00e8che-cheveux ;  climatisation (en option, \u00e0 payer sur place)  salle de bains avec douche ;  espace de stationnement ext\u00e9rieur. .\" \/>\n<meta property=\"og:url\" content=\"https:\/\/www.residenzalefarfalle.it\/fr\/les-appartements\/\" \/>\n<meta property=\"og:site_name\" content=\"Residenza Le Farfalle\" \/>\n<meta property=\"article:modified_time\" content=\"2022-12-14T16:16:46+00:00\" \/>\n<meta name=\"twitter:card\" content=\"summary_large_image\" \/>\n<meta name=\"twitter:label1\" content=\"Dur\u00e9e de lecture estim\u00e9e\" \/>\n\t<meta name=\"twitter:data1\" content=\"1 minute\" \/>\n<script type=\"application\/ld+json\" class=\"yoast-schema-graph\">{\"@context\":\"https:\/\/schema.org\",\"@graph\":[{\"@type\":\"WebPage\",\"@id\":\"https:\/\/www.residenzalefarfalle.it\/fr\/les-appartements\/\",\"url\":\"https:\/\/www.residenzalefarfalle.it\/fr\/les-appartements\/\",\"name\":\"Les Appartements &#8226; Residenza Le Farfalle &#8226;\",\"isPartOf\":{\"@id\":\"https:\/\/www.residenzalefarfalle.it\/fr\/#website\"},\"datePublished\":\"2022-12-14T16:14:02+00:00\",\"dateModified\":\"2022-12-14T16:16:46+00:00\",\"description\":\"Les appartements de la R\u00e9sidence entourent la grande piscine panoramique et peuvent \u00eatre des appartements avec vue sur la mer dont la majorit\u00e9 est situ\u00e9e au premier \u00e9tage ou des appartements avec vue sur la piscine et la campagne situ\u00e9s au rez-de-chauss\u00e9e. Malgr\u00e9 l\u2019environnement de calme et de d\u00e9tente, tout a \u00e9t\u00e9 con\u00e7u pour vous offrir un s\u00e9jour dans de vraies maisons, d\u00e9cor\u00e9es et \u00e9quip\u00e9es avec toutes les commodit\u00e9s ; tous les appartements, en fait, disposent de : \u2022 coin cuisine \u00e9quip\u00e9e, donnant sur le salon\/s\u00e9jour ; \u2022 salon avec canap\u00e9-lit double et salle \u00e0 manger ; \u2022 v\u00e9randa couverte et \u00e9quip\u00e9e pour profiter de repas en plein air (du printemps \u00e0 l\u2019automne) ; \u2022 connexion WIFI gratuite*; \u2022 TV couleur, machine \u00e0 laver et\u00a0s\u00e8che-cheveux ; \u2022 climatisation (en option, \u00e0 payer sur place) \u2022 salle de bains avec douche ; \u2022 espace de stationnement ext\u00e9rieur. .\",\"breadcrumb\":{\"@id\":\"https:\/\/www.residenzalefarfalle.it\/fr\/les-appartements\/#breadcrumb\"},\"inLanguage\":\"fr-FR\",\"potentialAction\":[{\"@type\":\"ReadAction\",\"target\":[\"https:\/\/www.residenzalefarfalle.it\/fr\/les-appartements\/\"]}]},{\"@type\":\"BreadcrumbList\",\"@id\":\"https:\/\/www.residenzalefarfalle.it\/fr\/les-appartements\/#breadcrumb\",\"itemListElement\":[{\"@type\":\"ListItem\",\"position\":1,\"name\":\"Home\",\"item\":\"https:\/\/www.residenzalefarfalle.it\/fr\/\"},{\"@type\":\"ListItem\",\"position\":2,\"name\":\"Les Appartements\"}]},{\"@type\":\"WebSite\",\"@id\":\"https:\/\/www.residenzalefarfalle.it\/fr\/#website\",\"url\":\"https:\/\/www.residenzalefarfalle.it\/fr\/\",\"name\":\"Residenza Le Farfalle\",\"description\":\"Ecco un altro sito ms.decms.eu\",\"potentialAction\":[{\"@type\":\"SearchAction\",\"target\":{\"@type\":\"EntryPoint\",\"urlTemplate\":\"https:\/\/www.residenzalefarfalle.it\/fr\/?s={search_term_string}\"},\"query-input\":{\"@type\":\"PropertyValueSpecification\",\"valueRequired\":true,\"valueName\":\"search_term_string\"}}],\"inLanguage\":\"fr-FR\"}]}<\/script>\n<!-- \/ Yoast SEO plugin. -->","yoast_head_json":{"title":"Les Appartements &#8226; Residenza Le Farfalle &#8226;","description":"Les appartements de la R\u00e9sidence entourent la grande piscine panoramique et peuvent \u00eatre des appartements avec vue sur la mer dont la majorit\u00e9 est situ\u00e9e au premier \u00e9tage ou des appartements avec vue sur la piscine et la campagne situ\u00e9s au rez-de-chauss\u00e9e.  Malgr\u00e9 l\u2019environnement de calme et de d\u00e9tente, tout a \u00e9t\u00e9 con\u00e7u pour vous offrir un s\u00e9jour dans de vraies maisons, d\u00e9cor\u00e9es et \u00e9quip\u00e9es avec toutes les commodit\u00e9s ; tous les appartements, en fait, disposent de :   coin cuisine \u00e9quip\u00e9e, donnant sur le salon\/s\u00e9jour ;  salon avec canap\u00e9-lit double et salle \u00e0 manger ;  v\u00e9randa couverte et \u00e9quip\u00e9e pour profiter de repas en plein air (du printemps \u00e0 l\u2019automne) ;  connexion WIFI gratuite*;  TV couleur, machine \u00e0 laver et\u00a0s\u00e8che-cheveux ;  climatisation (en option, \u00e0 payer sur place)  salle de bains avec douche ;  espace de stationnement ext\u00e9rieur. .","robots":{"index":"index","follow":"follow","max-snippet":"max-snippet:-1","max-image-preview":"max-image-preview:large","max-video-preview":"max-video-preview:-1"},"canonical":"https:\/\/www.residenzalefarfalle.it\/fr\/les-appartements\/","og_locale":"fr_FR","og_type":"article","og_title":"Les Appartements &#8226; Residenza Le Farfalle &#8226;","og_description":"Les appartements de la R\u00e9sidence entourent la grande piscine panoramique et peuvent \u00eatre des appartements avec vue sur la mer dont la majorit\u00e9 est situ\u00e9e au premier \u00e9tage ou des appartements avec vue sur la piscine et la campagne situ\u00e9s au rez-de-chauss\u00e9e.  Malgr\u00e9 l\u2019environnement de calme et de d\u00e9tente, tout a \u00e9t\u00e9 con\u00e7u pour vous offrir un s\u00e9jour dans de vraies maisons, d\u00e9cor\u00e9es et \u00e9quip\u00e9es avec toutes les commodit\u00e9s ; tous les appartements, en fait, disposent de :   coin cuisine \u00e9quip\u00e9e, donnant sur le salon\/s\u00e9jour ;  salon avec canap\u00e9-lit double et salle \u00e0 manger ;  v\u00e9randa couverte et \u00e9quip\u00e9e pour profiter de repas en plein air (du printemps \u00e0 l\u2019automne) ;  connexion WIFI gratuite*;  TV couleur, machine \u00e0 laver et\u00a0s\u00e8che-cheveux ;  climatisation (en option, \u00e0 payer sur place)  salle de bains avec douche ;  espace de stationnement ext\u00e9rieur. .","og_url":"https:\/\/www.residenzalefarfalle.it\/fr\/les-appartements\/","og_site_name":"Residenza Le Farfalle","article_modified_time":"2022-12-14T16:16:46+00:00","twitter_card":"summary_large_image","twitter_misc":{"Dur\u00e9e de lecture estim\u00e9e":"1 minute"},"schema":{"@context":"https:\/\/schema.org","@graph":[{"@type":"WebPage","@id":"https:\/\/www.residenzalefarfalle.it\/fr\/les-appartements\/","url":"https:\/\/www.residenzalefarfalle.it\/fr\/les-appartements\/","name":"Les Appartements &#8226; Residenza Le Farfalle &#8226;","isPartOf":{"@id":"https:\/\/www.residenzalefarfalle.it\/fr\/#website"},"datePublished":"2022-12-14T16:14:02+00:00","dateModified":"2022-12-14T16:16:46+00:00","description":"Les appartements de la R\u00e9sidence entourent la grande piscine panoramique et peuvent \u00eatre des appartements avec vue sur la mer dont la majorit\u00e9 est situ\u00e9e au premier \u00e9tage ou des appartements avec vue sur la piscine et la campagne situ\u00e9s au rez-de-chauss\u00e9e. Malgr\u00e9 l\u2019environnement de calme et de d\u00e9tente, tout a \u00e9t\u00e9 con\u00e7u pour vous offrir un s\u00e9jour dans de vraies maisons, d\u00e9cor\u00e9es et \u00e9quip\u00e9es avec toutes les commodit\u00e9s ; tous les appartements, en fait, disposent de : \u2022 coin cuisine \u00e9quip\u00e9e, donnant sur le salon\/s\u00e9jour ; \u2022 salon avec canap\u00e9-lit double et salle \u00e0 manger ; \u2022 v\u00e9randa couverte et \u00e9quip\u00e9e pour profiter de repas en plein air (du printemps \u00e0 l\u2019automne) ; \u2022 connexion WIFI gratuite*; \u2022 TV couleur, machine \u00e0 laver et\u00a0s\u00e8che-cheveux ; \u2022 climatisation (en option, \u00e0 payer sur place) \u2022 salle de bains avec douche ; \u2022 espace de stationnement ext\u00e9rieur. .","breadcrumb":{"@id":"https:\/\/www.residenzalefarfalle.it\/fr\/les-appartements\/#breadcrumb"},"inLanguage":"fr-FR","potentialAction":[{"@type":"ReadAction","target":["https:\/\/www.residenzalefarfalle.it\/fr\/les-appartements\/"]}]},{"@type":"BreadcrumbList","@id":"https:\/\/www.residenzalefarfalle.it\/fr\/les-appartements\/#breadcrumb","itemListElement":[{"@type":"ListItem","position":1,"name":"Home","item":"https:\/\/www.residenzalefarfalle.it\/fr\/"},{"@type":"ListItem","position":2,"name":"Les Appartements"}]},{"@type":"WebSite","@id":"https:\/\/www.residenzalefarfalle.it\/fr\/#website","url":"https:\/\/www.residenzalefarfalle.it\/fr\/","name":"Residenza Le Farfalle","description":"Ecco un altro sito ms.decms.eu","potentialAction":[{"@type":"SearchAction","target":{"@type":"EntryPoint","urlTemplate":"https:\/\/www.residenzalefarfalle.it\/fr\/?s={search_term_string}"},"query-input":{"@type":"PropertyValueSpecification","valueRequired":true,"valueName":"search_term_string"}}],"inLanguage":"fr-FR"}]}},"acf":[],"_links":{"self":[{"href":"https:\/\/www.residenzalefarfalle.it\/fr\/wp-json\/wp\/v2\/pages\/1124","targetHints":{"allow":["GET"]}}],"collection":[{"href":"https:\/\/www.residenzalefarfalle.it\/fr\/wp-json\/wp\/v2\/pages"}],"about":[{"href":"https:\/\/www.residenzalefarfalle.it\/fr\/wp-json\/wp\/v2\/types\/page"}],"author":[{"embeddable":true,"href":"https:\/\/www.residenzalefarfalle.it\/fr\/wp-json\/wp\/v2\/users\/13"}],"replies":[{"embeddable":true,"href":"https:\/\/www.residenzalefarfalle.it\/fr\/wp-json\/wp\/v2\/comments?post=1124"}],"version-history":[{"count":0,"href":"https:\/\/www.residenzalefarfalle.it\/fr\/wp-json\/wp\/v2\/pages\/1124\/revisions"}],"wp:attachment":[{"href":"https:\/\/www.residenzalefarfalle.it\/fr\/wp-json\/wp\/v2\/media?parent=1124"}],"curies":[{"name":"wp","href":"https:\/\/api.w.org\/{rel}","templated":true}]}}