
{"id":280,"date":"2022-12-06T15:56:52","date_gmt":"2022-12-06T14:56:52","guid":{"rendered":"https:\/\/residenzalefarfalle.ms.decms.eu\/?page_id=280"},"modified":"2023-01-09T17:51:05","modified_gmt":"2023-01-09T16:51:05","slug":"residencia-le-farfalle","status":"publish","type":"page","link":"https:\/\/www.residenzalefarfalle.it\/es\/","title":{"rendered":"Residencia Le Farfalle"},"content":{"rendered":"<p>\u00bfC\u00f3mo se imagina sus\u00a0<strong>vacaciones perfectas en Cerde\u00f1a<\/strong>?<\/p>\n<p><strong>Apartamentos con vistas al mar<\/strong>, en plena naturaleza,\u00a0<strong>cuidados al detalle<\/strong>\u00a0y\u00a0<strong>en una ubicaci\u00f3n perfecta<\/strong>, entre el mar y el campo. La residencia Le Farfalle\u00a0es nuestra respuesta a esta pregunta.<\/p>\n<p>Ubicada en\u00a0<strong>Tergu<\/strong>\u00a0(a pocos minutos de\u00a0<strong>Castelsardo<\/strong>) en una zona tranquila, cerca de todos los servicios, la Residencia Le Farfalle le ofrece lo mejor de\u00a0<strong>las vacaciones en Cerde\u00f1a<\/strong>:<\/p>\n<ul>\n<li>Apartamentos con\u00a0<strong>piscina<\/strong>\u00a0de nueva construcci\u00f3n (una vista que es motivo suficiente para irse de vacaciones).<\/li>\n<li>Incontables\u00a0<strong>playas impresion<\/strong><strong>a<\/strong><strong>ntes<\/strong>\u00a0a pocos kil\u00f3metros, para unas vacaciones siempre diferentes.<\/li>\n<li><strong>Excursiones<\/strong><strong><a title=\"Excursiones\" href=\"https:\/\/www.residenzalefarfalle.it\/es\/excursiones\/\">\u00a0<\/a>en la naturaleza <\/strong>a pie, en bicicleta o a caballo para descubrir la fascinante <strong>tradici\u00f3n sarda.<\/strong><\/li>\n<li>Todos los\u00a0<strong>servicios<\/strong>\u00a0est\u00e1n a poca distancia del centro de Tergu\u00a0y todas las facilidades, como\u00a0<strong>el puerto nuevo de Castelsardo<\/strong>\u00a0(punto de partida de maravillosas excursiones mar\u00edtimas), los restaurantes t\u00edpicos y los lugares de ocio nocturnos est\u00e1n a menos de 10 minutos en coche.<\/li>\n<\/ul>\n<p>No importa si sus vacaciones ideales est\u00e1n hechas de tranquilidad, mar o excursiones, hemos dise\u00f1ado la Residencia Le Farfalle para garantizarle que no tenga que comprometerse en nada.<\/p>\n","protected":false},"excerpt":{"rendered":"<p>\u00bfC\u00f3mo se imagina sus\u00a0vacaciones perfectas en Cerde\u00f1a? Apartamentos con vistas al mar, en plena naturaleza,\u00a0cuidados al detalle\u00a0y\u00a0en una ubicaci\u00f3n perfecta, entre el mar y el campo. La residencia Le Farfalle\u00a0es nuestra respuesta a esta pregunta. Ubicada en\u00a0Tergu\u00a0(a pocos minutos de\u00a0Castelsardo) en una zona tranquila, cerca de todos los servicios, la Residencia Le Farfalle le ofrece [&hellip;]<\/p>\n","protected":false},"author":13,"featured_media":0,"parent":0,"menu_order":10,"comment_status":"closed","ping_status":"closed","template":"","meta":{"footnotes":""},"class_list":["post-280","page","type-page","status-publish","hentry"],"yoast_head":"<!-- This site is optimized with the Yoast SEO plugin v26.9 - https:\/\/yoast.com\/product\/yoast-seo-wordpress\/ -->\n<title>Residencia Le Farfalle &#8226; Residenza Le Farfalle &#8226;<\/title>\n<meta name=\"description\" content=\"\u00bfC\u00f3mo se imagina sus\u00a0vacaciones perfectas en Cerde\u00f1a?  Apartamentos con vistas al mar, en plena naturaleza,\u00a0cuidados al detalle\u00a0y\u00a0en una ubicaci\u00f3n perfecta, entre el mar y el campo. La residencia Le Farfalle\u00a0es nuestra respuesta a esta pregunta.  Ubicada en\u00a0Tergu\u00a0(a pocos minutos de\u00a0Castelsardo) en una zona tranquila, cerca de todos los servicios, la Residencia Le Farfalle le ofrece lo mejor de\u00a0las vacaciones en Cerde\u00f1a:   Apartamentos con\u00a0piscina\u00a0de nueva construcci\u00f3n (una vista que es motivo suficiente para irse de vacaciones).  Incontables\u00a0playas impresionantes\u00a0a pocos kil\u00f3metros, para unas vacaciones siempre diferentes.  Excursiones\u00a0en la naturaleza a pie, en bicicleta o a caballo para descubrir la fascinante tradici\u00f3n sarda.  Todos los\u00a0servicios\u00a0est\u00e1n a poca distancia del centro de Tergu\u00a0y todas las facilidades, como\u00a0el puerto nuevo de Castelsardo\u00a0(punto de partida de maravillosas excursiones mar\u00edtimas), los restaurantes t\u00edpicos y los lugares de ocio nocturnos est\u00e1n a menos de 10 minutos en coche.  No importa si sus vacaciones ideales est\u00e1n hechas de tranquilidad, mar o excursiones, hemos dise\u00f1ado la Residencia Le Farfalle para garantizarle que no tenga que comprometerse en nada.\" \/>\n<meta name=\"robots\" content=\"index, follow, max-snippet:-1, max-image-preview:large, max-video-preview:-1\" \/>\n<link rel=\"canonical\" href=\"https:\/\/www.residenzalefarfalle.it\/es\/\" \/>\n<meta property=\"og:locale\" content=\"es_ES\" \/>\n<meta property=\"og:type\" content=\"article\" \/>\n<meta property=\"og:title\" content=\"Residencia Le Farfalle &#8226; Residenza Le Farfalle &#8226;\" \/>\n<meta property=\"og:description\" content=\"\u00bfC\u00f3mo se imagina sus\u00a0vacaciones perfectas en Cerde\u00f1a?  Apartamentos con vistas al mar, en plena naturaleza,\u00a0cuidados al detalle\u00a0y\u00a0en una ubicaci\u00f3n perfecta, entre el mar y el campo. La residencia Le Farfalle\u00a0es nuestra respuesta a esta pregunta.  Ubicada en\u00a0Tergu\u00a0(a pocos minutos de\u00a0Castelsardo) en una zona tranquila, cerca de todos los servicios, la Residencia Le Farfalle le ofrece lo mejor de\u00a0las vacaciones en Cerde\u00f1a:   Apartamentos con\u00a0piscina\u00a0de nueva construcci\u00f3n (una vista que es motivo suficiente para irse de vacaciones).  Incontables\u00a0playas impresionantes\u00a0a pocos kil\u00f3metros, para unas vacaciones siempre diferentes.  Excursiones\u00a0en la naturaleza a pie, en bicicleta o a caballo para descubrir la fascinante tradici\u00f3n sarda.  Todos los\u00a0servicios\u00a0est\u00e1n a poca distancia del centro de Tergu\u00a0y todas las facilidades, como\u00a0el puerto nuevo de Castelsardo\u00a0(punto de partida de maravillosas excursiones mar\u00edtimas), los restaurantes t\u00edpicos y los lugares de ocio nocturnos est\u00e1n a menos de 10 minutos en coche.  No importa si sus vacaciones ideales est\u00e1n hechas de tranquilidad, mar o excursiones, hemos dise\u00f1ado la Residencia Le Farfalle para garantizarle que no tenga que comprometerse en nada.\" \/>\n<meta property=\"og:url\" content=\"https:\/\/www.residenzalefarfalle.it\/es\/\" \/>\n<meta property=\"og:site_name\" content=\"Residenza Le Farfalle\" \/>\n<meta property=\"article:modified_time\" content=\"2023-01-09T16:51:05+00:00\" \/>\n<meta name=\"twitter:card\" content=\"summary_large_image\" \/>\n<meta name=\"twitter:label1\" content=\"Tiempo de lectura\" \/>\n\t<meta name=\"twitter:data1\" content=\"2 minutos\" \/>\n<script type=\"application\/ld+json\" class=\"yoast-schema-graph\">{\"@context\":\"https:\/\/schema.org\",\"@graph\":[{\"@type\":\"WebPage\",\"@id\":\"https:\/\/www.residenzalefarfalle.it\/es\/\",\"url\":\"https:\/\/www.residenzalefarfalle.it\/es\/\",\"name\":\"Residencia Le Farfalle &#8226; Residenza Le Farfalle &#8226;\",\"isPartOf\":{\"@id\":\"https:\/\/www.residenzalefarfalle.it\/es\/#website\"},\"datePublished\":\"2022-12-06T14:56:52+00:00\",\"dateModified\":\"2023-01-09T16:51:05+00:00\",\"description\":\"\u00bfC\u00f3mo se imagina sus\u00a0vacaciones perfectas en Cerde\u00f1a? Apartamentos con vistas al mar, en plena naturaleza,\u00a0cuidados al detalle\u00a0y\u00a0en una ubicaci\u00f3n perfecta, entre el mar y el campo. La residencia Le Farfalle\u00a0es nuestra respuesta a esta pregunta. Ubicada en\u00a0Tergu\u00a0(a pocos minutos de\u00a0Castelsardo) en una zona tranquila, cerca de todos los servicios, la Residencia Le Farfalle le ofrece lo mejor de\u00a0las vacaciones en Cerde\u00f1a: \u2022 Apartamentos con\u00a0piscina\u00a0de nueva construcci\u00f3n (una vista que es motivo suficiente para irse de vacaciones). \u2022 Incontables\u00a0playas impresionantes\u00a0a pocos kil\u00f3metros, para unas vacaciones siempre diferentes. \u2022 Excursiones\u00a0en la naturaleza a pie, en bicicleta o a caballo para descubrir la fascinante tradici\u00f3n sarda. \u2022 Todos los\u00a0servicios\u00a0est\u00e1n a poca distancia del centro de Tergu\u00a0y todas las facilidades, como\u00a0el puerto nuevo de Castelsardo\u00a0(punto de partida de maravillosas excursiones mar\u00edtimas), los restaurantes t\u00edpicos y los lugares de ocio nocturnos est\u00e1n a menos de 10 minutos en coche. No importa si sus vacaciones ideales est\u00e1n hechas de tranquilidad, mar o excursiones, hemos dise\u00f1ado la Residencia Le Farfalle para garantizarle que no tenga que comprometerse en nada.\",\"breadcrumb\":{\"@id\":\"https:\/\/www.residenzalefarfalle.it\/es\/#breadcrumb\"},\"inLanguage\":\"es\",\"potentialAction\":[{\"@type\":\"ReadAction\",\"target\":[\"https:\/\/www.residenzalefarfalle.it\/es\/\"]}]},{\"@type\":\"BreadcrumbList\",\"@id\":\"https:\/\/www.residenzalefarfalle.it\/es\/#breadcrumb\",\"itemListElement\":[{\"@type\":\"ListItem\",\"position\":1,\"name\":\"Home\",\"item\":\"https:\/\/www.residenzalefarfalle.it\/es\/\"},{\"@type\":\"ListItem\",\"position\":2,\"name\":\"Residencia Le Farfalle\"}]},{\"@type\":\"WebSite\",\"@id\":\"https:\/\/www.residenzalefarfalle.it\/es\/#website\",\"url\":\"https:\/\/www.residenzalefarfalle.it\/es\/\",\"name\":\"Residenza Le Farfalle\",\"description\":\"Ecco un altro sito ms.decms.eu\",\"potentialAction\":[{\"@type\":\"SearchAction\",\"target\":{\"@type\":\"EntryPoint\",\"urlTemplate\":\"https:\/\/www.residenzalefarfalle.it\/es\/?s={search_term_string}\"},\"query-input\":{\"@type\":\"PropertyValueSpecification\",\"valueRequired\":true,\"valueName\":\"search_term_string\"}}],\"inLanguage\":\"es\"}]}<\/script>\n<!-- \/ Yoast SEO plugin. -->","yoast_head_json":{"title":"Residencia Le Farfalle &#8226; Residenza Le Farfalle &#8226;","description":"\u00bfC\u00f3mo se imagina sus\u00a0vacaciones perfectas en Cerde\u00f1a?  Apartamentos con vistas al mar, en plena naturaleza,\u00a0cuidados al detalle\u00a0y\u00a0en una ubicaci\u00f3n perfecta, entre el mar y el campo. La residencia Le Farfalle\u00a0es nuestra respuesta a esta pregunta.  Ubicada en\u00a0Tergu\u00a0(a pocos minutos de\u00a0Castelsardo) en una zona tranquila, cerca de todos los servicios, la Residencia Le Farfalle le ofrece lo mejor de\u00a0las vacaciones en Cerde\u00f1a:   Apartamentos con\u00a0piscina\u00a0de nueva construcci\u00f3n (una vista que es motivo suficiente para irse de vacaciones).  Incontables\u00a0playas impresionantes\u00a0a pocos kil\u00f3metros, para unas vacaciones siempre diferentes.  Excursiones\u00a0en la naturaleza a pie, en bicicleta o a caballo para descubrir la fascinante tradici\u00f3n sarda.  Todos los\u00a0servicios\u00a0est\u00e1n a poca distancia del centro de Tergu\u00a0y todas las facilidades, como\u00a0el puerto nuevo de Castelsardo\u00a0(punto de partida de maravillosas excursiones mar\u00edtimas), los restaurantes t\u00edpicos y los lugares de ocio nocturnos est\u00e1n a menos de 10 minutos en coche.  No importa si sus vacaciones ideales est\u00e1n hechas de tranquilidad, mar o excursiones, hemos dise\u00f1ado la Residencia Le Farfalle para garantizarle que no tenga que comprometerse en nada.","robots":{"index":"index","follow":"follow","max-snippet":"max-snippet:-1","max-image-preview":"max-image-preview:large","max-video-preview":"max-video-preview:-1"},"canonical":"https:\/\/www.residenzalefarfalle.it\/es\/","og_locale":"es_ES","og_type":"article","og_title":"Residencia Le Farfalle &#8226; Residenza Le Farfalle &#8226;","og_description":"\u00bfC\u00f3mo se imagina sus\u00a0vacaciones perfectas en Cerde\u00f1a?  Apartamentos con vistas al mar, en plena naturaleza,\u00a0cuidados al detalle\u00a0y\u00a0en una ubicaci\u00f3n perfecta, entre el mar y el campo. La residencia Le Farfalle\u00a0es nuestra respuesta a esta pregunta.  Ubicada en\u00a0Tergu\u00a0(a pocos minutos de\u00a0Castelsardo) en una zona tranquila, cerca de todos los servicios, la Residencia Le Farfalle le ofrece lo mejor de\u00a0las vacaciones en Cerde\u00f1a:   Apartamentos con\u00a0piscina\u00a0de nueva construcci\u00f3n (una vista que es motivo suficiente para irse de vacaciones).  Incontables\u00a0playas impresionantes\u00a0a pocos kil\u00f3metros, para unas vacaciones siempre diferentes.  Excursiones\u00a0en la naturaleza a pie, en bicicleta o a caballo para descubrir la fascinante tradici\u00f3n sarda.  Todos los\u00a0servicios\u00a0est\u00e1n a poca distancia del centro de Tergu\u00a0y todas las facilidades, como\u00a0el puerto nuevo de Castelsardo\u00a0(punto de partida de maravillosas excursiones mar\u00edtimas), los restaurantes t\u00edpicos y los lugares de ocio nocturnos est\u00e1n a menos de 10 minutos en coche.  No importa si sus vacaciones ideales est\u00e1n hechas de tranquilidad, mar o excursiones, hemos dise\u00f1ado la Residencia Le Farfalle para garantizarle que no tenga que comprometerse en nada.","og_url":"https:\/\/www.residenzalefarfalle.it\/es\/","og_site_name":"Residenza Le Farfalle","article_modified_time":"2023-01-09T16:51:05+00:00","twitter_card":"summary_large_image","twitter_misc":{"Tiempo de lectura":"2 minutos"},"schema":{"@context":"https:\/\/schema.org","@graph":[{"@type":"WebPage","@id":"https:\/\/www.residenzalefarfalle.it\/es\/","url":"https:\/\/www.residenzalefarfalle.it\/es\/","name":"Residencia Le Farfalle &#8226; Residenza Le Farfalle &#8226;","isPartOf":{"@id":"https:\/\/www.residenzalefarfalle.it\/es\/#website"},"datePublished":"2022-12-06T14:56:52+00:00","dateModified":"2023-01-09T16:51:05+00:00","description":"\u00bfC\u00f3mo se imagina sus\u00a0vacaciones perfectas en Cerde\u00f1a? Apartamentos con vistas al mar, en plena naturaleza,\u00a0cuidados al detalle\u00a0y\u00a0en una ubicaci\u00f3n perfecta, entre el mar y el campo. La residencia Le Farfalle\u00a0es nuestra respuesta a esta pregunta. Ubicada en\u00a0Tergu\u00a0(a pocos minutos de\u00a0Castelsardo) en una zona tranquila, cerca de todos los servicios, la Residencia Le Farfalle le ofrece lo mejor de\u00a0las vacaciones en Cerde\u00f1a: \u2022 Apartamentos con\u00a0piscina\u00a0de nueva construcci\u00f3n (una vista que es motivo suficiente para irse de vacaciones). \u2022 Incontables\u00a0playas impresionantes\u00a0a pocos kil\u00f3metros, para unas vacaciones siempre diferentes. \u2022 Excursiones\u00a0en la naturaleza a pie, en bicicleta o a caballo para descubrir la fascinante tradici\u00f3n sarda. \u2022 Todos los\u00a0servicios\u00a0est\u00e1n a poca distancia del centro de Tergu\u00a0y todas las facilidades, como\u00a0el puerto nuevo de Castelsardo\u00a0(punto de partida de maravillosas excursiones mar\u00edtimas), los restaurantes t\u00edpicos y los lugares de ocio nocturnos est\u00e1n a menos de 10 minutos en coche. No importa si sus vacaciones ideales est\u00e1n hechas de tranquilidad, mar o excursiones, hemos dise\u00f1ado la Residencia Le Farfalle para garantizarle que no tenga que comprometerse en nada.","breadcrumb":{"@id":"https:\/\/www.residenzalefarfalle.it\/es\/#breadcrumb"},"inLanguage":"es","potentialAction":[{"@type":"ReadAction","target":["https:\/\/www.residenzalefarfalle.it\/es\/"]}]},{"@type":"BreadcrumbList","@id":"https:\/\/www.residenzalefarfalle.it\/es\/#breadcrumb","itemListElement":[{"@type":"ListItem","position":1,"name":"Home","item":"https:\/\/www.residenzalefarfalle.it\/es\/"},{"@type":"ListItem","position":2,"name":"Residencia Le Farfalle"}]},{"@type":"WebSite","@id":"https:\/\/www.residenzalefarfalle.it\/es\/#website","url":"https:\/\/www.residenzalefarfalle.it\/es\/","name":"Residenza Le Farfalle","description":"Ecco un altro sito ms.decms.eu","potentialAction":[{"@type":"SearchAction","target":{"@type":"EntryPoint","urlTemplate":"https:\/\/www.residenzalefarfalle.it\/es\/?s={search_term_string}"},"query-input":{"@type":"PropertyValueSpecification","valueRequired":true,"valueName":"search_term_string"}}],"inLanguage":"es"}]}},"acf":[],"_links":{"self":[{"href":"https:\/\/www.residenzalefarfalle.it\/es\/wp-json\/wp\/v2\/pages\/280","targetHints":{"allow":["GET"]}}],"collection":[{"href":"https:\/\/www.residenzalefarfalle.it\/es\/wp-json\/wp\/v2\/pages"}],"about":[{"href":"https:\/\/www.residenzalefarfalle.it\/es\/wp-json\/wp\/v2\/types\/page"}],"author":[{"embeddable":true,"href":"https:\/\/www.residenzalefarfalle.it\/es\/wp-json\/wp\/v2\/users\/13"}],"replies":[{"embeddable":true,"href":"https:\/\/www.residenzalefarfalle.it\/es\/wp-json\/wp\/v2\/comments?post=280"}],"version-history":[{"count":0,"href":"https:\/\/www.residenzalefarfalle.it\/es\/wp-json\/wp\/v2\/pages\/280\/revisions"}],"wp:attachment":[{"href":"https:\/\/www.residenzalefarfalle.it\/es\/wp-json\/wp\/v2\/media?parent=280"}],"curies":[{"name":"wp","href":"https:\/\/api.w.org\/{rel}","templated":true}]}}