
{"id":1433,"date":"2023-01-31T15:41:17","date_gmt":"2023-01-31T14:41:17","guid":{"rendered":"https:\/\/residenzalefarfalle.ms.decms.eu\/?page_id=1433"},"modified":"2023-01-31T15:48:53","modified_gmt":"2023-01-31T14:48:53","slug":"informacion","status":"publish","type":"page","link":"https:\/\/www.residenzalefarfalle.it\/es\/informacion\/","title":{"rendered":"Vacaciones seguras en la Residencia Le Farfalle"},"content":{"rendered":"<p>La Residenza Le Farfalle durante unos d\u00edas, ser\u00e1 su casa.<\/p>\n<p>\u00a1Estudiamos los protocolos y regulaciones con la m\u00e1xima atenci\u00f3n para ofrecerle serenidad sin preocupaciones, la que necesita para disfrutar plenamente de unas vacaciones!<\/p>\n<p><strong>Recepci\u00f3n y relaci\u00f3n<\/strong><\/p>\n<p>Le daremos la bienvenida de acuerdo con todas las reglas de distanciamiento f\u00edsico. Tendremos cuidado de que sienta nuestra discreta presencia de todos modos.<\/p>\n<p>Usaremos todos los dispositivos necesarios para asegurar nuestra protecci\u00f3n y la suya. Nuestros ojos le dir\u00e1n la sonrisa habitual que reservamos para cada hu\u00e9sped.<\/p>\n<p>Encontrar\u00e1 productos desinfectantes para las manos en la entrada de la residencia. Le recordaremos que use m\u00e1scaras y equipo de protecci\u00f3n personal y trataremos de hacerlo con toda la delicadeza posible, en caso de que la relajaci\u00f3n de sus vacaciones lo lleve a olvidarlos.<\/p>\n<p>Para limitar las oportunidades de proximidad f\u00edsica, puede llenar el formulario de registro en l\u00ednea inmediatamente despu\u00e9s de la reserva. A su llegada, \u00a1la verificaci\u00f3n visual del documento ser\u00e1 suficiente!<\/p>\n<p><strong>Alojamientos<\/strong><\/p>\n<p>Nuestros alojamientos ser\u00e1n limpiados con el mismo cuidado de siempre, el que ha ayudado a brillar nuestra reputaci\u00f3n durante estos cinco a\u00f1os de actividad. Sin embargo, hemos adoptado nuevos protocolos para maximizar la salud de quienes nos eligen:<\/p>\n<p>\u2022 Los productos son los certificados para la desinfecci\u00f3n de ambientes: detergentes alcoh\u00f3licos, a base de per\u00f3xido de hidr\u00f3geno y cloro<br \/>\n\u2022 Las telas y las cortinas ser\u00e1n micro-rociadas con per\u00f3xido de hidr\u00f3geno en cada cambio de invitados, como todas las superficies. Las s\u00e1banas y toallas se entregar\u00e1n en sobres sellados. Es por eso que puede encontrar colchas y cubiertas para ventilar en puestos especiales en lugar de la instalaci\u00f3n habitual. No ser\u00e1 una cuesti\u00f3n de descuido sino del deseo preciso de ofrecerle los m\u00e1s altos est\u00e1ndares de seguridad posibles: nos costar\u00eda menos tener la colcha bien recogida, en lugar de rociar cada cm antes de su llegada<\/p>\n<p><strong>Piscina y \u00e1rea de solarium<\/strong><\/p>\n<p>Se permitir\u00e1 el acceso a la piscina a peque\u00f1os grupos familiares a la vez. El agua de la piscina ser\u00e1 tratada con cloro y las tumbonas y sombrillas ser\u00e1n desinfectadas a cada cambio de invitados. Estamos seguros de que podemos confiar en el sentido com\u00fan: todos tienen derecho al ba\u00f1o y al sol. Por favor, tenga paciencia si, de vez en cuando, le pedimos cort\u00e9smente que deje el turno a otros hu\u00e9spedes que esperan<\/p>\n<p><strong>Para ti y tus seres queridos<\/strong><\/p>\n<p>Ponemos a su disposici\u00f3n una informaci\u00f3n preparada por Federalberghi en colaboraci\u00f3n con expertos internacionales. Por favor, lea con atenci\u00f3n y siga las reglas de conducta indicadas. Ser\u00e1n preciosas para usted, su familia y todas las personas que se relacionen con usted.<\/p>\n<p><strong>Nuestra promesa<\/strong><\/p>\n<p>Ser\u00e1 un distanciamiento f\u00edsico y no social. Intentaremos estar cerca de usted con todo el cuidado y dedicaci\u00f3n posibles.<\/p>\n<p>Iveta y todo el equipo<br \/>\nResidenza Le Farfalle<\/p>\n","protected":false},"excerpt":{"rendered":"<p>La Residenza Le Farfalle durante unos d\u00edas, ser\u00e1 su casa. \u00a1Estudiamos los protocolos y regulaciones con la m\u00e1xima atenci\u00f3n para ofrecerle serenidad sin preocupaciones, la que necesita para disfrutar plenamente de unas vacaciones! Recepci\u00f3n y relaci\u00f3n Le daremos la bienvenida de acuerdo con todas las reglas de distanciamiento f\u00edsico. Tendremos cuidado de que sienta nuestra [&hellip;]<\/p>\n","protected":false},"author":13,"featured_media":0,"parent":0,"menu_order":210,"comment_status":"closed","ping_status":"closed","template":"","meta":{"footnotes":""},"class_list":["post-1433","page","type-page","status-publish","hentry"],"yoast_head":"<!-- This site is optimized with the Yoast SEO plugin v26.9 - https:\/\/yoast.com\/product\/yoast-seo-wordpress\/ -->\n<title>Vacaciones seguras en la Residencia Le Farfalle &#8226; Residenza Le Farfalle &#8226;<\/title>\n<meta name=\"description\" content=\"La Residenza Le Farfalle durante unos d\u00edas, ser\u00e1 su casa.  \u00a1Estudiamos los protocolos y regulaciones con la m\u00e1xima atenci\u00f3n para ofrecerle serenidad sin preocupaciones, la que necesita para disfrutar plenamente de unas vacaciones!  Recepci\u00f3n y relaci\u00f3n  Le daremos la bienvenida de acuerdo con todas las reglas de distanciamiento f\u00edsico. Tendremos cuidado de que sienta nuestra discreta presencia de todos modos.  Usaremos todos los dispositivos necesarios para asegurar nuestra protecci\u00f3n y la suya\" \/>\n<meta name=\"robots\" content=\"index, follow, max-snippet:-1, max-image-preview:large, max-video-preview:-1\" \/>\n<link rel=\"canonical\" href=\"https:\/\/www.residenzalefarfalle.it\/es\/informacion\/\" \/>\n<meta property=\"og:locale\" content=\"es_ES\" \/>\n<meta property=\"og:type\" content=\"article\" \/>\n<meta property=\"og:title\" content=\"Vacaciones seguras en la Residencia Le Farfalle &#8226; Residenza Le Farfalle &#8226;\" \/>\n<meta property=\"og:description\" content=\"La Residenza Le Farfalle durante unos d\u00edas, ser\u00e1 su casa.  \u00a1Estudiamos los protocolos y regulaciones con la m\u00e1xima atenci\u00f3n para ofrecerle serenidad sin preocupaciones, la que necesita para disfrutar plenamente de unas vacaciones!  Recepci\u00f3n y relaci\u00f3n  Le daremos la bienvenida de acuerdo con todas las reglas de distanciamiento f\u00edsico. Tendremos cuidado de que sienta nuestra discreta presencia de todos modos.  Usaremos todos los dispositivos necesarios para asegurar nuestra protecci\u00f3n y la suya\" \/>\n<meta property=\"og:url\" content=\"https:\/\/www.residenzalefarfalle.it\/es\/informacion\/\" \/>\n<meta property=\"og:site_name\" content=\"Residenza Le Farfalle\" \/>\n<meta property=\"article:modified_time\" content=\"2023-01-31T14:48:53+00:00\" \/>\n<meta name=\"twitter:card\" content=\"summary_large_image\" \/>\n<meta name=\"twitter:label1\" content=\"Tiempo de lectura\" \/>\n\t<meta name=\"twitter:data1\" content=\"3 minutos\" \/>\n<script type=\"application\/ld+json\" class=\"yoast-schema-graph\">{\"@context\":\"https:\/\/schema.org\",\"@graph\":[{\"@type\":\"WebPage\",\"@id\":\"https:\/\/www.residenzalefarfalle.it\/es\/informacion\/\",\"url\":\"https:\/\/www.residenzalefarfalle.it\/es\/informacion\/\",\"name\":\"Vacaciones seguras en la Residencia Le Farfalle &#8226; Residenza Le Farfalle &#8226;\",\"isPartOf\":{\"@id\":\"https:\/\/www.residenzalefarfalle.it\/es\/#website\"},\"datePublished\":\"2023-01-31T14:41:17+00:00\",\"dateModified\":\"2023-01-31T14:48:53+00:00\",\"description\":\"La Residenza Le Farfalle durante unos d\u00edas, ser\u00e1 su casa. \u00a1Estudiamos los protocolos y regulaciones con la m\u00e1xima atenci\u00f3n para ofrecerle serenidad sin preocupaciones, la que necesita para disfrutar plenamente de unas vacaciones! Recepci\u00f3n y relaci\u00f3n Le daremos la bienvenida de acuerdo con todas las reglas de distanciamiento f\u00edsico. Tendremos cuidado de que sienta nuestra discreta presencia de todos modos. Usaremos todos los dispositivos necesarios para asegurar nuestra protecci\u00f3n y la suya\",\"breadcrumb\":{\"@id\":\"https:\/\/www.residenzalefarfalle.it\/es\/informacion\/#breadcrumb\"},\"inLanguage\":\"es\",\"potentialAction\":[{\"@type\":\"ReadAction\",\"target\":[\"https:\/\/www.residenzalefarfalle.it\/es\/informacion\/\"]}]},{\"@type\":\"BreadcrumbList\",\"@id\":\"https:\/\/www.residenzalefarfalle.it\/es\/informacion\/#breadcrumb\",\"itemListElement\":[{\"@type\":\"ListItem\",\"position\":1,\"name\":\"Home\",\"item\":\"https:\/\/www.residenzalefarfalle.it\/es\/\"},{\"@type\":\"ListItem\",\"position\":2,\"name\":\"Vacaciones seguras en la Residencia Le Farfalle\"}]},{\"@type\":\"WebSite\",\"@id\":\"https:\/\/www.residenzalefarfalle.it\/es\/#website\",\"url\":\"https:\/\/www.residenzalefarfalle.it\/es\/\",\"name\":\"Residenza Le Farfalle\",\"description\":\"Ecco un altro sito ms.decms.eu\",\"potentialAction\":[{\"@type\":\"SearchAction\",\"target\":{\"@type\":\"EntryPoint\",\"urlTemplate\":\"https:\/\/www.residenzalefarfalle.it\/es\/?s={search_term_string}\"},\"query-input\":{\"@type\":\"PropertyValueSpecification\",\"valueRequired\":true,\"valueName\":\"search_term_string\"}}],\"inLanguage\":\"es\"}]}<\/script>\n<!-- \/ Yoast SEO plugin. -->","yoast_head_json":{"title":"Vacaciones seguras en la Residencia Le Farfalle &#8226; Residenza Le Farfalle &#8226;","description":"La Residenza Le Farfalle durante unos d\u00edas, ser\u00e1 su casa.  \u00a1Estudiamos los protocolos y regulaciones con la m\u00e1xima atenci\u00f3n para ofrecerle serenidad sin preocupaciones, la que necesita para disfrutar plenamente de unas vacaciones!  Recepci\u00f3n y relaci\u00f3n  Le daremos la bienvenida de acuerdo con todas las reglas de distanciamiento f\u00edsico. Tendremos cuidado de que sienta nuestra discreta presencia de todos modos.  Usaremos todos los dispositivos necesarios para asegurar nuestra protecci\u00f3n y la suya","robots":{"index":"index","follow":"follow","max-snippet":"max-snippet:-1","max-image-preview":"max-image-preview:large","max-video-preview":"max-video-preview:-1"},"canonical":"https:\/\/www.residenzalefarfalle.it\/es\/informacion\/","og_locale":"es_ES","og_type":"article","og_title":"Vacaciones seguras en la Residencia Le Farfalle &#8226; Residenza Le Farfalle &#8226;","og_description":"La Residenza Le Farfalle durante unos d\u00edas, ser\u00e1 su casa.  \u00a1Estudiamos los protocolos y regulaciones con la m\u00e1xima atenci\u00f3n para ofrecerle serenidad sin preocupaciones, la que necesita para disfrutar plenamente de unas vacaciones!  Recepci\u00f3n y relaci\u00f3n  Le daremos la bienvenida de acuerdo con todas las reglas de distanciamiento f\u00edsico. Tendremos cuidado de que sienta nuestra discreta presencia de todos modos.  Usaremos todos los dispositivos necesarios para asegurar nuestra protecci\u00f3n y la suya","og_url":"https:\/\/www.residenzalefarfalle.it\/es\/informacion\/","og_site_name":"Residenza Le Farfalle","article_modified_time":"2023-01-31T14:48:53+00:00","twitter_card":"summary_large_image","twitter_misc":{"Tiempo de lectura":"3 minutos"},"schema":{"@context":"https:\/\/schema.org","@graph":[{"@type":"WebPage","@id":"https:\/\/www.residenzalefarfalle.it\/es\/informacion\/","url":"https:\/\/www.residenzalefarfalle.it\/es\/informacion\/","name":"Vacaciones seguras en la Residencia Le Farfalle &#8226; Residenza Le Farfalle &#8226;","isPartOf":{"@id":"https:\/\/www.residenzalefarfalle.it\/es\/#website"},"datePublished":"2023-01-31T14:41:17+00:00","dateModified":"2023-01-31T14:48:53+00:00","description":"La Residenza Le Farfalle durante unos d\u00edas, ser\u00e1 su casa. \u00a1Estudiamos los protocolos y regulaciones con la m\u00e1xima atenci\u00f3n para ofrecerle serenidad sin preocupaciones, la que necesita para disfrutar plenamente de unas vacaciones! Recepci\u00f3n y relaci\u00f3n Le daremos la bienvenida de acuerdo con todas las reglas de distanciamiento f\u00edsico. Tendremos cuidado de que sienta nuestra discreta presencia de todos modos. Usaremos todos los dispositivos necesarios para asegurar nuestra protecci\u00f3n y la suya","breadcrumb":{"@id":"https:\/\/www.residenzalefarfalle.it\/es\/informacion\/#breadcrumb"},"inLanguage":"es","potentialAction":[{"@type":"ReadAction","target":["https:\/\/www.residenzalefarfalle.it\/es\/informacion\/"]}]},{"@type":"BreadcrumbList","@id":"https:\/\/www.residenzalefarfalle.it\/es\/informacion\/#breadcrumb","itemListElement":[{"@type":"ListItem","position":1,"name":"Home","item":"https:\/\/www.residenzalefarfalle.it\/es\/"},{"@type":"ListItem","position":2,"name":"Vacaciones seguras en la Residencia Le Farfalle"}]},{"@type":"WebSite","@id":"https:\/\/www.residenzalefarfalle.it\/es\/#website","url":"https:\/\/www.residenzalefarfalle.it\/es\/","name":"Residenza Le Farfalle","description":"Ecco un altro sito ms.decms.eu","potentialAction":[{"@type":"SearchAction","target":{"@type":"EntryPoint","urlTemplate":"https:\/\/www.residenzalefarfalle.it\/es\/?s={search_term_string}"},"query-input":{"@type":"PropertyValueSpecification","valueRequired":true,"valueName":"search_term_string"}}],"inLanguage":"es"}]}},"acf":[],"_links":{"self":[{"href":"https:\/\/www.residenzalefarfalle.it\/es\/wp-json\/wp\/v2\/pages\/1433","targetHints":{"allow":["GET"]}}],"collection":[{"href":"https:\/\/www.residenzalefarfalle.it\/es\/wp-json\/wp\/v2\/pages"}],"about":[{"href":"https:\/\/www.residenzalefarfalle.it\/es\/wp-json\/wp\/v2\/types\/page"}],"author":[{"embeddable":true,"href":"https:\/\/www.residenzalefarfalle.it\/es\/wp-json\/wp\/v2\/users\/13"}],"replies":[{"embeddable":true,"href":"https:\/\/www.residenzalefarfalle.it\/es\/wp-json\/wp\/v2\/comments?post=1433"}],"version-history":[{"count":0,"href":"https:\/\/www.residenzalefarfalle.it\/es\/wp-json\/wp\/v2\/pages\/1433\/revisions"}],"wp:attachment":[{"href":"https:\/\/www.residenzalefarfalle.it\/es\/wp-json\/wp\/v2\/media?parent=1433"}],"curies":[{"name":"wp","href":"https:\/\/api.w.org\/{rel}","templated":true}]}}