
{"id":1240,"date":"2022-12-15T11:06:41","date_gmt":"2022-12-15T10:06:41","guid":{"rendered":"https:\/\/residenzalefarfalle.ms.decms.eu\/?page_id=1240"},"modified":"2022-12-15T11:06:41","modified_gmt":"2022-12-15T10:06:41","slug":"libro-de-huespedes","status":"publish","type":"page","link":"https:\/\/www.residenzalefarfalle.it\/es\/libro-de-huespedes\/","title":{"rendered":"Libro de hu\u00e9spedes"},"content":{"rendered":"<p>Cuidamos los detalles y tomamos nota de las mejoras, siempre que sean posibles, sugeridas por los clientes. Hacemos esto escuchando a nuestros clientes y ayudados por <strong>Qualitando<\/strong>, un sistema de cuestionarios en l\u00ednea. De esta manera nos mantenemos constantemente al d\u00eda sobre los deseos y expectativas de aquellos que nos eligen.<\/p>\n<p><strong>Aqu\u00ed est\u00e1n los comentarios, asociados a los cuestionarios en l\u00ednea, de quienes han pasado unas vacaciones en Le Farfalle.<\/strong><\/p>\n","protected":false},"excerpt":{"rendered":"<p>Cuidamos los detalles y tomamos nota de las mejoras, siempre que sean posibles, sugeridas por los clientes. Hacemos esto escuchando a nuestros clientes y ayudados por Qualitando, un sistema de cuestionarios en l\u00ednea. De esta manera nos mantenemos constantemente al d\u00eda sobre los deseos y expectativas de aquellos que nos eligen. Aqu\u00ed est\u00e1n los comentarios, [&hellip;]<\/p>\n","protected":false},"author":13,"featured_media":0,"parent":0,"menu_order":150,"comment_status":"closed","ping_status":"closed","template":"template-qualitando_guestbook.php","meta":{"footnotes":""},"class_list":["post-1240","page","type-page","status-publish","hentry"],"yoast_head":"<!-- This site is optimized with the Yoast SEO plugin v26.9 - https:\/\/yoast.com\/product\/yoast-seo-wordpress\/ -->\n<title>Libro de hu\u00e9spedes &#8226; Residenza Le Farfalle &#8226;<\/title>\n<meta name=\"description\" content=\"Cuidamos los detalles y tomamos nota de las mejoras, siempre que sean posibles, sugeridas por los clientes. Hacemos esto escuchando a nuestros clientes y ayudados por Qualitando, un sistema de cuestionarios en l\u00ednea\" \/>\n<meta name=\"robots\" content=\"index, follow, max-snippet:-1, max-image-preview:large, max-video-preview:-1\" \/>\n<link rel=\"canonical\" href=\"https:\/\/www.residenzalefarfalle.it\/es\/libro-de-huespedes\/\" \/>\n<meta property=\"og:locale\" content=\"es_ES\" \/>\n<meta property=\"og:type\" content=\"article\" \/>\n<meta property=\"og:title\" content=\"Libro de hu\u00e9spedes &#8226; Residenza Le Farfalle &#8226;\" \/>\n<meta property=\"og:description\" content=\"Cuidamos los detalles y tomamos nota de las mejoras, siempre que sean posibles, sugeridas por los clientes. Hacemos esto escuchando a nuestros clientes y ayudados por Qualitando, un sistema de cuestionarios en l\u00ednea\" \/>\n<meta property=\"og:url\" content=\"https:\/\/www.residenzalefarfalle.it\/es\/libro-de-huespedes\/\" \/>\n<meta property=\"og:site_name\" content=\"Residenza Le Farfalle\" \/>\n<meta name=\"twitter:card\" content=\"summary_large_image\" \/>\n<script type=\"application\/ld+json\" class=\"yoast-schema-graph\">{\"@context\":\"https:\/\/schema.org\",\"@graph\":[{\"@type\":\"WebPage\",\"@id\":\"https:\/\/www.residenzalefarfalle.it\/es\/libro-de-huespedes\/\",\"url\":\"https:\/\/www.residenzalefarfalle.it\/es\/libro-de-huespedes\/\",\"name\":\"Libro de hu\u00e9spedes &#8226; Residenza Le Farfalle &#8226;\",\"isPartOf\":{\"@id\":\"https:\/\/www.residenzalefarfalle.it\/es\/#website\"},\"datePublished\":\"2022-12-15T10:06:41+00:00\",\"description\":\"Cuidamos los detalles y tomamos nota de las mejoras, siempre que sean posibles, sugeridas por los clientes. Hacemos esto escuchando a nuestros clientes y ayudados por Qualitando, un sistema de cuestionarios en l\u00ednea\",\"breadcrumb\":{\"@id\":\"https:\/\/www.residenzalefarfalle.it\/es\/libro-de-huespedes\/#breadcrumb\"},\"inLanguage\":\"es\",\"potentialAction\":[{\"@type\":\"ReadAction\",\"target\":[\"https:\/\/www.residenzalefarfalle.it\/es\/libro-de-huespedes\/\"]}]},{\"@type\":\"BreadcrumbList\",\"@id\":\"https:\/\/www.residenzalefarfalle.it\/es\/libro-de-huespedes\/#breadcrumb\",\"itemListElement\":[{\"@type\":\"ListItem\",\"position\":1,\"name\":\"Home\",\"item\":\"https:\/\/www.residenzalefarfalle.it\/es\/\"},{\"@type\":\"ListItem\",\"position\":2,\"name\":\"Libro de hu\u00e9spedes\"}]},{\"@type\":\"WebSite\",\"@id\":\"https:\/\/www.residenzalefarfalle.it\/es\/#website\",\"url\":\"https:\/\/www.residenzalefarfalle.it\/es\/\",\"name\":\"Residenza Le Farfalle\",\"description\":\"Ecco un altro sito ms.decms.eu\",\"potentialAction\":[{\"@type\":\"SearchAction\",\"target\":{\"@type\":\"EntryPoint\",\"urlTemplate\":\"https:\/\/www.residenzalefarfalle.it\/es\/?s={search_term_string}\"},\"query-input\":{\"@type\":\"PropertyValueSpecification\",\"valueRequired\":true,\"valueName\":\"search_term_string\"}}],\"inLanguage\":\"es\"}]}<\/script>\n<!-- \/ Yoast SEO plugin. -->","yoast_head_json":{"title":"Libro de hu\u00e9spedes &#8226; Residenza Le Farfalle &#8226;","description":"Cuidamos los detalles y tomamos nota de las mejoras, siempre que sean posibles, sugeridas por los clientes. Hacemos esto escuchando a nuestros clientes y ayudados por Qualitando, un sistema de cuestionarios en l\u00ednea","robots":{"index":"index","follow":"follow","max-snippet":"max-snippet:-1","max-image-preview":"max-image-preview:large","max-video-preview":"max-video-preview:-1"},"canonical":"https:\/\/www.residenzalefarfalle.it\/es\/libro-de-huespedes\/","og_locale":"es_ES","og_type":"article","og_title":"Libro de hu\u00e9spedes &#8226; Residenza Le Farfalle &#8226;","og_description":"Cuidamos los detalles y tomamos nota de las mejoras, siempre que sean posibles, sugeridas por los clientes. Hacemos esto escuchando a nuestros clientes y ayudados por Qualitando, un sistema de cuestionarios en l\u00ednea","og_url":"https:\/\/www.residenzalefarfalle.it\/es\/libro-de-huespedes\/","og_site_name":"Residenza Le Farfalle","twitter_card":"summary_large_image","schema":{"@context":"https:\/\/schema.org","@graph":[{"@type":"WebPage","@id":"https:\/\/www.residenzalefarfalle.it\/es\/libro-de-huespedes\/","url":"https:\/\/www.residenzalefarfalle.it\/es\/libro-de-huespedes\/","name":"Libro de hu\u00e9spedes &#8226; Residenza Le Farfalle &#8226;","isPartOf":{"@id":"https:\/\/www.residenzalefarfalle.it\/es\/#website"},"datePublished":"2022-12-15T10:06:41+00:00","description":"Cuidamos los detalles y tomamos nota de las mejoras, siempre que sean posibles, sugeridas por los clientes. Hacemos esto escuchando a nuestros clientes y ayudados por Qualitando, un sistema de cuestionarios en l\u00ednea","breadcrumb":{"@id":"https:\/\/www.residenzalefarfalle.it\/es\/libro-de-huespedes\/#breadcrumb"},"inLanguage":"es","potentialAction":[{"@type":"ReadAction","target":["https:\/\/www.residenzalefarfalle.it\/es\/libro-de-huespedes\/"]}]},{"@type":"BreadcrumbList","@id":"https:\/\/www.residenzalefarfalle.it\/es\/libro-de-huespedes\/#breadcrumb","itemListElement":[{"@type":"ListItem","position":1,"name":"Home","item":"https:\/\/www.residenzalefarfalle.it\/es\/"},{"@type":"ListItem","position":2,"name":"Libro de hu\u00e9spedes"}]},{"@type":"WebSite","@id":"https:\/\/www.residenzalefarfalle.it\/es\/#website","url":"https:\/\/www.residenzalefarfalle.it\/es\/","name":"Residenza Le Farfalle","description":"Ecco un altro sito ms.decms.eu","potentialAction":[{"@type":"SearchAction","target":{"@type":"EntryPoint","urlTemplate":"https:\/\/www.residenzalefarfalle.it\/es\/?s={search_term_string}"},"query-input":{"@type":"PropertyValueSpecification","valueRequired":true,"valueName":"search_term_string"}}],"inLanguage":"es"}]}},"acf":[],"_links":{"self":[{"href":"https:\/\/www.residenzalefarfalle.it\/es\/wp-json\/wp\/v2\/pages\/1240","targetHints":{"allow":["GET"]}}],"collection":[{"href":"https:\/\/www.residenzalefarfalle.it\/es\/wp-json\/wp\/v2\/pages"}],"about":[{"href":"https:\/\/www.residenzalefarfalle.it\/es\/wp-json\/wp\/v2\/types\/page"}],"author":[{"embeddable":true,"href":"https:\/\/www.residenzalefarfalle.it\/es\/wp-json\/wp\/v2\/users\/13"}],"replies":[{"embeddable":true,"href":"https:\/\/www.residenzalefarfalle.it\/es\/wp-json\/wp\/v2\/comments?post=1240"}],"version-history":[{"count":0,"href":"https:\/\/www.residenzalefarfalle.it\/es\/wp-json\/wp\/v2\/pages\/1240\/revisions"}],"wp:attachment":[{"href":"https:\/\/www.residenzalefarfalle.it\/es\/wp-json\/wp\/v2\/media?parent=1240"}],"curies":[{"name":"wp","href":"https:\/\/api.w.org\/{rel}","templated":true}]}}