
{"id":1220,"date":"2022-12-15T10:36:25","date_gmt":"2022-12-15T09:36:25","guid":{"rendered":"https:\/\/residenzalefarfalle.ms.decms.eu\/?page_id=1220"},"modified":"2023-05-24T17:31:37","modified_gmt":"2023-05-24T15:31:37","slug":"terminos-y-condiciones","status":"publish","type":"page","link":"https:\/\/www.residenzalefarfalle.it\/es\/terminos-y-condiciones\/","title":{"rendered":"T\u00e9rminos y condiciones"},"content":{"rendered":"<p><strong>Nuestras tarifas y ofertas incluyen:<\/strong><\/p>\n<ul>\n<li>Alquiler del apartamento, con todo el equipamiento necesario para cocinar<\/li>\n<li>El consumo de electricidad, agua y gas<\/li>\n<li>Conexi\u00f3n wifi en cada apartamento (*)<\/li>\n<li>Aparcamiento (una plaza por cada apartamento)<\/li>\n<li>1 Kit de playa en suministro para viajes y excursiones (1 sombrilla y dos sillas de playa)<\/li>\n<li>Lavadora, plancha y tabla de planchar<\/li>\n<li>Limpieza final para estancias de al menos 7 noches- la cocina debe quedar limpio \u2013 .<\/li>\n<li>Suministro ropa de cama y toallas a la llegada.<\/li>\n<li>Uso gratuito de los jardines y de la piscina \u2013 no calienta, abierta de 8\/6 a 17\/9-.<\/li>\n<li>Impuestos y servicios<\/li>\n<\/ul>\n<p><strong>Las tarifas no incluyen:<\/strong><\/p>\n<ul>\n<li>Aire acondicionado opcional, a pagar en destino, en la hora de entrada: 10 \u20ac por noche por apartamento de un dormitorio, 15 \u20ac por noche por apartamento de dos dormitorios<\/li>\n<li>Tarifa de limpieza<\/li>\n<li>Fianza de 100 euros por apartamento a dejar en la recepci\u00f3n a la llegada (reembolsable a la salida)<\/li>\n<\/ul>\n<p>(*) WiFi que ofrece la Residencia ofrece navegaci\u00f3n en los sitios web normales, el uso de sistemas de correo electr\u00f3nico y redes sociales. No se espera para descargar pel\u00edculas, videos, juegos; ver pel\u00edculas o video streaming; sincronizaci\u00f3n con los sistemas de nubes y la conexi\u00f3n a los sistemas de videovigilancia.<\/p>\n","protected":false},"excerpt":{"rendered":"<p>Nuestras tarifas y ofertas incluyen: Alquiler del apartamento, con todo el equipamiento necesario para cocinar El consumo de electricidad, agua y gas Conexi\u00f3n wifi en cada apartamento (*) Aparcamiento (una plaza por cada apartamento) 1 Kit de playa en suministro para viajes y excursiones (1 sombrilla y dos sillas de playa) Lavadora, plancha y tabla [&hellip;]<\/p>\n","protected":false},"author":13,"featured_media":0,"parent":0,"menu_order":120,"comment_status":"closed","ping_status":"closed","template":"template-default-4.php","meta":{"footnotes":""},"class_list":["post-1220","page","type-page","status-publish","hentry"],"yoast_head":"<!-- This site is optimized with the Yoast SEO plugin v26.9 - https:\/\/yoast.com\/product\/yoast-seo-wordpress\/ -->\n<title>T\u00e9rminos y condiciones &#8226; Residenza Le Farfalle &#8226;<\/title>\n<meta name=\"description\" content=\"Nuestras tarifas y ofertas incluyen:   Alquiler del apartamento, con todo el equipamiento necesario para cocinar  El consumo de electricidad, agua y gas  Conexi\u00f3n wifi en cada apartamento (*)  Aparcamiento (una plaza por cada apartamento)  1 Kit de playa en suministro para viajes y excursiones (1 sombrilla y dos sillas de playa)  Lavadora, plancha y tabla de planchar  Limpieza final para estancias de al menos 7 noches- la cocina debe quedar limpio \u2013 .  Suministro ropa de cama y toallas a la llegada.  Uso gratuito de los jardines y de la piscina \u2013 no calienta, abierta de 8\/6 a 17\/9-.  Impuestos y servicios  Las tarifas no incluyen:   Aire acondicionado opcional, a pagar en destino, en la hora de entrada: 10 \u20ac por noche por apartamento de un dormitorio, 15 \u20ac por noche por apartamento de dos dormitorios  Tarifa de limpieza  Fianza de 100 euros por apartamento a dejar en la recepci\u00f3n a la llegada (reembolsable a la salida)  (*) WiFi que ofrece la Residencia ofrece navegaci\u00f3n en los sitios web normales, el uso de sistemas de correo electr\u00f3nico y redes sociales. No se espera para descargar pel\u00edculas, videos, juegos; ver pel\u00edculas o video streaming; sincronizaci\u00f3n con los sistemas de nubes y la conexi\u00f3n a los sistemas de videovigilancia.\" \/>\n<meta name=\"robots\" content=\"index, follow, max-snippet:-1, max-image-preview:large, max-video-preview:-1\" \/>\n<link rel=\"canonical\" href=\"https:\/\/www.residenzalefarfalle.it\/es\/terminos-y-condiciones\/\" \/>\n<meta property=\"og:locale\" content=\"es_ES\" \/>\n<meta property=\"og:type\" content=\"article\" \/>\n<meta property=\"og:title\" content=\"T\u00e9rminos y condiciones &#8226; Residenza Le Farfalle &#8226;\" \/>\n<meta property=\"og:description\" content=\"Nuestras tarifas y ofertas incluyen:   Alquiler del apartamento, con todo el equipamiento necesario para cocinar  El consumo de electricidad, agua y gas  Conexi\u00f3n wifi en cada apartamento (*)  Aparcamiento (una plaza por cada apartamento)  1 Kit de playa en suministro para viajes y excursiones (1 sombrilla y dos sillas de playa)  Lavadora, plancha y tabla de planchar  Limpieza final para estancias de al menos 7 noches- la cocina debe quedar limpio \u2013 .  Suministro ropa de cama y toallas a la llegada.  Uso gratuito de los jardines y de la piscina \u2013 no calienta, abierta de 8\/6 a 17\/9-.  Impuestos y servicios  Las tarifas no incluyen:   Aire acondicionado opcional, a pagar en destino, en la hora de entrada: 10 \u20ac por noche por apartamento de un dormitorio, 15 \u20ac por noche por apartamento de dos dormitorios  Tarifa de limpieza  Fianza de 100 euros por apartamento a dejar en la recepci\u00f3n a la llegada (reembolsable a la salida)  (*) WiFi que ofrece la Residencia ofrece navegaci\u00f3n en los sitios web normales, el uso de sistemas de correo electr\u00f3nico y redes sociales. No se espera para descargar pel\u00edculas, videos, juegos; ver pel\u00edculas o video streaming; sincronizaci\u00f3n con los sistemas de nubes y la conexi\u00f3n a los sistemas de videovigilancia.\" \/>\n<meta property=\"og:url\" content=\"https:\/\/www.residenzalefarfalle.it\/es\/terminos-y-condiciones\/\" \/>\n<meta property=\"og:site_name\" content=\"Residenza Le Farfalle\" \/>\n<meta property=\"article:modified_time\" content=\"2023-05-24T15:31:37+00:00\" \/>\n<meta name=\"twitter:card\" content=\"summary_large_image\" \/>\n<meta name=\"twitter:label1\" content=\"Tiempo de lectura\" \/>\n\t<meta name=\"twitter:data1\" content=\"2 minutos\" \/>\n<script type=\"application\/ld+json\" class=\"yoast-schema-graph\">{\"@context\":\"https:\/\/schema.org\",\"@graph\":[{\"@type\":\"WebPage\",\"@id\":\"https:\/\/www.residenzalefarfalle.it\/es\/terminos-y-condiciones\/\",\"url\":\"https:\/\/www.residenzalefarfalle.it\/es\/terminos-y-condiciones\/\",\"name\":\"T\u00e9rminos y condiciones &#8226; Residenza Le Farfalle &#8226;\",\"isPartOf\":{\"@id\":\"https:\/\/www.residenzalefarfalle.it\/es\/#website\"},\"datePublished\":\"2022-12-15T09:36:25+00:00\",\"dateModified\":\"2023-05-24T15:31:37+00:00\",\"description\":\"Nuestras tarifas y ofertas incluyen: \u2022 Alquiler del apartamento, con todo el equipamiento necesario para cocinar \u2022 El consumo de electricidad, agua y gas \u2022 Conexi\u00f3n wifi en cada apartamento (*) \u2022 Aparcamiento (una plaza por cada apartamento) \u2022 1 Kit de playa en suministro para viajes y excursiones (1 sombrilla y dos sillas de playa) \u2022 Lavadora, plancha y tabla de planchar \u2022 Limpieza final para estancias de al menos 7 noches- la cocina debe quedar limpio \u2013 . \u2022 Suministro ropa de cama y toallas a la llegada. \u2022 Uso gratuito de los jardines y de la piscina \u2013 no calienta, abierta de 8\/6 a 17\/9-. \u2022 Impuestos y servicios Las tarifas no incluyen: \u2022 Aire acondicionado opcional, a pagar en destino, en la hora de entrada: 10 \u20ac por noche por apartamento de un dormitorio, 15 \u20ac por noche por apartamento de dos dormitorios \u2022 Tarifa de limpieza \u2022 Fianza de 100 euros por apartamento a dejar en la recepci\u00f3n a la llegada (reembolsable a la salida) (*) WiFi que ofrece la Residencia ofrece navegaci\u00f3n en los sitios web normales, el uso de sistemas de correo electr\u00f3nico y redes sociales. No se espera para descargar pel\u00edculas, videos, juegos; ver pel\u00edculas o video streaming; sincronizaci\u00f3n con los sistemas de nubes y la conexi\u00f3n a los sistemas de videovigilancia.\",\"breadcrumb\":{\"@id\":\"https:\/\/www.residenzalefarfalle.it\/es\/terminos-y-condiciones\/#breadcrumb\"},\"inLanguage\":\"es\",\"potentialAction\":[{\"@type\":\"ReadAction\",\"target\":[\"https:\/\/www.residenzalefarfalle.it\/es\/terminos-y-condiciones\/\"]}]},{\"@type\":\"BreadcrumbList\",\"@id\":\"https:\/\/www.residenzalefarfalle.it\/es\/terminos-y-condiciones\/#breadcrumb\",\"itemListElement\":[{\"@type\":\"ListItem\",\"position\":1,\"name\":\"Home\",\"item\":\"https:\/\/www.residenzalefarfalle.it\/es\/\"},{\"@type\":\"ListItem\",\"position\":2,\"name\":\"T\u00e9rminos y condiciones\"}]},{\"@type\":\"WebSite\",\"@id\":\"https:\/\/www.residenzalefarfalle.it\/es\/#website\",\"url\":\"https:\/\/www.residenzalefarfalle.it\/es\/\",\"name\":\"Residenza Le Farfalle\",\"description\":\"Ecco un altro sito ms.decms.eu\",\"potentialAction\":[{\"@type\":\"SearchAction\",\"target\":{\"@type\":\"EntryPoint\",\"urlTemplate\":\"https:\/\/www.residenzalefarfalle.it\/es\/?s={search_term_string}\"},\"query-input\":{\"@type\":\"PropertyValueSpecification\",\"valueRequired\":true,\"valueName\":\"search_term_string\"}}],\"inLanguage\":\"es\"}]}<\/script>\n<!-- \/ Yoast SEO plugin. -->","yoast_head_json":{"title":"T\u00e9rminos y condiciones &#8226; Residenza Le Farfalle &#8226;","description":"Nuestras tarifas y ofertas incluyen:   Alquiler del apartamento, con todo el equipamiento necesario para cocinar  El consumo de electricidad, agua y gas  Conexi\u00f3n wifi en cada apartamento (*)  Aparcamiento (una plaza por cada apartamento)  1 Kit de playa en suministro para viajes y excursiones (1 sombrilla y dos sillas de playa)  Lavadora, plancha y tabla de planchar  Limpieza final para estancias de al menos 7 noches- la cocina debe quedar limpio \u2013 .  Suministro ropa de cama y toallas a la llegada.  Uso gratuito de los jardines y de la piscina \u2013 no calienta, abierta de 8\/6 a 17\/9-.  Impuestos y servicios  Las tarifas no incluyen:   Aire acondicionado opcional, a pagar en destino, en la hora de entrada: 10 \u20ac por noche por apartamento de un dormitorio, 15 \u20ac por noche por apartamento de dos dormitorios  Tarifa de limpieza  Fianza de 100 euros por apartamento a dejar en la recepci\u00f3n a la llegada (reembolsable a la salida)  (*) WiFi que ofrece la Residencia ofrece navegaci\u00f3n en los sitios web normales, el uso de sistemas de correo electr\u00f3nico y redes sociales. No se espera para descargar pel\u00edculas, videos, juegos; ver pel\u00edculas o video streaming; sincronizaci\u00f3n con los sistemas de nubes y la conexi\u00f3n a los sistemas de videovigilancia.","robots":{"index":"index","follow":"follow","max-snippet":"max-snippet:-1","max-image-preview":"max-image-preview:large","max-video-preview":"max-video-preview:-1"},"canonical":"https:\/\/www.residenzalefarfalle.it\/es\/terminos-y-condiciones\/","og_locale":"es_ES","og_type":"article","og_title":"T\u00e9rminos y condiciones &#8226; Residenza Le Farfalle &#8226;","og_description":"Nuestras tarifas y ofertas incluyen:   Alquiler del apartamento, con todo el equipamiento necesario para cocinar  El consumo de electricidad, agua y gas  Conexi\u00f3n wifi en cada apartamento (*)  Aparcamiento (una plaza por cada apartamento)  1 Kit de playa en suministro para viajes y excursiones (1 sombrilla y dos sillas de playa)  Lavadora, plancha y tabla de planchar  Limpieza final para estancias de al menos 7 noches- la cocina debe quedar limpio \u2013 .  Suministro ropa de cama y toallas a la llegada.  Uso gratuito de los jardines y de la piscina \u2013 no calienta, abierta de 8\/6 a 17\/9-.  Impuestos y servicios  Las tarifas no incluyen:   Aire acondicionado opcional, a pagar en destino, en la hora de entrada: 10 \u20ac por noche por apartamento de un dormitorio, 15 \u20ac por noche por apartamento de dos dormitorios  Tarifa de limpieza  Fianza de 100 euros por apartamento a dejar en la recepci\u00f3n a la llegada (reembolsable a la salida)  (*) WiFi que ofrece la Residencia ofrece navegaci\u00f3n en los sitios web normales, el uso de sistemas de correo electr\u00f3nico y redes sociales. No se espera para descargar pel\u00edculas, videos, juegos; ver pel\u00edculas o video streaming; sincronizaci\u00f3n con los sistemas de nubes y la conexi\u00f3n a los sistemas de videovigilancia.","og_url":"https:\/\/www.residenzalefarfalle.it\/es\/terminos-y-condiciones\/","og_site_name":"Residenza Le Farfalle","article_modified_time":"2023-05-24T15:31:37+00:00","twitter_card":"summary_large_image","twitter_misc":{"Tiempo de lectura":"2 minutos"},"schema":{"@context":"https:\/\/schema.org","@graph":[{"@type":"WebPage","@id":"https:\/\/www.residenzalefarfalle.it\/es\/terminos-y-condiciones\/","url":"https:\/\/www.residenzalefarfalle.it\/es\/terminos-y-condiciones\/","name":"T\u00e9rminos y condiciones &#8226; Residenza Le Farfalle &#8226;","isPartOf":{"@id":"https:\/\/www.residenzalefarfalle.it\/es\/#website"},"datePublished":"2022-12-15T09:36:25+00:00","dateModified":"2023-05-24T15:31:37+00:00","description":"Nuestras tarifas y ofertas incluyen: \u2022 Alquiler del apartamento, con todo el equipamiento necesario para cocinar \u2022 El consumo de electricidad, agua y gas \u2022 Conexi\u00f3n wifi en cada apartamento (*) \u2022 Aparcamiento (una plaza por cada apartamento) \u2022 1 Kit de playa en suministro para viajes y excursiones (1 sombrilla y dos sillas de playa) \u2022 Lavadora, plancha y tabla de planchar \u2022 Limpieza final para estancias de al menos 7 noches- la cocina debe quedar limpio \u2013 . \u2022 Suministro ropa de cama y toallas a la llegada. \u2022 Uso gratuito de los jardines y de la piscina \u2013 no calienta, abierta de 8\/6 a 17\/9-. \u2022 Impuestos y servicios Las tarifas no incluyen: \u2022 Aire acondicionado opcional, a pagar en destino, en la hora de entrada: 10 \u20ac por noche por apartamento de un dormitorio, 15 \u20ac por noche por apartamento de dos dormitorios \u2022 Tarifa de limpieza \u2022 Fianza de 100 euros por apartamento a dejar en la recepci\u00f3n a la llegada (reembolsable a la salida) (*) WiFi que ofrece la Residencia ofrece navegaci\u00f3n en los sitios web normales, el uso de sistemas de correo electr\u00f3nico y redes sociales. No se espera para descargar pel\u00edculas, videos, juegos; ver pel\u00edculas o video streaming; sincronizaci\u00f3n con los sistemas de nubes y la conexi\u00f3n a los sistemas de videovigilancia.","breadcrumb":{"@id":"https:\/\/www.residenzalefarfalle.it\/es\/terminos-y-condiciones\/#breadcrumb"},"inLanguage":"es","potentialAction":[{"@type":"ReadAction","target":["https:\/\/www.residenzalefarfalle.it\/es\/terminos-y-condiciones\/"]}]},{"@type":"BreadcrumbList","@id":"https:\/\/www.residenzalefarfalle.it\/es\/terminos-y-condiciones\/#breadcrumb","itemListElement":[{"@type":"ListItem","position":1,"name":"Home","item":"https:\/\/www.residenzalefarfalle.it\/es\/"},{"@type":"ListItem","position":2,"name":"T\u00e9rminos y condiciones"}]},{"@type":"WebSite","@id":"https:\/\/www.residenzalefarfalle.it\/es\/#website","url":"https:\/\/www.residenzalefarfalle.it\/es\/","name":"Residenza Le Farfalle","description":"Ecco un altro sito ms.decms.eu","potentialAction":[{"@type":"SearchAction","target":{"@type":"EntryPoint","urlTemplate":"https:\/\/www.residenzalefarfalle.it\/es\/?s={search_term_string}"},"query-input":{"@type":"PropertyValueSpecification","valueRequired":true,"valueName":"search_term_string"}}],"inLanguage":"es"}]}},"acf":[],"_links":{"self":[{"href":"https:\/\/www.residenzalefarfalle.it\/es\/wp-json\/wp\/v2\/pages\/1220","targetHints":{"allow":["GET"]}}],"collection":[{"href":"https:\/\/www.residenzalefarfalle.it\/es\/wp-json\/wp\/v2\/pages"}],"about":[{"href":"https:\/\/www.residenzalefarfalle.it\/es\/wp-json\/wp\/v2\/types\/page"}],"author":[{"embeddable":true,"href":"https:\/\/www.residenzalefarfalle.it\/es\/wp-json\/wp\/v2\/users\/13"}],"replies":[{"embeddable":true,"href":"https:\/\/www.residenzalefarfalle.it\/es\/wp-json\/wp\/v2\/comments?post=1220"}],"version-history":[{"count":0,"href":"https:\/\/www.residenzalefarfalle.it\/es\/wp-json\/wp\/v2\/pages\/1220\/revisions"}],"wp:attachment":[{"href":"https:\/\/www.residenzalefarfalle.it\/es\/wp-json\/wp\/v2\/media?parent=1220"}],"curies":[{"name":"wp","href":"https:\/\/api.w.org\/{rel}","templated":true}]}}