
{"id":1181,"date":"2022-12-14T18:27:14","date_gmt":"2022-12-14T17:27:14","guid":{"rendered":"https:\/\/residenzalefarfalle.ms.decms.eu\/?page_id=1181"},"modified":"2023-02-07T11:38:39","modified_gmt":"2023-02-07T10:38:39","slug":"playas","status":"publish","type":"page","link":"https:\/\/www.residenzalefarfalle.it\/es\/playas\/","title":{"rendered":"Playas"},"content":{"rendered":"<p><strong>Castelsardo<\/strong>\u00a0y Lu Bagnu,\u00a0<strong>Costa Paradiso<\/strong>,\u00a0<strong>Stintino<\/strong>\u00a0con su playa\u00a0<strong>Pelosa<\/strong>,\u00a0<strong>Santa Teresa<\/strong>, la\u00a0<strong>Costa Esmeralda<\/strong>\u00a0son solo algunos de los lugares que le sugerimos visitar: al elegir los\u00a0<a title=\"Los apartamentos\" href=\"https:\/\/www.residenzalefarfalle.it\/es\/los-apartamentos\/\"><b>apartamentos de vacaciones<\/b><\/a>\u00a0Le Farfalle tendr\u00e1 acceso a todas las playas y a las localidades costeras m\u00e1s bellas de todo el\u00a0<strong>norte de Cerde\u00f1a<\/strong>. Hemos equipado cada apartamento con un set de playa (2 sillas de playa plegables y 1 sombrilla) para hacer sus viajes balnearios m\u00e1s c\u00f3modos.<\/p>\n<p>A continuaci\u00f3n, le ofrecemos informaci\u00f3n sobre las playas que har\u00e1n que sus <strong>vacaciones en Cerde\u00f1a<\/strong> sean inolvidables:<\/p>\n<p><strong>Lu Bagnu,<\/strong>\u00a0barrio de\u00a0<strong>Castelsardo<\/strong>, es la estaci\u00f3n balnearia m\u00e1s cercana a la residencia y a 5,5 km de distancia. La playa\u00a0<strong>Sacro Cuore-Ampurias<\/strong> de arena fina, gan\u00f3 adem\u00e1s el reconocimiento internacional en 2022 como playa de bandera azul, una distinci\u00f3n que solo se otorga a 7 municipios de Cerde\u00f1a.<\/p>\n<p>La costa de\u00a0<strong>Castelasardo<\/strong>\u00a0(a 8 km) es famosa por sus bah\u00edas de arena, donde las peque\u00f1as calas se combinan con rocas y acantilados, creando as\u00ed tonos multicolores muy atractivos.\u00a0<strong>Castelsardo<\/strong>\u00a0es una parada obligatoria para los apasionados del\u00a0<strong>esn\u00f3rquel y la inmersi\u00f3n subacu\u00e1tica<\/strong>, y los hu\u00e9spedes de Le Farfalle podr\u00e1n beneficiarse de los convenios con el\u00a0<strong>Club de buceo de Castelsardo<\/strong>.<\/p>\n<p>Muchas otras playas y estaciones balnearias (desde\u00a0<strong>San Pietro a mare<\/strong>\u00a0a\u00a0<strong>Marina di Sorso)<\/strong>\u00a0se encuentran a 15 minutos en coche. A continuaci\u00f3n, enumeramos otras costas populares a menos de una hora en coche.<\/p>\n","protected":false},"excerpt":{"rendered":"<p>Castelsardo\u00a0y Lu Bagnu,\u00a0Costa Paradiso,\u00a0Stintino\u00a0con su playa\u00a0Pelosa,\u00a0Santa Teresa, la\u00a0Costa Esmeralda\u00a0son solo algunos de los lugares que le sugerimos visitar: al elegir los\u00a0apartamentos de vacaciones\u00a0Le Farfalle tendr\u00e1 acceso a todas las playas y a las localidades costeras m\u00e1s bellas de todo el\u00a0norte de Cerde\u00f1a. Hemos equipado cada apartamento con un set de playa (2 sillas de playa [&hellip;]<\/p>\n","protected":false},"author":13,"featured_media":0,"parent":0,"menu_order":80,"comment_status":"closed","ping_status":"closed","template":"template-default-2.php","meta":{"footnotes":""},"class_list":["post-1181","page","type-page","status-publish","hentry"],"yoast_head":"<!-- This site is optimized with the Yoast SEO plugin v26.9 - https:\/\/yoast.com\/product\/yoast-seo-wordpress\/ -->\n<title>Playas &#8226; Residenza Le Farfalle &#8226;<\/title>\n<meta name=\"description\" content=\"Castelsardo\u00a0y Lu Bagnu,\u00a0Costa Paradiso,\u00a0Stintino\u00a0con su playa\u00a0Pelosa,\u00a0Santa Teresa, la\u00a0Costa Esmeralda\u00a0son solo algunos de los lugares que le sugerimos visitar: al elegir los\u00a0apartamentos de vacaciones\u00a0Le Farfalle tendr\u00e1 acceso a todas las playas y a las localidades costeras m\u00e1s bellas de todo el\u00a0norte de Cerde\u00f1a. Hemos equipado cada apartamento con un set de playa (2 sillas de playa plegables y 1 sombrilla) para hacer sus viajes balnearios m\u00e1s c\u00f3modos.  A continuaci\u00f3n, le ofrecemos informaci\u00f3n sobre las playas que har\u00e1n que sus vacaciones en Cerde\u00f1a sean inolvidables:  Lu Bagnu,\u00a0barrio de\u00a0Castelsardo, es la estaci\u00f3n balnearia m\u00e1s cercana a la residencia y a 5,5 km de distancia\" \/>\n<meta name=\"robots\" content=\"index, follow, max-snippet:-1, max-image-preview:large, max-video-preview:-1\" \/>\n<link rel=\"canonical\" href=\"https:\/\/www.residenzalefarfalle.it\/es\/playas\/\" \/>\n<meta property=\"og:locale\" content=\"es_ES\" \/>\n<meta property=\"og:type\" content=\"article\" \/>\n<meta property=\"og:title\" content=\"Playas &#8226; Residenza Le Farfalle &#8226;\" \/>\n<meta property=\"og:description\" content=\"Castelsardo\u00a0y Lu Bagnu,\u00a0Costa Paradiso,\u00a0Stintino\u00a0con su playa\u00a0Pelosa,\u00a0Santa Teresa, la\u00a0Costa Esmeralda\u00a0son solo algunos de los lugares que le sugerimos visitar: al elegir los\u00a0apartamentos de vacaciones\u00a0Le Farfalle tendr\u00e1 acceso a todas las playas y a las localidades costeras m\u00e1s bellas de todo el\u00a0norte de Cerde\u00f1a. Hemos equipado cada apartamento con un set de playa (2 sillas de playa plegables y 1 sombrilla) para hacer sus viajes balnearios m\u00e1s c\u00f3modos.  A continuaci\u00f3n, le ofrecemos informaci\u00f3n sobre las playas que har\u00e1n que sus vacaciones en Cerde\u00f1a sean inolvidables:  Lu Bagnu,\u00a0barrio de\u00a0Castelsardo, es la estaci\u00f3n balnearia m\u00e1s cercana a la residencia y a 5,5 km de distancia\" \/>\n<meta property=\"og:url\" content=\"https:\/\/www.residenzalefarfalle.it\/es\/playas\/\" \/>\n<meta property=\"og:site_name\" content=\"Residenza Le Farfalle\" \/>\n<meta property=\"article:modified_time\" content=\"2023-02-07T10:38:39+00:00\" \/>\n<meta name=\"twitter:card\" content=\"summary_large_image\" \/>\n<meta name=\"twitter:label1\" content=\"Tiempo de lectura\" \/>\n\t<meta name=\"twitter:data1\" content=\"2 minutos\" \/>\n<script type=\"application\/ld+json\" class=\"yoast-schema-graph\">{\"@context\":\"https:\/\/schema.org\",\"@graph\":[{\"@type\":\"WebPage\",\"@id\":\"https:\/\/www.residenzalefarfalle.it\/es\/playas\/\",\"url\":\"https:\/\/www.residenzalefarfalle.it\/es\/playas\/\",\"name\":\"Playas &#8226; Residenza Le Farfalle &#8226;\",\"isPartOf\":{\"@id\":\"https:\/\/www.residenzalefarfalle.it\/es\/#website\"},\"datePublished\":\"2022-12-14T17:27:14+00:00\",\"dateModified\":\"2023-02-07T10:38:39+00:00\",\"description\":\"Castelsardo\u00a0y Lu Bagnu,\u00a0Costa Paradiso,\u00a0Stintino\u00a0con su playa\u00a0Pelosa,\u00a0Santa Teresa, la\u00a0Costa Esmeralda\u00a0son solo algunos de los lugares que le sugerimos visitar: al elegir los\u00a0apartamentos de vacaciones\u00a0Le Farfalle tendr\u00e1 acceso a todas las playas y a las localidades costeras m\u00e1s bellas de todo el\u00a0norte de Cerde\u00f1a. Hemos equipado cada apartamento con un set de playa (2 sillas de playa plegables y 1 sombrilla) para hacer sus viajes balnearios m\u00e1s c\u00f3modos. A continuaci\u00f3n, le ofrecemos informaci\u00f3n sobre las playas que har\u00e1n que sus vacaciones en Cerde\u00f1a sean inolvidables: Lu Bagnu,\u00a0barrio de\u00a0Castelsardo, es la estaci\u00f3n balnearia m\u00e1s cercana a la residencia y a 5,5 km de distancia\",\"breadcrumb\":{\"@id\":\"https:\/\/www.residenzalefarfalle.it\/es\/playas\/#breadcrumb\"},\"inLanguage\":\"es\",\"potentialAction\":[{\"@type\":\"ReadAction\",\"target\":[\"https:\/\/www.residenzalefarfalle.it\/es\/playas\/\"]}]},{\"@type\":\"BreadcrumbList\",\"@id\":\"https:\/\/www.residenzalefarfalle.it\/es\/playas\/#breadcrumb\",\"itemListElement\":[{\"@type\":\"ListItem\",\"position\":1,\"name\":\"Home\",\"item\":\"https:\/\/www.residenzalefarfalle.it\/es\/\"},{\"@type\":\"ListItem\",\"position\":2,\"name\":\"Playas\"}]},{\"@type\":\"WebSite\",\"@id\":\"https:\/\/www.residenzalefarfalle.it\/es\/#website\",\"url\":\"https:\/\/www.residenzalefarfalle.it\/es\/\",\"name\":\"Residenza Le Farfalle\",\"description\":\"Ecco un altro sito ms.decms.eu\",\"potentialAction\":[{\"@type\":\"SearchAction\",\"target\":{\"@type\":\"EntryPoint\",\"urlTemplate\":\"https:\/\/www.residenzalefarfalle.it\/es\/?s={search_term_string}\"},\"query-input\":{\"@type\":\"PropertyValueSpecification\",\"valueRequired\":true,\"valueName\":\"search_term_string\"}}],\"inLanguage\":\"es\"}]}<\/script>\n<!-- \/ Yoast SEO plugin. -->","yoast_head_json":{"title":"Playas &#8226; Residenza Le Farfalle &#8226;","description":"Castelsardo\u00a0y Lu Bagnu,\u00a0Costa Paradiso,\u00a0Stintino\u00a0con su playa\u00a0Pelosa,\u00a0Santa Teresa, la\u00a0Costa Esmeralda\u00a0son solo algunos de los lugares que le sugerimos visitar: al elegir los\u00a0apartamentos de vacaciones\u00a0Le Farfalle tendr\u00e1 acceso a todas las playas y a las localidades costeras m\u00e1s bellas de todo el\u00a0norte de Cerde\u00f1a. Hemos equipado cada apartamento con un set de playa (2 sillas de playa plegables y 1 sombrilla) para hacer sus viajes balnearios m\u00e1s c\u00f3modos.  A continuaci\u00f3n, le ofrecemos informaci\u00f3n sobre las playas que har\u00e1n que sus vacaciones en Cerde\u00f1a sean inolvidables:  Lu Bagnu,\u00a0barrio de\u00a0Castelsardo, es la estaci\u00f3n balnearia m\u00e1s cercana a la residencia y a 5,5 km de distancia","robots":{"index":"index","follow":"follow","max-snippet":"max-snippet:-1","max-image-preview":"max-image-preview:large","max-video-preview":"max-video-preview:-1"},"canonical":"https:\/\/www.residenzalefarfalle.it\/es\/playas\/","og_locale":"es_ES","og_type":"article","og_title":"Playas &#8226; Residenza Le Farfalle &#8226;","og_description":"Castelsardo\u00a0y Lu Bagnu,\u00a0Costa Paradiso,\u00a0Stintino\u00a0con su playa\u00a0Pelosa,\u00a0Santa Teresa, la\u00a0Costa Esmeralda\u00a0son solo algunos de los lugares que le sugerimos visitar: al elegir los\u00a0apartamentos de vacaciones\u00a0Le Farfalle tendr\u00e1 acceso a todas las playas y a las localidades costeras m\u00e1s bellas de todo el\u00a0norte de Cerde\u00f1a. Hemos equipado cada apartamento con un set de playa (2 sillas de playa plegables y 1 sombrilla) para hacer sus viajes balnearios m\u00e1s c\u00f3modos.  A continuaci\u00f3n, le ofrecemos informaci\u00f3n sobre las playas que har\u00e1n que sus vacaciones en Cerde\u00f1a sean inolvidables:  Lu Bagnu,\u00a0barrio de\u00a0Castelsardo, es la estaci\u00f3n balnearia m\u00e1s cercana a la residencia y a 5,5 km de distancia","og_url":"https:\/\/www.residenzalefarfalle.it\/es\/playas\/","og_site_name":"Residenza Le Farfalle","article_modified_time":"2023-02-07T10:38:39+00:00","twitter_card":"summary_large_image","twitter_misc":{"Tiempo de lectura":"2 minutos"},"schema":{"@context":"https:\/\/schema.org","@graph":[{"@type":"WebPage","@id":"https:\/\/www.residenzalefarfalle.it\/es\/playas\/","url":"https:\/\/www.residenzalefarfalle.it\/es\/playas\/","name":"Playas &#8226; Residenza Le Farfalle &#8226;","isPartOf":{"@id":"https:\/\/www.residenzalefarfalle.it\/es\/#website"},"datePublished":"2022-12-14T17:27:14+00:00","dateModified":"2023-02-07T10:38:39+00:00","description":"Castelsardo\u00a0y Lu Bagnu,\u00a0Costa Paradiso,\u00a0Stintino\u00a0con su playa\u00a0Pelosa,\u00a0Santa Teresa, la\u00a0Costa Esmeralda\u00a0son solo algunos de los lugares que le sugerimos visitar: al elegir los\u00a0apartamentos de vacaciones\u00a0Le Farfalle tendr\u00e1 acceso a todas las playas y a las localidades costeras m\u00e1s bellas de todo el\u00a0norte de Cerde\u00f1a. Hemos equipado cada apartamento con un set de playa (2 sillas de playa plegables y 1 sombrilla) para hacer sus viajes balnearios m\u00e1s c\u00f3modos. A continuaci\u00f3n, le ofrecemos informaci\u00f3n sobre las playas que har\u00e1n que sus vacaciones en Cerde\u00f1a sean inolvidables: Lu Bagnu,\u00a0barrio de\u00a0Castelsardo, es la estaci\u00f3n balnearia m\u00e1s cercana a la residencia y a 5,5 km de distancia","breadcrumb":{"@id":"https:\/\/www.residenzalefarfalle.it\/es\/playas\/#breadcrumb"},"inLanguage":"es","potentialAction":[{"@type":"ReadAction","target":["https:\/\/www.residenzalefarfalle.it\/es\/playas\/"]}]},{"@type":"BreadcrumbList","@id":"https:\/\/www.residenzalefarfalle.it\/es\/playas\/#breadcrumb","itemListElement":[{"@type":"ListItem","position":1,"name":"Home","item":"https:\/\/www.residenzalefarfalle.it\/es\/"},{"@type":"ListItem","position":2,"name":"Playas"}]},{"@type":"WebSite","@id":"https:\/\/www.residenzalefarfalle.it\/es\/#website","url":"https:\/\/www.residenzalefarfalle.it\/es\/","name":"Residenza Le Farfalle","description":"Ecco un altro sito ms.decms.eu","potentialAction":[{"@type":"SearchAction","target":{"@type":"EntryPoint","urlTemplate":"https:\/\/www.residenzalefarfalle.it\/es\/?s={search_term_string}"},"query-input":{"@type":"PropertyValueSpecification","valueRequired":true,"valueName":"search_term_string"}}],"inLanguage":"es"}]}},"acf":[],"_links":{"self":[{"href":"https:\/\/www.residenzalefarfalle.it\/es\/wp-json\/wp\/v2\/pages\/1181","targetHints":{"allow":["GET"]}}],"collection":[{"href":"https:\/\/www.residenzalefarfalle.it\/es\/wp-json\/wp\/v2\/pages"}],"about":[{"href":"https:\/\/www.residenzalefarfalle.it\/es\/wp-json\/wp\/v2\/types\/page"}],"author":[{"embeddable":true,"href":"https:\/\/www.residenzalefarfalle.it\/es\/wp-json\/wp\/v2\/users\/13"}],"replies":[{"embeddable":true,"href":"https:\/\/www.residenzalefarfalle.it\/es\/wp-json\/wp\/v2\/comments?post=1181"}],"version-history":[{"count":0,"href":"https:\/\/www.residenzalefarfalle.it\/es\/wp-json\/wp\/v2\/pages\/1181\/revisions"}],"wp:attachment":[{"href":"https:\/\/www.residenzalefarfalle.it\/es\/wp-json\/wp\/v2\/media?parent=1181"}],"curies":[{"name":"wp","href":"https:\/\/api.w.org\/{rel}","templated":true}]}}