
{"id":1151,"date":"2022-12-14T17:31:41","date_gmt":"2022-12-14T16:31:41","guid":{"rendered":"https:\/\/residenzalefarfalle.ms.decms.eu\/?page_id=1151"},"modified":"2022-12-14T17:36:44","modified_gmt":"2022-12-14T16:36:44","slug":"para-los-ninos","status":"publish","type":"page","link":"https:\/\/www.residenzalefarfalle.it\/es\/para-los-ninos\/","title":{"rendered":"Para los ni\u00f1os"},"content":{"rendered":"<p>La residencia est\u00e1 dise\u00f1ada para las necesidades familiares y promueve actividades en contacto con la naturaleza para realizar en familia.<\/p>\n<p>Adem\u00e1s de una\u00a0<strong>zona de juegos equipada para los m\u00e1s peque\u00f1os 150 m. por la residencia,\u00a0<\/strong>hay mucho donde elegir:<\/p>\n<ul>\n<li>Excursiones a pie en busca de mirto, madro\u00f1os y moras, as\u00ed como de ovejas, corderos y animales de granja<\/li>\n<li>Paseos en bicicleta o a caballo<\/li>\n<li>O un par de brazadas en la refrescante piscina<\/li>\n<\/ul>\n<p>Adem\u00e1s, en menos de media hora se llega a\u00a0<strong>2 parques tem\u00e1ticos<\/strong>\u00a0<strong>acu\u00e1ticos<\/strong>\u00a0que los ni\u00f1os adorar\u00e1n en particular:\u00a0<strong>Water Paradise<\/strong>, a 20 km de Marina di Sorso, y\u00a0<strong>Aquafantasy<\/strong>, a 33 km de\u00a0<strong>Isola Rossa<\/strong>.<\/p>\n","protected":false},"excerpt":{"rendered":"<p>La residencia est\u00e1 dise\u00f1ada para las necesidades familiares y promueve actividades en contacto con la naturaleza para realizar en familia. Adem\u00e1s de una\u00a0zona de juegos equipada para los m\u00e1s peque\u00f1os 150 m. por la residencia,\u00a0hay mucho donde elegir: Excursiones a pie en busca de mirto, madro\u00f1os y moras, as\u00ed como de ovejas, corderos y animales [&hellip;]<\/p>\n","protected":false},"author":13,"featured_media":0,"parent":0,"menu_order":50,"comment_status":"closed","ping_status":"closed","template":"","meta":{"footnotes":""},"class_list":["post-1151","page","type-page","status-publish","hentry"],"yoast_head":"<!-- This site is optimized with the Yoast SEO plugin v26.9 - https:\/\/yoast.com\/product\/yoast-seo-wordpress\/ -->\n<title>Para los ni\u00f1os &#8226; Residenza Le Farfalle &#8226;<\/title>\n<meta name=\"description\" content=\"La residencia est\u00e1 dise\u00f1ada para las necesidades familiares y promueve actividades en contacto con la naturaleza para realizar en familia.  Adem\u00e1s de una\u00a0zona de juegos equipada para los m\u00e1s peque\u00f1os 150 m. por la residencia,\u00a0hay mucho donde elegir:   Excursiones a pie en busca de mirto, madro\u00f1os y moras, as\u00ed como de ovejas, corderos y animales de granja  Paseos en bicicleta o a caballo  O un par de brazadas en la refrescante piscina  Adem\u00e1s, en menos de media hora se llega a\u00a02 parques tem\u00e1ticos\u00a0acu\u00e1ticos\u00a0que los ni\u00f1os adorar\u00e1n en particular:\u00a0Water Paradise, a 20 km de Marina di Sorso, y\u00a0Aquafantasy, a 33 km de\u00a0Isola Rossa.\" \/>\n<meta name=\"robots\" content=\"index, follow, max-snippet:-1, max-image-preview:large, max-video-preview:-1\" \/>\n<link rel=\"canonical\" href=\"https:\/\/www.residenzalefarfalle.it\/es\/para-los-ninos\/\" \/>\n<meta property=\"og:locale\" content=\"es_ES\" \/>\n<meta property=\"og:type\" content=\"article\" \/>\n<meta property=\"og:title\" content=\"Para los ni\u00f1os &#8226; Residenza Le Farfalle &#8226;\" \/>\n<meta property=\"og:description\" content=\"La residencia est\u00e1 dise\u00f1ada para las necesidades familiares y promueve actividades en contacto con la naturaleza para realizar en familia.  Adem\u00e1s de una\u00a0zona de juegos equipada para los m\u00e1s peque\u00f1os 150 m. por la residencia,\u00a0hay mucho donde elegir:   Excursiones a pie en busca de mirto, madro\u00f1os y moras, as\u00ed como de ovejas, corderos y animales de granja  Paseos en bicicleta o a caballo  O un par de brazadas en la refrescante piscina  Adem\u00e1s, en menos de media hora se llega a\u00a02 parques tem\u00e1ticos\u00a0acu\u00e1ticos\u00a0que los ni\u00f1os adorar\u00e1n en particular:\u00a0Water Paradise, a 20 km de Marina di Sorso, y\u00a0Aquafantasy, a 33 km de\u00a0Isola Rossa.\" \/>\n<meta property=\"og:url\" content=\"https:\/\/www.residenzalefarfalle.it\/es\/para-los-ninos\/\" \/>\n<meta property=\"og:site_name\" content=\"Residenza Le Farfalle\" \/>\n<meta property=\"article:modified_time\" content=\"2022-12-14T16:36:44+00:00\" \/>\n<meta name=\"twitter:card\" content=\"summary_large_image\" \/>\n<meta name=\"twitter:label1\" content=\"Tiempo de lectura\" \/>\n\t<meta name=\"twitter:data1\" content=\"1 minuto\" \/>\n<script type=\"application\/ld+json\" class=\"yoast-schema-graph\">{\"@context\":\"https:\/\/schema.org\",\"@graph\":[{\"@type\":\"WebPage\",\"@id\":\"https:\/\/www.residenzalefarfalle.it\/es\/para-los-ninos\/\",\"url\":\"https:\/\/www.residenzalefarfalle.it\/es\/para-los-ninos\/\",\"name\":\"Para los ni\u00f1os &#8226; Residenza Le Farfalle &#8226;\",\"isPartOf\":{\"@id\":\"https:\/\/www.residenzalefarfalle.it\/es\/#website\"},\"datePublished\":\"2022-12-14T16:31:41+00:00\",\"dateModified\":\"2022-12-14T16:36:44+00:00\",\"description\":\"La residencia est\u00e1 dise\u00f1ada para las necesidades familiares y promueve actividades en contacto con la naturaleza para realizar en familia. Adem\u00e1s de una\u00a0zona de juegos equipada para los m\u00e1s peque\u00f1os 150 m. por la residencia,\u00a0hay mucho donde elegir: \u2022 Excursiones a pie en busca de mirto, madro\u00f1os y moras, as\u00ed como de ovejas, corderos y animales de granja \u2022 Paseos en bicicleta o a caballo \u2022 O un par de brazadas en la refrescante piscina Adem\u00e1s, en menos de media hora se llega a\u00a02 parques tem\u00e1ticos\u00a0acu\u00e1ticos\u00a0que los ni\u00f1os adorar\u00e1n en particular:\u00a0Water Paradise, a 20 km de Marina di Sorso, y\u00a0Aquafantasy, a 33 km de\u00a0Isola Rossa.\",\"breadcrumb\":{\"@id\":\"https:\/\/www.residenzalefarfalle.it\/es\/para-los-ninos\/#breadcrumb\"},\"inLanguage\":\"es\",\"potentialAction\":[{\"@type\":\"ReadAction\",\"target\":[\"https:\/\/www.residenzalefarfalle.it\/es\/para-los-ninos\/\"]}]},{\"@type\":\"BreadcrumbList\",\"@id\":\"https:\/\/www.residenzalefarfalle.it\/es\/para-los-ninos\/#breadcrumb\",\"itemListElement\":[{\"@type\":\"ListItem\",\"position\":1,\"name\":\"Home\",\"item\":\"https:\/\/www.residenzalefarfalle.it\/es\/\"},{\"@type\":\"ListItem\",\"position\":2,\"name\":\"Para los ni\u00f1os\"}]},{\"@type\":\"WebSite\",\"@id\":\"https:\/\/www.residenzalefarfalle.it\/es\/#website\",\"url\":\"https:\/\/www.residenzalefarfalle.it\/es\/\",\"name\":\"Residenza Le Farfalle\",\"description\":\"Ecco un altro sito ms.decms.eu\",\"potentialAction\":[{\"@type\":\"SearchAction\",\"target\":{\"@type\":\"EntryPoint\",\"urlTemplate\":\"https:\/\/www.residenzalefarfalle.it\/es\/?s={search_term_string}\"},\"query-input\":{\"@type\":\"PropertyValueSpecification\",\"valueRequired\":true,\"valueName\":\"search_term_string\"}}],\"inLanguage\":\"es\"}]}<\/script>\n<!-- \/ Yoast SEO plugin. -->","yoast_head_json":{"title":"Para los ni\u00f1os &#8226; Residenza Le Farfalle &#8226;","description":"La residencia est\u00e1 dise\u00f1ada para las necesidades familiares y promueve actividades en contacto con la naturaleza para realizar en familia.  Adem\u00e1s de una\u00a0zona de juegos equipada para los m\u00e1s peque\u00f1os 150 m. por la residencia,\u00a0hay mucho donde elegir:   Excursiones a pie en busca de mirto, madro\u00f1os y moras, as\u00ed como de ovejas, corderos y animales de granja  Paseos en bicicleta o a caballo  O un par de brazadas en la refrescante piscina  Adem\u00e1s, en menos de media hora se llega a\u00a02 parques tem\u00e1ticos\u00a0acu\u00e1ticos\u00a0que los ni\u00f1os adorar\u00e1n en particular:\u00a0Water Paradise, a 20 km de Marina di Sorso, y\u00a0Aquafantasy, a 33 km de\u00a0Isola Rossa.","robots":{"index":"index","follow":"follow","max-snippet":"max-snippet:-1","max-image-preview":"max-image-preview:large","max-video-preview":"max-video-preview:-1"},"canonical":"https:\/\/www.residenzalefarfalle.it\/es\/para-los-ninos\/","og_locale":"es_ES","og_type":"article","og_title":"Para los ni\u00f1os &#8226; Residenza Le Farfalle &#8226;","og_description":"La residencia est\u00e1 dise\u00f1ada para las necesidades familiares y promueve actividades en contacto con la naturaleza para realizar en familia.  Adem\u00e1s de una\u00a0zona de juegos equipada para los m\u00e1s peque\u00f1os 150 m. por la residencia,\u00a0hay mucho donde elegir:   Excursiones a pie en busca de mirto, madro\u00f1os y moras, as\u00ed como de ovejas, corderos y animales de granja  Paseos en bicicleta o a caballo  O un par de brazadas en la refrescante piscina  Adem\u00e1s, en menos de media hora se llega a\u00a02 parques tem\u00e1ticos\u00a0acu\u00e1ticos\u00a0que los ni\u00f1os adorar\u00e1n en particular:\u00a0Water Paradise, a 20 km de Marina di Sorso, y\u00a0Aquafantasy, a 33 km de\u00a0Isola Rossa.","og_url":"https:\/\/www.residenzalefarfalle.it\/es\/para-los-ninos\/","og_site_name":"Residenza Le Farfalle","article_modified_time":"2022-12-14T16:36:44+00:00","twitter_card":"summary_large_image","twitter_misc":{"Tiempo de lectura":"1 minuto"},"schema":{"@context":"https:\/\/schema.org","@graph":[{"@type":"WebPage","@id":"https:\/\/www.residenzalefarfalle.it\/es\/para-los-ninos\/","url":"https:\/\/www.residenzalefarfalle.it\/es\/para-los-ninos\/","name":"Para los ni\u00f1os &#8226; Residenza Le Farfalle &#8226;","isPartOf":{"@id":"https:\/\/www.residenzalefarfalle.it\/es\/#website"},"datePublished":"2022-12-14T16:31:41+00:00","dateModified":"2022-12-14T16:36:44+00:00","description":"La residencia est\u00e1 dise\u00f1ada para las necesidades familiares y promueve actividades en contacto con la naturaleza para realizar en familia. Adem\u00e1s de una\u00a0zona de juegos equipada para los m\u00e1s peque\u00f1os 150 m. por la residencia,\u00a0hay mucho donde elegir: \u2022 Excursiones a pie en busca de mirto, madro\u00f1os y moras, as\u00ed como de ovejas, corderos y animales de granja \u2022 Paseos en bicicleta o a caballo \u2022 O un par de brazadas en la refrescante piscina Adem\u00e1s, en menos de media hora se llega a\u00a02 parques tem\u00e1ticos\u00a0acu\u00e1ticos\u00a0que los ni\u00f1os adorar\u00e1n en particular:\u00a0Water Paradise, a 20 km de Marina di Sorso, y\u00a0Aquafantasy, a 33 km de\u00a0Isola Rossa.","breadcrumb":{"@id":"https:\/\/www.residenzalefarfalle.it\/es\/para-los-ninos\/#breadcrumb"},"inLanguage":"es","potentialAction":[{"@type":"ReadAction","target":["https:\/\/www.residenzalefarfalle.it\/es\/para-los-ninos\/"]}]},{"@type":"BreadcrumbList","@id":"https:\/\/www.residenzalefarfalle.it\/es\/para-los-ninos\/#breadcrumb","itemListElement":[{"@type":"ListItem","position":1,"name":"Home","item":"https:\/\/www.residenzalefarfalle.it\/es\/"},{"@type":"ListItem","position":2,"name":"Para los ni\u00f1os"}]},{"@type":"WebSite","@id":"https:\/\/www.residenzalefarfalle.it\/es\/#website","url":"https:\/\/www.residenzalefarfalle.it\/es\/","name":"Residenza Le Farfalle","description":"Ecco un altro sito ms.decms.eu","potentialAction":[{"@type":"SearchAction","target":{"@type":"EntryPoint","urlTemplate":"https:\/\/www.residenzalefarfalle.it\/es\/?s={search_term_string}"},"query-input":{"@type":"PropertyValueSpecification","valueRequired":true,"valueName":"search_term_string"}}],"inLanguage":"es"}]}},"acf":[],"_links":{"self":[{"href":"https:\/\/www.residenzalefarfalle.it\/es\/wp-json\/wp\/v2\/pages\/1151","targetHints":{"allow":["GET"]}}],"collection":[{"href":"https:\/\/www.residenzalefarfalle.it\/es\/wp-json\/wp\/v2\/pages"}],"about":[{"href":"https:\/\/www.residenzalefarfalle.it\/es\/wp-json\/wp\/v2\/types\/page"}],"author":[{"embeddable":true,"href":"https:\/\/www.residenzalefarfalle.it\/es\/wp-json\/wp\/v2\/users\/13"}],"replies":[{"embeddable":true,"href":"https:\/\/www.residenzalefarfalle.it\/es\/wp-json\/wp\/v2\/comments?post=1151"}],"version-history":[{"count":0,"href":"https:\/\/www.residenzalefarfalle.it\/es\/wp-json\/wp\/v2\/pages\/1151\/revisions"}],"wp:attachment":[{"href":"https:\/\/www.residenzalefarfalle.it\/es\/wp-json\/wp\/v2\/media?parent=1151"}],"curies":[{"name":"wp","href":"https:\/\/api.w.org\/{rel}","templated":true}]}}