
{"id":1143,"date":"2022-12-14T17:24:20","date_gmt":"2022-12-14T16:24:20","guid":{"rendered":"https:\/\/residenzalefarfalle.ms.decms.eu\/?page_id=1143"},"modified":"2022-12-14T17:27:55","modified_gmt":"2022-12-14T16:27:55","slug":"alrededores","status":"publish","type":"page","link":"https:\/\/www.residenzalefarfalle.it\/es\/alrededores\/","title":{"rendered":"Alrededores"},"content":{"rendered":"<p>Desde los apartamentos de la residencia todos los servicios y tiendas del centro de Tergu est\u00e1n a poca distancia a pie:<\/p>\n<ul>\n<li>Bar, un peque\u00f1o supermercado, fruter\u00eda, carnicer\u00eda y panader\u00eda<\/li>\n<li>Farmacia y buzones<\/li>\n<li>Sindicatos de iniciativa tur\u00edstica<\/li>\n<\/ul>\n<p>A 650 m y a 5 km respectivamente se alzan dos granjas,\u00a0<strong>Sa Tanca Noa<\/strong><b>\u00a0<\/b>y\u00a0<strong>Monte Entosu,<\/strong>\u00a0donde se puede degustar la cocina local, reservar excursiones y comprar productos locales.<\/p>\n<p>A unos 20 km, en Serralonga, se alza la caballeriza\u00a0<strong>y el centro h\u00edpico Il Ginepro<\/strong>, donde se pueden reservar clases individuales o en grupo, y montar a caballo en el campo o por la playa.<\/p>\n","protected":false},"excerpt":{"rendered":"<p>Desde los apartamentos de la residencia todos los servicios y tiendas del centro de Tergu est\u00e1n a poca distancia a pie: Bar, un peque\u00f1o supermercado, fruter\u00eda, carnicer\u00eda y panader\u00eda Farmacia y buzones Sindicatos de iniciativa tur\u00edstica A 650 m y a 5 km respectivamente se alzan dos granjas,\u00a0Sa Tanca Noa\u00a0y\u00a0Monte Entosu,\u00a0donde se puede degustar la [&hellip;]<\/p>\n","protected":false},"author":13,"featured_media":0,"parent":0,"menu_order":40,"comment_status":"closed","ping_status":"closed","template":"","meta":{"footnotes":""},"class_list":["post-1143","page","type-page","status-publish","hentry"],"yoast_head":"<!-- This site is optimized with the Yoast SEO plugin v26.9 - https:\/\/yoast.com\/product\/yoast-seo-wordpress\/ -->\n<title>Alrededores &#8226; Residenza Le Farfalle &#8226;<\/title>\n<meta name=\"description\" content=\"Desde los apartamentos de la residencia todos los servicios y tiendas del centro de Tergu est\u00e1n a poca distancia a pie:   Bar, un peque\u00f1o supermercado, fruter\u00eda, carnicer\u00eda y panader\u00eda  Farmacia y buzones  Sindicatos de iniciativa tur\u00edstica  A 650 m y a 5 km respectivamente se alzan dos granjas,\u00a0Sa Tanca Noa\u00a0y\u00a0Monte Entosu,\u00a0donde se puede degustar la cocina local, reservar excursiones y comprar productos locales.  A unos 20 km, en Serralonga, se alza la caballeriza\u00a0y el centro h\u00edpico Il Ginepro, donde se pueden reservar clases individuales o en grupo, y montar a caballo en el campo o por la playa..\" \/>\n<meta name=\"robots\" content=\"index, follow, max-snippet:-1, max-image-preview:large, max-video-preview:-1\" \/>\n<link rel=\"canonical\" href=\"https:\/\/www.residenzalefarfalle.it\/es\/alrededores\/\" \/>\n<meta property=\"og:locale\" content=\"es_ES\" \/>\n<meta property=\"og:type\" content=\"article\" \/>\n<meta property=\"og:title\" content=\"Alrededores &#8226; Residenza Le Farfalle &#8226;\" \/>\n<meta property=\"og:description\" content=\"Desde los apartamentos de la residencia todos los servicios y tiendas del centro de Tergu est\u00e1n a poca distancia a pie:   Bar, un peque\u00f1o supermercado, fruter\u00eda, carnicer\u00eda y panader\u00eda  Farmacia y buzones  Sindicatos de iniciativa tur\u00edstica  A 650 m y a 5 km respectivamente se alzan dos granjas,\u00a0Sa Tanca Noa\u00a0y\u00a0Monte Entosu,\u00a0donde se puede degustar la cocina local, reservar excursiones y comprar productos locales.  A unos 20 km, en Serralonga, se alza la caballeriza\u00a0y el centro h\u00edpico Il Ginepro, donde se pueden reservar clases individuales o en grupo, y montar a caballo en el campo o por la playa..\" \/>\n<meta property=\"og:url\" content=\"https:\/\/www.residenzalefarfalle.it\/es\/alrededores\/\" \/>\n<meta property=\"og:site_name\" content=\"Residenza Le Farfalle\" \/>\n<meta property=\"article:modified_time\" content=\"2022-12-14T16:27:55+00:00\" \/>\n<meta name=\"twitter:card\" content=\"summary_large_image\" \/>\n<meta name=\"twitter:label1\" content=\"Tiempo de lectura\" \/>\n\t<meta name=\"twitter:data1\" content=\"1 minuto\" \/>\n<script type=\"application\/ld+json\" class=\"yoast-schema-graph\">{\"@context\":\"https:\/\/schema.org\",\"@graph\":[{\"@type\":\"WebPage\",\"@id\":\"https:\/\/www.residenzalefarfalle.it\/es\/alrededores\/\",\"url\":\"https:\/\/www.residenzalefarfalle.it\/es\/alrededores\/\",\"name\":\"Alrededores &#8226; Residenza Le Farfalle &#8226;\",\"isPartOf\":{\"@id\":\"https:\/\/www.residenzalefarfalle.it\/es\/#website\"},\"datePublished\":\"2022-12-14T16:24:20+00:00\",\"dateModified\":\"2022-12-14T16:27:55+00:00\",\"description\":\"Desde los apartamentos de la residencia todos los servicios y tiendas del centro de Tergu est\u00e1n a poca distancia a pie: \u2022 Bar, un peque\u00f1o supermercado, fruter\u00eda, carnicer\u00eda y panader\u00eda \u2022 Farmacia y buzones \u2022 Sindicatos de iniciativa tur\u00edstica A 650 m y a 5 km respectivamente se alzan dos granjas,\u00a0Sa Tanca Noa\u00a0y\u00a0Monte Entosu,\u00a0donde se puede degustar la cocina local, reservar excursiones y comprar productos locales. A unos 20 km, en Serralonga, se alza la caballeriza\u00a0y el centro h\u00edpico Il Ginepro, donde se pueden reservar clases individuales o en grupo, y montar a caballo en el campo o por la playa..\",\"breadcrumb\":{\"@id\":\"https:\/\/www.residenzalefarfalle.it\/es\/alrededores\/#breadcrumb\"},\"inLanguage\":\"es\",\"potentialAction\":[{\"@type\":\"ReadAction\",\"target\":[\"https:\/\/www.residenzalefarfalle.it\/es\/alrededores\/\"]}]},{\"@type\":\"BreadcrumbList\",\"@id\":\"https:\/\/www.residenzalefarfalle.it\/es\/alrededores\/#breadcrumb\",\"itemListElement\":[{\"@type\":\"ListItem\",\"position\":1,\"name\":\"Home\",\"item\":\"https:\/\/www.residenzalefarfalle.it\/es\/\"},{\"@type\":\"ListItem\",\"position\":2,\"name\":\"Alrededores\"}]},{\"@type\":\"WebSite\",\"@id\":\"https:\/\/www.residenzalefarfalle.it\/es\/#website\",\"url\":\"https:\/\/www.residenzalefarfalle.it\/es\/\",\"name\":\"Residenza Le Farfalle\",\"description\":\"Ecco un altro sito ms.decms.eu\",\"potentialAction\":[{\"@type\":\"SearchAction\",\"target\":{\"@type\":\"EntryPoint\",\"urlTemplate\":\"https:\/\/www.residenzalefarfalle.it\/es\/?s={search_term_string}\"},\"query-input\":{\"@type\":\"PropertyValueSpecification\",\"valueRequired\":true,\"valueName\":\"search_term_string\"}}],\"inLanguage\":\"es\"}]}<\/script>\n<!-- \/ Yoast SEO plugin. -->","yoast_head_json":{"title":"Alrededores &#8226; Residenza Le Farfalle &#8226;","description":"Desde los apartamentos de la residencia todos los servicios y tiendas del centro de Tergu est\u00e1n a poca distancia a pie:   Bar, un peque\u00f1o supermercado, fruter\u00eda, carnicer\u00eda y panader\u00eda  Farmacia y buzones  Sindicatos de iniciativa tur\u00edstica  A 650 m y a 5 km respectivamente se alzan dos granjas,\u00a0Sa Tanca Noa\u00a0y\u00a0Monte Entosu,\u00a0donde se puede degustar la cocina local, reservar excursiones y comprar productos locales.  A unos 20 km, en Serralonga, se alza la caballeriza\u00a0y el centro h\u00edpico Il Ginepro, donde se pueden reservar clases individuales o en grupo, y montar a caballo en el campo o por la playa..","robots":{"index":"index","follow":"follow","max-snippet":"max-snippet:-1","max-image-preview":"max-image-preview:large","max-video-preview":"max-video-preview:-1"},"canonical":"https:\/\/www.residenzalefarfalle.it\/es\/alrededores\/","og_locale":"es_ES","og_type":"article","og_title":"Alrededores &#8226; Residenza Le Farfalle &#8226;","og_description":"Desde los apartamentos de la residencia todos los servicios y tiendas del centro de Tergu est\u00e1n a poca distancia a pie:   Bar, un peque\u00f1o supermercado, fruter\u00eda, carnicer\u00eda y panader\u00eda  Farmacia y buzones  Sindicatos de iniciativa tur\u00edstica  A 650 m y a 5 km respectivamente se alzan dos granjas,\u00a0Sa Tanca Noa\u00a0y\u00a0Monte Entosu,\u00a0donde se puede degustar la cocina local, reservar excursiones y comprar productos locales.  A unos 20 km, en Serralonga, se alza la caballeriza\u00a0y el centro h\u00edpico Il Ginepro, donde se pueden reservar clases individuales o en grupo, y montar a caballo en el campo o por la playa..","og_url":"https:\/\/www.residenzalefarfalle.it\/es\/alrededores\/","og_site_name":"Residenza Le Farfalle","article_modified_time":"2022-12-14T16:27:55+00:00","twitter_card":"summary_large_image","twitter_misc":{"Tiempo de lectura":"1 minuto"},"schema":{"@context":"https:\/\/schema.org","@graph":[{"@type":"WebPage","@id":"https:\/\/www.residenzalefarfalle.it\/es\/alrededores\/","url":"https:\/\/www.residenzalefarfalle.it\/es\/alrededores\/","name":"Alrededores &#8226; Residenza Le Farfalle &#8226;","isPartOf":{"@id":"https:\/\/www.residenzalefarfalle.it\/es\/#website"},"datePublished":"2022-12-14T16:24:20+00:00","dateModified":"2022-12-14T16:27:55+00:00","description":"Desde los apartamentos de la residencia todos los servicios y tiendas del centro de Tergu est\u00e1n a poca distancia a pie: \u2022 Bar, un peque\u00f1o supermercado, fruter\u00eda, carnicer\u00eda y panader\u00eda \u2022 Farmacia y buzones \u2022 Sindicatos de iniciativa tur\u00edstica A 650 m y a 5 km respectivamente se alzan dos granjas,\u00a0Sa Tanca Noa\u00a0y\u00a0Monte Entosu,\u00a0donde se puede degustar la cocina local, reservar excursiones y comprar productos locales. A unos 20 km, en Serralonga, se alza la caballeriza\u00a0y el centro h\u00edpico Il Ginepro, donde se pueden reservar clases individuales o en grupo, y montar a caballo en el campo o por la playa..","breadcrumb":{"@id":"https:\/\/www.residenzalefarfalle.it\/es\/alrededores\/#breadcrumb"},"inLanguage":"es","potentialAction":[{"@type":"ReadAction","target":["https:\/\/www.residenzalefarfalle.it\/es\/alrededores\/"]}]},{"@type":"BreadcrumbList","@id":"https:\/\/www.residenzalefarfalle.it\/es\/alrededores\/#breadcrumb","itemListElement":[{"@type":"ListItem","position":1,"name":"Home","item":"https:\/\/www.residenzalefarfalle.it\/es\/"},{"@type":"ListItem","position":2,"name":"Alrededores"}]},{"@type":"WebSite","@id":"https:\/\/www.residenzalefarfalle.it\/es\/#website","url":"https:\/\/www.residenzalefarfalle.it\/es\/","name":"Residenza Le Farfalle","description":"Ecco un altro sito ms.decms.eu","potentialAction":[{"@type":"SearchAction","target":{"@type":"EntryPoint","urlTemplate":"https:\/\/www.residenzalefarfalle.it\/es\/?s={search_term_string}"},"query-input":{"@type":"PropertyValueSpecification","valueRequired":true,"valueName":"search_term_string"}}],"inLanguage":"es"}]}},"acf":[],"_links":{"self":[{"href":"https:\/\/www.residenzalefarfalle.it\/es\/wp-json\/wp\/v2\/pages\/1143","targetHints":{"allow":["GET"]}}],"collection":[{"href":"https:\/\/www.residenzalefarfalle.it\/es\/wp-json\/wp\/v2\/pages"}],"about":[{"href":"https:\/\/www.residenzalefarfalle.it\/es\/wp-json\/wp\/v2\/types\/page"}],"author":[{"embeddable":true,"href":"https:\/\/www.residenzalefarfalle.it\/es\/wp-json\/wp\/v2\/users\/13"}],"replies":[{"embeddable":true,"href":"https:\/\/www.residenzalefarfalle.it\/es\/wp-json\/wp\/v2\/comments?post=1143"}],"version-history":[{"count":0,"href":"https:\/\/www.residenzalefarfalle.it\/es\/wp-json\/wp\/v2\/pages\/1143\/revisions"}],"wp:attachment":[{"href":"https:\/\/www.residenzalefarfalle.it\/es\/wp-json\/wp\/v2\/media?parent=1143"}],"curies":[{"name":"wp","href":"https:\/\/api.w.org\/{rel}","templated":true}]}}