
{"id":1127,"date":"2022-12-14T17:14:23","date_gmt":"2022-12-14T16:14:23","guid":{"rendered":"https:\/\/residenzalefarfalle.ms.decms.eu\/?page_id=1127"},"modified":"2022-12-14T17:16:22","modified_gmt":"2022-12-14T16:16:22","slug":"los-apartamentos","status":"publish","type":"page","link":"https:\/\/www.residenzalefarfalle.it\/es\/los-apartamentos\/","title":{"rendered":"Los apartamentos"},"content":{"rendered":"<p>Los\u00a0<strong>apartamentos<\/strong><b>\u00a0<\/b>de la Residencia<b>\u00a0<\/b>rodean la amplia\u00a0<strong>piscina panor\u00e1mica<\/strong>\u00a0y pueden <strong>tener vistas al mar<\/strong>, los cuales se hallan en su mayor\u00eda en el primer piso,\u00a0o\u00a0<strong>vistas a la piscina<\/strong>\u00a0y al campo, ubicados en la planta baja.<\/p>\n<p>A pesar del ambiente de tranquilidad y relax, hemos pensado en todo para ofrecerle una estancia en casas reales, equipadas y amuebladas con todas las comodidades. De hecho, todos los apartamentos disponen de:<\/p>\n<ul>\n<li>\u00c1rea de cocina equipada, con vistas al sal\u00f3n\/sala de estar.<\/li>\n<li>\u00c1rea sala de estar con sof\u00e1-cama doble y \u00e1rea de comedor<\/li>\n<li>Terraza cubierta y equipada para disfrutar de cenas al aire libre (de primavera a oto\u00f1o)<\/li>\n<li><strong>WiFi gratis*<\/strong>;<\/li>\n<li><strong>TV color, lavadora y secador de pelo<\/strong><\/li>\n<li>aire acondicionado (opcional, a pagar in situ)<\/li>\n<li>Cuarto de ba\u00f1o con ducha<\/li>\n<li>Plaza de aparcamiento exterior<\/li>\n<\/ul>\n","protected":false},"excerpt":{"rendered":"<p>Los\u00a0apartamentos\u00a0de la Residencia\u00a0rodean la amplia\u00a0piscina panor\u00e1mica\u00a0y pueden tener vistas al mar, los cuales se hallan en su mayor\u00eda en el primer piso,\u00a0o\u00a0vistas a la piscina\u00a0y al campo, ubicados en la planta baja. A pesar del ambiente de tranquilidad y relax, hemos pensado en todo para ofrecerle una estancia en casas reales, equipadas y amuebladas con [&hellip;]<\/p>\n","protected":false},"author":13,"featured_media":0,"parent":0,"menu_order":20,"comment_status":"closed","ping_status":"closed","template":"template-default-3.php","meta":{"footnotes":""},"class_list":["post-1127","page","type-page","status-publish","hentry"],"yoast_head":"<!-- This site is optimized with the Yoast SEO plugin v26.9 - https:\/\/yoast.com\/product\/yoast-seo-wordpress\/ -->\n<title>Los apartamentos &#8226; Residenza Le Farfalle &#8226;<\/title>\n<meta name=\"description\" content=\"Los\u00a0apartamentos\u00a0de la Residencia\u00a0rodean la amplia\u00a0piscina panor\u00e1mica\u00a0y pueden tener vistas al mar, los cuales se hallan en su mayor\u00eda en el primer piso,\u00a0o\u00a0vistas a la piscina\u00a0y al campo, ubicados en la planta baja.  A pesar del ambiente de tranquilidad y relax, hemos pensado en todo para ofrecerle una estancia en casas reales, equipadas y amuebladas con todas las comodidades. De hecho, todos los apartamentos disponen de:   \u00c1rea de cocina equipada, con vistas al sal\u00f3n\/sala de estar.  \u00c1rea sala de estar con sof\u00e1-cama doble y \u00e1rea de comedor  Terraza cubierta y equipada para disfrutar de cenas al aire libre (de primavera a oto\u00f1o)  WiFi gratis*;  TV color, lavadora y secador de pelo  aire acondicionado (opcional, a pagar in situ)  Cuarto de ba\u00f1o con ducha  Plaza de aparcamiento exterior\" \/>\n<meta name=\"robots\" content=\"index, follow, max-snippet:-1, max-image-preview:large, max-video-preview:-1\" \/>\n<link rel=\"canonical\" href=\"https:\/\/www.residenzalefarfalle.it\/es\/los-apartamentos\/\" \/>\n<meta property=\"og:locale\" content=\"es_ES\" \/>\n<meta property=\"og:type\" content=\"article\" \/>\n<meta property=\"og:title\" content=\"Los apartamentos &#8226; Residenza Le Farfalle &#8226;\" \/>\n<meta property=\"og:description\" content=\"Los\u00a0apartamentos\u00a0de la Residencia\u00a0rodean la amplia\u00a0piscina panor\u00e1mica\u00a0y pueden tener vistas al mar, los cuales se hallan en su mayor\u00eda en el primer piso,\u00a0o\u00a0vistas a la piscina\u00a0y al campo, ubicados en la planta baja.  A pesar del ambiente de tranquilidad y relax, hemos pensado en todo para ofrecerle una estancia en casas reales, equipadas y amuebladas con todas las comodidades. De hecho, todos los apartamentos disponen de:   \u00c1rea de cocina equipada, con vistas al sal\u00f3n\/sala de estar.  \u00c1rea sala de estar con sof\u00e1-cama doble y \u00e1rea de comedor  Terraza cubierta y equipada para disfrutar de cenas al aire libre (de primavera a oto\u00f1o)  WiFi gratis*;  TV color, lavadora y secador de pelo  aire acondicionado (opcional, a pagar in situ)  Cuarto de ba\u00f1o con ducha  Plaza de aparcamiento exterior\" \/>\n<meta property=\"og:url\" content=\"https:\/\/www.residenzalefarfalle.it\/es\/los-apartamentos\/\" \/>\n<meta property=\"og:site_name\" content=\"Residenza Le Farfalle\" \/>\n<meta property=\"article:modified_time\" content=\"2022-12-14T16:16:22+00:00\" \/>\n<meta name=\"twitter:card\" content=\"summary_large_image\" \/>\n<meta name=\"twitter:label1\" content=\"Tiempo de lectura\" \/>\n\t<meta name=\"twitter:data1\" content=\"1 minuto\" \/>\n<script type=\"application\/ld+json\" class=\"yoast-schema-graph\">{\"@context\":\"https:\/\/schema.org\",\"@graph\":[{\"@type\":\"WebPage\",\"@id\":\"https:\/\/www.residenzalefarfalle.it\/es\/los-apartamentos\/\",\"url\":\"https:\/\/www.residenzalefarfalle.it\/es\/los-apartamentos\/\",\"name\":\"Los apartamentos &#8226; Residenza Le Farfalle &#8226;\",\"isPartOf\":{\"@id\":\"https:\/\/www.residenzalefarfalle.it\/es\/#website\"},\"datePublished\":\"2022-12-14T16:14:23+00:00\",\"dateModified\":\"2022-12-14T16:16:22+00:00\",\"description\":\"Los\u00a0apartamentos\u00a0de la Residencia\u00a0rodean la amplia\u00a0piscina panor\u00e1mica\u00a0y pueden tener vistas al mar, los cuales se hallan en su mayor\u00eda en el primer piso,\u00a0o\u00a0vistas a la piscina\u00a0y al campo, ubicados en la planta baja. A pesar del ambiente de tranquilidad y relax, hemos pensado en todo para ofrecerle una estancia en casas reales, equipadas y amuebladas con todas las comodidades. De hecho, todos los apartamentos disponen de: \u2022 \u00c1rea de cocina equipada, con vistas al sal\u00f3n\/sala de estar. \u2022 \u00c1rea sala de estar con sof\u00e1-cama doble y \u00e1rea de comedor \u2022 Terraza cubierta y equipada para disfrutar de cenas al aire libre (de primavera a oto\u00f1o) \u2022 WiFi gratis*; \u2022 TV color, lavadora y secador de pelo \u2022 aire acondicionado (opcional, a pagar in situ) \u2022 Cuarto de ba\u00f1o con ducha \u2022 Plaza de aparcamiento exterior\",\"breadcrumb\":{\"@id\":\"https:\/\/www.residenzalefarfalle.it\/es\/los-apartamentos\/#breadcrumb\"},\"inLanguage\":\"es\",\"potentialAction\":[{\"@type\":\"ReadAction\",\"target\":[\"https:\/\/www.residenzalefarfalle.it\/es\/los-apartamentos\/\"]}]},{\"@type\":\"BreadcrumbList\",\"@id\":\"https:\/\/www.residenzalefarfalle.it\/es\/los-apartamentos\/#breadcrumb\",\"itemListElement\":[{\"@type\":\"ListItem\",\"position\":1,\"name\":\"Home\",\"item\":\"https:\/\/www.residenzalefarfalle.it\/es\/\"},{\"@type\":\"ListItem\",\"position\":2,\"name\":\"Los apartamentos\"}]},{\"@type\":\"WebSite\",\"@id\":\"https:\/\/www.residenzalefarfalle.it\/es\/#website\",\"url\":\"https:\/\/www.residenzalefarfalle.it\/es\/\",\"name\":\"Residenza Le Farfalle\",\"description\":\"Ecco un altro sito ms.decms.eu\",\"potentialAction\":[{\"@type\":\"SearchAction\",\"target\":{\"@type\":\"EntryPoint\",\"urlTemplate\":\"https:\/\/www.residenzalefarfalle.it\/es\/?s={search_term_string}\"},\"query-input\":{\"@type\":\"PropertyValueSpecification\",\"valueRequired\":true,\"valueName\":\"search_term_string\"}}],\"inLanguage\":\"es\"}]}<\/script>\n<!-- \/ Yoast SEO plugin. -->","yoast_head_json":{"title":"Los apartamentos &#8226; Residenza Le Farfalle &#8226;","description":"Los\u00a0apartamentos\u00a0de la Residencia\u00a0rodean la amplia\u00a0piscina panor\u00e1mica\u00a0y pueden tener vistas al mar, los cuales se hallan en su mayor\u00eda en el primer piso,\u00a0o\u00a0vistas a la piscina\u00a0y al campo, ubicados en la planta baja.  A pesar del ambiente de tranquilidad y relax, hemos pensado en todo para ofrecerle una estancia en casas reales, equipadas y amuebladas con todas las comodidades. De hecho, todos los apartamentos disponen de:   \u00c1rea de cocina equipada, con vistas al sal\u00f3n\/sala de estar.  \u00c1rea sala de estar con sof\u00e1-cama doble y \u00e1rea de comedor  Terraza cubierta y equipada para disfrutar de cenas al aire libre (de primavera a oto\u00f1o)  WiFi gratis*;  TV color, lavadora y secador de pelo  aire acondicionado (opcional, a pagar in situ)  Cuarto de ba\u00f1o con ducha  Plaza de aparcamiento exterior","robots":{"index":"index","follow":"follow","max-snippet":"max-snippet:-1","max-image-preview":"max-image-preview:large","max-video-preview":"max-video-preview:-1"},"canonical":"https:\/\/www.residenzalefarfalle.it\/es\/los-apartamentos\/","og_locale":"es_ES","og_type":"article","og_title":"Los apartamentos &#8226; Residenza Le Farfalle &#8226;","og_description":"Los\u00a0apartamentos\u00a0de la Residencia\u00a0rodean la amplia\u00a0piscina panor\u00e1mica\u00a0y pueden tener vistas al mar, los cuales se hallan en su mayor\u00eda en el primer piso,\u00a0o\u00a0vistas a la piscina\u00a0y al campo, ubicados en la planta baja.  A pesar del ambiente de tranquilidad y relax, hemos pensado en todo para ofrecerle una estancia en casas reales, equipadas y amuebladas con todas las comodidades. De hecho, todos los apartamentos disponen de:   \u00c1rea de cocina equipada, con vistas al sal\u00f3n\/sala de estar.  \u00c1rea sala de estar con sof\u00e1-cama doble y \u00e1rea de comedor  Terraza cubierta y equipada para disfrutar de cenas al aire libre (de primavera a oto\u00f1o)  WiFi gratis*;  TV color, lavadora y secador de pelo  aire acondicionado (opcional, a pagar in situ)  Cuarto de ba\u00f1o con ducha  Plaza de aparcamiento exterior","og_url":"https:\/\/www.residenzalefarfalle.it\/es\/los-apartamentos\/","og_site_name":"Residenza Le Farfalle","article_modified_time":"2022-12-14T16:16:22+00:00","twitter_card":"summary_large_image","twitter_misc":{"Tiempo de lectura":"1 minuto"},"schema":{"@context":"https:\/\/schema.org","@graph":[{"@type":"WebPage","@id":"https:\/\/www.residenzalefarfalle.it\/es\/los-apartamentos\/","url":"https:\/\/www.residenzalefarfalle.it\/es\/los-apartamentos\/","name":"Los apartamentos &#8226; Residenza Le Farfalle &#8226;","isPartOf":{"@id":"https:\/\/www.residenzalefarfalle.it\/es\/#website"},"datePublished":"2022-12-14T16:14:23+00:00","dateModified":"2022-12-14T16:16:22+00:00","description":"Los\u00a0apartamentos\u00a0de la Residencia\u00a0rodean la amplia\u00a0piscina panor\u00e1mica\u00a0y pueden tener vistas al mar, los cuales se hallan en su mayor\u00eda en el primer piso,\u00a0o\u00a0vistas a la piscina\u00a0y al campo, ubicados en la planta baja. A pesar del ambiente de tranquilidad y relax, hemos pensado en todo para ofrecerle una estancia en casas reales, equipadas y amuebladas con todas las comodidades. De hecho, todos los apartamentos disponen de: \u2022 \u00c1rea de cocina equipada, con vistas al sal\u00f3n\/sala de estar. \u2022 \u00c1rea sala de estar con sof\u00e1-cama doble y \u00e1rea de comedor \u2022 Terraza cubierta y equipada para disfrutar de cenas al aire libre (de primavera a oto\u00f1o) \u2022 WiFi gratis*; \u2022 TV color, lavadora y secador de pelo \u2022 aire acondicionado (opcional, a pagar in situ) \u2022 Cuarto de ba\u00f1o con ducha \u2022 Plaza de aparcamiento exterior","breadcrumb":{"@id":"https:\/\/www.residenzalefarfalle.it\/es\/los-apartamentos\/#breadcrumb"},"inLanguage":"es","potentialAction":[{"@type":"ReadAction","target":["https:\/\/www.residenzalefarfalle.it\/es\/los-apartamentos\/"]}]},{"@type":"BreadcrumbList","@id":"https:\/\/www.residenzalefarfalle.it\/es\/los-apartamentos\/#breadcrumb","itemListElement":[{"@type":"ListItem","position":1,"name":"Home","item":"https:\/\/www.residenzalefarfalle.it\/es\/"},{"@type":"ListItem","position":2,"name":"Los apartamentos"}]},{"@type":"WebSite","@id":"https:\/\/www.residenzalefarfalle.it\/es\/#website","url":"https:\/\/www.residenzalefarfalle.it\/es\/","name":"Residenza Le Farfalle","description":"Ecco un altro sito ms.decms.eu","potentialAction":[{"@type":"SearchAction","target":{"@type":"EntryPoint","urlTemplate":"https:\/\/www.residenzalefarfalle.it\/es\/?s={search_term_string}"},"query-input":{"@type":"PropertyValueSpecification","valueRequired":true,"valueName":"search_term_string"}}],"inLanguage":"es"}]}},"acf":[],"_links":{"self":[{"href":"https:\/\/www.residenzalefarfalle.it\/es\/wp-json\/wp\/v2\/pages\/1127","targetHints":{"allow":["GET"]}}],"collection":[{"href":"https:\/\/www.residenzalefarfalle.it\/es\/wp-json\/wp\/v2\/pages"}],"about":[{"href":"https:\/\/www.residenzalefarfalle.it\/es\/wp-json\/wp\/v2\/types\/page"}],"author":[{"embeddable":true,"href":"https:\/\/www.residenzalefarfalle.it\/es\/wp-json\/wp\/v2\/users\/13"}],"replies":[{"embeddable":true,"href":"https:\/\/www.residenzalefarfalle.it\/es\/wp-json\/wp\/v2\/comments?post=1127"}],"version-history":[{"count":0,"href":"https:\/\/www.residenzalefarfalle.it\/es\/wp-json\/wp\/v2\/pages\/1127\/revisions"}],"wp:attachment":[{"href":"https:\/\/www.residenzalefarfalle.it\/es\/wp-json\/wp\/v2\/media?parent=1127"}],"curies":[{"name":"wp","href":"https:\/\/api.w.org\/{rel}","templated":true}]}}