
{"id":278,"date":"2022-12-06T15:55:49","date_gmt":"2022-12-06T14:55:49","guid":{"rendered":"https:\/\/residenzalefarfalle.ms.decms.eu\/?page_id=278"},"modified":"2023-01-09T17:50:40","modified_gmt":"2023-01-09T16:50:40","slug":"residence-le-farfalle","status":"publish","type":"page","link":"https:\/\/www.residenzalefarfalle.it\/de\/","title":{"rendered":"Residence Le Farfalle"},"content":{"rendered":"<p>Wie stellen Sie sich Ihren\u00a0<strong>idealen Urlaub auf Sardinien vor<\/strong>?<\/p>\n<p><strong>Apartments mit Meerblick<\/strong>\u00a0mitten im Gr\u00fcnen,\u00a0<strong>hergerichtet mit viel Liebe zum Detail<\/strong>\u00a0und\u00a0<strong>in einer wundersch\u00f6nen Lage<\/strong> zwischen Meer und l\u00e4ndlicher Umgebung. Das Residence Le Farfalle ist unsere Antwort auf diese Frage.<\/p>\n<p>Das Residence Le Farfalle liegt in\u00a0<strong>Tergu<\/strong> (wenige Minuten von\u00a0<strong>Castelsardo<\/strong>), in ruhiger Lage, mit allen Annehmlichkeiten ganz in der N\u00e4he und es bietet Ihnen das Beste eines <strong>Urlaubs auf Sardinien<\/strong>:<\/p>\n<ul>\n<li>Apartments mit\u00a0<strong>Pool<\/strong>\u00a0, die erst vor kurzem gebaut wurden (allein das Panorama ist einen Urlaub wert)<\/li>\n<li>unz\u00e4hlige,\u00a0<strong>atemberaubende Str\u00e4nde<\/strong>\u00a0in nur wenigen Kilometern Entfernung f\u00fcr einen abwechslungsreichen Urlaub<\/li>\n<li><strong>Ausfl\u00fcge<\/strong><strong>\u00a0in der Natur <\/strong>\u2013 zu Fu\u00df, mit dem Fahrrad oder auf dem Pferder\u00fccken \u2013 auf Entdeckungsreise in die faszinierende <strong>Geschichte Sardiniens <\/strong><\/li>\n<li>s\u00e4mtliche\u00a0<strong>Gesch\u00e4fte und Dienste<\/strong> sind im Zentrum von Tergu zu Fu\u00df erreichbar und alle Annehmlichkeiten \u2013 einschlie\u00dflich des\u00a0<strong>neuen Hafens von Castelsardo<\/strong>\u00a0(Ausgangspunkt f\u00fcr wundersch\u00f6ne Ausfl\u00fcge auf dem Meer), typische Restaurants und n\u00e4chtliche Unterhaltungsm\u00f6glichkeiten \u2013 sind weniger als 10 Minuten mit dem Auto entfernt<\/li>\n<\/ul>\n<p>Ob\u00a0Ihr idealer Urlaub die Ruhe vorsieht, das Meer oder aber Erkundungsstreifz\u00fcge,\u00a0wir\u00a0haben das Residence Le Farfalle geschaffen, um\u00a0sicherzustellen, dass Sie keine Kompromisse mehr eingehen m\u00fcssen.<\/p>\n","protected":false},"excerpt":{"rendered":"<p>Wie stellen Sie sich Ihren\u00a0idealen Urlaub auf Sardinien vor? Apartments mit Meerblick\u00a0mitten im Gr\u00fcnen,\u00a0hergerichtet mit viel Liebe zum Detail\u00a0und\u00a0in einer wundersch\u00f6nen Lage zwischen Meer und l\u00e4ndlicher Umgebung. Das Residence Le Farfalle ist unsere Antwort auf diese Frage. Das Residence Le Farfalle liegt in\u00a0Tergu (wenige Minuten von\u00a0Castelsardo), in ruhiger Lage, mit allen Annehmlichkeiten ganz in der [&hellip;]<\/p>\n","protected":false},"author":13,"featured_media":0,"parent":0,"menu_order":10,"comment_status":"closed","ping_status":"closed","template":"","meta":{"footnotes":""},"class_list":["post-278","page","type-page","status-publish","hentry"],"yoast_head":"<!-- This site is optimized with the Yoast SEO plugin v26.9 - https:\/\/yoast.com\/product\/yoast-seo-wordpress\/ -->\n<title>Residence Le Farfalle &#8226; Residenza Le Farfalle &#8226;<\/title>\n<meta name=\"description\" content=\"Wie stellen Sie sich Ihren\u00a0idealen Urlaub auf Sardinien vor?  Apartments mit Meerblick\u00a0mitten im Gr\u00fcnen,\u00a0hergerichtet mit viel Liebe zum Detail\u00a0und\u00a0in einer wundersch\u00f6nen Lage zwischen Meer und l\u00e4ndlicher Umgebung. Das Residence Le Farfalle ist unsere Antwort auf diese Frage.  Das Residence Le Farfalle liegt in\u00a0Tergu (wenige Minuten von\u00a0Castelsardo), in ruhiger Lage, mit allen Annehmlichkeiten ganz in der N\u00e4he und es bietet Ihnen das Beste eines Urlaubs auf Sardinien:   Apartments mit\u00a0Pool\u00a0, die erst vor kurzem gebaut wurden (allein das Panorama ist einen Urlaub wert)  unz\u00e4hlige,\u00a0atemberaubende Str\u00e4nde\u00a0in nur wenigen Kilometern Entfernung f\u00fcr einen abwechslungsreichen Urlaub  Ausfl\u00fcge\u00a0in der Natur \u2013 zu Fu\u00df, mit dem Fahrrad oder auf dem Pferder\u00fccken \u2013 auf Entdeckungsreise in die faszinierende Geschichte Sardiniens   s\u00e4mtliche\u00a0Gesch\u00e4fte und Dienste sind im Zentrum von Tergu zu Fu\u00df erreichbar und alle Annehmlichkeiten \u2013 einschlie\u00dflich des\u00a0neuen Hafens von Castelsardo\u00a0(Ausgangspunkt f\u00fcr wundersch\u00f6ne Ausfl\u00fcge auf dem Meer), typische Restaurants und n\u00e4chtliche Unterhaltungsm\u00f6glichkeiten \u2013 sind weniger als 10 Minuten mit dem Auto entfernt  Ob\u00a0Ihr idealer Urlaub die Ruhe vorsieht, das Meer oder aber Erkundungsstreifz\u00fcge,\u00a0wir\u00a0haben das Residence Le Farfalle geschaffen, um\u00a0sicherzustellen, dass Sie keine Kompromisse mehr eingehen m\u00fcssen.\" \/>\n<meta name=\"robots\" content=\"index, follow, max-snippet:-1, max-image-preview:large, max-video-preview:-1\" \/>\n<link rel=\"canonical\" href=\"https:\/\/www.residenzalefarfalle.it\/de\/\" \/>\n<meta property=\"og:locale\" content=\"de_DE\" \/>\n<meta property=\"og:type\" content=\"article\" \/>\n<meta property=\"og:title\" content=\"Residence Le Farfalle &#8226; Residenza Le Farfalle &#8226;\" \/>\n<meta property=\"og:description\" content=\"Wie stellen Sie sich Ihren\u00a0idealen Urlaub auf Sardinien vor?  Apartments mit Meerblick\u00a0mitten im Gr\u00fcnen,\u00a0hergerichtet mit viel Liebe zum Detail\u00a0und\u00a0in einer wundersch\u00f6nen Lage zwischen Meer und l\u00e4ndlicher Umgebung. Das Residence Le Farfalle ist unsere Antwort auf diese Frage.  Das Residence Le Farfalle liegt in\u00a0Tergu (wenige Minuten von\u00a0Castelsardo), in ruhiger Lage, mit allen Annehmlichkeiten ganz in der N\u00e4he und es bietet Ihnen das Beste eines Urlaubs auf Sardinien:   Apartments mit\u00a0Pool\u00a0, die erst vor kurzem gebaut wurden (allein das Panorama ist einen Urlaub wert)  unz\u00e4hlige,\u00a0atemberaubende Str\u00e4nde\u00a0in nur wenigen Kilometern Entfernung f\u00fcr einen abwechslungsreichen Urlaub  Ausfl\u00fcge\u00a0in der Natur \u2013 zu Fu\u00df, mit dem Fahrrad oder auf dem Pferder\u00fccken \u2013 auf Entdeckungsreise in die faszinierende Geschichte Sardiniens   s\u00e4mtliche\u00a0Gesch\u00e4fte und Dienste sind im Zentrum von Tergu zu Fu\u00df erreichbar und alle Annehmlichkeiten \u2013 einschlie\u00dflich des\u00a0neuen Hafens von Castelsardo\u00a0(Ausgangspunkt f\u00fcr wundersch\u00f6ne Ausfl\u00fcge auf dem Meer), typische Restaurants und n\u00e4chtliche Unterhaltungsm\u00f6glichkeiten \u2013 sind weniger als 10 Minuten mit dem Auto entfernt  Ob\u00a0Ihr idealer Urlaub die Ruhe vorsieht, das Meer oder aber Erkundungsstreifz\u00fcge,\u00a0wir\u00a0haben das Residence Le Farfalle geschaffen, um\u00a0sicherzustellen, dass Sie keine Kompromisse mehr eingehen m\u00fcssen.\" \/>\n<meta property=\"og:url\" content=\"https:\/\/www.residenzalefarfalle.it\/de\/\" \/>\n<meta property=\"og:site_name\" content=\"Residenza Le Farfalle\" \/>\n<meta property=\"article:modified_time\" content=\"2023-01-09T16:50:40+00:00\" \/>\n<meta name=\"twitter:card\" content=\"summary_large_image\" \/>\n<meta name=\"twitter:label1\" content=\"Gesch\u00e4tzte Lesezeit\" \/>\n\t<meta name=\"twitter:data1\" content=\"2 Minuten\" \/>\n<script type=\"application\/ld+json\" class=\"yoast-schema-graph\">{\"@context\":\"https:\/\/schema.org\",\"@graph\":[{\"@type\":\"WebPage\",\"@id\":\"https:\/\/www.residenzalefarfalle.it\/de\/\",\"url\":\"https:\/\/www.residenzalefarfalle.it\/de\/\",\"name\":\"Residence Le Farfalle &#8226; Residenza Le Farfalle &#8226;\",\"isPartOf\":{\"@id\":\"https:\/\/www.residenzalefarfalle.it\/de\/#website\"},\"datePublished\":\"2022-12-06T14:55:49+00:00\",\"dateModified\":\"2023-01-09T16:50:40+00:00\",\"description\":\"Wie stellen Sie sich Ihren\u00a0idealen Urlaub auf Sardinien vor? Apartments mit Meerblick\u00a0mitten im Gr\u00fcnen,\u00a0hergerichtet mit viel Liebe zum Detail\u00a0und\u00a0in einer wundersch\u00f6nen Lage zwischen Meer und l\u00e4ndlicher Umgebung. Das Residence Le Farfalle ist unsere Antwort auf diese Frage. Das Residence Le Farfalle liegt in\u00a0Tergu (wenige Minuten von\u00a0Castelsardo), in ruhiger Lage, mit allen Annehmlichkeiten ganz in der N\u00e4he und es bietet Ihnen das Beste eines Urlaubs auf Sardinien: \u2022 Apartments mit\u00a0Pool\u00a0, die erst vor kurzem gebaut wurden (allein das Panorama ist einen Urlaub wert) \u2022 unz\u00e4hlige,\u00a0atemberaubende Str\u00e4nde\u00a0in nur wenigen Kilometern Entfernung f\u00fcr einen abwechslungsreichen Urlaub \u2022 Ausfl\u00fcge\u00a0in der Natur \u2013 zu Fu\u00df, mit dem Fahrrad oder auf dem Pferder\u00fccken \u2013 auf Entdeckungsreise in die faszinierende Geschichte Sardiniens \u2022 s\u00e4mtliche\u00a0Gesch\u00e4fte und Dienste sind im Zentrum von Tergu zu Fu\u00df erreichbar und alle Annehmlichkeiten \u2013 einschlie\u00dflich des\u00a0neuen Hafens von Castelsardo\u00a0(Ausgangspunkt f\u00fcr wundersch\u00f6ne Ausfl\u00fcge auf dem Meer), typische Restaurants und n\u00e4chtliche Unterhaltungsm\u00f6glichkeiten \u2013 sind weniger als 10 Minuten mit dem Auto entfernt Ob\u00a0Ihr idealer Urlaub die Ruhe vorsieht, das Meer oder aber Erkundungsstreifz\u00fcge,\u00a0wir\u00a0haben das Residence Le Farfalle geschaffen, um\u00a0sicherzustellen, dass Sie keine Kompromisse mehr eingehen m\u00fcssen.\",\"breadcrumb\":{\"@id\":\"https:\/\/www.residenzalefarfalle.it\/de\/#breadcrumb\"},\"inLanguage\":\"de-DE\",\"potentialAction\":[{\"@type\":\"ReadAction\",\"target\":[\"https:\/\/www.residenzalefarfalle.it\/de\/\"]}]},{\"@type\":\"BreadcrumbList\",\"@id\":\"https:\/\/www.residenzalefarfalle.it\/de\/#breadcrumb\",\"itemListElement\":[{\"@type\":\"ListItem\",\"position\":1,\"name\":\"Home\",\"item\":\"https:\/\/www.residenzalefarfalle.it\/de\/\"},{\"@type\":\"ListItem\",\"position\":2,\"name\":\"Residence Le Farfalle\"}]},{\"@type\":\"WebSite\",\"@id\":\"https:\/\/www.residenzalefarfalle.it\/de\/#website\",\"url\":\"https:\/\/www.residenzalefarfalle.it\/de\/\",\"name\":\"Residenza Le Farfalle\",\"description\":\"Ecco un altro sito ms.decms.eu\",\"potentialAction\":[{\"@type\":\"SearchAction\",\"target\":{\"@type\":\"EntryPoint\",\"urlTemplate\":\"https:\/\/www.residenzalefarfalle.it\/de\/?s={search_term_string}\"},\"query-input\":{\"@type\":\"PropertyValueSpecification\",\"valueRequired\":true,\"valueName\":\"search_term_string\"}}],\"inLanguage\":\"de-DE\"}]}<\/script>\n<!-- \/ Yoast SEO plugin. -->","yoast_head_json":{"title":"Residence Le Farfalle &#8226; Residenza Le Farfalle &#8226;","description":"Wie stellen Sie sich Ihren\u00a0idealen Urlaub auf Sardinien vor?  Apartments mit Meerblick\u00a0mitten im Gr\u00fcnen,\u00a0hergerichtet mit viel Liebe zum Detail\u00a0und\u00a0in einer wundersch\u00f6nen Lage zwischen Meer und l\u00e4ndlicher Umgebung. Das Residence Le Farfalle ist unsere Antwort auf diese Frage.  Das Residence Le Farfalle liegt in\u00a0Tergu (wenige Minuten von\u00a0Castelsardo), in ruhiger Lage, mit allen Annehmlichkeiten ganz in der N\u00e4he und es bietet Ihnen das Beste eines Urlaubs auf Sardinien:   Apartments mit\u00a0Pool\u00a0, die erst vor kurzem gebaut wurden (allein das Panorama ist einen Urlaub wert)  unz\u00e4hlige,\u00a0atemberaubende Str\u00e4nde\u00a0in nur wenigen Kilometern Entfernung f\u00fcr einen abwechslungsreichen Urlaub  Ausfl\u00fcge\u00a0in der Natur \u2013 zu Fu\u00df, mit dem Fahrrad oder auf dem Pferder\u00fccken \u2013 auf Entdeckungsreise in die faszinierende Geschichte Sardiniens   s\u00e4mtliche\u00a0Gesch\u00e4fte und Dienste sind im Zentrum von Tergu zu Fu\u00df erreichbar und alle Annehmlichkeiten \u2013 einschlie\u00dflich des\u00a0neuen Hafens von Castelsardo\u00a0(Ausgangspunkt f\u00fcr wundersch\u00f6ne Ausfl\u00fcge auf dem Meer), typische Restaurants und n\u00e4chtliche Unterhaltungsm\u00f6glichkeiten \u2013 sind weniger als 10 Minuten mit dem Auto entfernt  Ob\u00a0Ihr idealer Urlaub die Ruhe vorsieht, das Meer oder aber Erkundungsstreifz\u00fcge,\u00a0wir\u00a0haben das Residence Le Farfalle geschaffen, um\u00a0sicherzustellen, dass Sie keine Kompromisse mehr eingehen m\u00fcssen.","robots":{"index":"index","follow":"follow","max-snippet":"max-snippet:-1","max-image-preview":"max-image-preview:large","max-video-preview":"max-video-preview:-1"},"canonical":"https:\/\/www.residenzalefarfalle.it\/de\/","og_locale":"de_DE","og_type":"article","og_title":"Residence Le Farfalle &#8226; Residenza Le Farfalle &#8226;","og_description":"Wie stellen Sie sich Ihren\u00a0idealen Urlaub auf Sardinien vor?  Apartments mit Meerblick\u00a0mitten im Gr\u00fcnen,\u00a0hergerichtet mit viel Liebe zum Detail\u00a0und\u00a0in einer wundersch\u00f6nen Lage zwischen Meer und l\u00e4ndlicher Umgebung. Das Residence Le Farfalle ist unsere Antwort auf diese Frage.  Das Residence Le Farfalle liegt in\u00a0Tergu (wenige Minuten von\u00a0Castelsardo), in ruhiger Lage, mit allen Annehmlichkeiten ganz in der N\u00e4he und es bietet Ihnen das Beste eines Urlaubs auf Sardinien:   Apartments mit\u00a0Pool\u00a0, die erst vor kurzem gebaut wurden (allein das Panorama ist einen Urlaub wert)  unz\u00e4hlige,\u00a0atemberaubende Str\u00e4nde\u00a0in nur wenigen Kilometern Entfernung f\u00fcr einen abwechslungsreichen Urlaub  Ausfl\u00fcge\u00a0in der Natur \u2013 zu Fu\u00df, mit dem Fahrrad oder auf dem Pferder\u00fccken \u2013 auf Entdeckungsreise in die faszinierende Geschichte Sardiniens   s\u00e4mtliche\u00a0Gesch\u00e4fte und Dienste sind im Zentrum von Tergu zu Fu\u00df erreichbar und alle Annehmlichkeiten \u2013 einschlie\u00dflich des\u00a0neuen Hafens von Castelsardo\u00a0(Ausgangspunkt f\u00fcr wundersch\u00f6ne Ausfl\u00fcge auf dem Meer), typische Restaurants und n\u00e4chtliche Unterhaltungsm\u00f6glichkeiten \u2013 sind weniger als 10 Minuten mit dem Auto entfernt  Ob\u00a0Ihr idealer Urlaub die Ruhe vorsieht, das Meer oder aber Erkundungsstreifz\u00fcge,\u00a0wir\u00a0haben das Residence Le Farfalle geschaffen, um\u00a0sicherzustellen, dass Sie keine Kompromisse mehr eingehen m\u00fcssen.","og_url":"https:\/\/www.residenzalefarfalle.it\/de\/","og_site_name":"Residenza Le Farfalle","article_modified_time":"2023-01-09T16:50:40+00:00","twitter_card":"summary_large_image","twitter_misc":{"Gesch\u00e4tzte Lesezeit":"2 Minuten"},"schema":{"@context":"https:\/\/schema.org","@graph":[{"@type":"WebPage","@id":"https:\/\/www.residenzalefarfalle.it\/de\/","url":"https:\/\/www.residenzalefarfalle.it\/de\/","name":"Residence Le Farfalle &#8226; Residenza Le Farfalle &#8226;","isPartOf":{"@id":"https:\/\/www.residenzalefarfalle.it\/de\/#website"},"datePublished":"2022-12-06T14:55:49+00:00","dateModified":"2023-01-09T16:50:40+00:00","description":"Wie stellen Sie sich Ihren\u00a0idealen Urlaub auf Sardinien vor? Apartments mit Meerblick\u00a0mitten im Gr\u00fcnen,\u00a0hergerichtet mit viel Liebe zum Detail\u00a0und\u00a0in einer wundersch\u00f6nen Lage zwischen Meer und l\u00e4ndlicher Umgebung. Das Residence Le Farfalle ist unsere Antwort auf diese Frage. Das Residence Le Farfalle liegt in\u00a0Tergu (wenige Minuten von\u00a0Castelsardo), in ruhiger Lage, mit allen Annehmlichkeiten ganz in der N\u00e4he und es bietet Ihnen das Beste eines Urlaubs auf Sardinien: \u2022 Apartments mit\u00a0Pool\u00a0, die erst vor kurzem gebaut wurden (allein das Panorama ist einen Urlaub wert) \u2022 unz\u00e4hlige,\u00a0atemberaubende Str\u00e4nde\u00a0in nur wenigen Kilometern Entfernung f\u00fcr einen abwechslungsreichen Urlaub \u2022 Ausfl\u00fcge\u00a0in der Natur \u2013 zu Fu\u00df, mit dem Fahrrad oder auf dem Pferder\u00fccken \u2013 auf Entdeckungsreise in die faszinierende Geschichte Sardiniens \u2022 s\u00e4mtliche\u00a0Gesch\u00e4fte und Dienste sind im Zentrum von Tergu zu Fu\u00df erreichbar und alle Annehmlichkeiten \u2013 einschlie\u00dflich des\u00a0neuen Hafens von Castelsardo\u00a0(Ausgangspunkt f\u00fcr wundersch\u00f6ne Ausfl\u00fcge auf dem Meer), typische Restaurants und n\u00e4chtliche Unterhaltungsm\u00f6glichkeiten \u2013 sind weniger als 10 Minuten mit dem Auto entfernt Ob\u00a0Ihr idealer Urlaub die Ruhe vorsieht, das Meer oder aber Erkundungsstreifz\u00fcge,\u00a0wir\u00a0haben das Residence Le Farfalle geschaffen, um\u00a0sicherzustellen, dass Sie keine Kompromisse mehr eingehen m\u00fcssen.","breadcrumb":{"@id":"https:\/\/www.residenzalefarfalle.it\/de\/#breadcrumb"},"inLanguage":"de-DE","potentialAction":[{"@type":"ReadAction","target":["https:\/\/www.residenzalefarfalle.it\/de\/"]}]},{"@type":"BreadcrumbList","@id":"https:\/\/www.residenzalefarfalle.it\/de\/#breadcrumb","itemListElement":[{"@type":"ListItem","position":1,"name":"Home","item":"https:\/\/www.residenzalefarfalle.it\/de\/"},{"@type":"ListItem","position":2,"name":"Residence Le Farfalle"}]},{"@type":"WebSite","@id":"https:\/\/www.residenzalefarfalle.it\/de\/#website","url":"https:\/\/www.residenzalefarfalle.it\/de\/","name":"Residenza Le Farfalle","description":"Ecco un altro sito ms.decms.eu","potentialAction":[{"@type":"SearchAction","target":{"@type":"EntryPoint","urlTemplate":"https:\/\/www.residenzalefarfalle.it\/de\/?s={search_term_string}"},"query-input":{"@type":"PropertyValueSpecification","valueRequired":true,"valueName":"search_term_string"}}],"inLanguage":"de-DE"}]}},"acf":[],"_links":{"self":[{"href":"https:\/\/www.residenzalefarfalle.it\/de\/wp-json\/wp\/v2\/pages\/278","targetHints":{"allow":["GET"]}}],"collection":[{"href":"https:\/\/www.residenzalefarfalle.it\/de\/wp-json\/wp\/v2\/pages"}],"about":[{"href":"https:\/\/www.residenzalefarfalle.it\/de\/wp-json\/wp\/v2\/types\/page"}],"author":[{"embeddable":true,"href":"https:\/\/www.residenzalefarfalle.it\/de\/wp-json\/wp\/v2\/users\/13"}],"replies":[{"embeddable":true,"href":"https:\/\/www.residenzalefarfalle.it\/de\/wp-json\/wp\/v2\/comments?post=278"}],"version-history":[{"count":0,"href":"https:\/\/www.residenzalefarfalle.it\/de\/wp-json\/wp\/v2\/pages\/278\/revisions"}],"wp:attachment":[{"href":"https:\/\/www.residenzalefarfalle.it\/de\/wp-json\/wp\/v2\/media?parent=278"}],"curies":[{"name":"wp","href":"https:\/\/api.w.org\/{rel}","templated":true}]}}