
{"id":1179,"date":"2022-12-14T18:27:04","date_gmt":"2022-12-14T17:27:04","guid":{"rendered":"https:\/\/residenzalefarfalle.ms.decms.eu\/?page_id=1179"},"modified":"2023-02-07T11:38:26","modified_gmt":"2023-02-07T10:38:26","slug":"strande","status":"publish","type":"page","link":"https:\/\/www.residenzalefarfalle.it\/de\/strande\/","title":{"rendered":"Str\u00e4nde"},"content":{"rendered":"<p><strong>Castelsardo<\/strong> und Lu Bagnu,\u00a0<strong>Costa Paradiso<\/strong>,\u00a0<strong>Stintino<\/strong>\u00a0und seine <strong>Pelosa<\/strong>,\u00a0<strong>Santa Teresa<\/strong>, die\u00a0<strong>Costa Smeralda<\/strong>\u00a0sind nur einige der Orte, die wir empfehlen, zu besuchen: Wenn Sie sich f\u00fcr die <a title=\"Str\u00e4nde\" href=\"https:\/\/www.residenzalefarfalle.it\/de\/strande\/\"><strong>Ferienwohnungen <\/strong><\/a>Le Farfalle entscheiden, erreichen Sie sehr schnell die sch\u00f6nsten Str\u00e4nde und Badeorte von ganz <strong>Nordsardinien<\/strong>. Wir haben jede Wohnung mit einem Strand-Kit (2 Klappliegest\u00fchle und 1 Sonnenschirm) ausgestattet, um Ihre Badeausfl\u00fcge noch komfortabler\u00a0zu machen.<\/p>\n<p>Hier sind einige Hinweise zu Str\u00e4nden, von denen wir glauben, dass sie Ihren <strong>Urlaub auf Sardinien <\/strong>unvergesslich machen werden:<\/p>\n<p><strong>Lu Bagnu<\/strong>\u00a0geh\u00f6rt zur Gemeinde\u00a0<strong>Castelsardo <\/strong>und ist der Badeort, der mit 5,5 Km die geringste Entfernung zum Residence aufweist. Der Strand <strong>Sacro Cuore-Ampurias<\/strong>, mit sehr feinem Sand, erhielt auch f\u00fcr das Jahr 2022 die internationale Anerkennung \u201eStrand mit Blauer Flagge\u201c \u2013 eine Anerkennung, die nur 7 Gemeinden in Sardinien erhielten.<\/p>\n<p>Die K\u00fcste\u00a0<strong>von Castelasardo<\/strong>\u00a0(8 Km Entfernung) ist bekannt f\u00fcr ihre Einbuchtungen, in denen\u00a0sich kleine Sandbuchten mit Klippen und Felsen abwechseln, wodurch eindrucksvolle, vielfarbige Nuancen entstehen.\u00a0<strong>Castelsardo<\/strong>\u00a0ist ein Muss f\u00fcr alle, die gern <strong>schnorcheln und tauchen,<\/strong> die Bewohner des Le Farfalle kommen beim <strong>Diving Club Castelsardo<\/strong> in den Genuss reduzierter Tarife.<\/p>\n<p>Viele andere Str\u00e4nde und Badeorte (zwischen\u00a0<strong>San Pietro a Mare<\/strong>\u00a0und der\u00a0<strong>Marina di Sorso)<\/strong>\u00a0k\u00f6nnen in 15 Autominuten erreicht werden. In der Folge haben\u00a0wir weitere ber\u00fchmte K\u00fcstenabschnitte aufgef\u00fchrt, die in\u00a0weniger als einer Stunde Autofahrt erreicht werden k\u00f6nnen.<\/p>\n","protected":false},"excerpt":{"rendered":"<p>Castelsardo und Lu Bagnu,\u00a0Costa Paradiso,\u00a0Stintino\u00a0und seine Pelosa,\u00a0Santa Teresa, die\u00a0Costa Smeralda\u00a0sind nur einige der Orte, die wir empfehlen, zu besuchen: Wenn Sie sich f\u00fcr die Ferienwohnungen Le Farfalle entscheiden, erreichen Sie sehr schnell die sch\u00f6nsten Str\u00e4nde und Badeorte von ganz Nordsardinien. Wir haben jede Wohnung mit einem Strand-Kit (2 Klappliegest\u00fchle und 1 Sonnenschirm) ausgestattet, um Ihre [&hellip;]<\/p>\n","protected":false},"author":13,"featured_media":0,"parent":0,"menu_order":80,"comment_status":"closed","ping_status":"closed","template":"template-default-2.php","meta":{"footnotes":""},"class_list":["post-1179","page","type-page","status-publish","hentry"],"yoast_head":"<!-- This site is optimized with the Yoast SEO plugin v26.9 - https:\/\/yoast.com\/product\/yoast-seo-wordpress\/ -->\n<title>Str\u00e4nde &#8226; Residenza Le Farfalle &#8226;<\/title>\n<meta name=\"description\" content=\"Castelsardo und Lu Bagnu,\u00a0Costa Paradiso,\u00a0Stintino\u00a0und seine Pelosa,\u00a0Santa Teresa, die\u00a0Costa Smeralda\u00a0sind nur einige der Orte, die wir empfehlen, zu besuchen: Wenn Sie sich f\u00fcr die Ferienwohnungen Le Farfalle entscheiden, erreichen Sie sehr schnell die sch\u00f6nsten Str\u00e4nde und Badeorte von ganz Nordsardinien. Wir haben jede Wohnung mit einem Strand-Kit (2 Klappliegest\u00fchle und 1 Sonnenschirm) ausgestattet, um Ihre Badeausfl\u00fcge noch komfortabler\u00a0zu machen.  Hier sind einige Hinweise zu Str\u00e4nden, von denen wir glauben, dass sie Ihren Urlaub auf Sardinien unvergesslich machen werden:  Lu Bagnu\u00a0geh\u00f6rt zur Gemeinde\u00a0Castelsardo und ist der Badeort, der mit 5,5 Km die geringste Entfernung zum Residence aufweist\" \/>\n<meta name=\"robots\" content=\"index, follow, max-snippet:-1, max-image-preview:large, max-video-preview:-1\" \/>\n<link rel=\"canonical\" href=\"https:\/\/www.residenzalefarfalle.it\/de\/strande\/\" \/>\n<meta property=\"og:locale\" content=\"de_DE\" \/>\n<meta property=\"og:type\" content=\"article\" \/>\n<meta property=\"og:title\" content=\"Str\u00e4nde &#8226; Residenza Le Farfalle &#8226;\" \/>\n<meta property=\"og:description\" content=\"Castelsardo und Lu Bagnu,\u00a0Costa Paradiso,\u00a0Stintino\u00a0und seine Pelosa,\u00a0Santa Teresa, die\u00a0Costa Smeralda\u00a0sind nur einige der Orte, die wir empfehlen, zu besuchen: Wenn Sie sich f\u00fcr die Ferienwohnungen Le Farfalle entscheiden, erreichen Sie sehr schnell die sch\u00f6nsten Str\u00e4nde und Badeorte von ganz Nordsardinien. Wir haben jede Wohnung mit einem Strand-Kit (2 Klappliegest\u00fchle und 1 Sonnenschirm) ausgestattet, um Ihre Badeausfl\u00fcge noch komfortabler\u00a0zu machen.  Hier sind einige Hinweise zu Str\u00e4nden, von denen wir glauben, dass sie Ihren Urlaub auf Sardinien unvergesslich machen werden:  Lu Bagnu\u00a0geh\u00f6rt zur Gemeinde\u00a0Castelsardo und ist der Badeort, der mit 5,5 Km die geringste Entfernung zum Residence aufweist\" \/>\n<meta property=\"og:url\" content=\"https:\/\/www.residenzalefarfalle.it\/de\/strande\/\" \/>\n<meta property=\"og:site_name\" content=\"Residenza Le Farfalle\" \/>\n<meta property=\"article:modified_time\" content=\"2023-02-07T10:38:26+00:00\" \/>\n<meta name=\"twitter:card\" content=\"summary_large_image\" \/>\n<meta name=\"twitter:label1\" content=\"Gesch\u00e4tzte Lesezeit\" \/>\n\t<meta name=\"twitter:data1\" content=\"2 Minuten\" \/>\n<script type=\"application\/ld+json\" class=\"yoast-schema-graph\">{\"@context\":\"https:\/\/schema.org\",\"@graph\":[{\"@type\":\"WebPage\",\"@id\":\"https:\/\/www.residenzalefarfalle.it\/de\/strande\/\",\"url\":\"https:\/\/www.residenzalefarfalle.it\/de\/strande\/\",\"name\":\"Str\u00e4nde &#8226; Residenza Le Farfalle &#8226;\",\"isPartOf\":{\"@id\":\"https:\/\/www.residenzalefarfalle.it\/de\/#website\"},\"datePublished\":\"2022-12-14T17:27:04+00:00\",\"dateModified\":\"2023-02-07T10:38:26+00:00\",\"description\":\"Castelsardo und Lu Bagnu,\u00a0Costa Paradiso,\u00a0Stintino\u00a0und seine Pelosa,\u00a0Santa Teresa, die\u00a0Costa Smeralda\u00a0sind nur einige der Orte, die wir empfehlen, zu besuchen: Wenn Sie sich f\u00fcr die Ferienwohnungen Le Farfalle entscheiden, erreichen Sie sehr schnell die sch\u00f6nsten Str\u00e4nde und Badeorte von ganz Nordsardinien. Wir haben jede Wohnung mit einem Strand-Kit (2 Klappliegest\u00fchle und 1 Sonnenschirm) ausgestattet, um Ihre Badeausfl\u00fcge noch komfortabler\u00a0zu machen. Hier sind einige Hinweise zu Str\u00e4nden, von denen wir glauben, dass sie Ihren Urlaub auf Sardinien unvergesslich machen werden: Lu Bagnu\u00a0geh\u00f6rt zur Gemeinde\u00a0Castelsardo und ist der Badeort, der mit 5,5 Km die geringste Entfernung zum Residence aufweist\",\"breadcrumb\":{\"@id\":\"https:\/\/www.residenzalefarfalle.it\/de\/strande\/#breadcrumb\"},\"inLanguage\":\"de-DE\",\"potentialAction\":[{\"@type\":\"ReadAction\",\"target\":[\"https:\/\/www.residenzalefarfalle.it\/de\/strande\/\"]}]},{\"@type\":\"BreadcrumbList\",\"@id\":\"https:\/\/www.residenzalefarfalle.it\/de\/strande\/#breadcrumb\",\"itemListElement\":[{\"@type\":\"ListItem\",\"position\":1,\"name\":\"Home\",\"item\":\"https:\/\/www.residenzalefarfalle.it\/de\/\"},{\"@type\":\"ListItem\",\"position\":2,\"name\":\"Str\u00e4nde\"}]},{\"@type\":\"WebSite\",\"@id\":\"https:\/\/www.residenzalefarfalle.it\/de\/#website\",\"url\":\"https:\/\/www.residenzalefarfalle.it\/de\/\",\"name\":\"Residenza Le Farfalle\",\"description\":\"Ecco un altro sito ms.decms.eu\",\"potentialAction\":[{\"@type\":\"SearchAction\",\"target\":{\"@type\":\"EntryPoint\",\"urlTemplate\":\"https:\/\/www.residenzalefarfalle.it\/de\/?s={search_term_string}\"},\"query-input\":{\"@type\":\"PropertyValueSpecification\",\"valueRequired\":true,\"valueName\":\"search_term_string\"}}],\"inLanguage\":\"de-DE\"}]}<\/script>\n<!-- \/ Yoast SEO plugin. -->","yoast_head_json":{"title":"Str\u00e4nde &#8226; Residenza Le Farfalle &#8226;","description":"Castelsardo und Lu Bagnu,\u00a0Costa Paradiso,\u00a0Stintino\u00a0und seine Pelosa,\u00a0Santa Teresa, die\u00a0Costa Smeralda\u00a0sind nur einige der Orte, die wir empfehlen, zu besuchen: Wenn Sie sich f\u00fcr die Ferienwohnungen Le Farfalle entscheiden, erreichen Sie sehr schnell die sch\u00f6nsten Str\u00e4nde und Badeorte von ganz Nordsardinien. Wir haben jede Wohnung mit einem Strand-Kit (2 Klappliegest\u00fchle und 1 Sonnenschirm) ausgestattet, um Ihre Badeausfl\u00fcge noch komfortabler\u00a0zu machen.  Hier sind einige Hinweise zu Str\u00e4nden, von denen wir glauben, dass sie Ihren Urlaub auf Sardinien unvergesslich machen werden:  Lu Bagnu\u00a0geh\u00f6rt zur Gemeinde\u00a0Castelsardo und ist der Badeort, der mit 5,5 Km die geringste Entfernung zum Residence aufweist","robots":{"index":"index","follow":"follow","max-snippet":"max-snippet:-1","max-image-preview":"max-image-preview:large","max-video-preview":"max-video-preview:-1"},"canonical":"https:\/\/www.residenzalefarfalle.it\/de\/strande\/","og_locale":"de_DE","og_type":"article","og_title":"Str\u00e4nde &#8226; Residenza Le Farfalle &#8226;","og_description":"Castelsardo und Lu Bagnu,\u00a0Costa Paradiso,\u00a0Stintino\u00a0und seine Pelosa,\u00a0Santa Teresa, die\u00a0Costa Smeralda\u00a0sind nur einige der Orte, die wir empfehlen, zu besuchen: Wenn Sie sich f\u00fcr die Ferienwohnungen Le Farfalle entscheiden, erreichen Sie sehr schnell die sch\u00f6nsten Str\u00e4nde und Badeorte von ganz Nordsardinien. Wir haben jede Wohnung mit einem Strand-Kit (2 Klappliegest\u00fchle und 1 Sonnenschirm) ausgestattet, um Ihre Badeausfl\u00fcge noch komfortabler\u00a0zu machen.  Hier sind einige Hinweise zu Str\u00e4nden, von denen wir glauben, dass sie Ihren Urlaub auf Sardinien unvergesslich machen werden:  Lu Bagnu\u00a0geh\u00f6rt zur Gemeinde\u00a0Castelsardo und ist der Badeort, der mit 5,5 Km die geringste Entfernung zum Residence aufweist","og_url":"https:\/\/www.residenzalefarfalle.it\/de\/strande\/","og_site_name":"Residenza Le Farfalle","article_modified_time":"2023-02-07T10:38:26+00:00","twitter_card":"summary_large_image","twitter_misc":{"Gesch\u00e4tzte Lesezeit":"2 Minuten"},"schema":{"@context":"https:\/\/schema.org","@graph":[{"@type":"WebPage","@id":"https:\/\/www.residenzalefarfalle.it\/de\/strande\/","url":"https:\/\/www.residenzalefarfalle.it\/de\/strande\/","name":"Str\u00e4nde &#8226; Residenza Le Farfalle &#8226;","isPartOf":{"@id":"https:\/\/www.residenzalefarfalle.it\/de\/#website"},"datePublished":"2022-12-14T17:27:04+00:00","dateModified":"2023-02-07T10:38:26+00:00","description":"Castelsardo und Lu Bagnu,\u00a0Costa Paradiso,\u00a0Stintino\u00a0und seine Pelosa,\u00a0Santa Teresa, die\u00a0Costa Smeralda\u00a0sind nur einige der Orte, die wir empfehlen, zu besuchen: Wenn Sie sich f\u00fcr die Ferienwohnungen Le Farfalle entscheiden, erreichen Sie sehr schnell die sch\u00f6nsten Str\u00e4nde und Badeorte von ganz Nordsardinien. Wir haben jede Wohnung mit einem Strand-Kit (2 Klappliegest\u00fchle und 1 Sonnenschirm) ausgestattet, um Ihre Badeausfl\u00fcge noch komfortabler\u00a0zu machen. Hier sind einige Hinweise zu Str\u00e4nden, von denen wir glauben, dass sie Ihren Urlaub auf Sardinien unvergesslich machen werden: Lu Bagnu\u00a0geh\u00f6rt zur Gemeinde\u00a0Castelsardo und ist der Badeort, der mit 5,5 Km die geringste Entfernung zum Residence aufweist","breadcrumb":{"@id":"https:\/\/www.residenzalefarfalle.it\/de\/strande\/#breadcrumb"},"inLanguage":"de-DE","potentialAction":[{"@type":"ReadAction","target":["https:\/\/www.residenzalefarfalle.it\/de\/strande\/"]}]},{"@type":"BreadcrumbList","@id":"https:\/\/www.residenzalefarfalle.it\/de\/strande\/#breadcrumb","itemListElement":[{"@type":"ListItem","position":1,"name":"Home","item":"https:\/\/www.residenzalefarfalle.it\/de\/"},{"@type":"ListItem","position":2,"name":"Str\u00e4nde"}]},{"@type":"WebSite","@id":"https:\/\/www.residenzalefarfalle.it\/de\/#website","url":"https:\/\/www.residenzalefarfalle.it\/de\/","name":"Residenza Le Farfalle","description":"Ecco un altro sito ms.decms.eu","potentialAction":[{"@type":"SearchAction","target":{"@type":"EntryPoint","urlTemplate":"https:\/\/www.residenzalefarfalle.it\/de\/?s={search_term_string}"},"query-input":{"@type":"PropertyValueSpecification","valueRequired":true,"valueName":"search_term_string"}}],"inLanguage":"de-DE"}]}},"acf":[],"_links":{"self":[{"href":"https:\/\/www.residenzalefarfalle.it\/de\/wp-json\/wp\/v2\/pages\/1179","targetHints":{"allow":["GET"]}}],"collection":[{"href":"https:\/\/www.residenzalefarfalle.it\/de\/wp-json\/wp\/v2\/pages"}],"about":[{"href":"https:\/\/www.residenzalefarfalle.it\/de\/wp-json\/wp\/v2\/types\/page"}],"author":[{"embeddable":true,"href":"https:\/\/www.residenzalefarfalle.it\/de\/wp-json\/wp\/v2\/users\/13"}],"replies":[{"embeddable":true,"href":"https:\/\/www.residenzalefarfalle.it\/de\/wp-json\/wp\/v2\/comments?post=1179"}],"version-history":[{"count":0,"href":"https:\/\/www.residenzalefarfalle.it\/de\/wp-json\/wp\/v2\/pages\/1179\/revisions"}],"wp:attachment":[{"href":"https:\/\/www.residenzalefarfalle.it\/de\/wp-json\/wp\/v2\/media?parent=1179"}],"curies":[{"name":"wp","href":"https:\/\/api.w.org\/{rel}","templated":true}]}}