
{"id":1155,"date":"2022-12-14T18:05:32","date_gmt":"2022-12-14T17:05:32","guid":{"rendered":"https:\/\/residenzalefarfalle.ms.decms.eu\/?page_id=1155"},"modified":"2022-12-14T18:07:19","modified_gmt":"2022-12-14T17:07:19","slug":"wo-kann-man-essen","status":"publish","type":"page","link":"https:\/\/www.residenzalefarfalle.it\/de\/wo-kann-man-essen\/","title":{"rendered":"Wo kann man essen?"},"content":{"rendered":"<p>In\u00a0<strong>Tergu<\/strong>\u00a0und der unmittelbaren Umgebung gibt es eine gro\u00dfe Auswahl an Restaurants und Trattorien: Sie k\u00f6nnen zwischen der traditionellen sardischen K\u00fcche des Landesinneren \u2013 hier stehen die Agrotourismusbetriebe ganz oben auf der Liste \u2013 und lokaler K\u00fcche mit Fisch und Krustentieren w\u00e4hlen, Castelsardo ist ber\u00fchmt f\u00fcr die Authentizit\u00e4t und Frische der Fische.<\/p>\n<p>Im Folgenden stellen wir\u00a0eine kurze Auswahl von Restaurants vor, in denen wir vom Residence\u00a0immer gut gegessen haben. Vergessen Sie nicht, in unserem Namen zu buchen: man wird Sie noch besser behandeln.<\/p>\n","protected":false},"excerpt":{"rendered":"<p>In\u00a0Tergu\u00a0und der unmittelbaren Umgebung gibt es eine gro\u00dfe Auswahl an Restaurants und Trattorien: Sie k\u00f6nnen zwischen der traditionellen sardischen K\u00fcche des Landesinneren \u2013 hier stehen die Agrotourismusbetriebe ganz oben auf der Liste \u2013 und lokaler K\u00fcche mit Fisch und Krustentieren w\u00e4hlen, Castelsardo ist ber\u00fchmt f\u00fcr die Authentizit\u00e4t und Frische der Fische. Im Folgenden stellen wir\u00a0eine [&hellip;]<\/p>\n","protected":false},"author":13,"featured_media":0,"parent":0,"menu_order":60,"comment_status":"closed","ping_status":"closed","template":"","meta":{"footnotes":""},"class_list":["post-1155","page","type-page","status-publish","hentry"],"yoast_head":"<!-- This site is optimized with the Yoast SEO plugin v26.9 - https:\/\/yoast.com\/product\/yoast-seo-wordpress\/ -->\n<title>Wo kann man essen? &#8226; Residenza Le Farfalle &#8226;<\/title>\n<meta name=\"description\" content=\"In\u00a0Tergu\u00a0und der unmittelbaren Umgebung gibt es eine gro\u00dfe Auswahl an Restaurants und Trattorien: Sie k\u00f6nnen zwischen der traditionellen sardischen K\u00fcche des Landesinneren \u2013 hier stehen die Agrotourismusbetriebe ganz oben auf der Liste \u2013 und lokaler K\u00fcche mit Fisch und Krustentieren w\u00e4hlen, Castelsardo ist ber\u00fchmt f\u00fcr die Authentizit\u00e4t und Frische der Fische.  Im Folgenden stellen wir\u00a0eine kurze Auswahl von Restaurants vor, in denen wir vom Residence\u00a0immer gut gegessen haben. Vergessen Sie nicht, in unserem Namen zu buchen: man wird Sie noch besser behandeln.\" \/>\n<meta name=\"robots\" content=\"index, follow, max-snippet:-1, max-image-preview:large, max-video-preview:-1\" \/>\n<link rel=\"canonical\" href=\"https:\/\/www.residenzalefarfalle.it\/de\/wo-kann-man-essen\/\" \/>\n<meta property=\"og:locale\" content=\"de_DE\" \/>\n<meta property=\"og:type\" content=\"article\" \/>\n<meta property=\"og:title\" content=\"Wo kann man essen? &#8226; Residenza Le Farfalle &#8226;\" \/>\n<meta property=\"og:description\" content=\"In\u00a0Tergu\u00a0und der unmittelbaren Umgebung gibt es eine gro\u00dfe Auswahl an Restaurants und Trattorien: Sie k\u00f6nnen zwischen der traditionellen sardischen K\u00fcche des Landesinneren \u2013 hier stehen die Agrotourismusbetriebe ganz oben auf der Liste \u2013 und lokaler K\u00fcche mit Fisch und Krustentieren w\u00e4hlen, Castelsardo ist ber\u00fchmt f\u00fcr die Authentizit\u00e4t und Frische der Fische.  Im Folgenden stellen wir\u00a0eine kurze Auswahl von Restaurants vor, in denen wir vom Residence\u00a0immer gut gegessen haben. Vergessen Sie nicht, in unserem Namen zu buchen: man wird Sie noch besser behandeln.\" \/>\n<meta property=\"og:url\" content=\"https:\/\/www.residenzalefarfalle.it\/de\/wo-kann-man-essen\/\" \/>\n<meta property=\"og:site_name\" content=\"Residenza Le Farfalle\" \/>\n<meta property=\"article:modified_time\" content=\"2022-12-14T17:07:19+00:00\" \/>\n<meta name=\"twitter:card\" content=\"summary_large_image\" \/>\n<meta name=\"twitter:label1\" content=\"Gesch\u00e4tzte Lesezeit\" \/>\n\t<meta name=\"twitter:data1\" content=\"1 Minute\" \/>\n<script type=\"application\/ld+json\" class=\"yoast-schema-graph\">{\"@context\":\"https:\/\/schema.org\",\"@graph\":[{\"@type\":\"WebPage\",\"@id\":\"https:\/\/www.residenzalefarfalle.it\/de\/wo-kann-man-essen\/\",\"url\":\"https:\/\/www.residenzalefarfalle.it\/de\/wo-kann-man-essen\/\",\"name\":\"Wo kann man essen? &#8226; Residenza Le Farfalle &#8226;\",\"isPartOf\":{\"@id\":\"https:\/\/www.residenzalefarfalle.it\/de\/#website\"},\"datePublished\":\"2022-12-14T17:05:32+00:00\",\"dateModified\":\"2022-12-14T17:07:19+00:00\",\"description\":\"In\u00a0Tergu\u00a0und der unmittelbaren Umgebung gibt es eine gro\u00dfe Auswahl an Restaurants und Trattorien: Sie k\u00f6nnen zwischen der traditionellen sardischen K\u00fcche des Landesinneren \u2013 hier stehen die Agrotourismusbetriebe ganz oben auf der Liste \u2013 und lokaler K\u00fcche mit Fisch und Krustentieren w\u00e4hlen, Castelsardo ist ber\u00fchmt f\u00fcr die Authentizit\u00e4t und Frische der Fische. Im Folgenden stellen wir\u00a0eine kurze Auswahl von Restaurants vor, in denen wir vom Residence\u00a0immer gut gegessen haben. Vergessen Sie nicht, in unserem Namen zu buchen: man wird Sie noch besser behandeln.\",\"breadcrumb\":{\"@id\":\"https:\/\/www.residenzalefarfalle.it\/de\/wo-kann-man-essen\/#breadcrumb\"},\"inLanguage\":\"de-DE\",\"potentialAction\":[{\"@type\":\"ReadAction\",\"target\":[\"https:\/\/www.residenzalefarfalle.it\/de\/wo-kann-man-essen\/\"]}]},{\"@type\":\"BreadcrumbList\",\"@id\":\"https:\/\/www.residenzalefarfalle.it\/de\/wo-kann-man-essen\/#breadcrumb\",\"itemListElement\":[{\"@type\":\"ListItem\",\"position\":1,\"name\":\"Home\",\"item\":\"https:\/\/www.residenzalefarfalle.it\/de\/\"},{\"@type\":\"ListItem\",\"position\":2,\"name\":\"Wo kann man essen?\"}]},{\"@type\":\"WebSite\",\"@id\":\"https:\/\/www.residenzalefarfalle.it\/de\/#website\",\"url\":\"https:\/\/www.residenzalefarfalle.it\/de\/\",\"name\":\"Residenza Le Farfalle\",\"description\":\"Ecco un altro sito ms.decms.eu\",\"potentialAction\":[{\"@type\":\"SearchAction\",\"target\":{\"@type\":\"EntryPoint\",\"urlTemplate\":\"https:\/\/www.residenzalefarfalle.it\/de\/?s={search_term_string}\"},\"query-input\":{\"@type\":\"PropertyValueSpecification\",\"valueRequired\":true,\"valueName\":\"search_term_string\"}}],\"inLanguage\":\"de-DE\"}]}<\/script>\n<!-- \/ Yoast SEO plugin. -->","yoast_head_json":{"title":"Wo kann man essen? &#8226; Residenza Le Farfalle &#8226;","description":"In\u00a0Tergu\u00a0und der unmittelbaren Umgebung gibt es eine gro\u00dfe Auswahl an Restaurants und Trattorien: Sie k\u00f6nnen zwischen der traditionellen sardischen K\u00fcche des Landesinneren \u2013 hier stehen die Agrotourismusbetriebe ganz oben auf der Liste \u2013 und lokaler K\u00fcche mit Fisch und Krustentieren w\u00e4hlen, Castelsardo ist ber\u00fchmt f\u00fcr die Authentizit\u00e4t und Frische der Fische.  Im Folgenden stellen wir\u00a0eine kurze Auswahl von Restaurants vor, in denen wir vom Residence\u00a0immer gut gegessen haben. Vergessen Sie nicht, in unserem Namen zu buchen: man wird Sie noch besser behandeln.","robots":{"index":"index","follow":"follow","max-snippet":"max-snippet:-1","max-image-preview":"max-image-preview:large","max-video-preview":"max-video-preview:-1"},"canonical":"https:\/\/www.residenzalefarfalle.it\/de\/wo-kann-man-essen\/","og_locale":"de_DE","og_type":"article","og_title":"Wo kann man essen? &#8226; Residenza Le Farfalle &#8226;","og_description":"In\u00a0Tergu\u00a0und der unmittelbaren Umgebung gibt es eine gro\u00dfe Auswahl an Restaurants und Trattorien: Sie k\u00f6nnen zwischen der traditionellen sardischen K\u00fcche des Landesinneren \u2013 hier stehen die Agrotourismusbetriebe ganz oben auf der Liste \u2013 und lokaler K\u00fcche mit Fisch und Krustentieren w\u00e4hlen, Castelsardo ist ber\u00fchmt f\u00fcr die Authentizit\u00e4t und Frische der Fische.  Im Folgenden stellen wir\u00a0eine kurze Auswahl von Restaurants vor, in denen wir vom Residence\u00a0immer gut gegessen haben. Vergessen Sie nicht, in unserem Namen zu buchen: man wird Sie noch besser behandeln.","og_url":"https:\/\/www.residenzalefarfalle.it\/de\/wo-kann-man-essen\/","og_site_name":"Residenza Le Farfalle","article_modified_time":"2022-12-14T17:07:19+00:00","twitter_card":"summary_large_image","twitter_misc":{"Gesch\u00e4tzte Lesezeit":"1 Minute"},"schema":{"@context":"https:\/\/schema.org","@graph":[{"@type":"WebPage","@id":"https:\/\/www.residenzalefarfalle.it\/de\/wo-kann-man-essen\/","url":"https:\/\/www.residenzalefarfalle.it\/de\/wo-kann-man-essen\/","name":"Wo kann man essen? &#8226; Residenza Le Farfalle &#8226;","isPartOf":{"@id":"https:\/\/www.residenzalefarfalle.it\/de\/#website"},"datePublished":"2022-12-14T17:05:32+00:00","dateModified":"2022-12-14T17:07:19+00:00","description":"In\u00a0Tergu\u00a0und der unmittelbaren Umgebung gibt es eine gro\u00dfe Auswahl an Restaurants und Trattorien: Sie k\u00f6nnen zwischen der traditionellen sardischen K\u00fcche des Landesinneren \u2013 hier stehen die Agrotourismusbetriebe ganz oben auf der Liste \u2013 und lokaler K\u00fcche mit Fisch und Krustentieren w\u00e4hlen, Castelsardo ist ber\u00fchmt f\u00fcr die Authentizit\u00e4t und Frische der Fische. Im Folgenden stellen wir\u00a0eine kurze Auswahl von Restaurants vor, in denen wir vom Residence\u00a0immer gut gegessen haben. Vergessen Sie nicht, in unserem Namen zu buchen: man wird Sie noch besser behandeln.","breadcrumb":{"@id":"https:\/\/www.residenzalefarfalle.it\/de\/wo-kann-man-essen\/#breadcrumb"},"inLanguage":"de-DE","potentialAction":[{"@type":"ReadAction","target":["https:\/\/www.residenzalefarfalle.it\/de\/wo-kann-man-essen\/"]}]},{"@type":"BreadcrumbList","@id":"https:\/\/www.residenzalefarfalle.it\/de\/wo-kann-man-essen\/#breadcrumb","itemListElement":[{"@type":"ListItem","position":1,"name":"Home","item":"https:\/\/www.residenzalefarfalle.it\/de\/"},{"@type":"ListItem","position":2,"name":"Wo kann man essen?"}]},{"@type":"WebSite","@id":"https:\/\/www.residenzalefarfalle.it\/de\/#website","url":"https:\/\/www.residenzalefarfalle.it\/de\/","name":"Residenza Le Farfalle","description":"Ecco un altro sito ms.decms.eu","potentialAction":[{"@type":"SearchAction","target":{"@type":"EntryPoint","urlTemplate":"https:\/\/www.residenzalefarfalle.it\/de\/?s={search_term_string}"},"query-input":{"@type":"PropertyValueSpecification","valueRequired":true,"valueName":"search_term_string"}}],"inLanguage":"de-DE"}]}},"acf":[],"_links":{"self":[{"href":"https:\/\/www.residenzalefarfalle.it\/de\/wp-json\/wp\/v2\/pages\/1155","targetHints":{"allow":["GET"]}}],"collection":[{"href":"https:\/\/www.residenzalefarfalle.it\/de\/wp-json\/wp\/v2\/pages"}],"about":[{"href":"https:\/\/www.residenzalefarfalle.it\/de\/wp-json\/wp\/v2\/types\/page"}],"author":[{"embeddable":true,"href":"https:\/\/www.residenzalefarfalle.it\/de\/wp-json\/wp\/v2\/users\/13"}],"replies":[{"embeddable":true,"href":"https:\/\/www.residenzalefarfalle.it\/de\/wp-json\/wp\/v2\/comments?post=1155"}],"version-history":[{"count":0,"href":"https:\/\/www.residenzalefarfalle.it\/de\/wp-json\/wp\/v2\/pages\/1155\/revisions"}],"wp:attachment":[{"href":"https:\/\/www.residenzalefarfalle.it\/de\/wp-json\/wp\/v2\/media?parent=1155"}],"curies":[{"name":"wp","href":"https:\/\/api.w.org\/{rel}","templated":true}]}}