
{"id":1149,"date":"2022-12-14T17:31:15","date_gmt":"2022-12-14T16:31:15","guid":{"rendered":"https:\/\/residenzalefarfalle.ms.decms.eu\/?page_id=1149"},"modified":"2023-01-31T16:00:40","modified_gmt":"2023-01-31T15:00:40","slug":"fur-kinder","status":"publish","type":"page","link":"https:\/\/www.residenzalefarfalle.it\/de\/fur-kinder\/","title":{"rendered":"F\u00fcr Kinder"},"content":{"rendered":"<p>Das Residence wurde\u00a0f\u00fcr die Bed\u00fcrfnisse von Familien entwickelt und f\u00f6rdert Aktivit\u00e4ten im Kontakt mit der Natur, die gemeinsam erlebt werden k\u00f6nnen.<\/p>\n<p>Neben einem\u00a0<strong>Spielplatz f\u00fcr die Kleinen, 150 m. vor Residenz,\u00a0<\/strong>gibt es reichlich Auswahl:<\/p>\n<ul>\n<li>Wander-Ausfl\u00fcge auf der Suche nach Myrte, Corbezzolo\u00a0und Brombeeren und zur\u00a0Entdeckung von\u00a0Schafen, L\u00e4mmern und Hoftieren<\/li>\n<li>Radfahren und Reiten<\/li>\n<li>oder ein paar aufmunternde Runden im Pool.<\/li>\n<\/ul>\n<p>Ferner k\u00f6nnen in weniger als einer halben Stunde <strong>2 Wasser-Vergn\u00fcgungsparks <\/strong>erreicht werden, die besonders von Kindern geliebt werden: das\u00a0<strong>Water Paradise<\/strong>, Entfernung 20 Km, in Marina di Sorso und\u00a0<strong>Aquafantasy<\/strong>, Entfernung 33 Km, in dem Ort\u00a0<strong>Isola Rossa<\/strong>.<\/p>\n","protected":false},"excerpt":{"rendered":"<p>Das Residence wurde\u00a0f\u00fcr die Bed\u00fcrfnisse von Familien entwickelt und f\u00f6rdert Aktivit\u00e4ten im Kontakt mit der Natur, die gemeinsam erlebt werden k\u00f6nnen. Neben einem\u00a0Spielplatz f\u00fcr die Kleinen, 150 m. vor Residenz,\u00a0gibt es reichlich Auswahl: Wander-Ausfl\u00fcge auf der Suche nach Myrte, Corbezzolo\u00a0und Brombeeren und zur\u00a0Entdeckung von\u00a0Schafen, L\u00e4mmern und Hoftieren Radfahren und Reiten oder ein paar aufmunternde Runden [&hellip;]<\/p>\n","protected":false},"author":13,"featured_media":0,"parent":0,"menu_order":50,"comment_status":"closed","ping_status":"closed","template":"","meta":{"footnotes":""},"class_list":["post-1149","page","type-page","status-publish","hentry"],"yoast_head":"<!-- This site is optimized with the Yoast SEO plugin v26.9 - https:\/\/yoast.com\/product\/yoast-seo-wordpress\/ -->\n<title>F\u00fcr Kinder &#8226; Residenza Le Farfalle &#8226;<\/title>\n<meta name=\"description\" content=\"Das Residence wurde\u00a0f\u00fcr die Bed\u00fcrfnisse von Familien entwickelt und f\u00f6rdert Aktivit\u00e4ten im Kontakt mit der Natur, die gemeinsam erlebt werden k\u00f6nnen.  Neben einem\u00a0Spielplatz f\u00fcr die Kleinen, 150 m. vor Residenz,\u00a0gibt es reichlich Auswahl:   Wander-Ausfl\u00fcge auf der Suche nach Myrte, Corbezzolo\u00a0und Brombeeren und zur\u00a0Entdeckung von\u00a0Schafen, L\u00e4mmern und Hoftieren  Radfahren und Reiten  oder ein paar aufmunternde Runden im Pool.  Ferner k\u00f6nnen in weniger als einer halben Stunde 2 Wasser-Vergn\u00fcgungsparks erreicht werden, die besonders von Kindern geliebt werden: das\u00a0Water Paradise, Entfernung 20 Km, in Marina di Sorso und\u00a0Aquafantasy, Entfernung 33 Km, in dem Ort\u00a0Isola Rossa.\" \/>\n<meta name=\"robots\" content=\"index, follow, max-snippet:-1, max-image-preview:large, max-video-preview:-1\" \/>\n<link rel=\"canonical\" href=\"https:\/\/www.residenzalefarfalle.it\/de\/fur-kinder\/\" \/>\n<meta property=\"og:locale\" content=\"de_DE\" \/>\n<meta property=\"og:type\" content=\"article\" \/>\n<meta property=\"og:title\" content=\"F\u00fcr Kinder &#8226; Residenza Le Farfalle &#8226;\" \/>\n<meta property=\"og:description\" content=\"Das Residence wurde\u00a0f\u00fcr die Bed\u00fcrfnisse von Familien entwickelt und f\u00f6rdert Aktivit\u00e4ten im Kontakt mit der Natur, die gemeinsam erlebt werden k\u00f6nnen.  Neben einem\u00a0Spielplatz f\u00fcr die Kleinen, 150 m. vor Residenz,\u00a0gibt es reichlich Auswahl:   Wander-Ausfl\u00fcge auf der Suche nach Myrte, Corbezzolo\u00a0und Brombeeren und zur\u00a0Entdeckung von\u00a0Schafen, L\u00e4mmern und Hoftieren  Radfahren und Reiten  oder ein paar aufmunternde Runden im Pool.  Ferner k\u00f6nnen in weniger als einer halben Stunde 2 Wasser-Vergn\u00fcgungsparks erreicht werden, die besonders von Kindern geliebt werden: das\u00a0Water Paradise, Entfernung 20 Km, in Marina di Sorso und\u00a0Aquafantasy, Entfernung 33 Km, in dem Ort\u00a0Isola Rossa.\" \/>\n<meta property=\"og:url\" content=\"https:\/\/www.residenzalefarfalle.it\/de\/fur-kinder\/\" \/>\n<meta property=\"og:site_name\" content=\"Residenza Le Farfalle\" \/>\n<meta property=\"article:modified_time\" content=\"2023-01-31T15:00:40+00:00\" \/>\n<meta name=\"twitter:card\" content=\"summary_large_image\" \/>\n<meta name=\"twitter:label1\" content=\"Gesch\u00e4tzte Lesezeit\" \/>\n\t<meta name=\"twitter:data1\" content=\"1 Minute\" \/>\n<script type=\"application\/ld+json\" class=\"yoast-schema-graph\">{\"@context\":\"https:\/\/schema.org\",\"@graph\":[{\"@type\":\"WebPage\",\"@id\":\"https:\/\/www.residenzalefarfalle.it\/de\/fur-kinder\/\",\"url\":\"https:\/\/www.residenzalefarfalle.it\/de\/fur-kinder\/\",\"name\":\"F\u00fcr Kinder &#8226; Residenza Le Farfalle &#8226;\",\"isPartOf\":{\"@id\":\"https:\/\/www.residenzalefarfalle.it\/de\/#website\"},\"datePublished\":\"2022-12-14T16:31:15+00:00\",\"dateModified\":\"2023-01-31T15:00:40+00:00\",\"description\":\"Das Residence wurde\u00a0f\u00fcr die Bed\u00fcrfnisse von Familien entwickelt und f\u00f6rdert Aktivit\u00e4ten im Kontakt mit der Natur, die gemeinsam erlebt werden k\u00f6nnen. Neben einem\u00a0Spielplatz f\u00fcr die Kleinen, 150 m. vor Residenz,\u00a0gibt es reichlich Auswahl: \u2022 Wander-Ausfl\u00fcge auf der Suche nach Myrte, Corbezzolo\u00a0und Brombeeren und zur\u00a0Entdeckung von\u00a0Schafen, L\u00e4mmern und Hoftieren \u2022 Radfahren und Reiten \u2022 oder ein paar aufmunternde Runden im Pool. Ferner k\u00f6nnen in weniger als einer halben Stunde 2 Wasser-Vergn\u00fcgungsparks erreicht werden, die besonders von Kindern geliebt werden: das\u00a0Water Paradise, Entfernung 20 Km, in Marina di Sorso und\u00a0Aquafantasy, Entfernung 33 Km, in dem Ort\u00a0Isola Rossa.\",\"breadcrumb\":{\"@id\":\"https:\/\/www.residenzalefarfalle.it\/de\/fur-kinder\/#breadcrumb\"},\"inLanguage\":\"de-DE\",\"potentialAction\":[{\"@type\":\"ReadAction\",\"target\":[\"https:\/\/www.residenzalefarfalle.it\/de\/fur-kinder\/\"]}]},{\"@type\":\"BreadcrumbList\",\"@id\":\"https:\/\/www.residenzalefarfalle.it\/de\/fur-kinder\/#breadcrumb\",\"itemListElement\":[{\"@type\":\"ListItem\",\"position\":1,\"name\":\"Home\",\"item\":\"https:\/\/www.residenzalefarfalle.it\/de\/\"},{\"@type\":\"ListItem\",\"position\":2,\"name\":\"F\u00fcr Kinder\"}]},{\"@type\":\"WebSite\",\"@id\":\"https:\/\/www.residenzalefarfalle.it\/de\/#website\",\"url\":\"https:\/\/www.residenzalefarfalle.it\/de\/\",\"name\":\"Residenza Le Farfalle\",\"description\":\"Ecco un altro sito ms.decms.eu\",\"potentialAction\":[{\"@type\":\"SearchAction\",\"target\":{\"@type\":\"EntryPoint\",\"urlTemplate\":\"https:\/\/www.residenzalefarfalle.it\/de\/?s={search_term_string}\"},\"query-input\":{\"@type\":\"PropertyValueSpecification\",\"valueRequired\":true,\"valueName\":\"search_term_string\"}}],\"inLanguage\":\"de-DE\"}]}<\/script>\n<!-- \/ Yoast SEO plugin. -->","yoast_head_json":{"title":"F\u00fcr Kinder &#8226; Residenza Le Farfalle &#8226;","description":"Das Residence wurde\u00a0f\u00fcr die Bed\u00fcrfnisse von Familien entwickelt und f\u00f6rdert Aktivit\u00e4ten im Kontakt mit der Natur, die gemeinsam erlebt werden k\u00f6nnen.  Neben einem\u00a0Spielplatz f\u00fcr die Kleinen, 150 m. vor Residenz,\u00a0gibt es reichlich Auswahl:   Wander-Ausfl\u00fcge auf der Suche nach Myrte, Corbezzolo\u00a0und Brombeeren und zur\u00a0Entdeckung von\u00a0Schafen, L\u00e4mmern und Hoftieren  Radfahren und Reiten  oder ein paar aufmunternde Runden im Pool.  Ferner k\u00f6nnen in weniger als einer halben Stunde 2 Wasser-Vergn\u00fcgungsparks erreicht werden, die besonders von Kindern geliebt werden: das\u00a0Water Paradise, Entfernung 20 Km, in Marina di Sorso und\u00a0Aquafantasy, Entfernung 33 Km, in dem Ort\u00a0Isola Rossa.","robots":{"index":"index","follow":"follow","max-snippet":"max-snippet:-1","max-image-preview":"max-image-preview:large","max-video-preview":"max-video-preview:-1"},"canonical":"https:\/\/www.residenzalefarfalle.it\/de\/fur-kinder\/","og_locale":"de_DE","og_type":"article","og_title":"F\u00fcr Kinder &#8226; Residenza Le Farfalle &#8226;","og_description":"Das Residence wurde\u00a0f\u00fcr die Bed\u00fcrfnisse von Familien entwickelt und f\u00f6rdert Aktivit\u00e4ten im Kontakt mit der Natur, die gemeinsam erlebt werden k\u00f6nnen.  Neben einem\u00a0Spielplatz f\u00fcr die Kleinen, 150 m. vor Residenz,\u00a0gibt es reichlich Auswahl:   Wander-Ausfl\u00fcge auf der Suche nach Myrte, Corbezzolo\u00a0und Brombeeren und zur\u00a0Entdeckung von\u00a0Schafen, L\u00e4mmern und Hoftieren  Radfahren und Reiten  oder ein paar aufmunternde Runden im Pool.  Ferner k\u00f6nnen in weniger als einer halben Stunde 2 Wasser-Vergn\u00fcgungsparks erreicht werden, die besonders von Kindern geliebt werden: das\u00a0Water Paradise, Entfernung 20 Km, in Marina di Sorso und\u00a0Aquafantasy, Entfernung 33 Km, in dem Ort\u00a0Isola Rossa.","og_url":"https:\/\/www.residenzalefarfalle.it\/de\/fur-kinder\/","og_site_name":"Residenza Le Farfalle","article_modified_time":"2023-01-31T15:00:40+00:00","twitter_card":"summary_large_image","twitter_misc":{"Gesch\u00e4tzte Lesezeit":"1 Minute"},"schema":{"@context":"https:\/\/schema.org","@graph":[{"@type":"WebPage","@id":"https:\/\/www.residenzalefarfalle.it\/de\/fur-kinder\/","url":"https:\/\/www.residenzalefarfalle.it\/de\/fur-kinder\/","name":"F\u00fcr Kinder &#8226; Residenza Le Farfalle &#8226;","isPartOf":{"@id":"https:\/\/www.residenzalefarfalle.it\/de\/#website"},"datePublished":"2022-12-14T16:31:15+00:00","dateModified":"2023-01-31T15:00:40+00:00","description":"Das Residence wurde\u00a0f\u00fcr die Bed\u00fcrfnisse von Familien entwickelt und f\u00f6rdert Aktivit\u00e4ten im Kontakt mit der Natur, die gemeinsam erlebt werden k\u00f6nnen. Neben einem\u00a0Spielplatz f\u00fcr die Kleinen, 150 m. vor Residenz,\u00a0gibt es reichlich Auswahl: \u2022 Wander-Ausfl\u00fcge auf der Suche nach Myrte, Corbezzolo\u00a0und Brombeeren und zur\u00a0Entdeckung von\u00a0Schafen, L\u00e4mmern und Hoftieren \u2022 Radfahren und Reiten \u2022 oder ein paar aufmunternde Runden im Pool. Ferner k\u00f6nnen in weniger als einer halben Stunde 2 Wasser-Vergn\u00fcgungsparks erreicht werden, die besonders von Kindern geliebt werden: das\u00a0Water Paradise, Entfernung 20 Km, in Marina di Sorso und\u00a0Aquafantasy, Entfernung 33 Km, in dem Ort\u00a0Isola Rossa.","breadcrumb":{"@id":"https:\/\/www.residenzalefarfalle.it\/de\/fur-kinder\/#breadcrumb"},"inLanguage":"de-DE","potentialAction":[{"@type":"ReadAction","target":["https:\/\/www.residenzalefarfalle.it\/de\/fur-kinder\/"]}]},{"@type":"BreadcrumbList","@id":"https:\/\/www.residenzalefarfalle.it\/de\/fur-kinder\/#breadcrumb","itemListElement":[{"@type":"ListItem","position":1,"name":"Home","item":"https:\/\/www.residenzalefarfalle.it\/de\/"},{"@type":"ListItem","position":2,"name":"F\u00fcr Kinder"}]},{"@type":"WebSite","@id":"https:\/\/www.residenzalefarfalle.it\/de\/#website","url":"https:\/\/www.residenzalefarfalle.it\/de\/","name":"Residenza Le Farfalle","description":"Ecco un altro sito ms.decms.eu","potentialAction":[{"@type":"SearchAction","target":{"@type":"EntryPoint","urlTemplate":"https:\/\/www.residenzalefarfalle.it\/de\/?s={search_term_string}"},"query-input":{"@type":"PropertyValueSpecification","valueRequired":true,"valueName":"search_term_string"}}],"inLanguage":"de-DE"}]}},"acf":[],"_links":{"self":[{"href":"https:\/\/www.residenzalefarfalle.it\/de\/wp-json\/wp\/v2\/pages\/1149","targetHints":{"allow":["GET"]}}],"collection":[{"href":"https:\/\/www.residenzalefarfalle.it\/de\/wp-json\/wp\/v2\/pages"}],"about":[{"href":"https:\/\/www.residenzalefarfalle.it\/de\/wp-json\/wp\/v2\/types\/page"}],"author":[{"embeddable":true,"href":"https:\/\/www.residenzalefarfalle.it\/de\/wp-json\/wp\/v2\/users\/13"}],"replies":[{"embeddable":true,"href":"https:\/\/www.residenzalefarfalle.it\/de\/wp-json\/wp\/v2\/comments?post=1149"}],"version-history":[{"count":0,"href":"https:\/\/www.residenzalefarfalle.it\/de\/wp-json\/wp\/v2\/pages\/1149\/revisions"}],"wp:attachment":[{"href":"https:\/\/www.residenzalefarfalle.it\/de\/wp-json\/wp\/v2\/media?parent=1149"}],"curies":[{"name":"wp","href":"https:\/\/api.w.org\/{rel}","templated":true}]}}