
{"id":1141,"date":"2022-12-14T17:23:36","date_gmt":"2022-12-14T16:23:36","guid":{"rendered":"https:\/\/residenzalefarfalle.ms.decms.eu\/?page_id=1141"},"modified":"2022-12-14T17:27:03","modified_gmt":"2022-12-14T16:27:03","slug":"in-der-umgebung","status":"publish","type":"page","link":"https:\/\/www.residenzalefarfalle.it\/de\/in-der-umgebung\/","title":{"rendered":"In der Umgebung"},"content":{"rendered":"<p>Alle Dienstleistungen und Gesch\u00e4fte im Zentrum von Tergu\u00a0sind von den Wohnungen des Residence aus bequem zu Fu\u00df zu erreichen:<\/p>\n<ul>\n<li>Bar, ein\u00a0kleiner Supermarkt, Obst- und Gem\u00fcsehandel, Metzger und B\u00e4cker;<\/li>\n<li>Apotheke und Post;<\/li>\n<li>Ortsverein (Pro Loco) f\u00fcr die Touristen-Information.<\/li>\n<\/ul>\n<p>In 650 m und in 5 Km Entfernung gibt es zwei Agrotourismusbetriebe,\u00a0<strong>Sa Tanca Noa<\/strong><b>\u00a0<\/b>und\u00a0<strong>Monte Entosu,<\/strong>\u00a0wo Sie die lokale typische K\u00fcche probieren, gef\u00fchrte Besichtigungen buchen und lokale Produkte einkaufen k\u00f6nnen.<\/p>\n<p>Etwa 20 Km entfernt, in der N\u00e4he von Serralonga, befindet sich die\u00a0Reitanlage\u00a0und\u00a0<strong>Reitverein \u201eIl Ginepro\u201c<\/strong>, wo man Einzel- oder Gruppenunterricht\u00a0nehmen\u00a0und Ausfl\u00fcge zu Pferd auf dem Land oder am Strand machen kann.<\/p>\n","protected":false},"excerpt":{"rendered":"<p>Alle Dienstleistungen und Gesch\u00e4fte im Zentrum von Tergu\u00a0sind von den Wohnungen des Residence aus bequem zu Fu\u00df zu erreichen: Bar, ein\u00a0kleiner Supermarkt, Obst- und Gem\u00fcsehandel, Metzger und B\u00e4cker; Apotheke und Post; Ortsverein (Pro Loco) f\u00fcr die Touristen-Information. In 650 m und in 5 Km Entfernung gibt es zwei Agrotourismusbetriebe,\u00a0Sa Tanca Noa\u00a0und\u00a0Monte Entosu,\u00a0wo Sie die lokale [&hellip;]<\/p>\n","protected":false},"author":13,"featured_media":0,"parent":0,"menu_order":40,"comment_status":"closed","ping_status":"closed","template":"","meta":{"footnotes":""},"class_list":["post-1141","page","type-page","status-publish","hentry"],"yoast_head":"<!-- This site is optimized with the Yoast SEO plugin v26.9 - https:\/\/yoast.com\/product\/yoast-seo-wordpress\/ -->\n<title>In der Umgebung &#8226; Residenza Le Farfalle &#8226;<\/title>\n<meta name=\"description\" content=\"Alle Dienstleistungen und Gesch\u00e4fte im Zentrum von Tergu\u00a0sind von den Wohnungen des Residence aus bequem zu Fu\u00df zu erreichen:   Bar, ein\u00a0kleiner Supermarkt, Obst- und Gem\u00fcsehandel, Metzger und B\u00e4cker;  Apotheke und Post;  Ortsverein (Pro Loco) f\u00fcr die Touristen-Information.  In 650 m und in 5 Km Entfernung gibt es zwei Agrotourismusbetriebe,\u00a0Sa Tanca Noa\u00a0und\u00a0Monte Entosu,\u00a0wo Sie die lokale typische K\u00fcche probieren, gef\u00fchrte Besichtigungen buchen und lokale Produkte einkaufen k\u00f6nnen.  Etwa 20 Km entfernt, in der N\u00e4he von Serralonga, befindet sich die\u00a0Reitanlage\u00a0und\u00a0Reitverein \u201eIl Ginepro\u201c, wo man Einzel- oder Gruppenunterricht\u00a0nehmen\u00a0und Ausfl\u00fcge zu Pferd auf dem Land oder am Strand machen kann..\" \/>\n<meta name=\"robots\" content=\"index, follow, max-snippet:-1, max-image-preview:large, max-video-preview:-1\" \/>\n<link rel=\"canonical\" href=\"https:\/\/www.residenzalefarfalle.it\/de\/in-der-umgebung\/\" \/>\n<meta property=\"og:locale\" content=\"de_DE\" \/>\n<meta property=\"og:type\" content=\"article\" \/>\n<meta property=\"og:title\" content=\"In der Umgebung &#8226; Residenza Le Farfalle &#8226;\" \/>\n<meta property=\"og:description\" content=\"Alle Dienstleistungen und Gesch\u00e4fte im Zentrum von Tergu\u00a0sind von den Wohnungen des Residence aus bequem zu Fu\u00df zu erreichen:   Bar, ein\u00a0kleiner Supermarkt, Obst- und Gem\u00fcsehandel, Metzger und B\u00e4cker;  Apotheke und Post;  Ortsverein (Pro Loco) f\u00fcr die Touristen-Information.  In 650 m und in 5 Km Entfernung gibt es zwei Agrotourismusbetriebe,\u00a0Sa Tanca Noa\u00a0und\u00a0Monte Entosu,\u00a0wo Sie die lokale typische K\u00fcche probieren, gef\u00fchrte Besichtigungen buchen und lokale Produkte einkaufen k\u00f6nnen.  Etwa 20 Km entfernt, in der N\u00e4he von Serralonga, befindet sich die\u00a0Reitanlage\u00a0und\u00a0Reitverein \u201eIl Ginepro\u201c, wo man Einzel- oder Gruppenunterricht\u00a0nehmen\u00a0und Ausfl\u00fcge zu Pferd auf dem Land oder am Strand machen kann..\" \/>\n<meta property=\"og:url\" content=\"https:\/\/www.residenzalefarfalle.it\/de\/in-der-umgebung\/\" \/>\n<meta property=\"og:site_name\" content=\"Residenza Le Farfalle\" \/>\n<meta property=\"article:modified_time\" content=\"2022-12-14T16:27:03+00:00\" \/>\n<meta name=\"twitter:card\" content=\"summary_large_image\" \/>\n<meta name=\"twitter:label1\" content=\"Gesch\u00e4tzte Lesezeit\" \/>\n\t<meta name=\"twitter:data1\" content=\"1 Minute\" \/>\n<script type=\"application\/ld+json\" class=\"yoast-schema-graph\">{\"@context\":\"https:\/\/schema.org\",\"@graph\":[{\"@type\":\"WebPage\",\"@id\":\"https:\/\/www.residenzalefarfalle.it\/de\/in-der-umgebung\/\",\"url\":\"https:\/\/www.residenzalefarfalle.it\/de\/in-der-umgebung\/\",\"name\":\"In der Umgebung &#8226; Residenza Le Farfalle &#8226;\",\"isPartOf\":{\"@id\":\"https:\/\/www.residenzalefarfalle.it\/de\/#website\"},\"datePublished\":\"2022-12-14T16:23:36+00:00\",\"dateModified\":\"2022-12-14T16:27:03+00:00\",\"description\":\"Alle Dienstleistungen und Gesch\u00e4fte im Zentrum von Tergu\u00a0sind von den Wohnungen des Residence aus bequem zu Fu\u00df zu erreichen: \u2022 Bar, ein\u00a0kleiner Supermarkt, Obst- und Gem\u00fcsehandel, Metzger und B\u00e4cker; \u2022 Apotheke und Post; \u2022 Ortsverein (Pro Loco) f\u00fcr die Touristen-Information. In 650 m und in 5 Km Entfernung gibt es zwei Agrotourismusbetriebe,\u00a0Sa Tanca Noa\u00a0und\u00a0Monte Entosu,\u00a0wo Sie die lokale typische K\u00fcche probieren, gef\u00fchrte Besichtigungen buchen und lokale Produkte einkaufen k\u00f6nnen. Etwa 20 Km entfernt, in der N\u00e4he von Serralonga, befindet sich die\u00a0Reitanlage\u00a0und\u00a0Reitverein \u201eIl Ginepro\u201c, wo man Einzel- oder Gruppenunterricht\u00a0nehmen\u00a0und Ausfl\u00fcge zu Pferd auf dem Land oder am Strand machen kann..\",\"breadcrumb\":{\"@id\":\"https:\/\/www.residenzalefarfalle.it\/de\/in-der-umgebung\/#breadcrumb\"},\"inLanguage\":\"de-DE\",\"potentialAction\":[{\"@type\":\"ReadAction\",\"target\":[\"https:\/\/www.residenzalefarfalle.it\/de\/in-der-umgebung\/\"]}]},{\"@type\":\"BreadcrumbList\",\"@id\":\"https:\/\/www.residenzalefarfalle.it\/de\/in-der-umgebung\/#breadcrumb\",\"itemListElement\":[{\"@type\":\"ListItem\",\"position\":1,\"name\":\"Home\",\"item\":\"https:\/\/www.residenzalefarfalle.it\/de\/\"},{\"@type\":\"ListItem\",\"position\":2,\"name\":\"In der Umgebung\"}]},{\"@type\":\"WebSite\",\"@id\":\"https:\/\/www.residenzalefarfalle.it\/de\/#website\",\"url\":\"https:\/\/www.residenzalefarfalle.it\/de\/\",\"name\":\"Residenza Le Farfalle\",\"description\":\"Ecco un altro sito ms.decms.eu\",\"potentialAction\":[{\"@type\":\"SearchAction\",\"target\":{\"@type\":\"EntryPoint\",\"urlTemplate\":\"https:\/\/www.residenzalefarfalle.it\/de\/?s={search_term_string}\"},\"query-input\":{\"@type\":\"PropertyValueSpecification\",\"valueRequired\":true,\"valueName\":\"search_term_string\"}}],\"inLanguage\":\"de-DE\"}]}<\/script>\n<!-- \/ Yoast SEO plugin. -->","yoast_head_json":{"title":"In der Umgebung &#8226; Residenza Le Farfalle &#8226;","description":"Alle Dienstleistungen und Gesch\u00e4fte im Zentrum von Tergu\u00a0sind von den Wohnungen des Residence aus bequem zu Fu\u00df zu erreichen:   Bar, ein\u00a0kleiner Supermarkt, Obst- und Gem\u00fcsehandel, Metzger und B\u00e4cker;  Apotheke und Post;  Ortsverein (Pro Loco) f\u00fcr die Touristen-Information.  In 650 m und in 5 Km Entfernung gibt es zwei Agrotourismusbetriebe,\u00a0Sa Tanca Noa\u00a0und\u00a0Monte Entosu,\u00a0wo Sie die lokale typische K\u00fcche probieren, gef\u00fchrte Besichtigungen buchen und lokale Produkte einkaufen k\u00f6nnen.  Etwa 20 Km entfernt, in der N\u00e4he von Serralonga, befindet sich die\u00a0Reitanlage\u00a0und\u00a0Reitverein \u201eIl Ginepro\u201c, wo man Einzel- oder Gruppenunterricht\u00a0nehmen\u00a0und Ausfl\u00fcge zu Pferd auf dem Land oder am Strand machen kann..","robots":{"index":"index","follow":"follow","max-snippet":"max-snippet:-1","max-image-preview":"max-image-preview:large","max-video-preview":"max-video-preview:-1"},"canonical":"https:\/\/www.residenzalefarfalle.it\/de\/in-der-umgebung\/","og_locale":"de_DE","og_type":"article","og_title":"In der Umgebung &#8226; Residenza Le Farfalle &#8226;","og_description":"Alle Dienstleistungen und Gesch\u00e4fte im Zentrum von Tergu\u00a0sind von den Wohnungen des Residence aus bequem zu Fu\u00df zu erreichen:   Bar, ein\u00a0kleiner Supermarkt, Obst- und Gem\u00fcsehandel, Metzger und B\u00e4cker;  Apotheke und Post;  Ortsverein (Pro Loco) f\u00fcr die Touristen-Information.  In 650 m und in 5 Km Entfernung gibt es zwei Agrotourismusbetriebe,\u00a0Sa Tanca Noa\u00a0und\u00a0Monte Entosu,\u00a0wo Sie die lokale typische K\u00fcche probieren, gef\u00fchrte Besichtigungen buchen und lokale Produkte einkaufen k\u00f6nnen.  Etwa 20 Km entfernt, in der N\u00e4he von Serralonga, befindet sich die\u00a0Reitanlage\u00a0und\u00a0Reitverein \u201eIl Ginepro\u201c, wo man Einzel- oder Gruppenunterricht\u00a0nehmen\u00a0und Ausfl\u00fcge zu Pferd auf dem Land oder am Strand machen kann..","og_url":"https:\/\/www.residenzalefarfalle.it\/de\/in-der-umgebung\/","og_site_name":"Residenza Le Farfalle","article_modified_time":"2022-12-14T16:27:03+00:00","twitter_card":"summary_large_image","twitter_misc":{"Gesch\u00e4tzte Lesezeit":"1 Minute"},"schema":{"@context":"https:\/\/schema.org","@graph":[{"@type":"WebPage","@id":"https:\/\/www.residenzalefarfalle.it\/de\/in-der-umgebung\/","url":"https:\/\/www.residenzalefarfalle.it\/de\/in-der-umgebung\/","name":"In der Umgebung &#8226; Residenza Le Farfalle &#8226;","isPartOf":{"@id":"https:\/\/www.residenzalefarfalle.it\/de\/#website"},"datePublished":"2022-12-14T16:23:36+00:00","dateModified":"2022-12-14T16:27:03+00:00","description":"Alle Dienstleistungen und Gesch\u00e4fte im Zentrum von Tergu\u00a0sind von den Wohnungen des Residence aus bequem zu Fu\u00df zu erreichen: \u2022 Bar, ein\u00a0kleiner Supermarkt, Obst- und Gem\u00fcsehandel, Metzger und B\u00e4cker; \u2022 Apotheke und Post; \u2022 Ortsverein (Pro Loco) f\u00fcr die Touristen-Information. In 650 m und in 5 Km Entfernung gibt es zwei Agrotourismusbetriebe,\u00a0Sa Tanca Noa\u00a0und\u00a0Monte Entosu,\u00a0wo Sie die lokale typische K\u00fcche probieren, gef\u00fchrte Besichtigungen buchen und lokale Produkte einkaufen k\u00f6nnen. Etwa 20 Km entfernt, in der N\u00e4he von Serralonga, befindet sich die\u00a0Reitanlage\u00a0und\u00a0Reitverein \u201eIl Ginepro\u201c, wo man Einzel- oder Gruppenunterricht\u00a0nehmen\u00a0und Ausfl\u00fcge zu Pferd auf dem Land oder am Strand machen kann..","breadcrumb":{"@id":"https:\/\/www.residenzalefarfalle.it\/de\/in-der-umgebung\/#breadcrumb"},"inLanguage":"de-DE","potentialAction":[{"@type":"ReadAction","target":["https:\/\/www.residenzalefarfalle.it\/de\/in-der-umgebung\/"]}]},{"@type":"BreadcrumbList","@id":"https:\/\/www.residenzalefarfalle.it\/de\/in-der-umgebung\/#breadcrumb","itemListElement":[{"@type":"ListItem","position":1,"name":"Home","item":"https:\/\/www.residenzalefarfalle.it\/de\/"},{"@type":"ListItem","position":2,"name":"In der Umgebung"}]},{"@type":"WebSite","@id":"https:\/\/www.residenzalefarfalle.it\/de\/#website","url":"https:\/\/www.residenzalefarfalle.it\/de\/","name":"Residenza Le Farfalle","description":"Ecco un altro sito ms.decms.eu","potentialAction":[{"@type":"SearchAction","target":{"@type":"EntryPoint","urlTemplate":"https:\/\/www.residenzalefarfalle.it\/de\/?s={search_term_string}"},"query-input":{"@type":"PropertyValueSpecification","valueRequired":true,"valueName":"search_term_string"}}],"inLanguage":"de-DE"}]}},"acf":[],"_links":{"self":[{"href":"https:\/\/www.residenzalefarfalle.it\/de\/wp-json\/wp\/v2\/pages\/1141","targetHints":{"allow":["GET"]}}],"collection":[{"href":"https:\/\/www.residenzalefarfalle.it\/de\/wp-json\/wp\/v2\/pages"}],"about":[{"href":"https:\/\/www.residenzalefarfalle.it\/de\/wp-json\/wp\/v2\/types\/page"}],"author":[{"embeddable":true,"href":"https:\/\/www.residenzalefarfalle.it\/de\/wp-json\/wp\/v2\/users\/13"}],"replies":[{"embeddable":true,"href":"https:\/\/www.residenzalefarfalle.it\/de\/wp-json\/wp\/v2\/comments?post=1141"}],"version-history":[{"count":0,"href":"https:\/\/www.residenzalefarfalle.it\/de\/wp-json\/wp\/v2\/pages\/1141\/revisions"}],"wp:attachment":[{"href":"https:\/\/www.residenzalefarfalle.it\/de\/wp-json\/wp\/v2\/media?parent=1141"}],"curies":[{"name":"wp","href":"https:\/\/api.w.org\/{rel}","templated":true}]}}