
{"id":1133,"date":"2022-12-14T17:20:35","date_gmt":"2022-12-14T16:20:35","guid":{"rendered":"https:\/\/residenzalefarfalle.ms.decms.eu\/?page_id=1133"},"modified":"2022-12-14T17:21:10","modified_gmt":"2022-12-14T16:21:10","slug":"des-residence","status":"publish","type":"page","link":"https:\/\/www.residenzalefarfalle.it\/de\/des-residence\/","title":{"rendered":"Des Residence"},"content":{"rendered":"<p>Das Residence wurde f\u00fcr einen\u00a0<strong>Urlaub in v\u00f6lliger Freiheit <\/strong>konzipiert, frei von Zw\u00e4ngen und Zeitpl\u00e4nen. Innerhalb der Residence, steht das B\u00fcro der Rezeption, neben den Formalit\u00e4ten des Check-in\/Check-out und Wartungsanliegen\u00a0<strong>zu Ihrer Verf\u00fcgung,<\/strong>\u00a0um Ihnen mit unserer\u00a0<strong>Beratung <\/strong>zur Seite zu stehen, wie sich am besten Ausfl\u00fcge organisieren lassen und wie Sie Ideen f\u00fcr Ihre Freizeit erhalten k\u00f6nnen.<\/p>\n<p>Zu den interessantesten Leistungen f\u00fcr die G\u00e4ste unseres Residence z\u00e4hlen:<\/p>\n<ul>\n<li><strong>Panorama-Schwimmbecken<\/strong>\u00a0(niet verwarmd)\u00a0mit wundervollem Ausblick auf den Golf von Asinara, ausgestattet mit\u00a0<strong>Liegen und Sonnenschirmen<\/strong>. Der Pool ist geoffnet von 9.05 bis 25.09.<\/li>\n<li><strong>Gratis WI-FI*<\/strong><\/li>\n<li><strong>Fahrradverleih<\/strong>\u00a0f\u00fcr Ihre Ausfl\u00fcge in die Natur<\/li>\n<li><strong>garantierter Parkplatz<\/strong><\/li>\n<li><strong>Strand-Set<\/strong>\u00a0bestehend aus 1 Sonnenschirm und 2 Strandsitzen (1 Satz f\u00fcr jede Ferienwohnung)<\/li>\n<\/ul>\n<p>*Die WiFi-Verbindung von der Residenz angeboten bietet: freie Schifffahrt in den gew\u00f6hnlichen Websites, die Verwendung von E-Mail-Systeme und soziale Netzwerke. Nicht erlaubt: Download von Filmen, Videos, Spiele; Ansicht Streaming-Filme; synchron mit den Systemen der Wolke; Link zu Video\u00fcberwachungssysteme.<\/p>\n","protected":false},"excerpt":{"rendered":"<p>Das Residence wurde f\u00fcr einen\u00a0Urlaub in v\u00f6lliger Freiheit konzipiert, frei von Zw\u00e4ngen und Zeitpl\u00e4nen. Innerhalb der Residence, steht das B\u00fcro der Rezeption, neben den Formalit\u00e4ten des Check-in\/Check-out und Wartungsanliegen\u00a0zu Ihrer Verf\u00fcgung,\u00a0um Ihnen mit unserer\u00a0Beratung zur Seite zu stehen, wie sich am besten Ausfl\u00fcge organisieren lassen und wie Sie Ideen f\u00fcr Ihre Freizeit erhalten k\u00f6nnen. Zu [&hellip;]<\/p>\n","protected":false},"author":13,"featured_media":0,"parent":0,"menu_order":30,"comment_status":"closed","ping_status":"closed","template":"","meta":{"footnotes":""},"class_list":["post-1133","page","type-page","status-publish","hentry"],"yoast_head":"<!-- This site is optimized with the Yoast SEO plugin v26.9 - https:\/\/yoast.com\/product\/yoast-seo-wordpress\/ -->\n<title>Des Residence &#8226; Residenza Le Farfalle &#8226;<\/title>\n<meta name=\"description\" content=\"Das Residence wurde f\u00fcr einen\u00a0Urlaub in v\u00f6lliger Freiheit konzipiert, frei von Zw\u00e4ngen und Zeitpl\u00e4nen. Innerhalb der Residence, steht das B\u00fcro der Rezeption, neben den Formalit\u00e4ten des Check-in\/Check-out und Wartungsanliegen\u00a0zu Ihrer Verf\u00fcgung,\u00a0um Ihnen mit unserer\u00a0Beratung zur Seite zu stehen, wie sich am besten Ausfl\u00fcge organisieren lassen und wie Sie Ideen f\u00fcr Ihre Freizeit erhalten k\u00f6nnen.  Zu den interessantesten Leistungen f\u00fcr die G\u00e4ste unseres Residence z\u00e4hlen:   Panorama-Schwimmbecken\u00a0(niet verwarmd)\u00a0mit wundervollem Ausblick auf den Golf von Asinara, ausgestattet mit\u00a0Liegen und Sonnenschirmen\" \/>\n<meta name=\"robots\" content=\"index, follow, max-snippet:-1, max-image-preview:large, max-video-preview:-1\" \/>\n<link rel=\"canonical\" href=\"https:\/\/www.residenzalefarfalle.it\/de\/des-residence\/\" \/>\n<meta property=\"og:locale\" content=\"de_DE\" \/>\n<meta property=\"og:type\" content=\"article\" \/>\n<meta property=\"og:title\" content=\"Des Residence &#8226; Residenza Le Farfalle &#8226;\" \/>\n<meta property=\"og:description\" content=\"Das Residence wurde f\u00fcr einen\u00a0Urlaub in v\u00f6lliger Freiheit konzipiert, frei von Zw\u00e4ngen und Zeitpl\u00e4nen. Innerhalb der Residence, steht das B\u00fcro der Rezeption, neben den Formalit\u00e4ten des Check-in\/Check-out und Wartungsanliegen\u00a0zu Ihrer Verf\u00fcgung,\u00a0um Ihnen mit unserer\u00a0Beratung zur Seite zu stehen, wie sich am besten Ausfl\u00fcge organisieren lassen und wie Sie Ideen f\u00fcr Ihre Freizeit erhalten k\u00f6nnen.  Zu den interessantesten Leistungen f\u00fcr die G\u00e4ste unseres Residence z\u00e4hlen:   Panorama-Schwimmbecken\u00a0(niet verwarmd)\u00a0mit wundervollem Ausblick auf den Golf von Asinara, ausgestattet mit\u00a0Liegen und Sonnenschirmen\" \/>\n<meta property=\"og:url\" content=\"https:\/\/www.residenzalefarfalle.it\/de\/des-residence\/\" \/>\n<meta property=\"og:site_name\" content=\"Residenza Le Farfalle\" \/>\n<meta property=\"article:modified_time\" content=\"2022-12-14T16:21:10+00:00\" \/>\n<meta name=\"twitter:card\" content=\"summary_large_image\" \/>\n<meta name=\"twitter:label1\" content=\"Gesch\u00e4tzte Lesezeit\" \/>\n\t<meta name=\"twitter:data1\" content=\"1 Minute\" \/>\n<script type=\"application\/ld+json\" class=\"yoast-schema-graph\">{\"@context\":\"https:\/\/schema.org\",\"@graph\":[{\"@type\":\"WebPage\",\"@id\":\"https:\/\/www.residenzalefarfalle.it\/de\/des-residence\/\",\"url\":\"https:\/\/www.residenzalefarfalle.it\/de\/des-residence\/\",\"name\":\"Des Residence &#8226; Residenza Le Farfalle &#8226;\",\"isPartOf\":{\"@id\":\"https:\/\/www.residenzalefarfalle.it\/de\/#website\"},\"datePublished\":\"2022-12-14T16:20:35+00:00\",\"dateModified\":\"2022-12-14T16:21:10+00:00\",\"description\":\"Das Residence wurde f\u00fcr einen\u00a0Urlaub in v\u00f6lliger Freiheit konzipiert, frei von Zw\u00e4ngen und Zeitpl\u00e4nen. Innerhalb der Residence, steht das B\u00fcro der Rezeption, neben den Formalit\u00e4ten des Check-in\/Check-out und Wartungsanliegen\u00a0zu Ihrer Verf\u00fcgung,\u00a0um Ihnen mit unserer\u00a0Beratung zur Seite zu stehen, wie sich am besten Ausfl\u00fcge organisieren lassen und wie Sie Ideen f\u00fcr Ihre Freizeit erhalten k\u00f6nnen. Zu den interessantesten Leistungen f\u00fcr die G\u00e4ste unseres Residence z\u00e4hlen: \u2022 Panorama-Schwimmbecken\u00a0(niet verwarmd)\u00a0mit wundervollem Ausblick auf den Golf von Asinara, ausgestattet mit\u00a0Liegen und Sonnenschirmen\",\"breadcrumb\":{\"@id\":\"https:\/\/www.residenzalefarfalle.it\/de\/des-residence\/#breadcrumb\"},\"inLanguage\":\"de-DE\",\"potentialAction\":[{\"@type\":\"ReadAction\",\"target\":[\"https:\/\/www.residenzalefarfalle.it\/de\/des-residence\/\"]}]},{\"@type\":\"BreadcrumbList\",\"@id\":\"https:\/\/www.residenzalefarfalle.it\/de\/des-residence\/#breadcrumb\",\"itemListElement\":[{\"@type\":\"ListItem\",\"position\":1,\"name\":\"Home\",\"item\":\"https:\/\/www.residenzalefarfalle.it\/de\/\"},{\"@type\":\"ListItem\",\"position\":2,\"name\":\"Des Residence\"}]},{\"@type\":\"WebSite\",\"@id\":\"https:\/\/www.residenzalefarfalle.it\/de\/#website\",\"url\":\"https:\/\/www.residenzalefarfalle.it\/de\/\",\"name\":\"Residenza Le Farfalle\",\"description\":\"Ecco un altro sito ms.decms.eu\",\"potentialAction\":[{\"@type\":\"SearchAction\",\"target\":{\"@type\":\"EntryPoint\",\"urlTemplate\":\"https:\/\/www.residenzalefarfalle.it\/de\/?s={search_term_string}\"},\"query-input\":{\"@type\":\"PropertyValueSpecification\",\"valueRequired\":true,\"valueName\":\"search_term_string\"}}],\"inLanguage\":\"de-DE\"}]}<\/script>\n<!-- \/ Yoast SEO plugin. -->","yoast_head_json":{"title":"Des Residence &#8226; Residenza Le Farfalle &#8226;","description":"Das Residence wurde f\u00fcr einen\u00a0Urlaub in v\u00f6lliger Freiheit konzipiert, frei von Zw\u00e4ngen und Zeitpl\u00e4nen. Innerhalb der Residence, steht das B\u00fcro der Rezeption, neben den Formalit\u00e4ten des Check-in\/Check-out und Wartungsanliegen\u00a0zu Ihrer Verf\u00fcgung,\u00a0um Ihnen mit unserer\u00a0Beratung zur Seite zu stehen, wie sich am besten Ausfl\u00fcge organisieren lassen und wie Sie Ideen f\u00fcr Ihre Freizeit erhalten k\u00f6nnen.  Zu den interessantesten Leistungen f\u00fcr die G\u00e4ste unseres Residence z\u00e4hlen:   Panorama-Schwimmbecken\u00a0(niet verwarmd)\u00a0mit wundervollem Ausblick auf den Golf von Asinara, ausgestattet mit\u00a0Liegen und Sonnenschirmen","robots":{"index":"index","follow":"follow","max-snippet":"max-snippet:-1","max-image-preview":"max-image-preview:large","max-video-preview":"max-video-preview:-1"},"canonical":"https:\/\/www.residenzalefarfalle.it\/de\/des-residence\/","og_locale":"de_DE","og_type":"article","og_title":"Des Residence &#8226; Residenza Le Farfalle &#8226;","og_description":"Das Residence wurde f\u00fcr einen\u00a0Urlaub in v\u00f6lliger Freiheit konzipiert, frei von Zw\u00e4ngen und Zeitpl\u00e4nen. Innerhalb der Residence, steht das B\u00fcro der Rezeption, neben den Formalit\u00e4ten des Check-in\/Check-out und Wartungsanliegen\u00a0zu Ihrer Verf\u00fcgung,\u00a0um Ihnen mit unserer\u00a0Beratung zur Seite zu stehen, wie sich am besten Ausfl\u00fcge organisieren lassen und wie Sie Ideen f\u00fcr Ihre Freizeit erhalten k\u00f6nnen.  Zu den interessantesten Leistungen f\u00fcr die G\u00e4ste unseres Residence z\u00e4hlen:   Panorama-Schwimmbecken\u00a0(niet verwarmd)\u00a0mit wundervollem Ausblick auf den Golf von Asinara, ausgestattet mit\u00a0Liegen und Sonnenschirmen","og_url":"https:\/\/www.residenzalefarfalle.it\/de\/des-residence\/","og_site_name":"Residenza Le Farfalle","article_modified_time":"2022-12-14T16:21:10+00:00","twitter_card":"summary_large_image","twitter_misc":{"Gesch\u00e4tzte Lesezeit":"1 Minute"},"schema":{"@context":"https:\/\/schema.org","@graph":[{"@type":"WebPage","@id":"https:\/\/www.residenzalefarfalle.it\/de\/des-residence\/","url":"https:\/\/www.residenzalefarfalle.it\/de\/des-residence\/","name":"Des Residence &#8226; Residenza Le Farfalle &#8226;","isPartOf":{"@id":"https:\/\/www.residenzalefarfalle.it\/de\/#website"},"datePublished":"2022-12-14T16:20:35+00:00","dateModified":"2022-12-14T16:21:10+00:00","description":"Das Residence wurde f\u00fcr einen\u00a0Urlaub in v\u00f6lliger Freiheit konzipiert, frei von Zw\u00e4ngen und Zeitpl\u00e4nen. Innerhalb der Residence, steht das B\u00fcro der Rezeption, neben den Formalit\u00e4ten des Check-in\/Check-out und Wartungsanliegen\u00a0zu Ihrer Verf\u00fcgung,\u00a0um Ihnen mit unserer\u00a0Beratung zur Seite zu stehen, wie sich am besten Ausfl\u00fcge organisieren lassen und wie Sie Ideen f\u00fcr Ihre Freizeit erhalten k\u00f6nnen. Zu den interessantesten Leistungen f\u00fcr die G\u00e4ste unseres Residence z\u00e4hlen: \u2022 Panorama-Schwimmbecken\u00a0(niet verwarmd)\u00a0mit wundervollem Ausblick auf den Golf von Asinara, ausgestattet mit\u00a0Liegen und Sonnenschirmen","breadcrumb":{"@id":"https:\/\/www.residenzalefarfalle.it\/de\/des-residence\/#breadcrumb"},"inLanguage":"de-DE","potentialAction":[{"@type":"ReadAction","target":["https:\/\/www.residenzalefarfalle.it\/de\/des-residence\/"]}]},{"@type":"BreadcrumbList","@id":"https:\/\/www.residenzalefarfalle.it\/de\/des-residence\/#breadcrumb","itemListElement":[{"@type":"ListItem","position":1,"name":"Home","item":"https:\/\/www.residenzalefarfalle.it\/de\/"},{"@type":"ListItem","position":2,"name":"Des Residence"}]},{"@type":"WebSite","@id":"https:\/\/www.residenzalefarfalle.it\/de\/#website","url":"https:\/\/www.residenzalefarfalle.it\/de\/","name":"Residenza Le Farfalle","description":"Ecco un altro sito ms.decms.eu","potentialAction":[{"@type":"SearchAction","target":{"@type":"EntryPoint","urlTemplate":"https:\/\/www.residenzalefarfalle.it\/de\/?s={search_term_string}"},"query-input":{"@type":"PropertyValueSpecification","valueRequired":true,"valueName":"search_term_string"}}],"inLanguage":"de-DE"}]}},"acf":[],"_links":{"self":[{"href":"https:\/\/www.residenzalefarfalle.it\/de\/wp-json\/wp\/v2\/pages\/1133","targetHints":{"allow":["GET"]}}],"collection":[{"href":"https:\/\/www.residenzalefarfalle.it\/de\/wp-json\/wp\/v2\/pages"}],"about":[{"href":"https:\/\/www.residenzalefarfalle.it\/de\/wp-json\/wp\/v2\/types\/page"}],"author":[{"embeddable":true,"href":"https:\/\/www.residenzalefarfalle.it\/de\/wp-json\/wp\/v2\/users\/13"}],"replies":[{"embeddable":true,"href":"https:\/\/www.residenzalefarfalle.it\/de\/wp-json\/wp\/v2\/comments?post=1133"}],"version-history":[{"count":0,"href":"https:\/\/www.residenzalefarfalle.it\/de\/wp-json\/wp\/v2\/pages\/1133\/revisions"}],"wp:attachment":[{"href":"https:\/\/www.residenzalefarfalle.it\/de\/wp-json\/wp\/v2\/media?parent=1133"}],"curies":[{"name":"wp","href":"https:\/\/api.w.org\/{rel}","templated":true}]}}