
{"id":1125,"date":"2022-12-14T17:14:07","date_gmt":"2022-12-14T16:14:07","guid":{"rendered":"https:\/\/residenzalefarfalle.ms.decms.eu\/?page_id=1125"},"modified":"2022-12-14T17:16:49","modified_gmt":"2022-12-14T16:16:49","slug":"die-apartements","status":"publish","type":"page","link":"https:\/\/www.residenzalefarfalle.it\/de\/die-apartements\/","title":{"rendered":"Die Apartements"},"content":{"rendered":"<p>Die\u00a0<strong>Apartements<\/strong><b>\u00a0<\/b>des Residence<b>\u00a0<\/b>umgeben das gro\u00dfe\u00a0<strong>Panorama-Schwimmbecken<\/strong>\u00a0und k\u00f6nnen entweder <strong>Wohnungen mit Meerblick sein<\/strong>, von denen sich die meisten in der ersten Etage befinden,\u00a0oder\u00a0aber <strong>mit Blick auf das Schwimmbecken<\/strong>\u00a0und die l\u00e4ndliche Umgebung, diese befinden sich im Erdgeschoss.<\/p>\n<p>Trotz des ruhigen und entspannten Umfeldes wurde\u00a0alles so entworfen, dass Sie einen Aufenthalt in richtigen H\u00e4usern geniessen werden, die mit allen Annehmlichkeiten ausgestattet und eingerichtet wurden; alle\u00a0Wohnungen verf\u00fcgen in der Tat \u00fcber:<\/p>\n<ul>\n<li>ausgestattete Kochecke mit Blick auf das Tages- \/Wohnzimmer;<\/li>\n<li>Wohnraum mit Doppelbettcouch und Essbereich;<\/li>\n<li>\u00fcberdachte Veranda, um im Freien zu essen zu k\u00f6nnen (Fr\u00fchjahr bis Herbst);<\/li>\n<li><strong>kostenlose WIFI Verbindung<\/strong>;<\/li>\n<li><strong>Farb-TV, Waschmaschine und Haartrockner<\/strong>;<\/li>\n<li>Klimaanlage (optional, vor Ort zahlbar)<\/li>\n<li>Bad mit Dusche;<\/li>\n<li>Parkplatz.<\/li>\n<\/ul>\n","protected":false},"excerpt":{"rendered":"<p>Die\u00a0Apartements\u00a0des Residence\u00a0umgeben das gro\u00dfe\u00a0Panorama-Schwimmbecken\u00a0und k\u00f6nnen entweder Wohnungen mit Meerblick sein, von denen sich die meisten in der ersten Etage befinden,\u00a0oder\u00a0aber mit Blick auf das Schwimmbecken\u00a0und die l\u00e4ndliche Umgebung, diese befinden sich im Erdgeschoss. Trotz des ruhigen und entspannten Umfeldes wurde\u00a0alles so entworfen, dass Sie einen Aufenthalt in richtigen H\u00e4usern geniessen werden, die mit allen Annehmlichkeiten [&hellip;]<\/p>\n","protected":false},"author":13,"featured_media":0,"parent":0,"menu_order":20,"comment_status":"closed","ping_status":"closed","template":"template-default-3.php","meta":{"footnotes":""},"class_list":["post-1125","page","type-page","status-publish","hentry"],"yoast_head":"<!-- This site is optimized with the Yoast SEO plugin v26.9 - https:\/\/yoast.com\/product\/yoast-seo-wordpress\/ -->\n<title>Die Apartements &#8226; Residenza Le Farfalle &#8226;<\/title>\n<meta name=\"description\" content=\"Die\u00a0Apartements\u00a0des Residence\u00a0umgeben das gro\u00dfe\u00a0Panorama-Schwimmbecken\u00a0und k\u00f6nnen entweder Wohnungen mit Meerblick sein, von denen sich die meisten in der ersten Etage befinden,\u00a0oder\u00a0aber mit Blick auf das Schwimmbecken\u00a0und die l\u00e4ndliche Umgebung, diese befinden sich im Erdgeschoss.  Trotz des ruhigen und entspannten Umfeldes wurde\u00a0alles so entworfen, dass Sie einen Aufenthalt in richtigen H\u00e4usern geniessen werden, die mit allen Annehmlichkeiten ausgestattet und eingerichtet wurden; alle\u00a0Wohnungen verf\u00fcgen in der Tat \u00fcber:   ausgestattete Kochecke mit Blick auf das Tages- \/Wohnzimmer;  Wohnraum mit Doppelbettcouch und Essbereich;  \u00fcberdachte Veranda, um im Freien zu essen zu k\u00f6nnen (Fr\u00fchjahr bis Herbst);  kostenlose WIFI Verbindung;  Farb-TV, Waschmaschine und Haartrockner;  Klimaanlage (optional, vor Ort zahlbar)  Bad mit Dusche;  Parkplatz. .\" \/>\n<meta name=\"robots\" content=\"index, follow, max-snippet:-1, max-image-preview:large, max-video-preview:-1\" \/>\n<link rel=\"canonical\" href=\"https:\/\/www.residenzalefarfalle.it\/de\/die-apartements\/\" \/>\n<meta property=\"og:locale\" content=\"de_DE\" \/>\n<meta property=\"og:type\" content=\"article\" \/>\n<meta property=\"og:title\" content=\"Die Apartements &#8226; Residenza Le Farfalle &#8226;\" \/>\n<meta property=\"og:description\" content=\"Die\u00a0Apartements\u00a0des Residence\u00a0umgeben das gro\u00dfe\u00a0Panorama-Schwimmbecken\u00a0und k\u00f6nnen entweder Wohnungen mit Meerblick sein, von denen sich die meisten in der ersten Etage befinden,\u00a0oder\u00a0aber mit Blick auf das Schwimmbecken\u00a0und die l\u00e4ndliche Umgebung, diese befinden sich im Erdgeschoss.  Trotz des ruhigen und entspannten Umfeldes wurde\u00a0alles so entworfen, dass Sie einen Aufenthalt in richtigen H\u00e4usern geniessen werden, die mit allen Annehmlichkeiten ausgestattet und eingerichtet wurden; alle\u00a0Wohnungen verf\u00fcgen in der Tat \u00fcber:   ausgestattete Kochecke mit Blick auf das Tages- \/Wohnzimmer;  Wohnraum mit Doppelbettcouch und Essbereich;  \u00fcberdachte Veranda, um im Freien zu essen zu k\u00f6nnen (Fr\u00fchjahr bis Herbst);  kostenlose WIFI Verbindung;  Farb-TV, Waschmaschine und Haartrockner;  Klimaanlage (optional, vor Ort zahlbar)  Bad mit Dusche;  Parkplatz. .\" \/>\n<meta property=\"og:url\" content=\"https:\/\/www.residenzalefarfalle.it\/de\/die-apartements\/\" \/>\n<meta property=\"og:site_name\" content=\"Residenza Le Farfalle\" \/>\n<meta property=\"article:modified_time\" content=\"2022-12-14T16:16:49+00:00\" \/>\n<meta name=\"twitter:card\" content=\"summary_large_image\" \/>\n<meta name=\"twitter:label1\" content=\"Gesch\u00e4tzte Lesezeit\" \/>\n\t<meta name=\"twitter:data1\" content=\"1 Minute\" \/>\n<script type=\"application\/ld+json\" class=\"yoast-schema-graph\">{\"@context\":\"https:\/\/schema.org\",\"@graph\":[{\"@type\":\"WebPage\",\"@id\":\"https:\/\/www.residenzalefarfalle.it\/de\/die-apartements\/\",\"url\":\"https:\/\/www.residenzalefarfalle.it\/de\/die-apartements\/\",\"name\":\"Die Apartements &#8226; Residenza Le Farfalle &#8226;\",\"isPartOf\":{\"@id\":\"https:\/\/www.residenzalefarfalle.it\/de\/#website\"},\"datePublished\":\"2022-12-14T16:14:07+00:00\",\"dateModified\":\"2022-12-14T16:16:49+00:00\",\"description\":\"Die\u00a0Apartements\u00a0des Residence\u00a0umgeben das gro\u00dfe\u00a0Panorama-Schwimmbecken\u00a0und k\u00f6nnen entweder Wohnungen mit Meerblick sein, von denen sich die meisten in der ersten Etage befinden,\u00a0oder\u00a0aber mit Blick auf das Schwimmbecken\u00a0und die l\u00e4ndliche Umgebung, diese befinden sich im Erdgeschoss. Trotz des ruhigen und entspannten Umfeldes wurde\u00a0alles so entworfen, dass Sie einen Aufenthalt in richtigen H\u00e4usern geniessen werden, die mit allen Annehmlichkeiten ausgestattet und eingerichtet wurden; alle\u00a0Wohnungen verf\u00fcgen in der Tat \u00fcber: \u2022 ausgestattete Kochecke mit Blick auf das Tages- \/Wohnzimmer; \u2022 Wohnraum mit Doppelbettcouch und Essbereich; \u2022 \u00fcberdachte Veranda, um im Freien zu essen zu k\u00f6nnen (Fr\u00fchjahr bis Herbst); \u2022 kostenlose WIFI Verbindung; \u2022 Farb-TV, Waschmaschine und Haartrockner; \u2022 Klimaanlage (optional, vor Ort zahlbar) \u2022 Bad mit Dusche; \u2022 Parkplatz. .\",\"breadcrumb\":{\"@id\":\"https:\/\/www.residenzalefarfalle.it\/de\/die-apartements\/#breadcrumb\"},\"inLanguage\":\"de-DE\",\"potentialAction\":[{\"@type\":\"ReadAction\",\"target\":[\"https:\/\/www.residenzalefarfalle.it\/de\/die-apartements\/\"]}]},{\"@type\":\"BreadcrumbList\",\"@id\":\"https:\/\/www.residenzalefarfalle.it\/de\/die-apartements\/#breadcrumb\",\"itemListElement\":[{\"@type\":\"ListItem\",\"position\":1,\"name\":\"Home\",\"item\":\"https:\/\/www.residenzalefarfalle.it\/de\/\"},{\"@type\":\"ListItem\",\"position\":2,\"name\":\"Die Apartements\"}]},{\"@type\":\"WebSite\",\"@id\":\"https:\/\/www.residenzalefarfalle.it\/de\/#website\",\"url\":\"https:\/\/www.residenzalefarfalle.it\/de\/\",\"name\":\"Residenza Le Farfalle\",\"description\":\"Ecco un altro sito ms.decms.eu\",\"potentialAction\":[{\"@type\":\"SearchAction\",\"target\":{\"@type\":\"EntryPoint\",\"urlTemplate\":\"https:\/\/www.residenzalefarfalle.it\/de\/?s={search_term_string}\"},\"query-input\":{\"@type\":\"PropertyValueSpecification\",\"valueRequired\":true,\"valueName\":\"search_term_string\"}}],\"inLanguage\":\"de-DE\"}]}<\/script>\n<!-- \/ Yoast SEO plugin. -->","yoast_head_json":{"title":"Die Apartements &#8226; Residenza Le Farfalle &#8226;","description":"Die\u00a0Apartements\u00a0des Residence\u00a0umgeben das gro\u00dfe\u00a0Panorama-Schwimmbecken\u00a0und k\u00f6nnen entweder Wohnungen mit Meerblick sein, von denen sich die meisten in der ersten Etage befinden,\u00a0oder\u00a0aber mit Blick auf das Schwimmbecken\u00a0und die l\u00e4ndliche Umgebung, diese befinden sich im Erdgeschoss.  Trotz des ruhigen und entspannten Umfeldes wurde\u00a0alles so entworfen, dass Sie einen Aufenthalt in richtigen H\u00e4usern geniessen werden, die mit allen Annehmlichkeiten ausgestattet und eingerichtet wurden; alle\u00a0Wohnungen verf\u00fcgen in der Tat \u00fcber:   ausgestattete Kochecke mit Blick auf das Tages- \/Wohnzimmer;  Wohnraum mit Doppelbettcouch und Essbereich;  \u00fcberdachte Veranda, um im Freien zu essen zu k\u00f6nnen (Fr\u00fchjahr bis Herbst);  kostenlose WIFI Verbindung;  Farb-TV, Waschmaschine und Haartrockner;  Klimaanlage (optional, vor Ort zahlbar)  Bad mit Dusche;  Parkplatz. .","robots":{"index":"index","follow":"follow","max-snippet":"max-snippet:-1","max-image-preview":"max-image-preview:large","max-video-preview":"max-video-preview:-1"},"canonical":"https:\/\/www.residenzalefarfalle.it\/de\/die-apartements\/","og_locale":"de_DE","og_type":"article","og_title":"Die Apartements &#8226; Residenza Le Farfalle &#8226;","og_description":"Die\u00a0Apartements\u00a0des Residence\u00a0umgeben das gro\u00dfe\u00a0Panorama-Schwimmbecken\u00a0und k\u00f6nnen entweder Wohnungen mit Meerblick sein, von denen sich die meisten in der ersten Etage befinden,\u00a0oder\u00a0aber mit Blick auf das Schwimmbecken\u00a0und die l\u00e4ndliche Umgebung, diese befinden sich im Erdgeschoss.  Trotz des ruhigen und entspannten Umfeldes wurde\u00a0alles so entworfen, dass Sie einen Aufenthalt in richtigen H\u00e4usern geniessen werden, die mit allen Annehmlichkeiten ausgestattet und eingerichtet wurden; alle\u00a0Wohnungen verf\u00fcgen in der Tat \u00fcber:   ausgestattete Kochecke mit Blick auf das Tages- \/Wohnzimmer;  Wohnraum mit Doppelbettcouch und Essbereich;  \u00fcberdachte Veranda, um im Freien zu essen zu k\u00f6nnen (Fr\u00fchjahr bis Herbst);  kostenlose WIFI Verbindung;  Farb-TV, Waschmaschine und Haartrockner;  Klimaanlage (optional, vor Ort zahlbar)  Bad mit Dusche;  Parkplatz. .","og_url":"https:\/\/www.residenzalefarfalle.it\/de\/die-apartements\/","og_site_name":"Residenza Le Farfalle","article_modified_time":"2022-12-14T16:16:49+00:00","twitter_card":"summary_large_image","twitter_misc":{"Gesch\u00e4tzte Lesezeit":"1 Minute"},"schema":{"@context":"https:\/\/schema.org","@graph":[{"@type":"WebPage","@id":"https:\/\/www.residenzalefarfalle.it\/de\/die-apartements\/","url":"https:\/\/www.residenzalefarfalle.it\/de\/die-apartements\/","name":"Die Apartements &#8226; Residenza Le Farfalle &#8226;","isPartOf":{"@id":"https:\/\/www.residenzalefarfalle.it\/de\/#website"},"datePublished":"2022-12-14T16:14:07+00:00","dateModified":"2022-12-14T16:16:49+00:00","description":"Die\u00a0Apartements\u00a0des Residence\u00a0umgeben das gro\u00dfe\u00a0Panorama-Schwimmbecken\u00a0und k\u00f6nnen entweder Wohnungen mit Meerblick sein, von denen sich die meisten in der ersten Etage befinden,\u00a0oder\u00a0aber mit Blick auf das Schwimmbecken\u00a0und die l\u00e4ndliche Umgebung, diese befinden sich im Erdgeschoss. Trotz des ruhigen und entspannten Umfeldes wurde\u00a0alles so entworfen, dass Sie einen Aufenthalt in richtigen H\u00e4usern geniessen werden, die mit allen Annehmlichkeiten ausgestattet und eingerichtet wurden; alle\u00a0Wohnungen verf\u00fcgen in der Tat \u00fcber: \u2022 ausgestattete Kochecke mit Blick auf das Tages- \/Wohnzimmer; \u2022 Wohnraum mit Doppelbettcouch und Essbereich; \u2022 \u00fcberdachte Veranda, um im Freien zu essen zu k\u00f6nnen (Fr\u00fchjahr bis Herbst); \u2022 kostenlose WIFI Verbindung; \u2022 Farb-TV, Waschmaschine und Haartrockner; \u2022 Klimaanlage (optional, vor Ort zahlbar) \u2022 Bad mit Dusche; \u2022 Parkplatz. .","breadcrumb":{"@id":"https:\/\/www.residenzalefarfalle.it\/de\/die-apartements\/#breadcrumb"},"inLanguage":"de-DE","potentialAction":[{"@type":"ReadAction","target":["https:\/\/www.residenzalefarfalle.it\/de\/die-apartements\/"]}]},{"@type":"BreadcrumbList","@id":"https:\/\/www.residenzalefarfalle.it\/de\/die-apartements\/#breadcrumb","itemListElement":[{"@type":"ListItem","position":1,"name":"Home","item":"https:\/\/www.residenzalefarfalle.it\/de\/"},{"@type":"ListItem","position":2,"name":"Die Apartements"}]},{"@type":"WebSite","@id":"https:\/\/www.residenzalefarfalle.it\/de\/#website","url":"https:\/\/www.residenzalefarfalle.it\/de\/","name":"Residenza Le Farfalle","description":"Ecco un altro sito ms.decms.eu","potentialAction":[{"@type":"SearchAction","target":{"@type":"EntryPoint","urlTemplate":"https:\/\/www.residenzalefarfalle.it\/de\/?s={search_term_string}"},"query-input":{"@type":"PropertyValueSpecification","valueRequired":true,"valueName":"search_term_string"}}],"inLanguage":"de-DE"}]}},"acf":[],"_links":{"self":[{"href":"https:\/\/www.residenzalefarfalle.it\/de\/wp-json\/wp\/v2\/pages\/1125","targetHints":{"allow":["GET"]}}],"collection":[{"href":"https:\/\/www.residenzalefarfalle.it\/de\/wp-json\/wp\/v2\/pages"}],"about":[{"href":"https:\/\/www.residenzalefarfalle.it\/de\/wp-json\/wp\/v2\/types\/page"}],"author":[{"embeddable":true,"href":"https:\/\/www.residenzalefarfalle.it\/de\/wp-json\/wp\/v2\/users\/13"}],"replies":[{"embeddable":true,"href":"https:\/\/www.residenzalefarfalle.it\/de\/wp-json\/wp\/v2\/comments?post=1125"}],"version-history":[{"count":0,"href":"https:\/\/www.residenzalefarfalle.it\/de\/wp-json\/wp\/v2\/pages\/1125\/revisions"}],"wp:attachment":[{"href":"https:\/\/www.residenzalefarfalle.it\/de\/wp-json\/wp\/v2\/media?parent=1125"}],"curies":[{"name":"wp","href":"https:\/\/api.w.org\/{rel}","templated":true}]}}